{"id":1765,"date":"2020-05-01T09:56:11","date_gmt":"2020-05-01T08:56:11","guid":{"rendered":"https:\/\/motocs.indzine.net\/mototrbo-capacity-max\/"},"modified":"2020-05-01T09:56:12","modified_gmt":"2020-05-01T08:56:12","slug":"mototrbo-capacity-max","status":"publish","type":"page","link":"https:\/\/motocs.indzine.net\/fr\/mototrbo-capacity-max\/","title":{"rendered":"MOTOTRBO\u2122 CAPACITY MAX"},"content":{"rendered":"<p>[et_pb_section bb_built=\u00a0\u00bb1&Prime; _builder_version=\u00a0\u00bb3.3.1&Prime;][et_pb_row _builder_version=\u00a0\u00bb3.3.1&Prime;][et_pb_column type=\u00a0\u00bb4_4&Prime;][et_pb_ds_breadcrumbs _builder_version=\u00a0\u00bb3.3.1&Prime; \/][et_pb_text _builder_version=\u00a0\u00bb3.3.1&Prime; custom_margin=\u00a0\u00bb||0px|\u00a0\u00bb custom_padding=\u00a0\u00bb||0px|\u00a0\u00bb]<\/p>\n<h1>MOTOTRBO\u2122 CAPACITY MAX<\/h1>\n<p>[\/et_pb_text][et_pb_divider _builder_version=\u00a0\u00bb3.3.1&Prime; color=\u00a0\u00bb#cccccc\u00a0\u00bb height=\u00a0\u00bb5px\u00a0\u00bb custom_margin=\u00a0\u00bb0px||0px|\u00a0\u00bb custom_padding=\u00a0\u00bb0px||0px|\u00a0\u00bb \/][\/et_pb_column][\/et_pb_row][et_pb_row _builder_version=\u00a0\u00bb3.3.1&Prime; custom_margin=\u00a0\u00bb0px|||\u00a0\u00bb custom_padding=\u00a0\u00bb0px|||\u00a0\u00bb][et_pb_column type=\u00a0\u00bb1_3&Prime;][et_pb_image _builder_version=\u00a0\u00bb3.3.1&Prime; src=\u00a0\u00bb\/wp-content\/uploads\/sites\/14\/2018\/05\/CapacityMax_EquipmentRack_324x324.jpg\u00a0\u00bb \/][\/et_pb_column][et_pb_column type=\u00a0\u00bb2_3&Prime;][et_pb_text _builder_version=\u00a0\u00bb3.3.1&Prime;]<\/p>\n<h4>Capacit\u00e9, couverture et contr\u00f4le.<\/h4>\n<p> MOTOTRBO\u2122 Capacity Max s&rsquo;appuie sur une volont\u00e9 d&rsquo;innovation, sur les remarques des utilisateurs et sur la grande exp\u00e9rience de Motorola pour offrir une solution pour des communications radio \u00e0 ressources partag\u00e9es,  \u00e9volutive, hautement s\u00e9curis\u00e9e parfaitement adapt\u00e9e \u00e0 votre activit\u00e9. La solution peut g\u00e9rer jusqu&rsquo;\u00e0 250 sites avec 3 000 utilisateurs par site maximum. De cette mani\u00e8re, vous pouvez facilement vous d\u00e9velopper et adapter votre syst\u00e8me en fonction vos besoins. L&rsquo;architecture Capacity Max est optimis\u00e9e pour fournir des performances \u00e9lev\u00e9es, une efficacit\u00e9 optimale et une \u00e9volutivit\u00e9 progressive. Elle garantit des communications voix et donn\u00e9es fiables et instantan\u00e9es, une meilleure prise de d\u00e9cision, ainsi qu&rsquo;une coordination parfaite pour un site unique ou des op\u00e9rations \u00e0 plus grande \u00e9chelle.  Gr\u00e2ce \u00e0 de puissants outils de gestion, vous b\u00e9n\u00e9ficiez d&rsquo;un contr\u00f4le total sur le syst\u00e8me, depuis une seule et m\u00eame console. Enfin, la conformit\u00e9 aux normes ETSI DMR de niveau III vous offre la certitude d&rsquo;investir dans une technologie r\u00e9pondant \u00e0 des normes ouvertes avec une assistance mondiale.<\/p>\n<p>[\/et_pb_text][et_pb_button _builder_version=\u00a0\u00bb3.3.1&Prime; button_text=\u00a0\u00bbMOTOTRBO CAPACITY MAX DATA SHEET\u00a0\u00bb button_alignment=\u00a0\u00bbleft\u00a0\u00bb background_layout=\u00a0\u00bbdark\u00a0\u00bb custom_button=\u00a0\u00bbon\u00a0\u00bb button_text_color=\u00a0\u00bb#ffffff\u00a0\u00bb button_bg_color=\u00a0\u00bb#006acd\u00a0\u00bb button_url=\u00a0\u00bb\/wp-content\/uploads\/sites\/14\/2020\/05\/mototrbo_capacity_max_datasheet_fra_hir1.pdf\u00a0\u00bb url_new_window=\u00a0\u00bbon\u00a0\u00bb \/][\/et_pb_column][\/et_pb_row][\/et_pb_section]<\/p>\n","protected":false},"excerpt":{"rendered":"<p>MOTOTRBO\u2122 CAPACITY MAX Capacit\u00e9, couverture et contr\u00f4le. MOTOTRBO\u2122 Capacity Max s&rsquo;appuie sur une volont\u00e9 d&rsquo;innovation, sur les remarques des utilisateurs et sur la grande exp\u00e9rience de Motorola pour offrir une solution pour des communications radio \u00e0 ressources partag\u00e9es, \u00e9volutive, hautement s\u00e9curis\u00e9e parfaitement adapt\u00e9e \u00e0 votre activit\u00e9. La solution peut g\u00e9rer jusqu&rsquo;\u00e0 250 sites avec 3 [&hellip;]<\/p>\n","protected":false},"author":2,"featured_media":0,"parent":0,"menu_order":10,"comment_status":"closed","ping_status":"closed","template":"page-template-blank.php","meta":{"_acf_changed":false,"_et_pb_use_builder":"on","_et_pb_old_content":"","_et_gb_content_width":"","footnotes":""},"class_list":["post-1765","page","type-page","status-publish","hentry"],"acf":[],"yoast_head":"<!-- This site is optimized with the Yoast SEO plugin v27.3 - https:\/\/yoast.com\/product\/yoast-seo-wordpress\/ -->\n<title>MOTOTRBO\u2122 CAPACITY MAX - Motorola Content Syndication<\/title>\n<meta name=\"robots\" content=\"index, follow, max-snippet:-1, max-image-preview:large, max-video-preview:-1\" \/>\n<link rel=\"canonical\" href=\"https:\/\/motocs.indzine.net\/fr\/mototrbo-capacity-max\/\" \/>\n<meta property=\"og:locale\" content=\"fr_FR\" \/>\n<meta property=\"og:type\" content=\"article\" \/>\n<meta property=\"og:title\" content=\"MOTOTRBO\u2122 CAPACITY MAX - Motorola Content Syndication\" \/>\n<meta property=\"og:description\" content=\"MOTOTRBO\u2122 CAPACITY MAX Capacit\u00e9, couverture et contr\u00f4le. MOTOTRBO\u2122 Capacity Max s&#039;appuie sur une volont\u00e9 d&#039;innovation, sur les remarques des utilisateurs et sur la grande exp\u00e9rience de Motorola pour offrir une solution pour des communications radio \u00e0 ressources partag\u00e9es, \u00e9volutive, hautement s\u00e9curis\u00e9e parfaitement adapt\u00e9e \u00e0 votre activit\u00e9. La solution peut g\u00e9rer jusqu&#039;\u00e0 250 sites avec 3 [&hellip;]\" \/>\n<meta property=\"og:url\" content=\"https:\/\/motocs.indzine.net\/fr\/mototrbo-capacity-max\/\" \/>\n<meta property=\"og:site_name\" content=\"Motorola Content Syndication\" \/>\n<meta property=\"article:modified_time\" content=\"2020-05-01T08:56:12+00:00\" \/>\n<meta name=\"twitter:card\" content=\"summary_large_image\" \/>\n<meta name=\"twitter:label1\" content=\"Dur\u00e9e de lecture estim\u00e9e\" \/>\n\t<meta name=\"twitter:data1\" content=\"2 minutes\" \/>\n<script type=\"application\/ld+json\" class=\"yoast-schema-graph\">{\"@context\":\"https:\\\/\\\/schema.org\",\"@graph\":[{\"@type\":\"WebPage\",\"@id\":\"https:\\\/\\\/motocs.indzine.net\\\/fr\\\/mototrbo-capacity-max\\\/\",\"url\":\"https:\\\/\\\/motocs.indzine.net\\\/fr\\\/mototrbo-capacity-max\\\/\",\"name\":\"MOTOTRBO\u2122 CAPACITY MAX - Motorola Content Syndication\",\"isPartOf\":{\"@id\":\"https:\\\/\\\/motocs.indzine.net\\\/fr\\\/#website\"},\"datePublished\":\"2020-05-01T08:56:11+00:00\",\"dateModified\":\"2020-05-01T08:56:12+00:00\",\"breadcrumb\":{\"@id\":\"https:\\\/\\\/motocs.indzine.net\\\/fr\\\/mototrbo-capacity-max\\\/#breadcrumb\"},\"inLanguage\":\"fr-FR\",\"potentialAction\":[{\"@type\":\"ReadAction\",\"target\":[\"https:\\\/\\\/motocs.indzine.net\\\/fr\\\/mototrbo-capacity-max\\\/\"]}]},{\"@type\":\"BreadcrumbList\",\"@id\":\"https:\\\/\\\/motocs.indzine.net\\\/fr\\\/mototrbo-capacity-max\\\/#breadcrumb\",\"itemListElement\":[{\"@type\":\"ListItem\",\"position\":1,\"name\":\"Home\",\"item\":\"https:\\\/\\\/motocs.indzine.net\\\/fr\\\/\"},{\"@type\":\"ListItem\",\"position\":2,\"name\":\"MOTOTRBO\u2122 CAPACITY MAX\"}]},{\"@type\":\"WebSite\",\"@id\":\"https:\\\/\\\/motocs.indzine.net\\\/fr\\\/#website\",\"url\":\"https:\\\/\\\/motocs.indzine.net\\\/fr\\\/\",\"name\":\"Motorola Content Syndication\",\"description\":\"Motorola Website Starters site\",\"potentialAction\":[{\"@type\":\"SearchAction\",\"target\":{\"@type\":\"EntryPoint\",\"urlTemplate\":\"https:\\\/\\\/motocs.indzine.net\\\/fr\\\/?s={search_term_string}\"},\"query-input\":{\"@type\":\"PropertyValueSpecification\",\"valueRequired\":true,\"valueName\":\"search_term_string\"}}],\"inLanguage\":\"fr-FR\"}]}<\/script>\n<!-- \/ Yoast SEO plugin. -->","yoast_head_json":{"title":"MOTOTRBO\u2122 CAPACITY MAX - Motorola Content Syndication","robots":{"index":"index","follow":"follow","max-snippet":"max-snippet:-1","max-image-preview":"max-image-preview:large","max-video-preview":"max-video-preview:-1"},"canonical":"https:\/\/motocs.indzine.net\/fr\/mototrbo-capacity-max\/","og_locale":"fr_FR","og_type":"article","og_title":"MOTOTRBO\u2122 CAPACITY MAX - Motorola Content Syndication","og_description":"MOTOTRBO\u2122 CAPACITY MAX Capacit\u00e9, couverture et contr\u00f4le. MOTOTRBO\u2122 Capacity Max s'appuie sur une volont\u00e9 d'innovation, sur les remarques des utilisateurs et sur la grande exp\u00e9rience de Motorola pour offrir une solution pour des communications radio \u00e0 ressources partag\u00e9es, \u00e9volutive, hautement s\u00e9curis\u00e9e parfaitement adapt\u00e9e \u00e0 votre activit\u00e9. La solution peut g\u00e9rer jusqu'\u00e0 250 sites avec 3 [&hellip;]","og_url":"https:\/\/motocs.indzine.net\/fr\/mototrbo-capacity-max\/","og_site_name":"Motorola Content Syndication","article_modified_time":"2020-05-01T08:56:12+00:00","twitter_card":"summary_large_image","twitter_misc":{"Dur\u00e9e de lecture estim\u00e9e":"2 minutes"},"schema":{"@context":"https:\/\/schema.org","@graph":[{"@type":"WebPage","@id":"https:\/\/motocs.indzine.net\/fr\/mototrbo-capacity-max\/","url":"https:\/\/motocs.indzine.net\/fr\/mototrbo-capacity-max\/","name":"MOTOTRBO\u2122 CAPACITY MAX - Motorola Content Syndication","isPartOf":{"@id":"https:\/\/motocs.indzine.net\/fr\/#website"},"datePublished":"2020-05-01T08:56:11+00:00","dateModified":"2020-05-01T08:56:12+00:00","breadcrumb":{"@id":"https:\/\/motocs.indzine.net\/fr\/mototrbo-capacity-max\/#breadcrumb"},"inLanguage":"fr-FR","potentialAction":[{"@type":"ReadAction","target":["https:\/\/motocs.indzine.net\/fr\/mototrbo-capacity-max\/"]}]},{"@type":"BreadcrumbList","@id":"https:\/\/motocs.indzine.net\/fr\/mototrbo-capacity-max\/#breadcrumb","itemListElement":[{"@type":"ListItem","position":1,"name":"Home","item":"https:\/\/motocs.indzine.net\/fr\/"},{"@type":"ListItem","position":2,"name":"MOTOTRBO\u2122 CAPACITY MAX"}]},{"@type":"WebSite","@id":"https:\/\/motocs.indzine.net\/fr\/#website","url":"https:\/\/motocs.indzine.net\/fr\/","name":"Motorola Content Syndication","description":"Motorola Website Starters site","potentialAction":[{"@type":"SearchAction","target":{"@type":"EntryPoint","urlTemplate":"https:\/\/motocs.indzine.net\/fr\/?s={search_term_string}"},"query-input":{"@type":"PropertyValueSpecification","valueRequired":true,"valueName":"search_term_string"}}],"inLanguage":"fr-FR"}]}},"_links":{"self":[{"href":"https:\/\/motocs.indzine.net\/fr\/wp-json\/wp\/v2\/pages\/1765","targetHints":{"allow":["GET"]}}],"collection":[{"href":"https:\/\/motocs.indzine.net\/fr\/wp-json\/wp\/v2\/pages"}],"about":[{"href":"https:\/\/motocs.indzine.net\/fr\/wp-json\/wp\/v2\/types\/page"}],"author":[{"embeddable":true,"href":"https:\/\/motocs.indzine.net\/fr\/wp-json\/wp\/v2\/users\/2"}],"replies":[{"embeddable":true,"href":"https:\/\/motocs.indzine.net\/fr\/wp-json\/wp\/v2\/comments?post=1765"}],"version-history":[{"count":0,"href":"https:\/\/motocs.indzine.net\/fr\/wp-json\/wp\/v2\/pages\/1765\/revisions"}],"wp:attachment":[{"href":"https:\/\/motocs.indzine.net\/fr\/wp-json\/wp\/v2\/media?parent=1765"}],"curies":[{"name":"wp","href":"https:\/\/api.w.org\/{rel}","templated":true}]}}