{"id":1779,"date":"2020-05-01T10:23:12","date_gmt":"2020-05-01T09:23:12","guid":{"rendered":"https:\/\/motocs.indzine.net\/mototrbo-ip-site-connect\/"},"modified":"2021-03-24T15:19:05","modified_gmt":"2021-03-24T15:19:05","slug":"mototrbo-ip-site-connect","status":"publish","type":"page","link":"https:\/\/motocs.indzine.net\/fr\/mototrbo-ip-site-connect\/","title":{"rendered":"MOTOTRBO\u2122 IP SITE CONNECT"},"content":{"rendered":"<p>[et_pb_section fb_built=\u00a0\u00bb1&Prime; _builder_version=\u00a0\u00bb3.22&Prime;][et_pb_row _builder_version=\u00a0\u00bb3.25&Prime;][et_pb_column type=\u00a0\u00bb4_4&Prime; _builder_version=\u00a0\u00bb3.25&Prime; custom_padding=\u00a0\u00bb|||\u00a0\u00bb custom_padding__hover=\u00a0\u00bb|||\u00a0\u00bb][et_pb_ds_breadcrumbs _builder_version=\u00a0\u00bb3.3.1&Prime;][\/et_pb_ds_breadcrumbs][et_pb_text _builder_version=\u00a0\u00bb3.27.4&Prime; custom_margin=\u00a0\u00bb||0px|\u00a0\u00bb custom_padding=\u00a0\u00bb||0px|\u00a0\u00bb]<\/p>\n<h1>MOTOTRBO\u2122 IP SITE CONNECT<\/h1>\n<p>[\/et_pb_text][et_pb_divider color=\u00a0\u00bb#cccccc\u00a0\u00bb _builder_version=\u00a0\u00bb3.3.1&Prime; height=\u00a0\u00bb5px\u00a0\u00bb custom_margin=\u00a0\u00bb0px||0px|\u00a0\u00bb custom_padding=\u00a0\u00bb0px||0px|\u00a0\u00bb][\/et_pb_divider][\/et_pb_column][\/et_pb_row][et_pb_row column_structure=\u00a0\u00bb1_3,2_3&Prime; _builder_version=\u00a0\u00bb3.25&Prime; custom_margin=\u00a0\u00bb0px|||\u00a0\u00bb custom_padding=\u00a0\u00bb0px|||\u00a0\u00bb][et_pb_column type=\u00a0\u00bb1_3&Prime; _builder_version=\u00a0\u00bb3.25&Prime; custom_padding=\u00a0\u00bb|||\u00a0\u00bb custom_padding__hover=\u00a0\u00bb|||\u00a0\u00bb][et_pb_image src=\u00a0\u00bb\/wp-content\/uploads\/sites\/14\/2018\/06\/MOTOTRBO-IP-Site-Connect.jpg\u00a0\u00bb align_tablet=\u00a0\u00bbcenter\u00a0\u00bb align_phone=\u00a0\u00bb\u00a0\u00bb align_last_edited=\u00a0\u00bbon|desktop\u00a0\u00bb _builder_version=\u00a0\u00bb3.23&Prime;][\/et_pb_image][\/et_pb_column][et_pb_column type=\u00a0\u00bb2_3&Prime; _builder_version=\u00a0\u00bb3.25&Prime; custom_padding=\u00a0\u00bb|||\u00a0\u00bb custom_padding__hover=\u00a0\u00bb|||\u00a0\u00bb][et_pb_text _builder_version=\u00a0\u00bb3.27.4&Prime;]La solution num\u00e9rique IP Site Connect utilise Internet pour \u00e9tendre la couverture du votre syst\u00e8me de communication MOTOTRBO\u2122, o\u00f9 que vous soyez. La communication entre des utilisateurs dispers\u00e9s aux quatre coins d&rsquo;une ville, d&rsquo;une r\u00e9gion ou d&rsquo;un pays est facilement \u00e9tablie.<\/p>\n<p>Vous pouvez cr\u00e9er une vaste couverture de zone et passer automatiquement d&rsquo;une zone de couverture \u00e0 une autre, sans la moindre intervention manuelle. Vous pouvez aussi am\u00e9liorer la couverture d&rsquo;un site unique, tel d&rsquo;un immeuble de grande hauteur pr\u00e9sentant des barri\u00e8res mat\u00e9rielles. IP Site Connect vous permet d&rsquo;accro\u00eetre les capacit\u00e9s de communication vocale et de donn\u00e9es de votre personnel \u00e0 des niveaux encore jamais atteints par un \u00e9metteur-r\u00e9cepteur radio. Ceci se traduit par une spectaculaire am\u00e9lioration du service client et une productivit\u00e9 accrue.<br \/>\n[\/et_pb_text][\/et_pb_column][\/et_pb_row][\/et_pb_section]<\/p>\n","protected":false},"excerpt":{"rendered":"<p>MOTOTRBO\u2122 IP SITE CONNECT La solution num\u00e9rique IP Site Connect utilise Internet pour \u00e9tendre la couverture du votre syst\u00e8me de communication MOTOTRBO\u2122, o\u00f9 que vous soyez. La communication entre des utilisateurs dispers\u00e9s aux quatre coins d&rsquo;une ville, d&rsquo;une r\u00e9gion ou d&rsquo;un pays est facilement \u00e9tablie. Vous pouvez cr\u00e9er une vaste couverture de zone et passer [&hellip;]<\/p>\n","protected":false},"author":2,"featured_media":0,"parent":0,"menu_order":30,"comment_status":"closed","ping_status":"closed","template":"page-template-blank.php","meta":{"_acf_changed":false,"_et_pb_use_builder":"on","_et_pb_old_content":"","_et_gb_content_width":"","footnotes":""},"class_list":["post-1779","page","type-page","status-publish","hentry"],"acf":[],"yoast_head":"<!-- This site is optimized with the Yoast SEO plugin v27.3 - https:\/\/yoast.com\/product\/yoast-seo-wordpress\/ -->\n<title>MOTOTRBO\u2122 IP SITE CONNECT - Motorola Content Syndication<\/title>\n<meta name=\"robots\" content=\"index, follow, max-snippet:-1, max-image-preview:large, max-video-preview:-1\" \/>\n<link rel=\"canonical\" href=\"https:\/\/www.motorolasolutions.com\/fr_fr\/products\/mototrbo\/mototrbo-ip-site-connect.html\" \/>\n<meta property=\"og:locale\" content=\"fr_FR\" \/>\n<meta property=\"og:type\" content=\"article\" \/>\n<meta property=\"og:title\" content=\"MOTOTRBO\u2122 IP SITE CONNECT - Motorola Content Syndication\" \/>\n<meta property=\"og:description\" content=\"MOTOTRBO\u2122 IP SITE CONNECT La solution num\u00e9rique IP Site Connect utilise Internet pour \u00e9tendre la couverture du votre syst\u00e8me de communication MOTOTRBO\u2122, o\u00f9 que vous soyez. La communication entre des utilisateurs dispers\u00e9s aux quatre coins d&#039;une ville, d&#039;une r\u00e9gion ou d&#039;un pays est facilement \u00e9tablie. Vous pouvez cr\u00e9er une vaste couverture de zone et passer [&hellip;]\" \/>\n<meta property=\"og:url\" content=\"https:\/\/www.motorolasolutions.com\/fr_fr\/products\/mototrbo\/mototrbo-ip-site-connect.html\" \/>\n<meta property=\"og:site_name\" content=\"Motorola Content Syndication\" \/>\n<meta property=\"article:modified_time\" content=\"2021-03-24T15:19:05+00:00\" \/>\n<meta name=\"twitter:card\" content=\"summary_large_image\" \/>\n<meta name=\"twitter:label1\" content=\"Dur\u00e9e de lecture estim\u00e9e\" \/>\n\t<meta name=\"twitter:data1\" content=\"1 minute\" \/>\n<script type=\"application\/ld+json\" class=\"yoast-schema-graph\">{\"@context\":\"https:\\\/\\\/schema.org\",\"@graph\":[{\"@type\":\"WebPage\",\"@id\":\"https:\\\/\\\/motocs.indzine.net\\\/fr\\\/mototrbo-ip-site-connect\\\/\",\"url\":\"https:\\\/\\\/www.motorolasolutions.com\\\/fr_fr\\\/products\\\/mototrbo\\\/mototrbo-ip-site-connect.html\",\"name\":\"MOTOTRBO\u2122 IP SITE CONNECT - Motorola Content Syndication\",\"isPartOf\":{\"@id\":\"https:\\\/\\\/motocs.indzine.net\\\/fr\\\/#website\"},\"datePublished\":\"2020-05-01T09:23:12+00:00\",\"dateModified\":\"2021-03-24T15:19:05+00:00\",\"breadcrumb\":{\"@id\":\"https:\\\/\\\/www.motorolasolutions.com\\\/fr_fr\\\/products\\\/mototrbo\\\/mototrbo-ip-site-connect.html#breadcrumb\"},\"inLanguage\":\"fr-FR\",\"potentialAction\":[{\"@type\":\"ReadAction\",\"target\":[\"https:\\\/\\\/www.motorolasolutions.com\\\/fr_fr\\\/products\\\/mototrbo\\\/mototrbo-ip-site-connect.html\"]}]},{\"@type\":\"BreadcrumbList\",\"@id\":\"https:\\\/\\\/www.motorolasolutions.com\\\/fr_fr\\\/products\\\/mototrbo\\\/mototrbo-ip-site-connect.html#breadcrumb\",\"itemListElement\":[{\"@type\":\"ListItem\",\"position\":1,\"name\":\"Home\",\"item\":\"https:\\\/\\\/motocs.indzine.net\\\/fr\\\/\"},{\"@type\":\"ListItem\",\"position\":2,\"name\":\"MOTOTRBO\u2122 IP SITE CONNECT\"}]},{\"@type\":\"WebSite\",\"@id\":\"https:\\\/\\\/motocs.indzine.net\\\/fr\\\/#website\",\"url\":\"https:\\\/\\\/motocs.indzine.net\\\/fr\\\/\",\"name\":\"Motorola Content Syndication\",\"description\":\"Motorola Website Starters site\",\"potentialAction\":[{\"@type\":\"SearchAction\",\"target\":{\"@type\":\"EntryPoint\",\"urlTemplate\":\"https:\\\/\\\/motocs.indzine.net\\\/fr\\\/?s={search_term_string}\"},\"query-input\":{\"@type\":\"PropertyValueSpecification\",\"valueRequired\":true,\"valueName\":\"search_term_string\"}}],\"inLanguage\":\"fr-FR\"}]}<\/script>\n<!-- \/ Yoast SEO plugin. -->","yoast_head_json":{"title":"MOTOTRBO\u2122 IP SITE CONNECT - Motorola Content Syndication","robots":{"index":"index","follow":"follow","max-snippet":"max-snippet:-1","max-image-preview":"max-image-preview:large","max-video-preview":"max-video-preview:-1"},"canonical":"https:\/\/www.motorolasolutions.com\/fr_fr\/products\/mototrbo\/mototrbo-ip-site-connect.html","og_locale":"fr_FR","og_type":"article","og_title":"MOTOTRBO\u2122 IP SITE CONNECT - Motorola Content Syndication","og_description":"MOTOTRBO\u2122 IP SITE CONNECT La solution num\u00e9rique IP Site Connect utilise Internet pour \u00e9tendre la couverture du votre syst\u00e8me de communication MOTOTRBO\u2122, o\u00f9 que vous soyez. La communication entre des utilisateurs dispers\u00e9s aux quatre coins d'une ville, d'une r\u00e9gion ou d'un pays est facilement \u00e9tablie. Vous pouvez cr\u00e9er une vaste couverture de zone et passer [&hellip;]","og_url":"https:\/\/www.motorolasolutions.com\/fr_fr\/products\/mototrbo\/mototrbo-ip-site-connect.html","og_site_name":"Motorola Content Syndication","article_modified_time":"2021-03-24T15:19:05+00:00","twitter_card":"summary_large_image","twitter_misc":{"Dur\u00e9e de lecture estim\u00e9e":"1 minute"},"schema":{"@context":"https:\/\/schema.org","@graph":[{"@type":"WebPage","@id":"https:\/\/motocs.indzine.net\/fr\/mototrbo-ip-site-connect\/","url":"https:\/\/www.motorolasolutions.com\/fr_fr\/products\/mototrbo\/mototrbo-ip-site-connect.html","name":"MOTOTRBO\u2122 IP SITE CONNECT - Motorola Content Syndication","isPartOf":{"@id":"https:\/\/motocs.indzine.net\/fr\/#website"},"datePublished":"2020-05-01T09:23:12+00:00","dateModified":"2021-03-24T15:19:05+00:00","breadcrumb":{"@id":"https:\/\/www.motorolasolutions.com\/fr_fr\/products\/mototrbo\/mototrbo-ip-site-connect.html#breadcrumb"},"inLanguage":"fr-FR","potentialAction":[{"@type":"ReadAction","target":["https:\/\/www.motorolasolutions.com\/fr_fr\/products\/mototrbo\/mototrbo-ip-site-connect.html"]}]},{"@type":"BreadcrumbList","@id":"https:\/\/www.motorolasolutions.com\/fr_fr\/products\/mototrbo\/mototrbo-ip-site-connect.html#breadcrumb","itemListElement":[{"@type":"ListItem","position":1,"name":"Home","item":"https:\/\/motocs.indzine.net\/fr\/"},{"@type":"ListItem","position":2,"name":"MOTOTRBO\u2122 IP SITE CONNECT"}]},{"@type":"WebSite","@id":"https:\/\/motocs.indzine.net\/fr\/#website","url":"https:\/\/motocs.indzine.net\/fr\/","name":"Motorola Content Syndication","description":"Motorola Website Starters site","potentialAction":[{"@type":"SearchAction","target":{"@type":"EntryPoint","urlTemplate":"https:\/\/motocs.indzine.net\/fr\/?s={search_term_string}"},"query-input":{"@type":"PropertyValueSpecification","valueRequired":true,"valueName":"search_term_string"}}],"inLanguage":"fr-FR"}]}},"_links":{"self":[{"href":"https:\/\/motocs.indzine.net\/fr\/wp-json\/wp\/v2\/pages\/1779","targetHints":{"allow":["GET"]}}],"collection":[{"href":"https:\/\/motocs.indzine.net\/fr\/wp-json\/wp\/v2\/pages"}],"about":[{"href":"https:\/\/motocs.indzine.net\/fr\/wp-json\/wp\/v2\/types\/page"}],"author":[{"embeddable":true,"href":"https:\/\/motocs.indzine.net\/fr\/wp-json\/wp\/v2\/users\/2"}],"replies":[{"embeddable":true,"href":"https:\/\/motocs.indzine.net\/fr\/wp-json\/wp\/v2\/comments?post=1779"}],"version-history":[{"count":0,"href":"https:\/\/motocs.indzine.net\/fr\/wp-json\/wp\/v2\/pages\/1779\/revisions"}],"wp:attachment":[{"href":"https:\/\/motocs.indzine.net\/fr\/wp-json\/wp\/v2\/media?parent=1779"}],"curies":[{"name":"wp","href":"https:\/\/api.w.org\/{rel}","templated":true}]}}