{"id":1840,"date":"2020-05-01T11:38:05","date_gmt":"2020-05-01T10:38:05","guid":{"rendered":"https:\/\/motocs.indzine.net\/le-portatif-sl1600-mototrbo\/"},"modified":"2021-03-24T16:14:19","modified_gmt":"2021-03-24T16:14:19","slug":"le-portatif-sl1600-mototrbo","status":"publish","type":"page","link":"https:\/\/motocs.indzine.net\/fr\/le-portatif-sl1600-mototrbo\/","title":{"rendered":"LE PORTATIF SL1600 MOTOTRBO\u2122"},"content":{"rendered":"<p>[et_pb_section fb_built=\u00a0\u00bb1&Prime; _builder_version=\u00a0\u00bb3.22&Prime;][et_pb_row _builder_version=\u00a0\u00bb3.25&Prime;][et_pb_column type=\u00a0\u00bb4_4&Prime; _builder_version=\u00a0\u00bb3.25&Prime; custom_padding=\u00a0\u00bb|||\u00a0\u00bb custom_padding__hover=\u00a0\u00bb|||\u00a0\u00bb][et_pb_ds_breadcrumbs _builder_version=\u00a0\u00bb3.3.1&Prime;][\/et_pb_ds_breadcrumbs][et_pb_text _builder_version=\u00a0\u00bb3.27.4&Prime; custom_margin=\u00a0\u00bb||0px|\u00a0\u00bb custom_padding=\u00a0\u00bb||0px|\u00a0\u00bb]<\/p>\n<h1>LE PORTATIF SL1600 MOTOTRBO\u2122<\/h1>\n<p>[\/et_pb_text][et_pb_divider color=\u00a0\u00bb#cccccc\u00a0\u00bb _builder_version=\u00a0\u00bb3.3.1&Prime; height=\u00a0\u00bb5px\u00a0\u00bb custom_margin=\u00a0\u00bb0px||0px|\u00a0\u00bb custom_padding=\u00a0\u00bb0px||0px|\u00a0\u00bb][\/et_pb_divider][\/et_pb_column][\/et_pb_row][et_pb_row _builder_version=\u00a0\u00bb3.25&Prime; custom_margin=\u00a0\u00bb0px|||\u00a0\u00bb custom_padding=\u00a0\u00bb0px|||\u00a0\u00bb column_structure=\u00a0\u00bb1_3,2_3&Prime;][et_pb_column type=\u00a0\u00bb1_3&Prime; _builder_version=\u00a0\u00bb3.25&Prime; custom_padding=\u00a0\u00bb|||\u00a0\u00bb custom_padding__hover=\u00a0\u00bb|||\u00a0\u00bb][et_pb_image src=\u00a0\u00bbhttps:\/\/motocs.indzine.net\/wp-content\/uploads\/sites\/14\/2018\/06\/MOTOTRBO-SL1600-Ultra-slim-Two-Way.jpg\u00a0\u00bb align_tablet=\u00a0\u00bbcenter\u00a0\u00bb align_last_edited=\u00a0\u00bbon|desktop\u00a0\u00bb _builder_version=\u00a0\u00bb3.23&Prime;][\/et_pb_image][\/et_pb_column][et_pb_column type=\u00a0\u00bb2_3&Prime; _builder_version=\u00a0\u00bb3.25&Prime; custom_padding=\u00a0\u00bb|||\u00a0\u00bb custom_padding__hover=\u00a0\u00bb|||\u00a0\u00bb][et_pb_text _builder_version=\u00a0\u00bb3.27.4&Prime;]<\/p>\n<h4>Une communication simple et fiable avec la gamme MOTOTRBO<\/h4>\n<p>Dans son bo\u00eetier renforc\u00e9 et ultra-fin, le portatif MOTOTRBO\u2122 SL1600 offre au quotidien une communication fiable pour les utilisateurs mobiles. Que vous travailliez sur le terrain ou assistiez \u00e0 \u00e9v\u00e9nement important, l&rsquo;audacieuse conception du SL1600 vous permet de rester connect\u00e9 en toute efficacit\u00e9.<\/p>\n<p>Son \u00e9paisseur de 22\u00a0mm seulement lui offre une portabilit\u00e9 hors pair, tandis que son antenne courte, ses bords incurv\u00e9s et son bo\u00eetier renforc\u00e9 font du SL1600 le partenaire de travail id\u00e9al. Vous pouvez le placer facilement dans vos poches ou sacoches sans risquer de les d\u00e9chirer ou de les d\u00e9tendre.<\/p>\n<p>Con\u00e7u pour une utilisation facile et intuitive, le SL1600 dispose d&rsquo;un bouton lat\u00e9ral de contr\u00f4le du volume, d&rsquo;un bouton d&rsquo;alimentation d\u00e9di\u00e9, d&rsquo;un bouton Push-to-Talk tr\u00e8s visible et d&rsquo;un s\u00e9lecteur de canal situ\u00e9 sur le dessus pour un acc\u00e8s rapide avec une seule main. Le s\u00e9lecteur rapide vous permet de naviguer entre 10\u00a0canaux \u00e0 la fois.<\/p>\n<p>Le SL1600 est \u00e9quip\u00e9 de la derni\u00e8re technologie pour vous offrir performances et facilit\u00e9 d&rsquo;utilisation. Incassable, l&rsquo;\u00e9cran Active View utilise un ensemble de LED plac\u00e9es sous le boitier pour vous communiquer les informations de la radio et s&rsquo;\u00e9teint lorsque vous ne l&rsquo;utilisez pas pour \u00e9conomiser la batterie. Le SL1600 est dot\u00e9 de la technologie Range Max\u00a0: une conception radio avanc\u00e9e et une antenne brevet\u00e9e, qui offre une couverture plus \u00e9tendue tout en conservant un profil affin\u00e9 et une faible consommation d&rsquo;\u00e9nergie.<\/p>\n<p>Le SL1600 est con\u00e7u pour durer. Conforme \u00e0 la norme IP54 pour sa r\u00e9sistance \u00e0 la poussi\u00e8re et l&rsquo;eau, il peut \u00eatre utilis\u00e9 dans des environnements difficiles. Cette radio peut resister \u00e0 de nombreux chocs et chutes. Sa robustesse a \u00e9galement \u00e9t\u00e9 prouv\u00e9e lors du redoutable test ALT (Accelerated Life Test) de Motorola, o\u00f9 la radio a pass\u00e9 avec succ\u00e8s une simulation de 5\u00a0ann\u00e9es d&rsquo;utilisation intensive avant sa validation..<br \/>\n[\/et_pb_text][et_pb_button button_url=\u00a0\u00bb\/wp-content\/uploads\/sites\/14\/2020\/05\/SL1600_DataSheet_FRA_lor1.pdf\u00a0\u00bb url_new_window=\u00a0\u00bbon\u00a0\u00bb button_text=\u00a0\u00bbFICHE DES SP\u00c9CIFICATIONS SL1600 (FRAN\u00c7AIS)\u00a0\u00bb button_alignment=\u00a0\u00bbleft\u00a0\u00bb _builder_version=\u00a0\u00bb3.16&Prime; custom_button=\u00a0\u00bbon\u00a0\u00bb button_text_color=\u00a0\u00bb#ffffff\u00a0\u00bb button_bg_color=\u00a0\u00bb#006acd\u00a0\u00bb background_layout=\u00a0\u00bbdark\u00a0\u00bb button_text_size__hover_enabled=\u00a0\u00bboff\u00a0\u00bb button_one_text_size__hover_enabled=\u00a0\u00bboff\u00a0\u00bb button_two_text_size__hover_enabled=\u00a0\u00bboff\u00a0\u00bb button_text_color__hover_enabled=\u00a0\u00bboff\u00a0\u00bb button_one_text_color__hover_enabled=\u00a0\u00bboff\u00a0\u00bb button_two_text_color__hover_enabled=\u00a0\u00bboff\u00a0\u00bb button_border_width__hover_enabled=\u00a0\u00bboff\u00a0\u00bb button_one_border_width__hover_enabled=\u00a0\u00bboff\u00a0\u00bb button_two_border_width__hover_enabled=\u00a0\u00bboff\u00a0\u00bb button_border_color__hover_enabled=\u00a0\u00bboff\u00a0\u00bb button_one_border_color__hover_enabled=\u00a0\u00bboff\u00a0\u00bb button_two_border_color__hover_enabled=\u00a0\u00bboff\u00a0\u00bb button_border_radius__hover_enabled=\u00a0\u00bboff\u00a0\u00bb button_one_border_radius__hover_enabled=\u00a0\u00bboff\u00a0\u00bb button_two_border_radius__hover_enabled=\u00a0\u00bboff\u00a0\u00bb button_letter_spacing__hover_enabled=\u00a0\u00bboff\u00a0\u00bb button_one_letter_spacing__hover_enabled=\u00a0\u00bboff\u00a0\u00bb button_two_letter_spacing__hover_enabled=\u00a0\u00bboff\u00a0\u00bb button_bg_color__hover_enabled=\u00a0\u00bboff\u00a0\u00bb button_one_bg_color__hover_enabled=\u00a0\u00bboff\u00a0\u00bb button_two_bg_color__hover_enabled=\u00a0\u00bboff\u00a0\u00bb][\/et_pb_button][\/et_pb_column][\/et_pb_row][\/et_pb_section]<\/p>\n","protected":false},"excerpt":{"rendered":"<p>LE PORTATIF SL1600 MOTOTRBO\u2122 Une communication simple et fiable avec la gamme MOTOTRBO Dans son bo\u00eetier renforc\u00e9 et ultra-fin, le portatif MOTOTRBO\u2122 SL1600 offre au quotidien une communication fiable pour les utilisateurs mobiles. Que vous travailliez sur le terrain ou assistiez \u00e0 \u00e9v\u00e9nement important, l&rsquo;audacieuse conception du SL1600 vous permet de rester connect\u00e9 en toute [&hellip;]<\/p>\n","protected":false},"author":2,"featured_media":0,"parent":0,"menu_order":100,"comment_status":"closed","ping_status":"closed","template":"page-template-blank.php","meta":{"_acf_changed":false,"_et_pb_use_builder":"on","_et_pb_old_content":"","_et_gb_content_width":"","footnotes":""},"class_list":["post-1840","page","type-page","status-publish","hentry"],"acf":[],"yoast_head":"<!-- This site is optimized with the Yoast SEO plugin v27.3 - https:\/\/yoast.com\/product\/yoast-seo-wordpress\/ -->\n<title>LE PORTATIF SL1600 MOTOTRBO\u2122 - Motorola Content Syndication<\/title>\n<meta name=\"robots\" content=\"index, follow, max-snippet:-1, max-image-preview:large, max-video-preview:-1\" \/>\n<link rel=\"canonical\" href=\"https:\/\/www.motorolasolutions.com\/fr_fr\/products\/mototrbo\/sl1600.html\" \/>\n<meta property=\"og:locale\" content=\"fr_FR\" \/>\n<meta property=\"og:type\" content=\"article\" \/>\n<meta property=\"og:title\" content=\"LE PORTATIF SL1600 MOTOTRBO\u2122 - Motorola Content Syndication\" \/>\n<meta property=\"og:description\" content=\"LE PORTATIF SL1600 MOTOTRBO\u2122 Une communication simple et fiable avec la gamme MOTOTRBO Dans son bo\u00eetier renforc\u00e9 et ultra-fin, le portatif MOTOTRBO\u2122 SL1600 offre au quotidien une communication fiable pour les utilisateurs mobiles. Que vous travailliez sur le terrain ou assistiez \u00e0 \u00e9v\u00e9nement important, l&#039;audacieuse conception du SL1600 vous permet de rester connect\u00e9 en toute [&hellip;]\" \/>\n<meta property=\"og:url\" content=\"https:\/\/www.motorolasolutions.com\/fr_fr\/products\/mototrbo\/sl1600.html\" \/>\n<meta property=\"og:site_name\" content=\"Motorola Content Syndication\" \/>\n<meta property=\"article:modified_time\" content=\"2021-03-24T16:14:19+00:00\" \/>\n<meta name=\"twitter:card\" content=\"summary_large_image\" \/>\n<meta name=\"twitter:label1\" content=\"Dur\u00e9e de lecture estim\u00e9e\" \/>\n\t<meta name=\"twitter:data1\" content=\"3 minutes\" \/>\n<script type=\"application\/ld+json\" class=\"yoast-schema-graph\">{\"@context\":\"https:\\\/\\\/schema.org\",\"@graph\":[{\"@type\":\"WebPage\",\"@id\":\"https:\\\/\\\/motocs.indzine.net\\\/fr\\\/le-portatif-sl1600-mototrbo\\\/\",\"url\":\"https:\\\/\\\/www.motorolasolutions.com\\\/fr_fr\\\/products\\\/mototrbo\\\/sl1600.html\",\"name\":\"LE PORTATIF SL1600 MOTOTRBO\u2122 - Motorola Content Syndication\",\"isPartOf\":{\"@id\":\"https:\\\/\\\/motocs.indzine.net\\\/fr\\\/#website\"},\"datePublished\":\"2020-05-01T10:38:05+00:00\",\"dateModified\":\"2021-03-24T16:14:19+00:00\",\"breadcrumb\":{\"@id\":\"https:\\\/\\\/www.motorolasolutions.com\\\/fr_fr\\\/products\\\/mototrbo\\\/sl1600.html#breadcrumb\"},\"inLanguage\":\"fr-FR\",\"potentialAction\":[{\"@type\":\"ReadAction\",\"target\":[\"https:\\\/\\\/www.motorolasolutions.com\\\/fr_fr\\\/products\\\/mototrbo\\\/sl1600.html\"]}]},{\"@type\":\"BreadcrumbList\",\"@id\":\"https:\\\/\\\/www.motorolasolutions.com\\\/fr_fr\\\/products\\\/mototrbo\\\/sl1600.html#breadcrumb\",\"itemListElement\":[{\"@type\":\"ListItem\",\"position\":1,\"name\":\"Home\",\"item\":\"https:\\\/\\\/motocs.indzine.net\\\/fr\\\/\"},{\"@type\":\"ListItem\",\"position\":2,\"name\":\"LE PORTATIF SL1600 MOTOTRBO\u2122\"}]},{\"@type\":\"WebSite\",\"@id\":\"https:\\\/\\\/motocs.indzine.net\\\/fr\\\/#website\",\"url\":\"https:\\\/\\\/motocs.indzine.net\\\/fr\\\/\",\"name\":\"Motorola Content Syndication\",\"description\":\"Motorola Website Starters site\",\"potentialAction\":[{\"@type\":\"SearchAction\",\"target\":{\"@type\":\"EntryPoint\",\"urlTemplate\":\"https:\\\/\\\/motocs.indzine.net\\\/fr\\\/?s={search_term_string}\"},\"query-input\":{\"@type\":\"PropertyValueSpecification\",\"valueRequired\":true,\"valueName\":\"search_term_string\"}}],\"inLanguage\":\"fr-FR\"}]}<\/script>\n<!-- \/ Yoast SEO plugin. -->","yoast_head_json":{"title":"LE PORTATIF SL1600 MOTOTRBO\u2122 - Motorola Content Syndication","robots":{"index":"index","follow":"follow","max-snippet":"max-snippet:-1","max-image-preview":"max-image-preview:large","max-video-preview":"max-video-preview:-1"},"canonical":"https:\/\/www.motorolasolutions.com\/fr_fr\/products\/mototrbo\/sl1600.html","og_locale":"fr_FR","og_type":"article","og_title":"LE PORTATIF SL1600 MOTOTRBO\u2122 - Motorola Content Syndication","og_description":"LE PORTATIF SL1600 MOTOTRBO\u2122 Une communication simple et fiable avec la gamme MOTOTRBO Dans son bo\u00eetier renforc\u00e9 et ultra-fin, le portatif MOTOTRBO\u2122 SL1600 offre au quotidien une communication fiable pour les utilisateurs mobiles. Que vous travailliez sur le terrain ou assistiez \u00e0 \u00e9v\u00e9nement important, l'audacieuse conception du SL1600 vous permet de rester connect\u00e9 en toute [&hellip;]","og_url":"https:\/\/www.motorolasolutions.com\/fr_fr\/products\/mototrbo\/sl1600.html","og_site_name":"Motorola Content Syndication","article_modified_time":"2021-03-24T16:14:19+00:00","twitter_card":"summary_large_image","twitter_misc":{"Dur\u00e9e de lecture estim\u00e9e":"3 minutes"},"schema":{"@context":"https:\/\/schema.org","@graph":[{"@type":"WebPage","@id":"https:\/\/motocs.indzine.net\/fr\/le-portatif-sl1600-mototrbo\/","url":"https:\/\/www.motorolasolutions.com\/fr_fr\/products\/mototrbo\/sl1600.html","name":"LE PORTATIF SL1600 MOTOTRBO\u2122 - Motorola Content Syndication","isPartOf":{"@id":"https:\/\/motocs.indzine.net\/fr\/#website"},"datePublished":"2020-05-01T10:38:05+00:00","dateModified":"2021-03-24T16:14:19+00:00","breadcrumb":{"@id":"https:\/\/www.motorolasolutions.com\/fr_fr\/products\/mototrbo\/sl1600.html#breadcrumb"},"inLanguage":"fr-FR","potentialAction":[{"@type":"ReadAction","target":["https:\/\/www.motorolasolutions.com\/fr_fr\/products\/mototrbo\/sl1600.html"]}]},{"@type":"BreadcrumbList","@id":"https:\/\/www.motorolasolutions.com\/fr_fr\/products\/mototrbo\/sl1600.html#breadcrumb","itemListElement":[{"@type":"ListItem","position":1,"name":"Home","item":"https:\/\/motocs.indzine.net\/fr\/"},{"@type":"ListItem","position":2,"name":"LE PORTATIF SL1600 MOTOTRBO\u2122"}]},{"@type":"WebSite","@id":"https:\/\/motocs.indzine.net\/fr\/#website","url":"https:\/\/motocs.indzine.net\/fr\/","name":"Motorola Content Syndication","description":"Motorola Website Starters site","potentialAction":[{"@type":"SearchAction","target":{"@type":"EntryPoint","urlTemplate":"https:\/\/motocs.indzine.net\/fr\/?s={search_term_string}"},"query-input":{"@type":"PropertyValueSpecification","valueRequired":true,"valueName":"search_term_string"}}],"inLanguage":"fr-FR"}]}},"_links":{"self":[{"href":"https:\/\/motocs.indzine.net\/fr\/wp-json\/wp\/v2\/pages\/1840","targetHints":{"allow":["GET"]}}],"collection":[{"href":"https:\/\/motocs.indzine.net\/fr\/wp-json\/wp\/v2\/pages"}],"about":[{"href":"https:\/\/motocs.indzine.net\/fr\/wp-json\/wp\/v2\/types\/page"}],"author":[{"embeddable":true,"href":"https:\/\/motocs.indzine.net\/fr\/wp-json\/wp\/v2\/users\/2"}],"replies":[{"embeddable":true,"href":"https:\/\/motocs.indzine.net\/fr\/wp-json\/wp\/v2\/comments?post=1840"}],"version-history":[{"count":0,"href":"https:\/\/motocs.indzine.net\/fr\/wp-json\/wp\/v2\/pages\/1840\/revisions"}],"wp:attachment":[{"href":"https:\/\/motocs.indzine.net\/fr\/wp-json\/wp\/v2\/media?parent=1840"}],"curies":[{"name":"wp","href":"https:\/\/api.w.org\/{rel}","templated":true}]}}