{"id":1847,"date":"2020-05-01T11:39:52","date_gmt":"2020-05-01T10:39:52","guid":{"rendered":"https:\/\/motocs.indzine.net\/le-portatif-dp1400-mototrbo\/"},"modified":"2021-03-24T16:23:16","modified_gmt":"2021-03-24T16:23:16","slug":"le-portatif-dp1400-mototrbo","status":"publish","type":"page","link":"https:\/\/motocs.indzine.net\/fr\/le-portatif-dp1400-mototrbo\/","title":{"rendered":"LE PORTATIF DP1400 MOTOTRBO\u2122"},"content":{"rendered":"<p>[et_pb_section fb_built=\u00a0\u00bb1&Prime; _builder_version=\u00a0\u00bb3.22&Prime;][et_pb_row _builder_version=\u00a0\u00bb3.25&Prime;][et_pb_column type=\u00a0\u00bb4_4&Prime; _builder_version=\u00a0\u00bb3.0.47&Prime; custom_padding=\u00a0\u00bb|||\u00a0\u00bb custom_padding__hover=\u00a0\u00bb|||\u00a0\u00bb][et_pb_ds_breadcrumbs _builder_version=\u00a0\u00bb3.3.1&Prime;][\/et_pb_ds_breadcrumbs][et_pb_text _builder_version=\u00a0\u00bb3.29.1&Prime; custom_margin=\u00a0\u00bb||0px|\u00a0\u00bb custom_padding=\u00a0\u00bb||0px|\u00a0\u00bb]<\/p>\n<h1>LE PORTATIF DP1400 MOTOTRBO\u2122<\/h1>\n<p>[\/et_pb_text][et_pb_divider color=\u00a0\u00bb#cccccc\u00a0\u00bb _builder_version=\u00a0\u00bb3.3.1&Prime; height=\u00a0\u00bb5px\u00a0\u00bb custom_margin=\u00a0\u00bb0px||0px|\u00a0\u00bb custom_padding=\u00a0\u00bb0px||0px|\u00a0\u00bb][\/et_pb_divider][\/et_pb_column][\/et_pb_row][et_pb_row _builder_version=\u00a0\u00bb3.25&Prime; custom_margin=\u00a0\u00bb0px|||\u00a0\u00bb custom_padding=\u00a0\u00bb0px|||\u00a0\u00bb column_structure=\u00a0\u00bb1_3,2_3&Prime;][et_pb_column type=\u00a0\u00bb1_3&Prime; _builder_version=\u00a0\u00bb3.0.47&Prime; custom_padding=\u00a0\u00bb|||\u00a0\u00bb custom_padding__hover=\u00a0\u00bb|||\u00a0\u00bb][et_pb_image src=\u00a0\u00bbhttps:\/\/motocs.indzine.net\/wp-content\/uploads\/sites\/14\/2019\/11\/dp1400-portable.jpg\u00a0\u00bb align_tablet=\u00a0\u00bbcenter\u00a0\u00bb align_phone=\u00a0\u00bb\u00a0\u00bb align_last_edited=\u00a0\u00bbon|desktop\u00a0\u00bb _builder_version=\u00a0\u00bb3.29.1&Prime; z_index_tablet=\u00a0\u00bb500&Prime; box_shadow_horizontal_tablet=\u00a0\u00bb0px\u00a0\u00bb box_shadow_vertical_tablet=\u00a0\u00bb0px\u00a0\u00bb box_shadow_blur_tablet=\u00a0\u00bb40px\u00a0\u00bb box_shadow_spread_tablet=\u00a0\u00bb0px\u00a0\u00bb][\/et_pb_image][\/et_pb_column][et_pb_column type=\u00a0\u00bb2_3&Prime; _builder_version=\u00a0\u00bb3.0.47&Prime; custom_padding=\u00a0\u00bb|||\u00a0\u00bb custom_padding__hover=\u00a0\u00bb|||\u00a0\u00bb][et_pb_text _builder_version=\u00a0\u00bb3.29.1&Prime; width=\u00a0\u00bb80%\u00a0\u00bb max_width=\u00a0\u00bb1080px\u00a0\u00bb z_index_tablet=\u00a0\u00bb500&Prime; text_text_shadow_horizontal_length_tablet=\u00a0\u00bb0px\u00a0\u00bb text_text_shadow_vertical_length_tablet=\u00a0\u00bb0px\u00a0\u00bb text_text_shadow_blur_strength_tablet=\u00a0\u00bb1px\u00a0\u00bb link_text_shadow_horizontal_length_tablet=\u00a0\u00bb0px\u00a0\u00bb link_text_shadow_vertical_length_tablet=\u00a0\u00bb0px\u00a0\u00bb link_text_shadow_blur_strength_tablet=\u00a0\u00bb1px\u00a0\u00bb ul_text_shadow_horizontal_length_tablet=\u00a0\u00bb0px\u00a0\u00bb ul_text_shadow_vertical_length_tablet=\u00a0\u00bb0px\u00a0\u00bb ul_text_shadow_blur_strength_tablet=\u00a0\u00bb1px\u00a0\u00bb ol_text_shadow_horizontal_length_tablet=\u00a0\u00bb0px\u00a0\u00bb ol_text_shadow_vertical_length_tablet=\u00a0\u00bb0px\u00a0\u00bb ol_text_shadow_blur_strength_tablet=\u00a0\u00bb1px\u00a0\u00bb quote_text_shadow_horizontal_length_tablet=\u00a0\u00bb0px\u00a0\u00bb quote_text_shadow_vertical_length_tablet=\u00a0\u00bb0px\u00a0\u00bb quote_text_shadow_blur_strength_tablet=\u00a0\u00bb1px\u00a0\u00bb header_text_shadow_horizontal_length_tablet=\u00a0\u00bb0px\u00a0\u00bb header_text_shadow_vertical_length_tablet=\u00a0\u00bb0px\u00a0\u00bb header_text_shadow_blur_strength_tablet=\u00a0\u00bb1px\u00a0\u00bb header_2_text_shadow_horizontal_length_tablet=\u00a0\u00bb0px\u00a0\u00bb header_2_text_shadow_vertical_length_tablet=\u00a0\u00bb0px\u00a0\u00bb header_2_text_shadow_blur_strength_tablet=\u00a0\u00bb1px\u00a0\u00bb header_3_text_shadow_horizontal_length_tablet=\u00a0\u00bb0px\u00a0\u00bb header_3_text_shadow_vertical_length_tablet=\u00a0\u00bb0px\u00a0\u00bb header_3_text_shadow_blur_strength_tablet=\u00a0\u00bb1px\u00a0\u00bb header_4_text_shadow_horizontal_length_tablet=\u00a0\u00bb0px\u00a0\u00bb header_4_text_shadow_vertical_length_tablet=\u00a0\u00bb0px\u00a0\u00bb header_4_text_shadow_blur_strength_tablet=\u00a0\u00bb1px\u00a0\u00bb header_5_text_shadow_horizontal_length_tablet=\u00a0\u00bb0px\u00a0\u00bb header_5_text_shadow_vertical_length_tablet=\u00a0\u00bb0px\u00a0\u00bb header_5_text_shadow_blur_strength_tablet=\u00a0\u00bb1px\u00a0\u00bb header_6_text_shadow_horizontal_length_tablet=\u00a0\u00bb0px\u00a0\u00bb header_6_text_shadow_vertical_length_tablet=\u00a0\u00bb0px\u00a0\u00bb header_6_text_shadow_blur_strength_tablet=\u00a0\u00bb1px\u00a0\u00bb box_shadow_horizontal_tablet=\u00a0\u00bb0px\u00a0\u00bb box_shadow_vertical_tablet=\u00a0\u00bb0px\u00a0\u00bb box_shadow_blur_tablet=\u00a0\u00bb40px\u00a0\u00bb box_shadow_spread_tablet=\u00a0\u00bb0px\u00a0\u00bb]<\/p>\n<h4>Augmentez l&rsquo;efficacit\u00e9 de votre activit\u00e9 gr\u00e2ce \u00e0 des communications voix facile \u00e0 utiliser.<\/h4>\n<p>Le DP1400 de Motorola Solutions est une radio d&rsquo;entr\u00e9e de gamme qui est dot\u00e9e de nombreuses fonctionnalit\u00e9s que vous pouvez retrouver sur des mod\u00e8les haut de gamme. Issu de la famille des radios MOTOTRBO\u2122, le DP1400 dispose d&rsquo;une excellente qualit\u00e9 audio, d&rsquo;une couverture exceptionnelle, d&rsquo;une batterie longue dur\u00e9e et bien plus encore.<\/p>\n<p>Les 32 canaux du DP1400 vous permettent de communiquer communications de mani\u00e8re plus cibl\u00e9es avec vos diff\u00e9rentes cat\u00e9gories de personnel.\u00a0 L&rsquo;ergonomie de la radio permet aux utilisateurs d&rsquo;acc\u00e9der \u00e0 toutes les commandes m\u00eame lorsqu&rsquo;ils portent des gants, les deux boutons programmables et un large choix d&rsquo;accessoires offrent de multiples possibilit\u00e9s de personnaliser l&rsquo;appareil afin qu&rsquo;il puisse s&rsquo;adapter \u00e0 tous les types d&rsquo;utilisation.<\/p>\n<p>Le DP1400 est votre lien vital dans le cadre de vos communications critiques, cela signifie qu&rsquo;il doit \u00eatre con\u00e7u pour r\u00e9sister aux situations les plus extr\u00eames.\u00a0 Motorola Solutions teste le DP1400 conform\u00e9ment \u00e0 la norme MIL-STD-810 pour vous garantir qu&rsquo;il est bien con\u00e7u pour une utilisation professionnelle.\u00a0 Au-del\u00e0 des tests standards, nous effectuons \u00e9galement nos tests uniques de vieillissement acc\u00e9l\u00e9r\u00e9 (ALT, Accelerated Life Testing) afin que vous puissiez \u00eatre certain que votre radio r\u00e9sistera de nombreuses ann\u00e9es \u00e0 l&rsquo;utilisation dans le terrain.<\/p>\n<p>Quels que soient vos besoins, le mod\u00e8le DP1400 est une solution de communication simple, fiable et \u00e9conomique qui permet \u00e0 vos \u00e9quipes de se connecter, de coordonner leurs actions et de collaborer pour effectuer correctement leur travail. Le DP1400 associe les derni\u00e8res technologies des radios analogiques et num\u00e9riques, il est id\u00e9al pour l&rsquo;utilisateur professionnel qui souhaite rester connect\u00e9.<br \/>\n[\/et_pb_text][et_pb_button button_url=\u00a0\u00bb\/wp-content\/uploads\/sites\/14\/2020\/05\/dp1400_brochure_fre_10191.pdf\u00a0\u00bb url_new_window=\u00a0\u00bbon\u00a0\u00bb button_text=\u00a0\u00bbBROCHURE DP1400 (FRAN\u00c7AIS)\u00a0\u00bb button_alignment=\u00a0\u00bbleft\u00a0\u00bb disabled_on=\u00a0\u00bboff|off|off\u00a0\u00bb _builder_version=\u00a0\u00bb3.29.1&Prime; custom_button=\u00a0\u00bbon\u00a0\u00bb button_text_color=\u00a0\u00bb#ffffff\u00a0\u00bb button_bg_color=\u00a0\u00bb#006acd\u00a0\u00bb background_layout=\u00a0\u00bbdark\u00a0\u00bb z_index_tablet=\u00a0\u00bb500&Prime; button_text_shadow_horizontal_length_tablet=\u00a0\u00bb0px\u00a0\u00bb button_text_shadow_vertical_length_tablet=\u00a0\u00bb0px\u00a0\u00bb button_text_shadow_blur_strength_tablet=\u00a0\u00bb1px\u00a0\u00bb box_shadow_horizontal_tablet=\u00a0\u00bb0px\u00a0\u00bb box_shadow_vertical_tablet=\u00a0\u00bb0px\u00a0\u00bb box_shadow_blur_tablet=\u00a0\u00bb40px\u00a0\u00bb box_shadow_spread_tablet=\u00a0\u00bb0px\u00a0\u00bb button_text_size__hover_enabled=\u00a0\u00bboff\u00a0\u00bb button_text_size__hover=\u00a0\u00bbnull\u00a0\u00bb button_one_text_size__hover_enabled=\u00a0\u00bboff\u00a0\u00bb button_one_text_size__hover=\u00a0\u00bbnull\u00a0\u00bb button_two_text_size__hover_enabled=\u00a0\u00bboff\u00a0\u00bb button_two_text_size__hover=\u00a0\u00bbnull\u00a0\u00bb button_text_color__hover_enabled=\u00a0\u00bboff\u00a0\u00bb button_text_color__hover=\u00a0\u00bbnull\u00a0\u00bb button_one_text_color__hover_enabled=\u00a0\u00bboff\u00a0\u00bb button_one_text_color__hover=\u00a0\u00bbnull\u00a0\u00bb button_two_text_color__hover_enabled=\u00a0\u00bboff\u00a0\u00bb button_two_text_color__hover=\u00a0\u00bbnull\u00a0\u00bb button_border_width__hover_enabled=\u00a0\u00bboff\u00a0\u00bb button_border_width__hover=\u00a0\u00bbnull\u00a0\u00bb button_one_border_width__hover_enabled=\u00a0\u00bboff\u00a0\u00bb button_one_border_width__hover=\u00a0\u00bbnull\u00a0\u00bb button_two_border_width__hover_enabled=\u00a0\u00bboff\u00a0\u00bb button_two_border_width__hover=\u00a0\u00bbnull\u00a0\u00bb button_border_color__hover_enabled=\u00a0\u00bboff\u00a0\u00bb button_border_color__hover=\u00a0\u00bbnull\u00a0\u00bb button_one_border_color__hover_enabled=\u00a0\u00bboff\u00a0\u00bb button_one_border_color__hover=\u00a0\u00bbnull\u00a0\u00bb button_two_border_color__hover_enabled=\u00a0\u00bboff\u00a0\u00bb button_two_border_color__hover=\u00a0\u00bbnull\u00a0\u00bb button_border_radius__hover_enabled=\u00a0\u00bboff\u00a0\u00bb button_border_radius__hover=\u00a0\u00bbnull\u00a0\u00bb button_one_border_radius__hover_enabled=\u00a0\u00bboff\u00a0\u00bb button_one_border_radius__hover=\u00a0\u00bbnull\u00a0\u00bb button_two_border_radius__hover_enabled=\u00a0\u00bboff\u00a0\u00bb button_two_border_radius__hover=\u00a0\u00bbnull\u00a0\u00bb button_letter_spacing__hover_enabled=\u00a0\u00bboff\u00a0\u00bb button_letter_spacing__hover=\u00a0\u00bbnull\u00a0\u00bb button_one_letter_spacing__hover_enabled=\u00a0\u00bboff\u00a0\u00bb button_one_letter_spacing__hover=\u00a0\u00bbnull\u00a0\u00bb button_two_letter_spacing__hover_enabled=\u00a0\u00bboff\u00a0\u00bb button_two_letter_spacing__hover=\u00a0\u00bbnull\u00a0\u00bb button_bg_color__hover_enabled=\u00a0\u00bboff\u00a0\u00bb button_bg_color__hover=\u00a0\u00bbnull\u00a0\u00bb button_one_bg_color__hover_enabled=\u00a0\u00bboff\u00a0\u00bb button_one_bg_color__hover=\u00a0\u00bbnull\u00a0\u00bb button_two_bg_color__hover_enabled=\u00a0\u00bboff\u00a0\u00bb button_two_bg_color__hover=\u00a0\u00bbnull\u00a0\u00bb][\/et_pb_button][\/et_pb_column][\/et_pb_row][\/et_pb_section]<\/p>\n","protected":false},"excerpt":{"rendered":"<p>LE PORTATIF DP1400 MOTOTRBO\u2122 Augmentez l&rsquo;efficacit\u00e9 de votre activit\u00e9 gr\u00e2ce \u00e0 des communications voix facile \u00e0 utiliser. Le DP1400 de Motorola Solutions est une radio d&rsquo;entr\u00e9e de gamme qui est dot\u00e9e de nombreuses fonctionnalit\u00e9s que vous pouvez retrouver sur des mod\u00e8les haut de gamme. Issu de la famille des radios MOTOTRBO\u2122, le DP1400 dispose d&rsquo;une [&hellip;]<\/p>\n","protected":false},"author":2,"featured_media":0,"parent":0,"menu_order":110,"comment_status":"closed","ping_status":"closed","template":"page-template-blank.php","meta":{"_acf_changed":false,"_et_pb_use_builder":"on","_et_pb_old_content":"","_et_gb_content_width":"","footnotes":""},"class_list":["post-1847","page","type-page","status-publish","hentry"],"acf":[],"yoast_head":"<!-- This site is optimized with the Yoast SEO plugin v27.3 - https:\/\/yoast.com\/product\/yoast-seo-wordpress\/ -->\n<title>LE PORTATIF DP1400 MOTOTRBO\u2122 - Motorola Content Syndication<\/title>\n<meta name=\"robots\" content=\"index, follow, max-snippet:-1, max-image-preview:large, max-video-preview:-1\" \/>\n<link rel=\"canonical\" href=\"https:\/\/www.motorolasolutions.com\/fr_fr\/products\/mototrbo\/dp1000-series\/dp1400.html\" \/>\n<meta property=\"og:locale\" content=\"fr_FR\" \/>\n<meta property=\"og:type\" content=\"article\" \/>\n<meta property=\"og:title\" content=\"LE PORTATIF DP1400 MOTOTRBO\u2122 - Motorola Content Syndication\" \/>\n<meta property=\"og:description\" content=\"LE PORTATIF DP1400 MOTOTRBO\u2122 Augmentez l&#039;efficacit\u00e9 de votre activit\u00e9 gr\u00e2ce \u00e0 des communications voix facile \u00e0 utiliser. Le DP1400 de Motorola Solutions est une radio d&#039;entr\u00e9e de gamme qui est dot\u00e9e de nombreuses fonctionnalit\u00e9s que vous pouvez retrouver sur des mod\u00e8les haut de gamme. Issu de la famille des radios MOTOTRBO\u2122, le DP1400 dispose d&#039;une [&hellip;]\" \/>\n<meta property=\"og:url\" content=\"https:\/\/www.motorolasolutions.com\/fr_fr\/products\/mototrbo\/dp1000-series\/dp1400.html\" \/>\n<meta property=\"og:site_name\" content=\"Motorola Content Syndication\" \/>\n<meta property=\"article:modified_time\" content=\"2021-03-24T16:23:16+00:00\" \/>\n<meta name=\"twitter:card\" content=\"summary_large_image\" \/>\n<meta name=\"twitter:label1\" content=\"Dur\u00e9e de lecture estim\u00e9e\" \/>\n\t<meta name=\"twitter:data1\" content=\"5 minutes\" \/>\n<script type=\"application\/ld+json\" class=\"yoast-schema-graph\">{\"@context\":\"https:\\\/\\\/schema.org\",\"@graph\":[{\"@type\":\"WebPage\",\"@id\":\"https:\\\/\\\/motocs.indzine.net\\\/fr\\\/le-portatif-dp1400-mototrbo\\\/\",\"url\":\"https:\\\/\\\/www.motorolasolutions.com\\\/fr_fr\\\/products\\\/mototrbo\\\/dp1000-series\\\/dp1400.html\",\"name\":\"LE PORTATIF DP1400 MOTOTRBO\u2122 - Motorola Content Syndication\",\"isPartOf\":{\"@id\":\"https:\\\/\\\/motocs.indzine.net\\\/fr\\\/#website\"},\"datePublished\":\"2020-05-01T10:39:52+00:00\",\"dateModified\":\"2021-03-24T16:23:16+00:00\",\"breadcrumb\":{\"@id\":\"https:\\\/\\\/www.motorolasolutions.com\\\/fr_fr\\\/products\\\/mototrbo\\\/dp1000-series\\\/dp1400.html#breadcrumb\"},\"inLanguage\":\"fr-FR\",\"potentialAction\":[{\"@type\":\"ReadAction\",\"target\":[\"https:\\\/\\\/www.motorolasolutions.com\\\/fr_fr\\\/products\\\/mototrbo\\\/dp1000-series\\\/dp1400.html\"]}]},{\"@type\":\"BreadcrumbList\",\"@id\":\"https:\\\/\\\/www.motorolasolutions.com\\\/fr_fr\\\/products\\\/mototrbo\\\/dp1000-series\\\/dp1400.html#breadcrumb\",\"itemListElement\":[{\"@type\":\"ListItem\",\"position\":1,\"name\":\"Home\",\"item\":\"https:\\\/\\\/motocs.indzine.net\\\/fr\\\/\"},{\"@type\":\"ListItem\",\"position\":2,\"name\":\"LE PORTATIF DP1400 MOTOTRBO\u2122\"}]},{\"@type\":\"WebSite\",\"@id\":\"https:\\\/\\\/motocs.indzine.net\\\/fr\\\/#website\",\"url\":\"https:\\\/\\\/motocs.indzine.net\\\/fr\\\/\",\"name\":\"Motorola Content Syndication\",\"description\":\"Motorola Website Starters site\",\"potentialAction\":[{\"@type\":\"SearchAction\",\"target\":{\"@type\":\"EntryPoint\",\"urlTemplate\":\"https:\\\/\\\/motocs.indzine.net\\\/fr\\\/?s={search_term_string}\"},\"query-input\":{\"@type\":\"PropertyValueSpecification\",\"valueRequired\":true,\"valueName\":\"search_term_string\"}}],\"inLanguage\":\"fr-FR\"}]}<\/script>\n<!-- \/ Yoast SEO plugin. -->","yoast_head_json":{"title":"LE PORTATIF DP1400 MOTOTRBO\u2122 - Motorola Content Syndication","robots":{"index":"index","follow":"follow","max-snippet":"max-snippet:-1","max-image-preview":"max-image-preview:large","max-video-preview":"max-video-preview:-1"},"canonical":"https:\/\/www.motorolasolutions.com\/fr_fr\/products\/mototrbo\/dp1000-series\/dp1400.html","og_locale":"fr_FR","og_type":"article","og_title":"LE PORTATIF DP1400 MOTOTRBO\u2122 - Motorola Content Syndication","og_description":"LE PORTATIF DP1400 MOTOTRBO\u2122 Augmentez l'efficacit\u00e9 de votre activit\u00e9 gr\u00e2ce \u00e0 des communications voix facile \u00e0 utiliser. Le DP1400 de Motorola Solutions est une radio d'entr\u00e9e de gamme qui est dot\u00e9e de nombreuses fonctionnalit\u00e9s que vous pouvez retrouver sur des mod\u00e8les haut de gamme. Issu de la famille des radios MOTOTRBO\u2122, le DP1400 dispose d'une [&hellip;]","og_url":"https:\/\/www.motorolasolutions.com\/fr_fr\/products\/mototrbo\/dp1000-series\/dp1400.html","og_site_name":"Motorola Content Syndication","article_modified_time":"2021-03-24T16:23:16+00:00","twitter_card":"summary_large_image","twitter_misc":{"Dur\u00e9e de lecture estim\u00e9e":"5 minutes"},"schema":{"@context":"https:\/\/schema.org","@graph":[{"@type":"WebPage","@id":"https:\/\/motocs.indzine.net\/fr\/le-portatif-dp1400-mototrbo\/","url":"https:\/\/www.motorolasolutions.com\/fr_fr\/products\/mototrbo\/dp1000-series\/dp1400.html","name":"LE PORTATIF DP1400 MOTOTRBO\u2122 - Motorola Content Syndication","isPartOf":{"@id":"https:\/\/motocs.indzine.net\/fr\/#website"},"datePublished":"2020-05-01T10:39:52+00:00","dateModified":"2021-03-24T16:23:16+00:00","breadcrumb":{"@id":"https:\/\/www.motorolasolutions.com\/fr_fr\/products\/mototrbo\/dp1000-series\/dp1400.html#breadcrumb"},"inLanguage":"fr-FR","potentialAction":[{"@type":"ReadAction","target":["https:\/\/www.motorolasolutions.com\/fr_fr\/products\/mototrbo\/dp1000-series\/dp1400.html"]}]},{"@type":"BreadcrumbList","@id":"https:\/\/www.motorolasolutions.com\/fr_fr\/products\/mototrbo\/dp1000-series\/dp1400.html#breadcrumb","itemListElement":[{"@type":"ListItem","position":1,"name":"Home","item":"https:\/\/motocs.indzine.net\/fr\/"},{"@type":"ListItem","position":2,"name":"LE PORTATIF DP1400 MOTOTRBO\u2122"}]},{"@type":"WebSite","@id":"https:\/\/motocs.indzine.net\/fr\/#website","url":"https:\/\/motocs.indzine.net\/fr\/","name":"Motorola Content Syndication","description":"Motorola Website Starters site","potentialAction":[{"@type":"SearchAction","target":{"@type":"EntryPoint","urlTemplate":"https:\/\/motocs.indzine.net\/fr\/?s={search_term_string}"},"query-input":{"@type":"PropertyValueSpecification","valueRequired":true,"valueName":"search_term_string"}}],"inLanguage":"fr-FR"}]}},"_links":{"self":[{"href":"https:\/\/motocs.indzine.net\/fr\/wp-json\/wp\/v2\/pages\/1847","targetHints":{"allow":["GET"]}}],"collection":[{"href":"https:\/\/motocs.indzine.net\/fr\/wp-json\/wp\/v2\/pages"}],"about":[{"href":"https:\/\/motocs.indzine.net\/fr\/wp-json\/wp\/v2\/types\/page"}],"author":[{"embeddable":true,"href":"https:\/\/motocs.indzine.net\/fr\/wp-json\/wp\/v2\/users\/2"}],"replies":[{"embeddable":true,"href":"https:\/\/motocs.indzine.net\/fr\/wp-json\/wp\/v2\/comments?post=1847"}],"version-history":[{"count":0,"href":"https:\/\/motocs.indzine.net\/fr\/wp-json\/wp\/v2\/pages\/1847\/revisions"}],"wp:attachment":[{"href":"https:\/\/motocs.indzine.net\/fr\/wp-json\/wp\/v2\/media?parent=1847"}],"curies":[{"name":"wp","href":"https:\/\/api.w.org\/{rel}","templated":true}]}}