{"id":1853,"date":"2020-05-01T11:44:09","date_gmt":"2020-05-01T10:44:09","guid":{"rendered":"https:\/\/motocs.indzine.net\/le-mobile-serie-dm4000e-mototrbo\/"},"modified":"2021-03-24T19:52:29","modified_gmt":"2021-03-24T19:52:29","slug":"le-mobile-serie-dm4000e-mototrbo","status":"publish","type":"page","link":"https:\/\/motocs.indzine.net\/fr\/le-mobile-serie-dm4000e-mototrbo\/","title":{"rendered":"LE MOBILE S\u00c9RIE DM4000e MOTOTRBO\u2122"},"content":{"rendered":"<p>[et_pb_section fb_built=\u00a0\u00bb1&Prime; _builder_version=\u00a0\u00bb3.22&Prime;][et_pb_row _builder_version=\u00a0\u00bb3.25&Prime;][et_pb_column type=\u00a0\u00bb4_4&Prime; _builder_version=\u00a0\u00bb3.25&Prime; custom_padding=\u00a0\u00bb|||\u00a0\u00bb custom_padding__hover=\u00a0\u00bb|||\u00a0\u00bb][et_pb_ds_breadcrumbs _builder_version=\u00a0\u00bb3.3.1&Prime;][\/et_pb_ds_breadcrumbs][et_pb_text _builder_version=\u00a0\u00bb3.27.4&Prime; custom_margin=\u00a0\u00bb||0px|\u00a0\u00bb custom_padding=\u00a0\u00bb||0px|\u00a0\u00bb]<\/p>\n<h1>LE MOBILE S\u00c9RIE DM4000e MOTOTRBO\u2122<\/h1>\n<p>[\/et_pb_text][et_pb_divider color=\u00a0\u00bb#cccccc\u00a0\u00bb _builder_version=\u00a0\u00bb3.3.1&Prime; height=\u00a0\u00bb5px\u00a0\u00bb custom_margin=\u00a0\u00bb0px||0px|\u00a0\u00bb custom_padding=\u00a0\u00bb0px||0px|\u00a0\u00bb][\/et_pb_divider][\/et_pb_column][\/et_pb_row][et_pb_row column_structure=\u00a0\u00bb1_3,2_3&Prime; _builder_version=\u00a0\u00bb3.25&Prime; custom_margin=\u00a0\u00bb0px|||\u00a0\u00bb custom_padding=\u00a0\u00bb0px|||\u00a0\u00bb][et_pb_column type=\u00a0\u00bb1_3&Prime; _builder_version=\u00a0\u00bb3.25&Prime; custom_padding=\u00a0\u00bb|||\u00a0\u00bb custom_padding__hover=\u00a0\u00bb|||\u00a0\u00bb][et_pb_image src=\u00a0\u00bb\/wp-content\/uploads\/sites\/14\/2018\/06\/MOTOTRBO-DM4000e-Digital-Mobile-Two-Way.jpg\u00a0\u00bb align_tablet=\u00a0\u00bbcenter\u00a0\u00bb align_phone=\u00a0\u00bb\u00a0\u00bb align_last_edited=\u00a0\u00bbon|desktop\u00a0\u00bb _builder_version=\u00a0\u00bb3.23&Prime;][\/et_pb_image][\/et_pb_column][et_pb_column type=\u00a0\u00bb2_3&Prime; _builder_version=\u00a0\u00bb3.25&Prime; custom_padding=\u00a0\u00bb|||\u00a0\u00bb custom_padding__hover=\u00a0\u00bb|||\u00a0\u00bb][et_pb_text _builder_version=\u00a0\u00bb3.27.4&Prime;]<\/p>\n<h4>Gagnez en connectivit\u00e9, en s\u00e9curit\u00e9 et en productivit\u00e9.<\/h4>\n<p>Gr\u00e2ce \u00e0 cette \u00e9volution dynamique des radios professionnelles num\u00e9riques MOTOTRBO\u2122, vous gagnerez en connectivit\u00e9, en s\u00e9curit\u00e9 et en productivit\u00e9. La s\u00e9rie DM4000e est con\u00e7ue pour les professionnels exigents qui refusent les compromis. Avec des services int\u00e9gr\u00e9s voix et donn\u00e9es de haute performance ainsi que des fonctionnalit\u00e9s avanc\u00e9es pour plus d&rsquo;efficacit\u00e9, ces radios de nouvelle g\u00e9n\u00e9ration offrent une connectivit\u00e9 totale \u00e0 votre entreprise.<\/p>\n<p>Voici les nouveaut\u00e9s de ces radios de nouvelle g\u00e9n\u00e9ration :<\/p>\n<ul>\n<li>Bluetooth\u00ae 4.0<\/li>\n<li>G\u00e9olocalisation interne<\/li>\n<li>Syst\u00e8me mondial de navigation multi-constellation<\/li>\n<li>Wi-Fi\u00ae int\u00e9gr\u00e9<\/li>\n<li>Mises \u00e0 jour logicielles par liaison radio<\/li>\n<\/ul>\n<p><strong>La s\u00e9rie DM4000e comprend les mod\u00e8les suivants:<\/strong><br \/>\nDM4601e<br \/>\nDM4600e<br \/>\nDM4401e<br \/>\nDM4400e<br \/>\n[\/et_pb_text][\/et_pb_column][\/et_pb_row][\/et_pb_section]<\/p>\n","protected":false},"excerpt":{"rendered":"<p>LE MOBILE S\u00c9RIE DM4000e MOTOTRBO\u2122 Gagnez en connectivit\u00e9, en s\u00e9curit\u00e9 et en productivit\u00e9. Gr\u00e2ce \u00e0 cette \u00e9volution dynamique des radios professionnelles num\u00e9riques MOTOTRBO\u2122, vous gagnerez en connectivit\u00e9, en s\u00e9curit\u00e9 et en productivit\u00e9. La s\u00e9rie DM4000e est con\u00e7ue pour les professionnels exigents qui refusent les compromis. Avec des services int\u00e9gr\u00e9s voix et donn\u00e9es de haute performance [&hellip;]<\/p>\n","protected":false},"author":2,"featured_media":0,"parent":0,"menu_order":120,"comment_status":"closed","ping_status":"closed","template":"page-template-blank.php","meta":{"_acf_changed":false,"_et_pb_use_builder":"on","_et_pb_old_content":"","_et_gb_content_width":"","footnotes":""},"class_list":["post-1853","page","type-page","status-publish","hentry"],"acf":[],"yoast_head":"<!-- This site is optimized with the Yoast SEO plugin v27.3 - https:\/\/yoast.com\/product\/yoast-seo-wordpress\/ -->\n<title>LE MOBILE S\u00c9RIE DM4000e MOTOTRBO\u2122 - Motorola Content Syndication<\/title>\n<meta name=\"robots\" content=\"index, follow, max-snippet:-1, max-image-preview:large, max-video-preview:-1\" \/>\n<link rel=\"canonical\" href=\"https:\/\/www.motorolasolutions.com\/fr_fr\/products\/mototrbo\/dm4000e-series.html\" \/>\n<meta property=\"og:locale\" content=\"fr_FR\" \/>\n<meta property=\"og:type\" content=\"article\" \/>\n<meta property=\"og:title\" content=\"LE MOBILE S\u00c9RIE DM4000e MOTOTRBO\u2122 - Motorola Content Syndication\" \/>\n<meta property=\"og:description\" content=\"LE MOBILE S\u00c9RIE DM4000e MOTOTRBO\u2122 Gagnez en connectivit\u00e9, en s\u00e9curit\u00e9 et en productivit\u00e9. Gr\u00e2ce \u00e0 cette \u00e9volution dynamique des radios professionnelles num\u00e9riques MOTOTRBO\u2122, vous gagnerez en connectivit\u00e9, en s\u00e9curit\u00e9 et en productivit\u00e9. La s\u00e9rie DM4000e est con\u00e7ue pour les professionnels exigents qui refusent les compromis. Avec des services int\u00e9gr\u00e9s voix et donn\u00e9es de haute performance [&hellip;]\" \/>\n<meta property=\"og:url\" content=\"https:\/\/www.motorolasolutions.com\/fr_fr\/products\/mototrbo\/dm4000e-series.html\" \/>\n<meta property=\"og:site_name\" content=\"Motorola Content Syndication\" \/>\n<meta property=\"article:modified_time\" content=\"2021-03-24T19:52:29+00:00\" \/>\n<meta name=\"twitter:card\" content=\"summary_large_image\" \/>\n<meta name=\"twitter:label1\" content=\"Dur\u00e9e de lecture estim\u00e9e\" \/>\n\t<meta name=\"twitter:data1\" content=\"1 minute\" \/>\n<script type=\"application\/ld+json\" class=\"yoast-schema-graph\">{\"@context\":\"https:\\\/\\\/schema.org\",\"@graph\":[{\"@type\":\"WebPage\",\"@id\":\"https:\\\/\\\/motocs.indzine.net\\\/fr\\\/le-mobile-serie-dm4000e-mototrbo\\\/\",\"url\":\"https:\\\/\\\/www.motorolasolutions.com\\\/fr_fr\\\/products\\\/mototrbo\\\/dm4000e-series.html\",\"name\":\"LE MOBILE S\u00c9RIE DM4000e MOTOTRBO\u2122 - Motorola Content Syndication\",\"isPartOf\":{\"@id\":\"https:\\\/\\\/motocs.indzine.net\\\/fr\\\/#website\"},\"datePublished\":\"2020-05-01T10:44:09+00:00\",\"dateModified\":\"2021-03-24T19:52:29+00:00\",\"breadcrumb\":{\"@id\":\"https:\\\/\\\/www.motorolasolutions.com\\\/fr_fr\\\/products\\\/mototrbo\\\/dm4000e-series.html#breadcrumb\"},\"inLanguage\":\"fr-FR\",\"potentialAction\":[{\"@type\":\"ReadAction\",\"target\":[\"https:\\\/\\\/www.motorolasolutions.com\\\/fr_fr\\\/products\\\/mototrbo\\\/dm4000e-series.html\"]}]},{\"@type\":\"BreadcrumbList\",\"@id\":\"https:\\\/\\\/www.motorolasolutions.com\\\/fr_fr\\\/products\\\/mototrbo\\\/dm4000e-series.html#breadcrumb\",\"itemListElement\":[{\"@type\":\"ListItem\",\"position\":1,\"name\":\"Home\",\"item\":\"https:\\\/\\\/motocs.indzine.net\\\/fr\\\/\"},{\"@type\":\"ListItem\",\"position\":2,\"name\":\"LE MOBILE S\u00c9RIE DM4000e MOTOTRBO\u2122\"}]},{\"@type\":\"WebSite\",\"@id\":\"https:\\\/\\\/motocs.indzine.net\\\/fr\\\/#website\",\"url\":\"https:\\\/\\\/motocs.indzine.net\\\/fr\\\/\",\"name\":\"Motorola Content Syndication\",\"description\":\"Motorola Website Starters site\",\"potentialAction\":[{\"@type\":\"SearchAction\",\"target\":{\"@type\":\"EntryPoint\",\"urlTemplate\":\"https:\\\/\\\/motocs.indzine.net\\\/fr\\\/?s={search_term_string}\"},\"query-input\":{\"@type\":\"PropertyValueSpecification\",\"valueRequired\":true,\"valueName\":\"search_term_string\"}}],\"inLanguage\":\"fr-FR\"}]}<\/script>\n<!-- \/ Yoast SEO plugin. -->","yoast_head_json":{"title":"LE MOBILE S\u00c9RIE DM4000e MOTOTRBO\u2122 - Motorola Content Syndication","robots":{"index":"index","follow":"follow","max-snippet":"max-snippet:-1","max-image-preview":"max-image-preview:large","max-video-preview":"max-video-preview:-1"},"canonical":"https:\/\/www.motorolasolutions.com\/fr_fr\/products\/mototrbo\/dm4000e-series.html","og_locale":"fr_FR","og_type":"article","og_title":"LE MOBILE S\u00c9RIE DM4000e MOTOTRBO\u2122 - Motorola Content Syndication","og_description":"LE MOBILE S\u00c9RIE DM4000e MOTOTRBO\u2122 Gagnez en connectivit\u00e9, en s\u00e9curit\u00e9 et en productivit\u00e9. Gr\u00e2ce \u00e0 cette \u00e9volution dynamique des radios professionnelles num\u00e9riques MOTOTRBO\u2122, vous gagnerez en connectivit\u00e9, en s\u00e9curit\u00e9 et en productivit\u00e9. La s\u00e9rie DM4000e est con\u00e7ue pour les professionnels exigents qui refusent les compromis. Avec des services int\u00e9gr\u00e9s voix et donn\u00e9es de haute performance [&hellip;]","og_url":"https:\/\/www.motorolasolutions.com\/fr_fr\/products\/mototrbo\/dm4000e-series.html","og_site_name":"Motorola Content Syndication","article_modified_time":"2021-03-24T19:52:29+00:00","twitter_card":"summary_large_image","twitter_misc":{"Dur\u00e9e de lecture estim\u00e9e":"1 minute"},"schema":{"@context":"https:\/\/schema.org","@graph":[{"@type":"WebPage","@id":"https:\/\/motocs.indzine.net\/fr\/le-mobile-serie-dm4000e-mototrbo\/","url":"https:\/\/www.motorolasolutions.com\/fr_fr\/products\/mototrbo\/dm4000e-series.html","name":"LE MOBILE S\u00c9RIE DM4000e MOTOTRBO\u2122 - Motorola Content Syndication","isPartOf":{"@id":"https:\/\/motocs.indzine.net\/fr\/#website"},"datePublished":"2020-05-01T10:44:09+00:00","dateModified":"2021-03-24T19:52:29+00:00","breadcrumb":{"@id":"https:\/\/www.motorolasolutions.com\/fr_fr\/products\/mototrbo\/dm4000e-series.html#breadcrumb"},"inLanguage":"fr-FR","potentialAction":[{"@type":"ReadAction","target":["https:\/\/www.motorolasolutions.com\/fr_fr\/products\/mototrbo\/dm4000e-series.html"]}]},{"@type":"BreadcrumbList","@id":"https:\/\/www.motorolasolutions.com\/fr_fr\/products\/mototrbo\/dm4000e-series.html#breadcrumb","itemListElement":[{"@type":"ListItem","position":1,"name":"Home","item":"https:\/\/motocs.indzine.net\/fr\/"},{"@type":"ListItem","position":2,"name":"LE MOBILE S\u00c9RIE DM4000e MOTOTRBO\u2122"}]},{"@type":"WebSite","@id":"https:\/\/motocs.indzine.net\/fr\/#website","url":"https:\/\/motocs.indzine.net\/fr\/","name":"Motorola Content Syndication","description":"Motorola Website Starters site","potentialAction":[{"@type":"SearchAction","target":{"@type":"EntryPoint","urlTemplate":"https:\/\/motocs.indzine.net\/fr\/?s={search_term_string}"},"query-input":{"@type":"PropertyValueSpecification","valueRequired":true,"valueName":"search_term_string"}}],"inLanguage":"fr-FR"}]}},"_links":{"self":[{"href":"https:\/\/motocs.indzine.net\/fr\/wp-json\/wp\/v2\/pages\/1853","targetHints":{"allow":["GET"]}}],"collection":[{"href":"https:\/\/motocs.indzine.net\/fr\/wp-json\/wp\/v2\/pages"}],"about":[{"href":"https:\/\/motocs.indzine.net\/fr\/wp-json\/wp\/v2\/types\/page"}],"author":[{"embeddable":true,"href":"https:\/\/motocs.indzine.net\/fr\/wp-json\/wp\/v2\/users\/2"}],"replies":[{"embeddable":true,"href":"https:\/\/motocs.indzine.net\/fr\/wp-json\/wp\/v2\/comments?post=1853"}],"version-history":[{"count":0,"href":"https:\/\/motocs.indzine.net\/fr\/wp-json\/wp\/v2\/pages\/1853\/revisions"}],"wp:attachment":[{"href":"https:\/\/motocs.indzine.net\/fr\/wp-json\/wp\/v2\/media?parent=1853"}],"curies":[{"name":"wp","href":"https:\/\/api.w.org\/{rel}","templated":true}]}}