{"id":1861,"date":"2020-05-01T11:48:00","date_gmt":"2020-05-01T10:48:00","guid":{"rendered":"https:\/\/motocs.indzine.net\/les-mobiles-serie-dm1000-mototrbo\/"},"modified":"2020-05-01T11:48:01","modified_gmt":"2020-05-01T10:48:01","slug":"les-mobiles-serie-dm1000-mototrbo","status":"publish","type":"page","link":"https:\/\/motocs.indzine.net\/fr\/les-mobiles-serie-dm1000-mototrbo\/","title":{"rendered":"LES MOBILES S\u00c9RIE DM1000 MOTOTRBO\u2122"},"content":{"rendered":"<p>[et_pb_section bb_built=\u00a0\u00bb1&Prime; _builder_version=\u00a0\u00bb3.3.1&Prime;][et_pb_row _builder_version=\u00a0\u00bb3.3.1&Prime;][et_pb_column type=\u00a0\u00bb4_4&Prime;][et_pb_ds_breadcrumbs _builder_version=\u00a0\u00bb3.3.1&Prime; \/][et_pb_text _builder_version=\u00a0\u00bb3.3.1&Prime; custom_margin=\u00a0\u00bb||0px|\u00a0\u00bb custom_padding=\u00a0\u00bb||0px|\u00a0\u00bb]<\/p>\n<h1>LES MOBILES S\u00c9RIE DM1000 MOTOTRBO\u2122<\/h1>\n<p>[\/et_pb_text][et_pb_divider _builder_version=\u00a0\u00bb3.3.1&Prime; color=\u00a0\u00bb#cccccc\u00a0\u00bb height=\u00a0\u00bb5px\u00a0\u00bb custom_margin=\u00a0\u00bb0px||0px|\u00a0\u00bb custom_padding=\u00a0\u00bb0px||0px|\u00a0\u00bb \/][\/et_pb_column][\/et_pb_row][et_pb_row _builder_version=\u00a0\u00bb3.3.1&Prime; custom_margin=\u00a0\u00bb0px|||\u00a0\u00bb custom_padding=\u00a0\u00bb0px|||\u00a0\u00bb][et_pb_column type=\u00a0\u00bb1_3&Prime;][et_pb_image _builder_version=\u00a0\u00bb3.3.1&Prime; src=\u00a0\u00bbhttps:\/\/motocs.indzine.net\/wp-content\/uploads\/sites\/14\/2018\/06\/MOTOTRBO-DM1000-Digital-Mobile-Radios.jpg\u00a0\u00bb \/][\/et_pb_column][et_pb_column type=\u00a0\u00bb2_3&Prime;][et_pb_text _builder_version=\u00a0\u00bb3.3.1&Prime;]<\/p>\n<h4 id=\"sec__s\u00e9rie_dm1000\" class=\"tab-section-title section-heading\">S\u00e9rie DM1000<\/h4>\n<div class=\"richtexteditor parbase section\">\n<p>Vos \u00e9quipes sont en d\u00e9placement, en train de livrer et d&rsquo;enlever des marchandises ou de conduire des passagers vers leur destination. Vous devez les maintenir en contact et sur la bonne direction de mani\u00e8re efficace. Vous souhaitez aussi vous assurer que les radios utilis\u00e9es par vos \u00e9quipes sont efficaces et \u00e9volutives. Les mobiles de la s\u00e9rie MOTOTRBO\u2122 DM1000 b\u00e9n\u00e9ficient des avantages de la derni\u00e8re technologie : une meilleure qualit\u00e9 de son et une couverture plus \u00e9tendue pour un prix abordable.<\/p>\n<\/div>\n<p>[\/et_pb_text][et_pb_button _builder_version=\u00a0\u00bb3.3.1&Prime; button_text=\u00a0\u00bbMOTOTRBO CAPACITY MAX DATA SHEET\u00a0\u00bb button_alignment=\u00a0\u00bbleft\u00a0\u00bb background_layout=\u00a0\u00bbdark\u00a0\u00bb custom_button=\u00a0\u00bbon\u00a0\u00bb button_text_color=\u00a0\u00bb#ffffff\u00a0\u00bb button_bg_color=\u00a0\u00bb#006acd\u00a0\u00bb button_url=\u00a0\u00bbfdsfds\u00a0\u00bb url_new_window=\u00a0\u00bbon\u00a0\u00bb disabled=\u00a0\u00bbon\u00a0\u00bb disabled_on=\u00a0\u00bbon|on|on\u00a0\u00bb \/][\/et_pb_column][\/et_pb_row][\/et_pb_section]<\/p>\n","protected":false},"excerpt":{"rendered":"<p>LES MOBILES S\u00c9RIE DM1000 MOTOTRBO\u2122 S\u00e9rie DM1000 Vos \u00e9quipes sont en d\u00e9placement, en train de livrer et d&rsquo;enlever des marchandises ou de conduire des passagers vers leur destination. Vous devez les maintenir en contact et sur la bonne direction de mani\u00e8re efficace. Vous souhaitez aussi vous assurer que les radios utilis\u00e9es par vos \u00e9quipes sont [&hellip;]<\/p>\n","protected":false},"author":2,"featured_media":0,"parent":0,"menu_order":140,"comment_status":"closed","ping_status":"closed","template":"page-template-blank.php","meta":{"_acf_changed":false,"_et_pb_use_builder":"on","_et_pb_old_content":"","_et_gb_content_width":"","footnotes":""},"class_list":["post-1861","page","type-page","status-publish","hentry"],"acf":[],"yoast_head":"<!-- This site is optimized with the Yoast SEO plugin v27.3 - https:\/\/yoast.com\/product\/yoast-seo-wordpress\/ -->\n<title>LES MOBILES S\u00c9RIE DM1000 MOTOTRBO\u2122 - Motorola Content Syndication<\/title>\n<meta name=\"robots\" content=\"index, follow, max-snippet:-1, max-image-preview:large, max-video-preview:-1\" \/>\n<link rel=\"canonical\" href=\"https:\/\/motocs.indzine.net\/fr\/les-mobiles-serie-dm1000-mototrbo\/\" \/>\n<meta property=\"og:locale\" content=\"fr_FR\" \/>\n<meta property=\"og:type\" content=\"article\" \/>\n<meta property=\"og:title\" content=\"LES MOBILES S\u00c9RIE DM1000 MOTOTRBO\u2122 - Motorola Content Syndication\" \/>\n<meta property=\"og:description\" content=\"LES MOBILES S\u00c9RIE DM1000 MOTOTRBO\u2122 S\u00e9rie DM1000 Vos \u00e9quipes sont en d\u00e9placement, en train de livrer et d&#039;enlever des marchandises ou de conduire des passagers vers leur destination. Vous devez les maintenir en contact et sur la bonne direction de mani\u00e8re efficace. Vous souhaitez aussi vous assurer que les radios utilis\u00e9es par vos \u00e9quipes sont [&hellip;]\" \/>\n<meta property=\"og:url\" content=\"https:\/\/motocs.indzine.net\/fr\/les-mobiles-serie-dm1000-mototrbo\/\" \/>\n<meta property=\"og:site_name\" content=\"Motorola Content Syndication\" \/>\n<meta property=\"article:modified_time\" content=\"2020-05-01T10:48:01+00:00\" \/>\n<meta name=\"twitter:card\" content=\"summary_large_image\" \/>\n<meta name=\"twitter:label1\" content=\"Dur\u00e9e de lecture estim\u00e9e\" \/>\n\t<meta name=\"twitter:data1\" content=\"1 minute\" \/>\n<script type=\"application\/ld+json\" class=\"yoast-schema-graph\">{\"@context\":\"https:\\\/\\\/schema.org\",\"@graph\":[{\"@type\":\"WebPage\",\"@id\":\"https:\\\/\\\/motocs.indzine.net\\\/fr\\\/les-mobiles-serie-dm1000-mototrbo\\\/\",\"url\":\"https:\\\/\\\/motocs.indzine.net\\\/fr\\\/les-mobiles-serie-dm1000-mototrbo\\\/\",\"name\":\"LES MOBILES S\u00c9RIE DM1000 MOTOTRBO\u2122 - Motorola Content Syndication\",\"isPartOf\":{\"@id\":\"https:\\\/\\\/motocs.indzine.net\\\/fr\\\/#website\"},\"datePublished\":\"2020-05-01T10:48:00+00:00\",\"dateModified\":\"2020-05-01T10:48:01+00:00\",\"breadcrumb\":{\"@id\":\"https:\\\/\\\/motocs.indzine.net\\\/fr\\\/les-mobiles-serie-dm1000-mototrbo\\\/#breadcrumb\"},\"inLanguage\":\"fr-FR\",\"potentialAction\":[{\"@type\":\"ReadAction\",\"target\":[\"https:\\\/\\\/motocs.indzine.net\\\/fr\\\/les-mobiles-serie-dm1000-mototrbo\\\/\"]}]},{\"@type\":\"BreadcrumbList\",\"@id\":\"https:\\\/\\\/motocs.indzine.net\\\/fr\\\/les-mobiles-serie-dm1000-mototrbo\\\/#breadcrumb\",\"itemListElement\":[{\"@type\":\"ListItem\",\"position\":1,\"name\":\"Home\",\"item\":\"https:\\\/\\\/motocs.indzine.net\\\/fr\\\/\"},{\"@type\":\"ListItem\",\"position\":2,\"name\":\"LES MOBILES S\u00c9RIE DM1000 MOTOTRBO\u2122\"}]},{\"@type\":\"WebSite\",\"@id\":\"https:\\\/\\\/motocs.indzine.net\\\/fr\\\/#website\",\"url\":\"https:\\\/\\\/motocs.indzine.net\\\/fr\\\/\",\"name\":\"Motorola Content Syndication\",\"description\":\"Motorola Website Starters site\",\"potentialAction\":[{\"@type\":\"SearchAction\",\"target\":{\"@type\":\"EntryPoint\",\"urlTemplate\":\"https:\\\/\\\/motocs.indzine.net\\\/fr\\\/?s={search_term_string}\"},\"query-input\":{\"@type\":\"PropertyValueSpecification\",\"valueRequired\":true,\"valueName\":\"search_term_string\"}}],\"inLanguage\":\"fr-FR\"}]}<\/script>\n<!-- \/ Yoast SEO plugin. -->","yoast_head_json":{"title":"LES MOBILES S\u00c9RIE DM1000 MOTOTRBO\u2122 - Motorola Content Syndication","robots":{"index":"index","follow":"follow","max-snippet":"max-snippet:-1","max-image-preview":"max-image-preview:large","max-video-preview":"max-video-preview:-1"},"canonical":"https:\/\/motocs.indzine.net\/fr\/les-mobiles-serie-dm1000-mototrbo\/","og_locale":"fr_FR","og_type":"article","og_title":"LES MOBILES S\u00c9RIE DM1000 MOTOTRBO\u2122 - Motorola Content Syndication","og_description":"LES MOBILES S\u00c9RIE DM1000 MOTOTRBO\u2122 S\u00e9rie DM1000 Vos \u00e9quipes sont en d\u00e9placement, en train de livrer et d'enlever des marchandises ou de conduire des passagers vers leur destination. Vous devez les maintenir en contact et sur la bonne direction de mani\u00e8re efficace. Vous souhaitez aussi vous assurer que les radios utilis\u00e9es par vos \u00e9quipes sont [&hellip;]","og_url":"https:\/\/motocs.indzine.net\/fr\/les-mobiles-serie-dm1000-mototrbo\/","og_site_name":"Motorola Content Syndication","article_modified_time":"2020-05-01T10:48:01+00:00","twitter_card":"summary_large_image","twitter_misc":{"Dur\u00e9e de lecture estim\u00e9e":"1 minute"},"schema":{"@context":"https:\/\/schema.org","@graph":[{"@type":"WebPage","@id":"https:\/\/motocs.indzine.net\/fr\/les-mobiles-serie-dm1000-mototrbo\/","url":"https:\/\/motocs.indzine.net\/fr\/les-mobiles-serie-dm1000-mototrbo\/","name":"LES MOBILES S\u00c9RIE DM1000 MOTOTRBO\u2122 - Motorola Content Syndication","isPartOf":{"@id":"https:\/\/motocs.indzine.net\/fr\/#website"},"datePublished":"2020-05-01T10:48:00+00:00","dateModified":"2020-05-01T10:48:01+00:00","breadcrumb":{"@id":"https:\/\/motocs.indzine.net\/fr\/les-mobiles-serie-dm1000-mototrbo\/#breadcrumb"},"inLanguage":"fr-FR","potentialAction":[{"@type":"ReadAction","target":["https:\/\/motocs.indzine.net\/fr\/les-mobiles-serie-dm1000-mototrbo\/"]}]},{"@type":"BreadcrumbList","@id":"https:\/\/motocs.indzine.net\/fr\/les-mobiles-serie-dm1000-mototrbo\/#breadcrumb","itemListElement":[{"@type":"ListItem","position":1,"name":"Home","item":"https:\/\/motocs.indzine.net\/fr\/"},{"@type":"ListItem","position":2,"name":"LES MOBILES S\u00c9RIE DM1000 MOTOTRBO\u2122"}]},{"@type":"WebSite","@id":"https:\/\/motocs.indzine.net\/fr\/#website","url":"https:\/\/motocs.indzine.net\/fr\/","name":"Motorola Content Syndication","description":"Motorola Website Starters site","potentialAction":[{"@type":"SearchAction","target":{"@type":"EntryPoint","urlTemplate":"https:\/\/motocs.indzine.net\/fr\/?s={search_term_string}"},"query-input":{"@type":"PropertyValueSpecification","valueRequired":true,"valueName":"search_term_string"}}],"inLanguage":"fr-FR"}]}},"_links":{"self":[{"href":"https:\/\/motocs.indzine.net\/fr\/wp-json\/wp\/v2\/pages\/1861","targetHints":{"allow":["GET"]}}],"collection":[{"href":"https:\/\/motocs.indzine.net\/fr\/wp-json\/wp\/v2\/pages"}],"about":[{"href":"https:\/\/motocs.indzine.net\/fr\/wp-json\/wp\/v2\/types\/page"}],"author":[{"embeddable":true,"href":"https:\/\/motocs.indzine.net\/fr\/wp-json\/wp\/v2\/users\/2"}],"replies":[{"embeddable":true,"href":"https:\/\/motocs.indzine.net\/fr\/wp-json\/wp\/v2\/comments?post=1861"}],"version-history":[{"count":0,"href":"https:\/\/motocs.indzine.net\/fr\/wp-json\/wp\/v2\/pages\/1861\/revisions"}],"wp:attachment":[{"href":"https:\/\/motocs.indzine.net\/fr\/wp-json\/wp\/v2\/media?parent=1861"}],"curies":[{"name":"wp","href":"https:\/\/api.w.org\/{rel}","templated":true}]}}