{"id":1868,"date":"2020-05-01T11:50:36","date_gmt":"2020-05-01T10:50:36","guid":{"rendered":"https:\/\/motocs.indzine.net\/le-relais-serie-slr-8000-mototrbo\/"},"modified":"2020-05-01T11:50:37","modified_gmt":"2020-05-01T10:50:37","slug":"le-relais-serie-slr-8000-mototrbo","status":"publish","type":"page","link":"https:\/\/motocs.indzine.net\/fr\/le-relais-serie-slr-8000-mototrbo\/","title":{"rendered":"LE RELAIS S\u00c9RIE SLR 8000 MOTOTRBO\u2122"},"content":{"rendered":"<p>[et_pb_section bb_built=\u00a0\u00bb1&Prime; _builder_version=\u00a0\u00bb3.3.1&Prime;][et_pb_row _builder_version=\u00a0\u00bb3.3.1&Prime;][et_pb_column type=\u00a0\u00bb4_4&Prime;][et_pb_ds_breadcrumbs _builder_version=\u00a0\u00bb3.3.1&Prime; \/][et_pb_text _builder_version=\u00a0\u00bb3.3.1&Prime; custom_margin=\u00a0\u00bb||0px|\u00a0\u00bb custom_padding=\u00a0\u00bb||0px|\u00a0\u00bb]<\/p>\n<h1>LE RELAIS S\u00c9RIE SLR 8000 MOTOTRBO\u2122<\/h1>\n<p>[\/et_pb_text][et_pb_divider _builder_version=\u00a0\u00bb3.3.1&Prime; color=\u00a0\u00bb#cccccc\u00a0\u00bb height=\u00a0\u00bb5px\u00a0\u00bb custom_margin=\u00a0\u00bb0px||0px|\u00a0\u00bb custom_padding=\u00a0\u00bb0px||0px|\u00a0\u00bb \/][\/et_pb_column][\/et_pb_row][et_pb_row _builder_version=\u00a0\u00bb3.3.1&Prime; custom_margin=\u00a0\u00bb0px|||\u00a0\u00bb custom_padding=\u00a0\u00bb0px|||\u00a0\u00bb][et_pb_column type=\u00a0\u00bb1_3&Prime;][et_pb_image _builder_version=\u00a0\u00bb3.3.1&Prime; src=\u00a0\u00bbhttps:\/\/motocs.indzine.net\/wp-content\/uploads\/sites\/14\/2018\/06\/MOTOTRBO-SLR-8000-Repeater.jpg\u00a0\u00bb \/][\/et_pb_column][et_pb_column type=\u00a0\u00bb2_3&Prime;][et_pb_text _builder_version=\u00a0\u00bb3.3.1&Prime;]<\/p>\n<h4>Polyvalent et puissant.<\/h4>\n<p>Pour am\u00e9liorer la s\u00e9curit\u00e9 et l&rsquo;efficacit\u00e9 dans votre entreprise, vous avez besoin que vos employ\u00e9s soient reli\u00e9s entre eux avec des communications voix et donn\u00e9es fiables. Le relais MOTOTRBO\u2122 s\u00e9rie SLR 8000 propose un service de radio professionnelle optimis\u00e9 pour votre environnement de travail,\u00a0tr\u00e8s performant et extr\u00eamement fiable. R\u00e9sistant et compact, il est con\u00e7u pour maintenir un co\u00fbt de possession faible.\u00a0Dot\u00e9 des technologies les plus avanc\u00e9es, il repr\u00e9sente la nouvelle g\u00e9n\u00e9ration de relais.<\/p>\n<p>Polyvalent et puissant, MOTOTRBO\u2122 combine les fonctionnalit\u00e9s exceptionnelles des radios professionnelles et la derni\u00e8re technologie num\u00e9rique. Il int\u00e8gre parfaitement la voix et les donn\u00e9es, offre des fonctions avanc\u00e9es faciles \u00e0 utiliser et apporte une plus grande capacit\u00e9 pour r\u00e9pondre \u00e0 vos besoins de communication, en dehors et dans un l&rsquo;usine.<\/p>\n<p>Que vous recherchiez la simplicit\u00e9 d&rsquo;un syst\u00e8me conventionnel monosite ou les performantes capacit\u00e9s de partage de ressources de Capacity Plus, Capacity Max ou Connect Plus, le relais s\u00e9rie SLR 8000 offre aux membres de votre personnel toute la puissance d&rsquo;une radio professionnelle num\u00e9rique.<\/p>\n<p>[\/et_pb_text][et_pb_button _builder_version=\u00a0\u00bb3.3.1&Prime; button_text=\u00a0\u00bbBROCHURE SYST\u00c8MES MOTOTRBO\u2122 (ANGLAIS)\u00a0\u00bb button_alignment=\u00a0\u00bbleft\u00a0\u00bb background_layout=\u00a0\u00bbdark\u00a0\u00bb custom_button=\u00a0\u00bbon\u00a0\u00bb button_text_color=\u00a0\u00bb#ffffff\u00a0\u00bb button_bg_color=\u00a0\u00bb#006acd\u00a0\u00bb button_url=\u00a0\u00bb\/wp-content\/uploads\/sites\/14\/2020\/05\/mototrbo_systems_brochure_eng_lor1.pdf\u00a0\u00bb url_new_window=\u00a0\u00bbon\u00a0\u00bb disabled=\u00a0\u00bboff\u00a0\u00bb disabled_on=\u00a0\u00bboff|off|off\u00a0\u00bb \/][\/et_pb_column][\/et_pb_row][\/et_pb_section]<\/p>\n","protected":false},"excerpt":{"rendered":"<p>LE RELAIS S\u00c9RIE SLR 8000 MOTOTRBO\u2122 Polyvalent et puissant. Pour am\u00e9liorer la s\u00e9curit\u00e9 et l&rsquo;efficacit\u00e9 dans votre entreprise, vous avez besoin que vos employ\u00e9s soient reli\u00e9s entre eux avec des communications voix et donn\u00e9es fiables. Le relais MOTOTRBO\u2122 s\u00e9rie SLR 8000 propose un service de radio professionnelle optimis\u00e9 pour votre environnement de travail,\u00a0tr\u00e8s performant et [&hellip;]<\/p>\n","protected":false},"author":2,"featured_media":0,"parent":0,"menu_order":150,"comment_status":"closed","ping_status":"closed","template":"page-template-blank.php","meta":{"_acf_changed":false,"_et_pb_use_builder":"on","_et_pb_old_content":"","_et_gb_content_width":"","footnotes":""},"class_list":["post-1868","page","type-page","status-publish","hentry"],"acf":[],"yoast_head":"<!-- This site is optimized with the Yoast SEO plugin v27.3 - https:\/\/yoast.com\/product\/yoast-seo-wordpress\/ -->\n<title>LE RELAIS S\u00c9RIE SLR 8000 MOTOTRBO\u2122 - Motorola Content Syndication<\/title>\n<meta name=\"robots\" content=\"index, follow, max-snippet:-1, max-image-preview:large, max-video-preview:-1\" \/>\n<link rel=\"canonical\" href=\"https:\/\/motocs.indzine.net\/fr\/le-relais-serie-slr-8000-mototrbo\/\" \/>\n<meta property=\"og:locale\" content=\"fr_FR\" \/>\n<meta property=\"og:type\" content=\"article\" \/>\n<meta property=\"og:title\" content=\"LE RELAIS S\u00c9RIE SLR 8000 MOTOTRBO\u2122 - Motorola Content Syndication\" \/>\n<meta property=\"og:description\" content=\"LE RELAIS S\u00c9RIE SLR 8000 MOTOTRBO\u2122 Polyvalent et puissant. Pour am\u00e9liorer la s\u00e9curit\u00e9 et l&#039;efficacit\u00e9 dans votre entreprise, vous avez besoin que vos employ\u00e9s soient reli\u00e9s entre eux avec des communications voix et donn\u00e9es fiables. Le relais MOTOTRBO\u2122 s\u00e9rie SLR 8000 propose un service de radio professionnelle optimis\u00e9 pour votre environnement de travail,\u00a0tr\u00e8s performant et [&hellip;]\" \/>\n<meta property=\"og:url\" content=\"https:\/\/motocs.indzine.net\/fr\/le-relais-serie-slr-8000-mototrbo\/\" \/>\n<meta property=\"og:site_name\" content=\"Motorola Content Syndication\" \/>\n<meta property=\"article:modified_time\" content=\"2020-05-01T10:50:37+00:00\" \/>\n<meta name=\"twitter:card\" content=\"summary_large_image\" \/>\n<meta name=\"twitter:label1\" content=\"Dur\u00e9e de lecture estim\u00e9e\" \/>\n\t<meta name=\"twitter:data1\" content=\"2 minutes\" \/>\n<script type=\"application\/ld+json\" class=\"yoast-schema-graph\">{\"@context\":\"https:\\\/\\\/schema.org\",\"@graph\":[{\"@type\":\"WebPage\",\"@id\":\"https:\\\/\\\/motocs.indzine.net\\\/fr\\\/le-relais-serie-slr-8000-mototrbo\\\/\",\"url\":\"https:\\\/\\\/motocs.indzine.net\\\/fr\\\/le-relais-serie-slr-8000-mototrbo\\\/\",\"name\":\"LE RELAIS S\u00c9RIE SLR 8000 MOTOTRBO\u2122 - Motorola Content Syndication\",\"isPartOf\":{\"@id\":\"https:\\\/\\\/motocs.indzine.net\\\/fr\\\/#website\"},\"datePublished\":\"2020-05-01T10:50:36+00:00\",\"dateModified\":\"2020-05-01T10:50:37+00:00\",\"breadcrumb\":{\"@id\":\"https:\\\/\\\/motocs.indzine.net\\\/fr\\\/le-relais-serie-slr-8000-mototrbo\\\/#breadcrumb\"},\"inLanguage\":\"fr-FR\",\"potentialAction\":[{\"@type\":\"ReadAction\",\"target\":[\"https:\\\/\\\/motocs.indzine.net\\\/fr\\\/le-relais-serie-slr-8000-mototrbo\\\/\"]}]},{\"@type\":\"BreadcrumbList\",\"@id\":\"https:\\\/\\\/motocs.indzine.net\\\/fr\\\/le-relais-serie-slr-8000-mototrbo\\\/#breadcrumb\",\"itemListElement\":[{\"@type\":\"ListItem\",\"position\":1,\"name\":\"Home\",\"item\":\"https:\\\/\\\/motocs.indzine.net\\\/fr\\\/\"},{\"@type\":\"ListItem\",\"position\":2,\"name\":\"LE RELAIS S\u00c9RIE SLR 8000 MOTOTRBO\u2122\"}]},{\"@type\":\"WebSite\",\"@id\":\"https:\\\/\\\/motocs.indzine.net\\\/fr\\\/#website\",\"url\":\"https:\\\/\\\/motocs.indzine.net\\\/fr\\\/\",\"name\":\"Motorola Content Syndication\",\"description\":\"Motorola Website Starters site\",\"potentialAction\":[{\"@type\":\"SearchAction\",\"target\":{\"@type\":\"EntryPoint\",\"urlTemplate\":\"https:\\\/\\\/motocs.indzine.net\\\/fr\\\/?s={search_term_string}\"},\"query-input\":{\"@type\":\"PropertyValueSpecification\",\"valueRequired\":true,\"valueName\":\"search_term_string\"}}],\"inLanguage\":\"fr-FR\"}]}<\/script>\n<!-- \/ Yoast SEO plugin. -->","yoast_head_json":{"title":"LE RELAIS S\u00c9RIE SLR 8000 MOTOTRBO\u2122 - Motorola Content Syndication","robots":{"index":"index","follow":"follow","max-snippet":"max-snippet:-1","max-image-preview":"max-image-preview:large","max-video-preview":"max-video-preview:-1"},"canonical":"https:\/\/motocs.indzine.net\/fr\/le-relais-serie-slr-8000-mototrbo\/","og_locale":"fr_FR","og_type":"article","og_title":"LE RELAIS S\u00c9RIE SLR 8000 MOTOTRBO\u2122 - Motorola Content Syndication","og_description":"LE RELAIS S\u00c9RIE SLR 8000 MOTOTRBO\u2122 Polyvalent et puissant. Pour am\u00e9liorer la s\u00e9curit\u00e9 et l'efficacit\u00e9 dans votre entreprise, vous avez besoin que vos employ\u00e9s soient reli\u00e9s entre eux avec des communications voix et donn\u00e9es fiables. Le relais MOTOTRBO\u2122 s\u00e9rie SLR 8000 propose un service de radio professionnelle optimis\u00e9 pour votre environnement de travail,\u00a0tr\u00e8s performant et [&hellip;]","og_url":"https:\/\/motocs.indzine.net\/fr\/le-relais-serie-slr-8000-mototrbo\/","og_site_name":"Motorola Content Syndication","article_modified_time":"2020-05-01T10:50:37+00:00","twitter_card":"summary_large_image","twitter_misc":{"Dur\u00e9e de lecture estim\u00e9e":"2 minutes"},"schema":{"@context":"https:\/\/schema.org","@graph":[{"@type":"WebPage","@id":"https:\/\/motocs.indzine.net\/fr\/le-relais-serie-slr-8000-mototrbo\/","url":"https:\/\/motocs.indzine.net\/fr\/le-relais-serie-slr-8000-mototrbo\/","name":"LE RELAIS S\u00c9RIE SLR 8000 MOTOTRBO\u2122 - Motorola Content Syndication","isPartOf":{"@id":"https:\/\/motocs.indzine.net\/fr\/#website"},"datePublished":"2020-05-01T10:50:36+00:00","dateModified":"2020-05-01T10:50:37+00:00","breadcrumb":{"@id":"https:\/\/motocs.indzine.net\/fr\/le-relais-serie-slr-8000-mototrbo\/#breadcrumb"},"inLanguage":"fr-FR","potentialAction":[{"@type":"ReadAction","target":["https:\/\/motocs.indzine.net\/fr\/le-relais-serie-slr-8000-mototrbo\/"]}]},{"@type":"BreadcrumbList","@id":"https:\/\/motocs.indzine.net\/fr\/le-relais-serie-slr-8000-mototrbo\/#breadcrumb","itemListElement":[{"@type":"ListItem","position":1,"name":"Home","item":"https:\/\/motocs.indzine.net\/fr\/"},{"@type":"ListItem","position":2,"name":"LE RELAIS S\u00c9RIE SLR 8000 MOTOTRBO\u2122"}]},{"@type":"WebSite","@id":"https:\/\/motocs.indzine.net\/fr\/#website","url":"https:\/\/motocs.indzine.net\/fr\/","name":"Motorola Content Syndication","description":"Motorola Website Starters site","potentialAction":[{"@type":"SearchAction","target":{"@type":"EntryPoint","urlTemplate":"https:\/\/motocs.indzine.net\/fr\/?s={search_term_string}"},"query-input":{"@type":"PropertyValueSpecification","valueRequired":true,"valueName":"search_term_string"}}],"inLanguage":"fr-FR"}]}},"_links":{"self":[{"href":"https:\/\/motocs.indzine.net\/fr\/wp-json\/wp\/v2\/pages\/1868","targetHints":{"allow":["GET"]}}],"collection":[{"href":"https:\/\/motocs.indzine.net\/fr\/wp-json\/wp\/v2\/pages"}],"about":[{"href":"https:\/\/motocs.indzine.net\/fr\/wp-json\/wp\/v2\/types\/page"}],"author":[{"embeddable":true,"href":"https:\/\/motocs.indzine.net\/fr\/wp-json\/wp\/v2\/users\/2"}],"replies":[{"embeddable":true,"href":"https:\/\/motocs.indzine.net\/fr\/wp-json\/wp\/v2\/comments?post=1868"}],"version-history":[{"count":0,"href":"https:\/\/motocs.indzine.net\/fr\/wp-json\/wp\/v2\/pages\/1868\/revisions"}],"wp:attachment":[{"href":"https:\/\/motocs.indzine.net\/fr\/wp-json\/wp\/v2\/media?parent=1868"}],"curies":[{"name":"wp","href":"https:\/\/api.w.org\/{rel}","templated":true}]}}