{"id":1871,"date":"2020-05-01T11:52:52","date_gmt":"2020-05-01T10:52:52","guid":{"rendered":"https:\/\/motocs.indzine.net\/le-relais-slr-5500-mototrbo\/"},"modified":"2020-05-01T11:53:52","modified_gmt":"2020-05-01T10:53:52","slug":"le-relais-slr-5500-mototrbo","status":"publish","type":"page","link":"https:\/\/motocs.indzine.net\/fr\/le-relais-slr-5500-mototrbo\/","title":{"rendered":"LE RELAIS SLR 5500 MOTOTRBO\u2122"},"content":{"rendered":"<p>[et_pb_section fb_built=\u00a0\u00bb1&Prime; _builder_version=\u00a0\u00bb3.22&Prime;][et_pb_row _builder_version=\u00a0\u00bb3.25&Prime;][et_pb_column type=\u00a0\u00bb4_4&Prime; _builder_version=\u00a0\u00bb3.25&Prime; custom_padding=\u00a0\u00bb|||\u00a0\u00bb custom_padding__hover=\u00a0\u00bb|||\u00a0\u00bb][et_pb_ds_breadcrumbs _builder_version=\u00a0\u00bb3.3.1&Prime;][\/et_pb_ds_breadcrumbs][et_pb_text _builder_version=\u00a0\u00bb3.27.4&Prime; custom_margin=\u00a0\u00bb||0px|\u00a0\u00bb custom_padding=\u00a0\u00bb||0px|\u00a0\u00bb]<\/p>\n<h1>LE RELAIS SLR 5500 MOTOTRBO\u2122<\/h1>\n<p>[\/et_pb_text][et_pb_divider color=\u00a0\u00bb#cccccc\u00a0\u00bb _builder_version=\u00a0\u00bb3.3.1&Prime; height=\u00a0\u00bb5px\u00a0\u00bb custom_margin=\u00a0\u00bb0px||0px|\u00a0\u00bb custom_padding=\u00a0\u00bb0px||0px|\u00a0\u00bb][\/et_pb_divider][\/et_pb_column][\/et_pb_row][et_pb_row _builder_version=\u00a0\u00bb3.25&Prime; custom_margin=\u00a0\u00bb0px|||\u00a0\u00bb custom_padding=\u00a0\u00bb0px|||\u00a0\u00bb column_structure=\u00a0\u00bb1_3,2_3&Prime;][et_pb_column type=\u00a0\u00bb1_3&Prime; _builder_version=\u00a0\u00bb3.25&Prime; custom_padding=\u00a0\u00bb|||\u00a0\u00bb custom_padding__hover=\u00a0\u00bb|||\u00a0\u00bb][et_pb_image src=\u00a0\u00bbhttps:\/\/motocs.indzine.net\/wp-content\/uploads\/sites\/14\/2018\/06\/MOTOTRBO-SLR-5500-Repeater.jpg\u00a0\u00bb align_tablet=\u00a0\u00bbcenter\u00a0\u00bb align_last_edited=\u00a0\u00bbon|desktop\u00a0\u00bb _builder_version=\u00a0\u00bb3.23&Prime;][\/et_pb_image][\/et_pb_column][et_pb_column type=\u00a0\u00bb2_3&Prime; _builder_version=\u00a0\u00bb3.25&Prime; custom_padding=\u00a0\u00bb|||\u00a0\u00bb custom_padding__hover=\u00a0\u00bb|||\u00a0\u00bb][et_pb_text _builder_version=\u00a0\u00bb3.27.4&Prime;]Pour garantir le succ\u00e8s de votre entreprise, vous devez disposer de communications voix et donn\u00e9es fiables qui couvrent l&rsquo;ensemble de vos activit\u00e9s. Le relais MOTOTRBO\u2122 SLR 5500 propose un service pour les radios tr\u00e8s performance et extr\u00eamement fiable, avec toutes les fonctionnalit\u00e9s dont vous avez besoin pour connecter votre environnement de travail, sur le terrain comme dans les ateliers.<\/p>\n<p>Avec sa forme \u00e9pur\u00e9e et sa faible consommation \u00e9nerg\u00e9tique, le relais MOTOTRBO\u2122 SLR 5500 pr\u00e9sente un co\u00fbt total de possession r\u00e9duit. Il b\u00e9n\u00e9ficie \u00e9galement d&rsquo;incroyables avanc\u00e9es technologiques et repr\u00e9sente la nouvelle g\u00e9n\u00e9ration de relais \u00e9quipant le syst\u00e8me de radio professionnelle MOTOTRBO\u2122.<\/p>\n<p>Que vous recherchiez la simplicit\u00e9 d&rsquo;un syst\u00e8me conventionnel monosite ou les solides capacit\u00e9s de partage des ressources de Capacity Plus, Linked Capacity Plus ou Connect Plus, le relais SLR 5500 offre \u00e0 vos employ\u00e9s toute la puissance d&rsquo;une radio professionnelle num\u00e9rique.<br \/>\n[\/et_pb_text][\/et_pb_column][\/et_pb_row][\/et_pb_section]<\/p>\n","protected":false},"excerpt":{"rendered":"<p>LE RELAIS SLR 5500 MOTOTRBO\u2122 Pour garantir le succ\u00e8s de votre entreprise, vous devez disposer de communications voix et donn\u00e9es fiables qui couvrent l&rsquo;ensemble de vos activit\u00e9s. Le relais MOTOTRBO\u2122 SLR 5500 propose un service pour les radios tr\u00e8s performance et extr\u00eamement fiable, avec toutes les fonctionnalit\u00e9s dont vous avez besoin pour connecter votre environnement [&hellip;]<\/p>\n","protected":false},"author":2,"featured_media":0,"parent":0,"menu_order":160,"comment_status":"closed","ping_status":"closed","template":"page-template-blank.php","meta":{"_acf_changed":false,"_et_pb_use_builder":"on","_et_pb_old_content":"","_et_gb_content_width":"","footnotes":""},"class_list":["post-1871","page","type-page","status-publish","hentry"],"acf":[],"yoast_head":"<!-- This site is optimized with the Yoast SEO plugin v27.3 - https:\/\/yoast.com\/product\/yoast-seo-wordpress\/ -->\n<title>LE RELAIS SLR 5500 MOTOTRBO\u2122 - Motorola Content Syndication<\/title>\n<meta name=\"robots\" content=\"index, follow, max-snippet:-1, max-image-preview:large, max-video-preview:-1\" \/>\n<link rel=\"canonical\" href=\"https:\/\/motocs.indzine.net\/fr\/le-relais-slr-5500-mototrbo\/\" \/>\n<meta property=\"og:locale\" content=\"fr_FR\" \/>\n<meta property=\"og:type\" content=\"article\" \/>\n<meta property=\"og:title\" content=\"LE RELAIS SLR 5500 MOTOTRBO\u2122 - Motorola Content Syndication\" \/>\n<meta property=\"og:description\" content=\"LE RELAIS SLR 5500 MOTOTRBO\u2122 Pour garantir le succ\u00e8s de votre entreprise, vous devez disposer de communications voix et donn\u00e9es fiables qui couvrent l&#039;ensemble de vos activit\u00e9s. Le relais MOTOTRBO\u2122 SLR 5500 propose un service pour les radios tr\u00e8s performance et extr\u00eamement fiable, avec toutes les fonctionnalit\u00e9s dont vous avez besoin pour connecter votre environnement [&hellip;]\" \/>\n<meta property=\"og:url\" content=\"https:\/\/motocs.indzine.net\/fr\/le-relais-slr-5500-mototrbo\/\" \/>\n<meta property=\"og:site_name\" content=\"Motorola Content Syndication\" \/>\n<meta property=\"article:modified_time\" content=\"2020-05-01T10:53:52+00:00\" \/>\n<meta name=\"twitter:card\" content=\"summary_large_image\" \/>\n<meta name=\"twitter:label1\" content=\"Dur\u00e9e de lecture estim\u00e9e\" \/>\n\t<meta name=\"twitter:data1\" content=\"2 minutes\" \/>\n<script type=\"application\/ld+json\" class=\"yoast-schema-graph\">{\"@context\":\"https:\\\/\\\/schema.org\",\"@graph\":[{\"@type\":\"WebPage\",\"@id\":\"https:\\\/\\\/motocs.indzine.net\\\/fr\\\/le-relais-slr-5500-mototrbo\\\/\",\"url\":\"https:\\\/\\\/motocs.indzine.net\\\/fr\\\/le-relais-slr-5500-mototrbo\\\/\",\"name\":\"LE RELAIS SLR 5500 MOTOTRBO\u2122 - Motorola Content Syndication\",\"isPartOf\":{\"@id\":\"https:\\\/\\\/motocs.indzine.net\\\/fr\\\/#website\"},\"datePublished\":\"2020-05-01T10:52:52+00:00\",\"dateModified\":\"2020-05-01T10:53:52+00:00\",\"breadcrumb\":{\"@id\":\"https:\\\/\\\/motocs.indzine.net\\\/fr\\\/le-relais-slr-5500-mototrbo\\\/#breadcrumb\"},\"inLanguage\":\"fr-FR\",\"potentialAction\":[{\"@type\":\"ReadAction\",\"target\":[\"https:\\\/\\\/motocs.indzine.net\\\/fr\\\/le-relais-slr-5500-mototrbo\\\/\"]}]},{\"@type\":\"BreadcrumbList\",\"@id\":\"https:\\\/\\\/motocs.indzine.net\\\/fr\\\/le-relais-slr-5500-mototrbo\\\/#breadcrumb\",\"itemListElement\":[{\"@type\":\"ListItem\",\"position\":1,\"name\":\"Home\",\"item\":\"https:\\\/\\\/motocs.indzine.net\\\/fr\\\/\"},{\"@type\":\"ListItem\",\"position\":2,\"name\":\"LE RELAIS SLR 5500 MOTOTRBO\u2122\"}]},{\"@type\":\"WebSite\",\"@id\":\"https:\\\/\\\/motocs.indzine.net\\\/fr\\\/#website\",\"url\":\"https:\\\/\\\/motocs.indzine.net\\\/fr\\\/\",\"name\":\"Motorola Content Syndication\",\"description\":\"Motorola Website Starters site\",\"potentialAction\":[{\"@type\":\"SearchAction\",\"target\":{\"@type\":\"EntryPoint\",\"urlTemplate\":\"https:\\\/\\\/motocs.indzine.net\\\/fr\\\/?s={search_term_string}\"},\"query-input\":{\"@type\":\"PropertyValueSpecification\",\"valueRequired\":true,\"valueName\":\"search_term_string\"}}],\"inLanguage\":\"fr-FR\"}]}<\/script>\n<!-- \/ Yoast SEO plugin. -->","yoast_head_json":{"title":"LE RELAIS SLR 5500 MOTOTRBO\u2122 - Motorola Content Syndication","robots":{"index":"index","follow":"follow","max-snippet":"max-snippet:-1","max-image-preview":"max-image-preview:large","max-video-preview":"max-video-preview:-1"},"canonical":"https:\/\/motocs.indzine.net\/fr\/le-relais-slr-5500-mototrbo\/","og_locale":"fr_FR","og_type":"article","og_title":"LE RELAIS SLR 5500 MOTOTRBO\u2122 - Motorola Content Syndication","og_description":"LE RELAIS SLR 5500 MOTOTRBO\u2122 Pour garantir le succ\u00e8s de votre entreprise, vous devez disposer de communications voix et donn\u00e9es fiables qui couvrent l'ensemble de vos activit\u00e9s. Le relais MOTOTRBO\u2122 SLR 5500 propose un service pour les radios tr\u00e8s performance et extr\u00eamement fiable, avec toutes les fonctionnalit\u00e9s dont vous avez besoin pour connecter votre environnement [&hellip;]","og_url":"https:\/\/motocs.indzine.net\/fr\/le-relais-slr-5500-mototrbo\/","og_site_name":"Motorola Content Syndication","article_modified_time":"2020-05-01T10:53:52+00:00","twitter_card":"summary_large_image","twitter_misc":{"Dur\u00e9e de lecture estim\u00e9e":"2 minutes"},"schema":{"@context":"https:\/\/schema.org","@graph":[{"@type":"WebPage","@id":"https:\/\/motocs.indzine.net\/fr\/le-relais-slr-5500-mototrbo\/","url":"https:\/\/motocs.indzine.net\/fr\/le-relais-slr-5500-mototrbo\/","name":"LE RELAIS SLR 5500 MOTOTRBO\u2122 - Motorola Content Syndication","isPartOf":{"@id":"https:\/\/motocs.indzine.net\/fr\/#website"},"datePublished":"2020-05-01T10:52:52+00:00","dateModified":"2020-05-01T10:53:52+00:00","breadcrumb":{"@id":"https:\/\/motocs.indzine.net\/fr\/le-relais-slr-5500-mototrbo\/#breadcrumb"},"inLanguage":"fr-FR","potentialAction":[{"@type":"ReadAction","target":["https:\/\/motocs.indzine.net\/fr\/le-relais-slr-5500-mototrbo\/"]}]},{"@type":"BreadcrumbList","@id":"https:\/\/motocs.indzine.net\/fr\/le-relais-slr-5500-mototrbo\/#breadcrumb","itemListElement":[{"@type":"ListItem","position":1,"name":"Home","item":"https:\/\/motocs.indzine.net\/fr\/"},{"@type":"ListItem","position":2,"name":"LE RELAIS SLR 5500 MOTOTRBO\u2122"}]},{"@type":"WebSite","@id":"https:\/\/motocs.indzine.net\/fr\/#website","url":"https:\/\/motocs.indzine.net\/fr\/","name":"Motorola Content Syndication","description":"Motorola Website Starters site","potentialAction":[{"@type":"SearchAction","target":{"@type":"EntryPoint","urlTemplate":"https:\/\/motocs.indzine.net\/fr\/?s={search_term_string}"},"query-input":{"@type":"PropertyValueSpecification","valueRequired":true,"valueName":"search_term_string"}}],"inLanguage":"fr-FR"}]}},"_links":{"self":[{"href":"https:\/\/motocs.indzine.net\/fr\/wp-json\/wp\/v2\/pages\/1871","targetHints":{"allow":["GET"]}}],"collection":[{"href":"https:\/\/motocs.indzine.net\/fr\/wp-json\/wp\/v2\/pages"}],"about":[{"href":"https:\/\/motocs.indzine.net\/fr\/wp-json\/wp\/v2\/types\/page"}],"author":[{"embeddable":true,"href":"https:\/\/motocs.indzine.net\/fr\/wp-json\/wp\/v2\/users\/2"}],"replies":[{"embeddable":true,"href":"https:\/\/motocs.indzine.net\/fr\/wp-json\/wp\/v2\/comments?post=1871"}],"version-history":[{"count":0,"href":"https:\/\/motocs.indzine.net\/fr\/wp-json\/wp\/v2\/pages\/1871\/revisions"}],"wp:attachment":[{"href":"https:\/\/motocs.indzine.net\/fr\/wp-json\/wp\/v2\/media?parent=1871"}],"curies":[{"name":"wp","href":"https:\/\/api.w.org\/{rel}","templated":true}]}}