{"id":1887,"date":"2020-05-01T11:58:10","date_gmt":"2020-05-01T10:58:10","guid":{"rendered":"https:\/\/motocs.indzine.net\/portatifs-numeriques-evx-261\/"},"modified":"2020-05-01T11:59:04","modified_gmt":"2020-05-01T10:59:04","slug":"portatifs-numeriques-evx-261","status":"publish","type":"page","link":"https:\/\/motocs.indzine.net\/fr\/portatifs-numeriques-evx-261\/","title":{"rendered":"PORTATIFS NUM\u00c9RIQUES EVX-261"},"content":{"rendered":"<p>[et_pb_section fb_built=\u00a0\u00bb1&Prime; _builder_version=\u00a0\u00bb3.22&Prime;][et_pb_row _builder_version=\u00a0\u00bb3.25&Prime;][et_pb_column type=\u00a0\u00bb4_4&Prime; _builder_version=\u00a0\u00bb3.25&Prime; custom_padding=\u00a0\u00bb|||\u00a0\u00bb custom_padding__hover=\u00a0\u00bb|||\u00a0\u00bb][et_pb_ds_breadcrumbs _builder_version=\u00a0\u00bb3.3.1&Prime;][\/et_pb_ds_breadcrumbs][et_pb_text _builder_version=\u00a0\u00bb3.27.4&Prime; custom_margin=\u00a0\u00bb||0px|\u00a0\u00bb custom_padding=\u00a0\u00bb||0px|\u00a0\u00bb]<\/p>\n<h1>PORTATIFS NUM\u00c9RIQUES EVX-261<\/h1>\n<p>[\/et_pb_text][et_pb_divider color=\u00a0\u00bb#cccccc\u00a0\u00bb _builder_version=\u00a0\u00bb3.3.1&Prime; height=\u00a0\u00bb5px\u00a0\u00bb custom_margin=\u00a0\u00bb0px||0px|\u00a0\u00bb custom_padding=\u00a0\u00bb0px||0px|\u00a0\u00bb][\/et_pb_divider][\/et_pb_column][\/et_pb_row][et_pb_row _builder_version=\u00a0\u00bb3.25&Prime; custom_margin=\u00a0\u00bb0px|||\u00a0\u00bb custom_padding=\u00a0\u00bb0px|||\u00a0\u00bb column_structure=\u00a0\u00bb1_3,2_3&Prime;][et_pb_column type=\u00a0\u00bb1_3&Prime; _builder_version=\u00a0\u00bb3.25&Prime; custom_padding=\u00a0\u00bb|||\u00a0\u00bb custom_padding__hover=\u00a0\u00bb|||\u00a0\u00bb][et_pb_image src=\u00a0\u00bb\/wp-content\/uploads\/sites\/14\/2018\/06\/EVX-261-PORTABLE-DIGITAL.jpg\u00a0\u00bb align_tablet=\u00a0\u00bbcenter\u00a0\u00bb align_last_edited=\u00a0\u00bbon|desktop\u00a0\u00bb _builder_version=\u00a0\u00bb3.23&Prime;][\/et_pb_image][\/et_pb_column][et_pb_column type=\u00a0\u00bb2_3&Prime; _builder_version=\u00a0\u00bb3.25&Prime; custom_padding=\u00a0\u00bb|||\u00a0\u00bb custom_padding__hover=\u00a0\u00bb|||\u00a0\u00bb][et_pb_text _builder_version=\u00a0\u00bb3.27.4&Prime;]<b>MIGREZ VERS LE NUM\u00c9RIQUE<\/b><\/p>\n<p><b>Migrez vers le num\u00e9rique facilement et \u00e9conomiquement.<\/b><\/p>\n<p>La radio EVX-261 fonctionne en mode analogique et num\u00e9rique, soit la solution id\u00e9ale pour les parcs de radios diversifi\u00e9es. Gr\u00e2ce \u00e0 une interop\u00e9rabilit\u00e9 renforc\u00e9e, vous pouvez choisir entre plusieurs protocoles de signalisation, tels que le DMR, MDC1200\u00ae, DTMF et 2 ou 5 tons, ainsi que le cryptage par inversion de fr\u00e9quence. En outre, le mode num\u00e9rique dispose de\u00a0 la suppression des bruits pour une qualit\u00e9 audio optimale et des conversations claires. Disponible avec une gamme de solutions d&rsquo;alimentation et d\u2019accessoires, soit\u00a0tout ce dont vous avez besoin pour offrir \u00e0 votre \u00e9quipe la solution de communication id\u00e9ale.<br \/>\n[\/et_pb_text][\/et_pb_column][\/et_pb_row][\/et_pb_section]<\/p>\n","protected":false},"excerpt":{"rendered":"<p>PORTATIFS NUM\u00c9RIQUES EVX-261 MIGREZ VERS LE NUM\u00c9RIQUE Migrez vers le num\u00e9rique facilement et \u00e9conomiquement. La radio EVX-261 fonctionne en mode analogique et num\u00e9rique, soit la solution id\u00e9ale pour les parcs de radios diversifi\u00e9es. Gr\u00e2ce \u00e0 une interop\u00e9rabilit\u00e9 renforc\u00e9e, vous pouvez choisir entre plusieurs protocoles de signalisation, tels que le DMR, MDC1200\u00ae, DTMF et 2 ou [&hellip;]<\/p>\n","protected":false},"author":2,"featured_media":0,"parent":0,"menu_order":180,"comment_status":"closed","ping_status":"closed","template":"page-template-blank.php","meta":{"_acf_changed":false,"_et_pb_use_builder":"on","_et_pb_old_content":"","_et_gb_content_width":"","footnotes":""},"class_list":["post-1887","page","type-page","status-publish","hentry"],"acf":[],"yoast_head":"<!-- This site is optimized with the Yoast SEO plugin v27.3 - https:\/\/yoast.com\/product\/yoast-seo-wordpress\/ -->\n<title>PORTATIFS NUM\u00c9RIQUES EVX-261 - Motorola Content Syndication<\/title>\n<meta name=\"robots\" content=\"index, follow, max-snippet:-1, max-image-preview:large, max-video-preview:-1\" \/>\n<link rel=\"canonical\" href=\"https:\/\/motocs.indzine.net\/fr\/portatifs-numeriques-evx-261\/\" \/>\n<meta property=\"og:locale\" content=\"fr_FR\" \/>\n<meta property=\"og:type\" content=\"article\" \/>\n<meta property=\"og:title\" content=\"PORTATIFS NUM\u00c9RIQUES EVX-261 - Motorola Content Syndication\" \/>\n<meta property=\"og:description\" content=\"PORTATIFS NUM\u00c9RIQUES EVX-261 MIGREZ VERS LE NUM\u00c9RIQUE Migrez vers le num\u00e9rique facilement et \u00e9conomiquement. La radio EVX-261 fonctionne en mode analogique et num\u00e9rique, soit la solution id\u00e9ale pour les parcs de radios diversifi\u00e9es. Gr\u00e2ce \u00e0 une interop\u00e9rabilit\u00e9 renforc\u00e9e, vous pouvez choisir entre plusieurs protocoles de signalisation, tels que le DMR, MDC1200\u00ae, DTMF et 2 ou [&hellip;]\" \/>\n<meta property=\"og:url\" content=\"https:\/\/motocs.indzine.net\/fr\/portatifs-numeriques-evx-261\/\" \/>\n<meta property=\"og:site_name\" content=\"Motorola Content Syndication\" \/>\n<meta property=\"article:modified_time\" content=\"2020-05-01T10:59:04+00:00\" \/>\n<meta name=\"twitter:card\" content=\"summary_large_image\" \/>\n<meta name=\"twitter:label1\" content=\"Dur\u00e9e de lecture estim\u00e9e\" \/>\n\t<meta name=\"twitter:data1\" content=\"1 minute\" \/>\n<script type=\"application\/ld+json\" class=\"yoast-schema-graph\">{\"@context\":\"https:\\\/\\\/schema.org\",\"@graph\":[{\"@type\":\"WebPage\",\"@id\":\"https:\\\/\\\/motocs.indzine.net\\\/fr\\\/portatifs-numeriques-evx-261\\\/\",\"url\":\"https:\\\/\\\/motocs.indzine.net\\\/fr\\\/portatifs-numeriques-evx-261\\\/\",\"name\":\"PORTATIFS NUM\u00c9RIQUES EVX-261 - Motorola Content Syndication\",\"isPartOf\":{\"@id\":\"https:\\\/\\\/motocs.indzine.net\\\/fr\\\/#website\"},\"datePublished\":\"2020-05-01T10:58:10+00:00\",\"dateModified\":\"2020-05-01T10:59:04+00:00\",\"breadcrumb\":{\"@id\":\"https:\\\/\\\/motocs.indzine.net\\\/fr\\\/portatifs-numeriques-evx-261\\\/#breadcrumb\"},\"inLanguage\":\"fr-FR\",\"potentialAction\":[{\"@type\":\"ReadAction\",\"target\":[\"https:\\\/\\\/motocs.indzine.net\\\/fr\\\/portatifs-numeriques-evx-261\\\/\"]}]},{\"@type\":\"BreadcrumbList\",\"@id\":\"https:\\\/\\\/motocs.indzine.net\\\/fr\\\/portatifs-numeriques-evx-261\\\/#breadcrumb\",\"itemListElement\":[{\"@type\":\"ListItem\",\"position\":1,\"name\":\"Home\",\"item\":\"https:\\\/\\\/motocs.indzine.net\\\/fr\\\/\"},{\"@type\":\"ListItem\",\"position\":2,\"name\":\"PORTATIFS NUM\u00c9RIQUES EVX-261\"}]},{\"@type\":\"WebSite\",\"@id\":\"https:\\\/\\\/motocs.indzine.net\\\/fr\\\/#website\",\"url\":\"https:\\\/\\\/motocs.indzine.net\\\/fr\\\/\",\"name\":\"Motorola Content Syndication\",\"description\":\"Motorola Website Starters site\",\"potentialAction\":[{\"@type\":\"SearchAction\",\"target\":{\"@type\":\"EntryPoint\",\"urlTemplate\":\"https:\\\/\\\/motocs.indzine.net\\\/fr\\\/?s={search_term_string}\"},\"query-input\":{\"@type\":\"PropertyValueSpecification\",\"valueRequired\":true,\"valueName\":\"search_term_string\"}}],\"inLanguage\":\"fr-FR\"}]}<\/script>\n<!-- \/ Yoast SEO plugin. -->","yoast_head_json":{"title":"PORTATIFS NUM\u00c9RIQUES EVX-261 - Motorola Content Syndication","robots":{"index":"index","follow":"follow","max-snippet":"max-snippet:-1","max-image-preview":"max-image-preview:large","max-video-preview":"max-video-preview:-1"},"canonical":"https:\/\/motocs.indzine.net\/fr\/portatifs-numeriques-evx-261\/","og_locale":"fr_FR","og_type":"article","og_title":"PORTATIFS NUM\u00c9RIQUES EVX-261 - Motorola Content Syndication","og_description":"PORTATIFS NUM\u00c9RIQUES EVX-261 MIGREZ VERS LE NUM\u00c9RIQUE Migrez vers le num\u00e9rique facilement et \u00e9conomiquement. La radio EVX-261 fonctionne en mode analogique et num\u00e9rique, soit la solution id\u00e9ale pour les parcs de radios diversifi\u00e9es. Gr\u00e2ce \u00e0 une interop\u00e9rabilit\u00e9 renforc\u00e9e, vous pouvez choisir entre plusieurs protocoles de signalisation, tels que le DMR, MDC1200\u00ae, DTMF et 2 ou [&hellip;]","og_url":"https:\/\/motocs.indzine.net\/fr\/portatifs-numeriques-evx-261\/","og_site_name":"Motorola Content Syndication","article_modified_time":"2020-05-01T10:59:04+00:00","twitter_card":"summary_large_image","twitter_misc":{"Dur\u00e9e de lecture estim\u00e9e":"1 minute"},"schema":{"@context":"https:\/\/schema.org","@graph":[{"@type":"WebPage","@id":"https:\/\/motocs.indzine.net\/fr\/portatifs-numeriques-evx-261\/","url":"https:\/\/motocs.indzine.net\/fr\/portatifs-numeriques-evx-261\/","name":"PORTATIFS NUM\u00c9RIQUES EVX-261 - Motorola Content Syndication","isPartOf":{"@id":"https:\/\/motocs.indzine.net\/fr\/#website"},"datePublished":"2020-05-01T10:58:10+00:00","dateModified":"2020-05-01T10:59:04+00:00","breadcrumb":{"@id":"https:\/\/motocs.indzine.net\/fr\/portatifs-numeriques-evx-261\/#breadcrumb"},"inLanguage":"fr-FR","potentialAction":[{"@type":"ReadAction","target":["https:\/\/motocs.indzine.net\/fr\/portatifs-numeriques-evx-261\/"]}]},{"@type":"BreadcrumbList","@id":"https:\/\/motocs.indzine.net\/fr\/portatifs-numeriques-evx-261\/#breadcrumb","itemListElement":[{"@type":"ListItem","position":1,"name":"Home","item":"https:\/\/motocs.indzine.net\/fr\/"},{"@type":"ListItem","position":2,"name":"PORTATIFS NUM\u00c9RIQUES EVX-261"}]},{"@type":"WebSite","@id":"https:\/\/motocs.indzine.net\/fr\/#website","url":"https:\/\/motocs.indzine.net\/fr\/","name":"Motorola Content Syndication","description":"Motorola Website Starters site","potentialAction":[{"@type":"SearchAction","target":{"@type":"EntryPoint","urlTemplate":"https:\/\/motocs.indzine.net\/fr\/?s={search_term_string}"},"query-input":{"@type":"PropertyValueSpecification","valueRequired":true,"valueName":"search_term_string"}}],"inLanguage":"fr-FR"}]}},"_links":{"self":[{"href":"https:\/\/motocs.indzine.net\/fr\/wp-json\/wp\/v2\/pages\/1887","targetHints":{"allow":["GET"]}}],"collection":[{"href":"https:\/\/motocs.indzine.net\/fr\/wp-json\/wp\/v2\/pages"}],"about":[{"href":"https:\/\/motocs.indzine.net\/fr\/wp-json\/wp\/v2\/types\/page"}],"author":[{"embeddable":true,"href":"https:\/\/motocs.indzine.net\/fr\/wp-json\/wp\/v2\/users\/2"}],"replies":[{"embeddable":true,"href":"https:\/\/motocs.indzine.net\/fr\/wp-json\/wp\/v2\/comments?post=1887"}],"version-history":[{"count":0,"href":"https:\/\/motocs.indzine.net\/fr\/wp-json\/wp\/v2\/pages\/1887\/revisions"}],"wp:attachment":[{"href":"https:\/\/motocs.indzine.net\/fr\/wp-json\/wp\/v2\/media?parent=1887"}],"curies":[{"name":"wp","href":"https:\/\/api.w.org\/{rel}","templated":true}]}}