{"id":1968,"date":"2020-05-01T12:39:52","date_gmt":"2020-05-01T11:39:52","guid":{"rendered":"https:\/\/motocs.indzine.net\/pager-professionnel-tetra-advisor-tpg2200\/"},"modified":"2020-05-01T12:50:06","modified_gmt":"2020-05-01T11:50:06","slug":"pager-professionnel-tetra-advisor-tpg2200","status":"publish","type":"page","link":"https:\/\/motocs.indzine.net\/fr\/pager-professionnel-tetra-advisor-tpg2200\/","title":{"rendered":"PAGER PROFESSIONNEL TETRA ADVISOR TPG2200"},"content":{"rendered":"<p>[et_pb_section fb_built=\u00a0\u00bb1&Prime; _builder_version=\u00a0\u00bb3.22&Prime;][et_pb_row _builder_version=\u00a0\u00bb3.25&Prime;][et_pb_column type=\u00a0\u00bb4_4&Prime; _builder_version=\u00a0\u00bb3.25&Prime; custom_padding=\u00a0\u00bb|||\u00a0\u00bb custom_padding__hover=\u00a0\u00bb|||\u00a0\u00bb][et_pb_ds_breadcrumbs _builder_version=\u00a0\u00bb3.3.1&Prime;][\/et_pb_ds_breadcrumbs][et_pb_text _builder_version=\u00a0\u00bb3.27.4&Prime; custom_margin=\u00a0\u00bb||0px|\u00a0\u00bb custom_padding=\u00a0\u00bb||0px|\u00a0\u00bb]<\/p>\n<h1>PAGER PROFESSIONNEL TETRA ADVISOR\u00a0TPG2200<\/h1>\n<p>[\/et_pb_text][et_pb_divider color=\u00a0\u00bb#cccccc\u00a0\u00bb _builder_version=\u00a0\u00bb3.3.1&Prime; height=\u00a0\u00bb5px\u00a0\u00bb custom_margin=\u00a0\u00bb0px||0px|\u00a0\u00bb custom_padding=\u00a0\u00bb0px||0px|\u00a0\u00bb][\/et_pb_divider][\/et_pb_column][\/et_pb_row][et_pb_row _builder_version=\u00a0\u00bb3.25&Prime; custom_margin=\u00a0\u00bb0px|||\u00a0\u00bb custom_padding=\u00a0\u00bb0px|||\u00a0\u00bb column_structure=\u00a0\u00bb1_3,2_3&Prime;][et_pb_column type=\u00a0\u00bb1_3&Prime; _builder_version=\u00a0\u00bb3.25&Prime; custom_padding=\u00a0\u00bb|||\u00a0\u00bb custom_padding__hover=\u00a0\u00bb|||\u00a0\u00bb][et_pb_image src=\u00a0\u00bbhttps:\/\/motocs.indzine.net\/wp-content\/uploads\/sites\/14\/2018\/06\/ADVISOR-TPG2200-TETRA.jpg\u00a0\u00bb align_tablet=\u00a0\u00bbcenter\u00a0\u00bb align_last_edited=\u00a0\u00bbon|desktop\u00a0\u00bb _builder_version=\u00a0\u00bb3.23&Prime;][\/et_pb_image][\/et_pb_column][et_pb_column type=\u00a0\u00bb2_3&Prime; _builder_version=\u00a0\u00bb3.25&Prime; custom_padding=\u00a0\u00bb|||\u00a0\u00bb custom_padding__hover=\u00a0\u00bb|||\u00a0\u00bb][et_pb_text _builder_version=\u00a0\u00bb3.27.4&Prime;]<\/p>\n<h4>Communiquez plus loin. Intervenez plus rapidement.<\/h4>\n<div class=\"ms-photo-gallery-container ms-column ie-4 medium-4 large-4\">\n<div>\n<div class=\"imagegallery section\">\n<div class=\"ms-photo-gallery\" data-ctrl=\"photo_gallery\">\n<ul class=\"photo-list\">\n<li class=\"active threesixty-image\"><\/li>\n<\/ul>\n<\/div>\n<\/div>\n<\/div>\n<\/div>\n<div class=\"ms-column ie-5 medium-5 large-5\">\n<div>\n<div class=\"richtexteditor parbase section\">\n<p>Gr\u00e2ce \u00e0 la couverture \u00e9tendue et \u00e0 la batterie longue dur\u00e9e du pager professionnel TETRA ADVISOR TPG2200, vous pouvez contacter les pompiers, les services d&rsquo;urgence ou les premiers secours en cas de besoin. Vous optenez ainsi de meilleurs r\u00e9sultats : les incendies sont \u00e9teints, la s\u00e9curit\u00e9 des citoyens est assur\u00e9e, et toutes les personnes peuvent b\u00e9n\u00e9ficier des soins d&rsquo;urgence d\u00e8s qu&rsquo;elles en ont besoin.<\/p>\n<p>Dans ces moments critiques, chaque seconde compte. C&rsquo;est pourquoi le TPG2200 est simple d&rsquo;utilisation, m\u00eame d&rsquo;une seule main. Lisez et r\u00e9pondez rapidement \u00e0 vos messages sur l&rsquo;\u00e9cran couleur lumineux de 2\u00a0pouces et l&rsquo;interface utilisateur conviviale. L\u00e9ger et compact, votre pager est si discret qu&rsquo;il vous suivra facilement dans tous vos d\u00e9placements. La norme\u00a0IP54 rend le TPG2200 r\u00e9sistant \u00e0 l&rsquo;eau et \u00e0 la poussi\u00e8re. Vous avez donc l&rsquo;assurance qu&rsquo;il fonctionnera m\u00eame lorsqu&rsquo;il est expos\u00e9 aux \u00e9l\u00e9ments.<\/p>\n<p>Alors que beaucoup de gens comptent sur vous, vous pouvez compter sur Motorola\u00a0Solutions, l&rsquo;un des principaux fournisseurs mondiaux de radios\u00a0TETRA.<\/p>\n<\/div>\n<\/div>\n<\/div>\n<p>[\/et_pb_text][\/et_pb_column][\/et_pb_row][\/et_pb_section]<\/p>\n","protected":false},"excerpt":{"rendered":"<p>PAGER PROFESSIONNEL TETRA ADVISOR\u00a0TPG2200 Communiquez plus loin. Intervenez plus rapidement. Gr\u00e2ce \u00e0 la couverture \u00e9tendue et \u00e0 la batterie longue dur\u00e9e du pager professionnel TETRA ADVISOR TPG2200, vous pouvez contacter les pompiers, les services d&rsquo;urgence ou les premiers secours en cas de besoin. Vous optenez ainsi de meilleurs r\u00e9sultats : les incendies sont \u00e9teints, la [&hellip;]<\/p>\n","protected":false},"author":2,"featured_media":0,"parent":0,"menu_order":250,"comment_status":"closed","ping_status":"closed","template":"page-template-blank.php","meta":{"_acf_changed":false,"_et_pb_use_builder":"on","_et_pb_old_content":"","_et_gb_content_width":"","footnotes":""},"class_list":["post-1968","page","type-page","status-publish","hentry"],"acf":[],"yoast_head":"<!-- This site is optimized with the Yoast SEO plugin v27.3 - https:\/\/yoast.com\/product\/yoast-seo-wordpress\/ -->\n<title>PAGER PROFESSIONNEL TETRA ADVISOR TPG2200 - Motorola Content Syndication<\/title>\n<meta name=\"robots\" content=\"index, follow, max-snippet:-1, max-image-preview:large, max-video-preview:-1\" \/>\n<link rel=\"canonical\" href=\"https:\/\/motocs.indzine.net\/fr\/pager-professionnel-tetra-advisor-tpg2200\/\" \/>\n<meta property=\"og:locale\" content=\"fr_FR\" \/>\n<meta property=\"og:type\" content=\"article\" \/>\n<meta property=\"og:title\" content=\"PAGER PROFESSIONNEL TETRA ADVISOR TPG2200 - Motorola Content Syndication\" \/>\n<meta property=\"og:description\" content=\"PAGER PROFESSIONNEL TETRA ADVISOR\u00a0TPG2200 Communiquez plus loin. Intervenez plus rapidement. Gr\u00e2ce \u00e0 la couverture \u00e9tendue et \u00e0 la batterie longue dur\u00e9e du pager professionnel TETRA ADVISOR TPG2200, vous pouvez contacter les pompiers, les services d&#039;urgence ou les premiers secours en cas de besoin. Vous optenez ainsi de meilleurs r\u00e9sultats : les incendies sont \u00e9teints, la [&hellip;]\" \/>\n<meta property=\"og:url\" content=\"https:\/\/motocs.indzine.net\/fr\/pager-professionnel-tetra-advisor-tpg2200\/\" \/>\n<meta property=\"og:site_name\" content=\"Motorola Content Syndication\" \/>\n<meta property=\"article:modified_time\" content=\"2020-05-01T11:50:06+00:00\" \/>\n<meta name=\"twitter:card\" content=\"summary_large_image\" \/>\n<meta name=\"twitter:label1\" content=\"Dur\u00e9e de lecture estim\u00e9e\" \/>\n\t<meta name=\"twitter:data1\" content=\"2 minutes\" \/>\n<script type=\"application\/ld+json\" class=\"yoast-schema-graph\">{\"@context\":\"https:\\\/\\\/schema.org\",\"@graph\":[{\"@type\":\"WebPage\",\"@id\":\"https:\\\/\\\/motocs.indzine.net\\\/fr\\\/pager-professionnel-tetra-advisor-tpg2200\\\/\",\"url\":\"https:\\\/\\\/motocs.indzine.net\\\/fr\\\/pager-professionnel-tetra-advisor-tpg2200\\\/\",\"name\":\"PAGER PROFESSIONNEL TETRA ADVISOR TPG2200 - Motorola Content Syndication\",\"isPartOf\":{\"@id\":\"https:\\\/\\\/motocs.indzine.net\\\/fr\\\/#website\"},\"datePublished\":\"2020-05-01T11:39:52+00:00\",\"dateModified\":\"2020-05-01T11:50:06+00:00\",\"breadcrumb\":{\"@id\":\"https:\\\/\\\/motocs.indzine.net\\\/fr\\\/pager-professionnel-tetra-advisor-tpg2200\\\/#breadcrumb\"},\"inLanguage\":\"fr-FR\",\"potentialAction\":[{\"@type\":\"ReadAction\",\"target\":[\"https:\\\/\\\/motocs.indzine.net\\\/fr\\\/pager-professionnel-tetra-advisor-tpg2200\\\/\"]}]},{\"@type\":\"BreadcrumbList\",\"@id\":\"https:\\\/\\\/motocs.indzine.net\\\/fr\\\/pager-professionnel-tetra-advisor-tpg2200\\\/#breadcrumb\",\"itemListElement\":[{\"@type\":\"ListItem\",\"position\":1,\"name\":\"Home\",\"item\":\"https:\\\/\\\/motocs.indzine.net\\\/fr\\\/\"},{\"@type\":\"ListItem\",\"position\":2,\"name\":\"PAGER PROFESSIONNEL TETRA ADVISOR TPG2200\"}]},{\"@type\":\"WebSite\",\"@id\":\"https:\\\/\\\/motocs.indzine.net\\\/fr\\\/#website\",\"url\":\"https:\\\/\\\/motocs.indzine.net\\\/fr\\\/\",\"name\":\"Motorola Content Syndication\",\"description\":\"Motorola Website Starters site\",\"potentialAction\":[{\"@type\":\"SearchAction\",\"target\":{\"@type\":\"EntryPoint\",\"urlTemplate\":\"https:\\\/\\\/motocs.indzine.net\\\/fr\\\/?s={search_term_string}\"},\"query-input\":{\"@type\":\"PropertyValueSpecification\",\"valueRequired\":true,\"valueName\":\"search_term_string\"}}],\"inLanguage\":\"fr-FR\"}]}<\/script>\n<!-- \/ Yoast SEO plugin. -->","yoast_head_json":{"title":"PAGER PROFESSIONNEL TETRA ADVISOR TPG2200 - Motorola Content Syndication","robots":{"index":"index","follow":"follow","max-snippet":"max-snippet:-1","max-image-preview":"max-image-preview:large","max-video-preview":"max-video-preview:-1"},"canonical":"https:\/\/motocs.indzine.net\/fr\/pager-professionnel-tetra-advisor-tpg2200\/","og_locale":"fr_FR","og_type":"article","og_title":"PAGER PROFESSIONNEL TETRA ADVISOR TPG2200 - Motorola Content Syndication","og_description":"PAGER PROFESSIONNEL TETRA ADVISOR\u00a0TPG2200 Communiquez plus loin. Intervenez plus rapidement. Gr\u00e2ce \u00e0 la couverture \u00e9tendue et \u00e0 la batterie longue dur\u00e9e du pager professionnel TETRA ADVISOR TPG2200, vous pouvez contacter les pompiers, les services d'urgence ou les premiers secours en cas de besoin. Vous optenez ainsi de meilleurs r\u00e9sultats : les incendies sont \u00e9teints, la [&hellip;]","og_url":"https:\/\/motocs.indzine.net\/fr\/pager-professionnel-tetra-advisor-tpg2200\/","og_site_name":"Motorola Content Syndication","article_modified_time":"2020-05-01T11:50:06+00:00","twitter_card":"summary_large_image","twitter_misc":{"Dur\u00e9e de lecture estim\u00e9e":"2 minutes"},"schema":{"@context":"https:\/\/schema.org","@graph":[{"@type":"WebPage","@id":"https:\/\/motocs.indzine.net\/fr\/pager-professionnel-tetra-advisor-tpg2200\/","url":"https:\/\/motocs.indzine.net\/fr\/pager-professionnel-tetra-advisor-tpg2200\/","name":"PAGER PROFESSIONNEL TETRA ADVISOR TPG2200 - Motorola Content Syndication","isPartOf":{"@id":"https:\/\/motocs.indzine.net\/fr\/#website"},"datePublished":"2020-05-01T11:39:52+00:00","dateModified":"2020-05-01T11:50:06+00:00","breadcrumb":{"@id":"https:\/\/motocs.indzine.net\/fr\/pager-professionnel-tetra-advisor-tpg2200\/#breadcrumb"},"inLanguage":"fr-FR","potentialAction":[{"@type":"ReadAction","target":["https:\/\/motocs.indzine.net\/fr\/pager-professionnel-tetra-advisor-tpg2200\/"]}]},{"@type":"BreadcrumbList","@id":"https:\/\/motocs.indzine.net\/fr\/pager-professionnel-tetra-advisor-tpg2200\/#breadcrumb","itemListElement":[{"@type":"ListItem","position":1,"name":"Home","item":"https:\/\/motocs.indzine.net\/fr\/"},{"@type":"ListItem","position":2,"name":"PAGER PROFESSIONNEL TETRA ADVISOR TPG2200"}]},{"@type":"WebSite","@id":"https:\/\/motocs.indzine.net\/fr\/#website","url":"https:\/\/motocs.indzine.net\/fr\/","name":"Motorola Content Syndication","description":"Motorola Website Starters site","potentialAction":[{"@type":"SearchAction","target":{"@type":"EntryPoint","urlTemplate":"https:\/\/motocs.indzine.net\/fr\/?s={search_term_string}"},"query-input":{"@type":"PropertyValueSpecification","valueRequired":true,"valueName":"search_term_string"}}],"inLanguage":"fr-FR"}]}},"_links":{"self":[{"href":"https:\/\/motocs.indzine.net\/fr\/wp-json\/wp\/v2\/pages\/1968","targetHints":{"allow":["GET"]}}],"collection":[{"href":"https:\/\/motocs.indzine.net\/fr\/wp-json\/wp\/v2\/pages"}],"about":[{"href":"https:\/\/motocs.indzine.net\/fr\/wp-json\/wp\/v2\/types\/page"}],"author":[{"embeddable":true,"href":"https:\/\/motocs.indzine.net\/fr\/wp-json\/wp\/v2\/users\/2"}],"replies":[{"embeddable":true,"href":"https:\/\/motocs.indzine.net\/fr\/wp-json\/wp\/v2\/comments?post=1968"}],"version-history":[{"count":0,"href":"https:\/\/motocs.indzine.net\/fr\/wp-json\/wp\/v2\/pages\/1968\/revisions"}],"wp:attachment":[{"href":"https:\/\/motocs.indzine.net\/fr\/wp-json\/wp\/v2\/media?parent=1968"}],"curies":[{"name":"wp","href":"https:\/\/api.w.org\/{rel}","templated":true}]}}