{"id":1995,"date":"2020-05-01T13:03:10","date_gmt":"2020-05-01T12:03:10","guid":{"rendered":"https:\/\/motocs.indzine.net\/portatif-analogique-vx-261\/"},"modified":"2020-05-01T13:05:48","modified_gmt":"2020-05-01T12:05:48","slug":"portatif-analogique-vx-261","status":"publish","type":"page","link":"https:\/\/motocs.indzine.net\/fr\/portatif-analogique-vx-261\/","title":{"rendered":"PORTATIF ANALOGIQUE VX-261"},"content":{"rendered":"<p>[et_pb_section fb_built=\u00a0\u00bb1&Prime; _builder_version=\u00a0\u00bb3.22&Prime;][et_pb_row _builder_version=\u00a0\u00bb3.25&Prime;][et_pb_column type=\u00a0\u00bb4_4&Prime; _builder_version=\u00a0\u00bb3.25&Prime; custom_padding=\u00a0\u00bb|||\u00a0\u00bb custom_padding__hover=\u00a0\u00bb|||\u00a0\u00bb][et_pb_ds_breadcrumbs _builder_version=\u00a0\u00bb3.3.1&Prime;][\/et_pb_ds_breadcrumbs][et_pb_text _builder_version=\u00a0\u00bb4.0.11&Prime; custom_margin=\u00a0\u00bb||0px|\u00a0\u00bb custom_padding=\u00a0\u00bb||0px|\u00a0\u00bb]<\/p>\n<h1>PORTATIF ANALOGIQUE VX-261<\/h1>\n<p>[\/et_pb_text][et_pb_divider color=\u00a0\u00bb#cccccc\u00a0\u00bb _builder_version=\u00a0\u00bb3.3.1&Prime; height=\u00a0\u00bb5px\u00a0\u00bb custom_margin=\u00a0\u00bb0px||0px|\u00a0\u00bb custom_padding=\u00a0\u00bb0px||0px|\u00a0\u00bb][\/et_pb_divider][\/et_pb_column][\/et_pb_row][et_pb_row column_structure=\u00a0\u00bb1_3,2_3&Prime; _builder_version=\u00a0\u00bb3.25&Prime; custom_margin=\u00a0\u00bb0px|||\u00a0\u00bb custom_padding=\u00a0\u00bb0px|||\u00a0\u00bb][et_pb_column type=\u00a0\u00bb1_3&Prime; _builder_version=\u00a0\u00bb3.25&Prime; custom_padding=\u00a0\u00bb|||\u00a0\u00bb custom_padding__hover=\u00a0\u00bb|||\u00a0\u00bb][et_pb_image src=\u00a0\u00bbhttps:\/\/motocs.indzine.net\/wp-content\/uploads\/sites\/14\/2018\/06\/VX-260-SERIES-PORTABLE.jpg\u00a0\u00bb align_tablet=\u00a0\u00bbcenter\u00a0\u00bb align_phone=\u00a0\u00bb\u00a0\u00bb align_last_edited=\u00a0\u00bbon|desktop\u00a0\u00bb _builder_version=\u00a0\u00bb3.23&Prime;][\/et_pb_image][\/et_pb_column][et_pb_column type=\u00a0\u00bb2_3&Prime; _builder_version=\u00a0\u00bb3.25&Prime; custom_padding=\u00a0\u00bb|||\u00a0\u00bb custom_padding__hover=\u00a0\u00bb|||\u00a0\u00bb][et_pb_text _builder_version=\u00a0\u00bb4.0.11&Prime;]<\/p>\n<h4>Compact, communication PTT d\u00e9di\u00e9e<\/h4>\n<p><b>Pour des communications Push-to-Talk basiques, optez pour le VX-261.<\/b><\/p>\n<p>Le VX-261 est une radio analogique con\u00e7ue pour offrir le meilleur rapport qualit\u00e9\/prix.\u00a0Gr\u00e2ce \u00e0 des caract\u00e9ristiques d\u2019interop\u00e9rabilit\u00e9 renforc\u00e9es, vous pouvez choisir entre plusieurs protocoles de signalisation, notamment MDC1200\u00ae, FleetSync\u00ae, DTMF et 2 ou 5 tons pour une parfaite int\u00e9gration dans un parc de radios diversifi\u00e9es.<\/p>\n<p>Disponible avec une gamme de solutions d&rsquo;alimentation et d\u2019accessoires, soit tout ce dont vous avez besoin pour offrir \u00e0 votre \u00e9quipe la solution de communication id\u00e9ale.[\/et_pb_text][\/et_pb_column][\/et_pb_row][\/et_pb_section]<\/p>\n","protected":false},"excerpt":{"rendered":"<p>PORTATIF ANALOGIQUE VX-261Compact, communication PTT d\u00e9di\u00e9e Pour des communications Push-to-Talk basiques, optez pour le VX-261. Le VX-261 est une radio analogique con\u00e7ue pour offrir le meilleur rapport qualit\u00e9\/prix.\u00a0Gr\u00e2ce \u00e0 des caract\u00e9ristiques d\u2019interop\u00e9rabilit\u00e9 renforc\u00e9es, vous pouvez choisir entre plusieurs protocoles de signalisation, notamment MDC1200\u00ae, FleetSync\u00ae, DTMF et 2 ou 5 tons pour une parfaite int\u00e9gration dans [&hellip;]<\/p>\n","protected":false},"author":2,"featured_media":0,"parent":0,"menu_order":290,"comment_status":"closed","ping_status":"closed","template":"page-template-blank.php","meta":{"_acf_changed":false,"_et_pb_use_builder":"on","_et_pb_old_content":"","_et_gb_content_width":"","footnotes":""},"class_list":["post-1995","page","type-page","status-publish","hentry"],"acf":[],"yoast_head":"<!-- This site is optimized with the Yoast SEO plugin v27.3 - https:\/\/yoast.com\/product\/yoast-seo-wordpress\/ -->\n<title>PORTATIF ANALOGIQUE VX-261 - Motorola Content Syndication<\/title>\n<meta name=\"robots\" content=\"index, follow, max-snippet:-1, max-image-preview:large, max-video-preview:-1\" \/>\n<link rel=\"canonical\" href=\"https:\/\/motocs.indzine.net\/fr\/portatif-analogique-vx-261\/\" \/>\n<meta property=\"og:locale\" content=\"fr_FR\" \/>\n<meta property=\"og:type\" content=\"article\" \/>\n<meta property=\"og:title\" content=\"PORTATIF ANALOGIQUE VX-261 - Motorola Content Syndication\" \/>\n<meta property=\"og:description\" content=\"PORTATIF ANALOGIQUE VX-261Compact, communication PTT d\u00e9di\u00e9e Pour des communications Push-to-Talk basiques, optez pour le VX-261. Le VX-261 est une radio analogique con\u00e7ue pour offrir le meilleur rapport qualit\u00e9\/prix.\u00a0Gr\u00e2ce \u00e0 des caract\u00e9ristiques d\u2019interop\u00e9rabilit\u00e9 renforc\u00e9es, vous pouvez choisir entre plusieurs protocoles de signalisation, notamment MDC1200\u00ae, FleetSync\u00ae, DTMF et 2 ou 5 tons pour une parfaite int\u00e9gration dans [&hellip;]\" \/>\n<meta property=\"og:url\" content=\"https:\/\/motocs.indzine.net\/fr\/portatif-analogique-vx-261\/\" \/>\n<meta property=\"og:site_name\" content=\"Motorola Content Syndication\" \/>\n<meta property=\"article:modified_time\" content=\"2020-05-01T12:05:48+00:00\" \/>\n<meta name=\"twitter:card\" content=\"summary_large_image\" \/>\n<meta name=\"twitter:label1\" content=\"Dur\u00e9e de lecture estim\u00e9e\" \/>\n\t<meta name=\"twitter:data1\" content=\"1 minute\" \/>\n<script type=\"application\/ld+json\" class=\"yoast-schema-graph\">{\"@context\":\"https:\\\/\\\/schema.org\",\"@graph\":[{\"@type\":\"WebPage\",\"@id\":\"https:\\\/\\\/motocs.indzine.net\\\/fr\\\/portatif-analogique-vx-261\\\/\",\"url\":\"https:\\\/\\\/motocs.indzine.net\\\/fr\\\/portatif-analogique-vx-261\\\/\",\"name\":\"PORTATIF ANALOGIQUE VX-261 - Motorola Content Syndication\",\"isPartOf\":{\"@id\":\"https:\\\/\\\/motocs.indzine.net\\\/fr\\\/#website\"},\"datePublished\":\"2020-05-01T12:03:10+00:00\",\"dateModified\":\"2020-05-01T12:05:48+00:00\",\"breadcrumb\":{\"@id\":\"https:\\\/\\\/motocs.indzine.net\\\/fr\\\/portatif-analogique-vx-261\\\/#breadcrumb\"},\"inLanguage\":\"fr-FR\",\"potentialAction\":[{\"@type\":\"ReadAction\",\"target\":[\"https:\\\/\\\/motocs.indzine.net\\\/fr\\\/portatif-analogique-vx-261\\\/\"]}]},{\"@type\":\"BreadcrumbList\",\"@id\":\"https:\\\/\\\/motocs.indzine.net\\\/fr\\\/portatif-analogique-vx-261\\\/#breadcrumb\",\"itemListElement\":[{\"@type\":\"ListItem\",\"position\":1,\"name\":\"Home\",\"item\":\"https:\\\/\\\/motocs.indzine.net\\\/fr\\\/\"},{\"@type\":\"ListItem\",\"position\":2,\"name\":\"PORTATIF ANALOGIQUE VX-261\"}]},{\"@type\":\"WebSite\",\"@id\":\"https:\\\/\\\/motocs.indzine.net\\\/fr\\\/#website\",\"url\":\"https:\\\/\\\/motocs.indzine.net\\\/fr\\\/\",\"name\":\"Motorola Content Syndication\",\"description\":\"Motorola Website Starters site\",\"potentialAction\":[{\"@type\":\"SearchAction\",\"target\":{\"@type\":\"EntryPoint\",\"urlTemplate\":\"https:\\\/\\\/motocs.indzine.net\\\/fr\\\/?s={search_term_string}\"},\"query-input\":{\"@type\":\"PropertyValueSpecification\",\"valueRequired\":true,\"valueName\":\"search_term_string\"}}],\"inLanguage\":\"fr-FR\"}]}<\/script>\n<!-- \/ Yoast SEO plugin. -->","yoast_head_json":{"title":"PORTATIF ANALOGIQUE VX-261 - Motorola Content Syndication","robots":{"index":"index","follow":"follow","max-snippet":"max-snippet:-1","max-image-preview":"max-image-preview:large","max-video-preview":"max-video-preview:-1"},"canonical":"https:\/\/motocs.indzine.net\/fr\/portatif-analogique-vx-261\/","og_locale":"fr_FR","og_type":"article","og_title":"PORTATIF ANALOGIQUE VX-261 - Motorola Content Syndication","og_description":"PORTATIF ANALOGIQUE VX-261Compact, communication PTT d\u00e9di\u00e9e Pour des communications Push-to-Talk basiques, optez pour le VX-261. Le VX-261 est une radio analogique con\u00e7ue pour offrir le meilleur rapport qualit\u00e9\/prix.\u00a0Gr\u00e2ce \u00e0 des caract\u00e9ristiques d\u2019interop\u00e9rabilit\u00e9 renforc\u00e9es, vous pouvez choisir entre plusieurs protocoles de signalisation, notamment MDC1200\u00ae, FleetSync\u00ae, DTMF et 2 ou 5 tons pour une parfaite int\u00e9gration dans [&hellip;]","og_url":"https:\/\/motocs.indzine.net\/fr\/portatif-analogique-vx-261\/","og_site_name":"Motorola Content Syndication","article_modified_time":"2020-05-01T12:05:48+00:00","twitter_card":"summary_large_image","twitter_misc":{"Dur\u00e9e de lecture estim\u00e9e":"1 minute"},"schema":{"@context":"https:\/\/schema.org","@graph":[{"@type":"WebPage","@id":"https:\/\/motocs.indzine.net\/fr\/portatif-analogique-vx-261\/","url":"https:\/\/motocs.indzine.net\/fr\/portatif-analogique-vx-261\/","name":"PORTATIF ANALOGIQUE VX-261 - Motorola Content Syndication","isPartOf":{"@id":"https:\/\/motocs.indzine.net\/fr\/#website"},"datePublished":"2020-05-01T12:03:10+00:00","dateModified":"2020-05-01T12:05:48+00:00","breadcrumb":{"@id":"https:\/\/motocs.indzine.net\/fr\/portatif-analogique-vx-261\/#breadcrumb"},"inLanguage":"fr-FR","potentialAction":[{"@type":"ReadAction","target":["https:\/\/motocs.indzine.net\/fr\/portatif-analogique-vx-261\/"]}]},{"@type":"BreadcrumbList","@id":"https:\/\/motocs.indzine.net\/fr\/portatif-analogique-vx-261\/#breadcrumb","itemListElement":[{"@type":"ListItem","position":1,"name":"Home","item":"https:\/\/motocs.indzine.net\/fr\/"},{"@type":"ListItem","position":2,"name":"PORTATIF ANALOGIQUE VX-261"}]},{"@type":"WebSite","@id":"https:\/\/motocs.indzine.net\/fr\/#website","url":"https:\/\/motocs.indzine.net\/fr\/","name":"Motorola Content Syndication","description":"Motorola Website Starters site","potentialAction":[{"@type":"SearchAction","target":{"@type":"EntryPoint","urlTemplate":"https:\/\/motocs.indzine.net\/fr\/?s={search_term_string}"},"query-input":{"@type":"PropertyValueSpecification","valueRequired":true,"valueName":"search_term_string"}}],"inLanguage":"fr-FR"}]}},"_links":{"self":[{"href":"https:\/\/motocs.indzine.net\/fr\/wp-json\/wp\/v2\/pages\/1995","targetHints":{"allow":["GET"]}}],"collection":[{"href":"https:\/\/motocs.indzine.net\/fr\/wp-json\/wp\/v2\/pages"}],"about":[{"href":"https:\/\/motocs.indzine.net\/fr\/wp-json\/wp\/v2\/types\/page"}],"author":[{"embeddable":true,"href":"https:\/\/motocs.indzine.net\/fr\/wp-json\/wp\/v2\/users\/2"}],"replies":[{"embeddable":true,"href":"https:\/\/motocs.indzine.net\/fr\/wp-json\/wp\/v2\/comments?post=1995"}],"version-history":[{"count":0,"href":"https:\/\/motocs.indzine.net\/fr\/wp-json\/wp\/v2\/pages\/1995\/revisions"}],"wp:attachment":[{"href":"https:\/\/motocs.indzine.net\/fr\/wp-json\/wp\/v2\/media?parent=1995"}],"curies":[{"name":"wp","href":"https:\/\/api.w.org\/{rel}","templated":true}]}}