{"id":2015,"date":"2020-05-01T13:21:50","date_gmt":"2020-05-01T12:21:50","guid":{"rendered":"https:\/\/motocs.indzine.net\/portatifs-uhf-vhf-vz-20-28\/"},"modified":"2020-05-01T13:21:50","modified_gmt":"2020-05-01T12:21:50","slug":"portatifs-uhf-vhf-vz-20-28","status":"publish","type":"page","link":"https:\/\/motocs.indzine.net\/fr\/portatifs-uhf-vhf-vz-20-28\/","title":{"rendered":"PORTATIFS UHF\/VHF VZ-20\/28"},"content":{"rendered":"<p>[et_pb_section bb_built=\u00a0\u00bb1&Prime; _builder_version=\u00a0\u00bb3.3.1&Prime;][et_pb_row _builder_version=\u00a0\u00bb3.3.1&Prime;][et_pb_column type=\u00a0\u00bb4_4&Prime;][et_pb_ds_breadcrumbs _builder_version=\u00a0\u00bb3.3.1&Prime; \/][et_pb_text _builder_version=\u00a0\u00bb3.3.1&Prime; custom_margin=\u00a0\u00bb||0px|\u00a0\u00bb custom_padding=\u00a0\u00bb||0px|\u00a0\u00bb]<\/p>\n<h1>PORTATIFS UHF\/VHF VZ-20\/28<\/h1>\n<p>[\/et_pb_text][et_pb_divider _builder_version=\u00a0\u00bb3.3.1&Prime; color=\u00a0\u00bb#cccccc\u00a0\u00bb height=\u00a0\u00bb5px\u00a0\u00bb custom_margin=\u00a0\u00bb0px||0px|\u00a0\u00bb custom_padding=\u00a0\u00bb0px||0px|\u00a0\u00bb \/][\/et_pb_column][\/et_pb_row][et_pb_row _builder_version=\u00a0\u00bb3.3.1&Prime; custom_margin=\u00a0\u00bb0px|||\u00a0\u00bb custom_padding=\u00a0\u00bb0px|||\u00a0\u00bb][et_pb_column type=\u00a0\u00bb1_3&Prime;][et_pb_image _builder_version=\u00a0\u00bb3.3.1&Prime; src=\u00a0\u00bbhttps:\/\/motocs.indzine.net\/wp-content\/uploads\/sites\/14\/2018\/10\/VZ-20-28-UHF.jpg\u00a0\u00bb \/][\/et_pb_column][et_pb_column type=\u00a0\u00bb2_3&Prime;][et_pb_text _builder_version=\u00a0\u00bb3.3.1&Prime;]<\/p>\n<p>Le VZ-20 et le VZ-28 sont des solutions de communication radio \u00e9conomiques destin\u00e9es aux utilisateurs d\u00e9butants et peu exp\u00e9riment\u00e9s. Ces portatifs sont dot\u00e9s des caract\u00e9ristiques indispensables pour assurer une communication fiable \u00e0 un prix abordable. Mod\u00e8les non CE uniquement.<\/p>\n<p>[\/et_pb_text][et_pb_button _builder_version=\u00a0\u00bb3.3.1&Prime; button_text=\u00a0\u00bbFiche des sp\u00e9cifications VZ-20 et VZ-28&Prime; button_alignment=\u00a0\u00bbleft\u00a0\u00bb background_layout=\u00a0\u00bbdark\u00a0\u00bb custom_button=\u00a0\u00bbon\u00a0\u00bb button_text_color=\u00a0\u00bb#ffffff\u00a0\u00bb button_bg_color=\u00a0\u00bb#006acd\u00a0\u00bb button_url=\u00a0\u00bb\/wp-content\/uploads\/sites\/14\/2020\/05\/vz-20-28_data_sheet_fra_lor1.pdf\u00a0\u00bb url_new_window=\u00a0\u00bbon\u00a0\u00bb disabled=\u00a0\u00bboff\u00a0\u00bb disabled_on=\u00a0\u00bboff|off|off\u00a0\u00bb \/][\/et_pb_column][\/et_pb_row][\/et_pb_section]<\/p>\n","protected":false},"excerpt":{"rendered":"<p>PORTATIFS UHF\/VHF VZ-20\/28 Le VZ-20 et le VZ-28 sont des solutions de communication radio \u00e9conomiques destin\u00e9es aux utilisateurs d\u00e9butants et peu exp\u00e9riment\u00e9s. Ces portatifs sont dot\u00e9s des caract\u00e9ristiques indispensables pour assurer une communication fiable \u00e0 un prix abordable. Mod\u00e8les non CE uniquement.<\/p>\n","protected":false},"author":2,"featured_media":0,"parent":0,"menu_order":310,"comment_status":"closed","ping_status":"closed","template":"page-template-blank.php","meta":{"_acf_changed":false,"_et_pb_use_builder":"on","_et_pb_old_content":"","_et_gb_content_width":"","footnotes":""},"class_list":["post-2015","page","type-page","status-publish","hentry"],"acf":[],"yoast_head":"<!-- This site is optimized with the Yoast SEO plugin v27.3 - https:\/\/yoast.com\/product\/yoast-seo-wordpress\/ -->\n<title>PORTATIFS UHF\/VHF VZ-20\/28 - Motorola Content Syndication<\/title>\n<meta name=\"robots\" content=\"index, follow, max-snippet:-1, max-image-preview:large, max-video-preview:-1\" \/>\n<link rel=\"canonical\" href=\"https:\/\/motocs.indzine.net\/fr\/portatifs-uhf-vhf-vz-20-28\/\" \/>\n<meta property=\"og:locale\" content=\"fr_FR\" \/>\n<meta property=\"og:type\" content=\"article\" \/>\n<meta property=\"og:title\" content=\"PORTATIFS UHF\/VHF VZ-20\/28 - Motorola Content Syndication\" \/>\n<meta property=\"og:description\" content=\"PORTATIFS UHF\/VHF VZ-20\/28 Le VZ-20 et le VZ-28 sont des solutions de communication radio \u00e9conomiques destin\u00e9es aux utilisateurs d\u00e9butants et peu exp\u00e9riment\u00e9s. Ces portatifs sont dot\u00e9s des caract\u00e9ristiques indispensables pour assurer une communication fiable \u00e0 un prix abordable. Mod\u00e8les non CE uniquement.\" \/>\n<meta property=\"og:url\" content=\"https:\/\/motocs.indzine.net\/fr\/portatifs-uhf-vhf-vz-20-28\/\" \/>\n<meta property=\"og:site_name\" content=\"Motorola Content Syndication\" \/>\n<meta name=\"twitter:card\" content=\"summary_large_image\" \/>\n<meta name=\"twitter:label1\" content=\"Dur\u00e9e de lecture estim\u00e9e\" \/>\n\t<meta name=\"twitter:data1\" content=\"1 minute\" \/>\n<script type=\"application\/ld+json\" class=\"yoast-schema-graph\">{\"@context\":\"https:\\\/\\\/schema.org\",\"@graph\":[{\"@type\":\"WebPage\",\"@id\":\"https:\\\/\\\/motocs.indzine.net\\\/fr\\\/portatifs-uhf-vhf-vz-20-28\\\/\",\"url\":\"https:\\\/\\\/motocs.indzine.net\\\/fr\\\/portatifs-uhf-vhf-vz-20-28\\\/\",\"name\":\"PORTATIFS UHF\\\/VHF VZ-20\\\/28 - Motorola Content Syndication\",\"isPartOf\":{\"@id\":\"https:\\\/\\\/motocs.indzine.net\\\/fr\\\/#website\"},\"datePublished\":\"2020-05-01T12:21:50+00:00\",\"breadcrumb\":{\"@id\":\"https:\\\/\\\/motocs.indzine.net\\\/fr\\\/portatifs-uhf-vhf-vz-20-28\\\/#breadcrumb\"},\"inLanguage\":\"fr-FR\",\"potentialAction\":[{\"@type\":\"ReadAction\",\"target\":[\"https:\\\/\\\/motocs.indzine.net\\\/fr\\\/portatifs-uhf-vhf-vz-20-28\\\/\"]}]},{\"@type\":\"BreadcrumbList\",\"@id\":\"https:\\\/\\\/motocs.indzine.net\\\/fr\\\/portatifs-uhf-vhf-vz-20-28\\\/#breadcrumb\",\"itemListElement\":[{\"@type\":\"ListItem\",\"position\":1,\"name\":\"Home\",\"item\":\"https:\\\/\\\/motocs.indzine.net\\\/fr\\\/\"},{\"@type\":\"ListItem\",\"position\":2,\"name\":\"PORTATIFS UHF\\\/VHF VZ-20\\\/28\"}]},{\"@type\":\"WebSite\",\"@id\":\"https:\\\/\\\/motocs.indzine.net\\\/fr\\\/#website\",\"url\":\"https:\\\/\\\/motocs.indzine.net\\\/fr\\\/\",\"name\":\"Motorola Content Syndication\",\"description\":\"Motorola Website Starters site\",\"potentialAction\":[{\"@type\":\"SearchAction\",\"target\":{\"@type\":\"EntryPoint\",\"urlTemplate\":\"https:\\\/\\\/motocs.indzine.net\\\/fr\\\/?s={search_term_string}\"},\"query-input\":{\"@type\":\"PropertyValueSpecification\",\"valueRequired\":true,\"valueName\":\"search_term_string\"}}],\"inLanguage\":\"fr-FR\"}]}<\/script>\n<!-- \/ Yoast SEO plugin. -->","yoast_head_json":{"title":"PORTATIFS UHF\/VHF VZ-20\/28 - Motorola Content Syndication","robots":{"index":"index","follow":"follow","max-snippet":"max-snippet:-1","max-image-preview":"max-image-preview:large","max-video-preview":"max-video-preview:-1"},"canonical":"https:\/\/motocs.indzine.net\/fr\/portatifs-uhf-vhf-vz-20-28\/","og_locale":"fr_FR","og_type":"article","og_title":"PORTATIFS UHF\/VHF VZ-20\/28 - Motorola Content Syndication","og_description":"PORTATIFS UHF\/VHF VZ-20\/28 Le VZ-20 et le VZ-28 sont des solutions de communication radio \u00e9conomiques destin\u00e9es aux utilisateurs d\u00e9butants et peu exp\u00e9riment\u00e9s. Ces portatifs sont dot\u00e9s des caract\u00e9ristiques indispensables pour assurer une communication fiable \u00e0 un prix abordable. Mod\u00e8les non CE uniquement.","og_url":"https:\/\/motocs.indzine.net\/fr\/portatifs-uhf-vhf-vz-20-28\/","og_site_name":"Motorola Content Syndication","twitter_card":"summary_large_image","twitter_misc":{"Dur\u00e9e de lecture estim\u00e9e":"1 minute"},"schema":{"@context":"https:\/\/schema.org","@graph":[{"@type":"WebPage","@id":"https:\/\/motocs.indzine.net\/fr\/portatifs-uhf-vhf-vz-20-28\/","url":"https:\/\/motocs.indzine.net\/fr\/portatifs-uhf-vhf-vz-20-28\/","name":"PORTATIFS UHF\/VHF VZ-20\/28 - Motorola Content Syndication","isPartOf":{"@id":"https:\/\/motocs.indzine.net\/fr\/#website"},"datePublished":"2020-05-01T12:21:50+00:00","breadcrumb":{"@id":"https:\/\/motocs.indzine.net\/fr\/portatifs-uhf-vhf-vz-20-28\/#breadcrumb"},"inLanguage":"fr-FR","potentialAction":[{"@type":"ReadAction","target":["https:\/\/motocs.indzine.net\/fr\/portatifs-uhf-vhf-vz-20-28\/"]}]},{"@type":"BreadcrumbList","@id":"https:\/\/motocs.indzine.net\/fr\/portatifs-uhf-vhf-vz-20-28\/#breadcrumb","itemListElement":[{"@type":"ListItem","position":1,"name":"Home","item":"https:\/\/motocs.indzine.net\/fr\/"},{"@type":"ListItem","position":2,"name":"PORTATIFS UHF\/VHF VZ-20\/28"}]},{"@type":"WebSite","@id":"https:\/\/motocs.indzine.net\/fr\/#website","url":"https:\/\/motocs.indzine.net\/fr\/","name":"Motorola Content Syndication","description":"Motorola Website Starters site","potentialAction":[{"@type":"SearchAction","target":{"@type":"EntryPoint","urlTemplate":"https:\/\/motocs.indzine.net\/fr\/?s={search_term_string}"},"query-input":{"@type":"PropertyValueSpecification","valueRequired":true,"valueName":"search_term_string"}}],"inLanguage":"fr-FR"}]}},"_links":{"self":[{"href":"https:\/\/motocs.indzine.net\/fr\/wp-json\/wp\/v2\/pages\/2015","targetHints":{"allow":["GET"]}}],"collection":[{"href":"https:\/\/motocs.indzine.net\/fr\/wp-json\/wp\/v2\/pages"}],"about":[{"href":"https:\/\/motocs.indzine.net\/fr\/wp-json\/wp\/v2\/types\/page"}],"author":[{"embeddable":true,"href":"https:\/\/motocs.indzine.net\/fr\/wp-json\/wp\/v2\/users\/2"}],"replies":[{"embeddable":true,"href":"https:\/\/motocs.indzine.net\/fr\/wp-json\/wp\/v2\/comments?post=2015"}],"version-history":[{"count":0,"href":"https:\/\/motocs.indzine.net\/fr\/wp-json\/wp\/v2\/pages\/2015\/revisions"}],"wp:attachment":[{"href":"https:\/\/motocs.indzine.net\/fr\/wp-json\/wp\/v2\/media?parent=2015"}],"curies":[{"name":"wp","href":"https:\/\/api.w.org\/{rel}","templated":true}]}}