{"id":2021,"date":"2020-10-28T10:29:01","date_gmt":"2020-10-28T10:29:01","guid":{"rendered":"https:\/\/motocs.indzine.net\/?page_id=2021"},"modified":"2020-10-28T10:29:10","modified_gmt":"2020-10-28T10:29:10","slug":"portatif-uhf-vhf-vz-30","status":"publish","type":"page","link":"https:\/\/motocs.indzine.net\/fr\/portatif-uhf-vhf-vz-30\/","title":{"rendered":"PORTATIF UHF\/VHF VZ-30"},"content":{"rendered":"<p>[et_pb_section fb_built=\u00a0\u00bb1&Prime; _builder_version=\u00a0\u00bb3.22&Prime;][et_pb_row _builder_version=\u00a0\u00bb3.25&Prime;][et_pb_column type=\u00a0\u00bb4_4&Prime; _builder_version=\u00a0\u00bb3.25&Prime; custom_padding=\u00a0\u00bb|||\u00a0\u00bb custom_padding__hover=\u00a0\u00bb|||\u00a0\u00bb][et_pb_ds_breadcrumbs _builder_version=\u00a0\u00bb3.3.1&Prime;][\/et_pb_ds_breadcrumbs][et_pb_text _builder_version=\u00a0\u00bb3.27.4&Prime; custom_margin=\u00a0\u00bb||0px|\u00a0\u00bb custom_padding=\u00a0\u00bb||0px|\u00a0\u00bb]<\/p>\n<h1>PORTATIF UHF\/VHF VZ-30<\/h1>\n<p>[\/et_pb_text][et_pb_divider color=\u00a0\u00bb#cccccc\u00a0\u00bb _builder_version=\u00a0\u00bb3.3.1&Prime; height=\u00a0\u00bb5px\u00a0\u00bb custom_margin=\u00a0\u00bb0px||0px|\u00a0\u00bb custom_padding=\u00a0\u00bb0px||0px|\u00a0\u00bb][\/et_pb_divider][\/et_pb_column][\/et_pb_row][et_pb_row _builder_version=\u00a0\u00bb3.25&Prime; custom_margin=\u00a0\u00bb0px|||\u00a0\u00bb custom_padding=\u00a0\u00bb0px|||\u00a0\u00bb column_structure=\u00a0\u00bb1_3,2_3&Prime;][et_pb_column type=\u00a0\u00bb1_3&Prime; _builder_version=\u00a0\u00bb3.25&Prime; custom_padding=\u00a0\u00bb|||\u00a0\u00bb custom_padding__hover=\u00a0\u00bb|||\u00a0\u00bb][et_pb_image src=\u00a0\u00bbhttps:\/\/motocs.indzine.net\/wp-content\/uploads\/sites\/14\/2018\/06\/VZ-30-UHF-VHF-PORTABLE.jpg\u00a0\u00bb align_tablet=\u00a0\u00bbcenter\u00a0\u00bb align_last_edited=\u00a0\u00bbon|desktop\u00a0\u00bb _builder_version=\u00a0\u00bb3.23&Prime;][\/et_pb_image][\/et_pb_column][et_pb_column type=\u00a0\u00bb2_3&Prime; _builder_version=\u00a0\u00bb3.25&Prime; custom_padding=\u00a0\u00bb|||\u00a0\u00bb custom_padding__hover=\u00a0\u00bb|||\u00a0\u00bb][et_pb_text _builder_version=\u00a0\u00bb3.27.4&Prime;]<b>COMMUNICATIONS PTT D\u00c9D\u00c9ES<\/b><\/p>\n<p>Le VZ-30 une solution de communication radio \u00e9conomique destin\u00e9e aux utilisateurs d\u00e9butants et peu exp\u00e9riment\u00e9s.\u00a0Ce portatif est dot\u00e9 des caract\u00e9ristiques indispensables pour assurer une communication fiable \u00e0 un prix abordable.\u00a0Mod\u00e8les non CE uniquement<br \/>\n[\/et_pb_text][et_pb_button button_url=\u00a0\u00bb\/wp-content\/uploads\/sites\/14\/2020\/05\/vz-30_datasheet_fra_lor1.pdf\u00a0\u00bb url_new_window=\u00a0\u00bbon\u00a0\u00bb button_text=\u00a0\u00bbFICHE DES SP\u00c9CIFICATIONS VZ-30&Prime; button_alignment=\u00a0\u00bbleft\u00a0\u00bb disabled_on=\u00a0\u00bboff|off|off\u00a0\u00bb _builder_version=\u00a0\u00bb3.19.4&Prime; custom_button=\u00a0\u00bbon\u00a0\u00bb button_text_color=\u00a0\u00bb#ffffff\u00a0\u00bb button_bg_color=\u00a0\u00bb#006acd\u00a0\u00bb background_layout=\u00a0\u00bbdark\u00a0\u00bb button_text_size__hover_enabled=\u00a0\u00bboff\u00a0\u00bb button_text_size__hover=\u00a0\u00bbnull\u00a0\u00bb button_one_text_size__hover_enabled=\u00a0\u00bboff\u00a0\u00bb button_one_text_size__hover=\u00a0\u00bbnull\u00a0\u00bb button_two_text_size__hover_enabled=\u00a0\u00bboff\u00a0\u00bb button_two_text_size__hover=\u00a0\u00bbnull\u00a0\u00bb button_text_color__hover_enabled=\u00a0\u00bboff\u00a0\u00bb button_text_color__hover=\u00a0\u00bbnull\u00a0\u00bb button_one_text_color__hover_enabled=\u00a0\u00bboff\u00a0\u00bb button_one_text_color__hover=\u00a0\u00bbnull\u00a0\u00bb button_two_text_color__hover_enabled=\u00a0\u00bboff\u00a0\u00bb button_two_text_color__hover=\u00a0\u00bbnull\u00a0\u00bb button_border_width__hover_enabled=\u00a0\u00bboff\u00a0\u00bb button_border_width__hover=\u00a0\u00bbnull\u00a0\u00bb button_one_border_width__hover_enabled=\u00a0\u00bboff\u00a0\u00bb button_one_border_width__hover=\u00a0\u00bbnull\u00a0\u00bb button_two_border_width__hover_enabled=\u00a0\u00bboff\u00a0\u00bb button_two_border_width__hover=\u00a0\u00bbnull\u00a0\u00bb button_border_color__hover_enabled=\u00a0\u00bboff\u00a0\u00bb button_border_color__hover=\u00a0\u00bbnull\u00a0\u00bb button_one_border_color__hover_enabled=\u00a0\u00bboff\u00a0\u00bb button_one_border_color__hover=\u00a0\u00bbnull\u00a0\u00bb button_two_border_color__hover_enabled=\u00a0\u00bboff\u00a0\u00bb button_two_border_color__hover=\u00a0\u00bbnull\u00a0\u00bb button_border_radius__hover_enabled=\u00a0\u00bboff\u00a0\u00bb button_border_radius__hover=\u00a0\u00bbnull\u00a0\u00bb button_one_border_radius__hover_enabled=\u00a0\u00bboff\u00a0\u00bb button_one_border_radius__hover=\u00a0\u00bbnull\u00a0\u00bb button_two_border_radius__hover_enabled=\u00a0\u00bboff\u00a0\u00bb button_two_border_radius__hover=\u00a0\u00bbnull\u00a0\u00bb button_letter_spacing__hover_enabled=\u00a0\u00bboff\u00a0\u00bb button_letter_spacing__hover=\u00a0\u00bbnull\u00a0\u00bb button_one_letter_spacing__hover_enabled=\u00a0\u00bboff\u00a0\u00bb button_one_letter_spacing__hover=\u00a0\u00bbnull\u00a0\u00bb button_two_letter_spacing__hover_enabled=\u00a0\u00bboff\u00a0\u00bb button_two_letter_spacing__hover=\u00a0\u00bbnull\u00a0\u00bb button_bg_color__hover_enabled=\u00a0\u00bboff\u00a0\u00bb button_bg_color__hover=\u00a0\u00bbnull\u00a0\u00bb button_one_bg_color__hover_enabled=\u00a0\u00bboff\u00a0\u00bb button_one_bg_color__hover=\u00a0\u00bbnull\u00a0\u00bb button_two_bg_color__hover_enabled=\u00a0\u00bboff\u00a0\u00bb button_two_bg_color__hover=\u00a0\u00bbnull\u00a0\u00bb][\/et_pb_button][\/et_pb_column][\/et_pb_row][\/et_pb_section]<\/p>\n","protected":false},"excerpt":{"rendered":"<p>PORTATIF UHF\/VHF VZ-30 COMMUNICATIONS PTT D\u00c9D\u00c9ES Le VZ-30 une solution de communication radio \u00e9conomique destin\u00e9e aux utilisateurs d\u00e9butants et peu exp\u00e9riment\u00e9s.\u00a0Ce portatif est dot\u00e9 des caract\u00e9ristiques indispensables pour assurer une communication fiable \u00e0 un prix abordable.\u00a0Mod\u00e8les non CE uniquement<\/p>\n","protected":false},"author":2,"featured_media":0,"parent":0,"menu_order":310,"comment_status":"closed","ping_status":"closed","template":"page-template-blank.php","meta":{"_acf_changed":false,"_et_pb_use_builder":"on","_et_pb_old_content":"","_et_gb_content_width":"","footnotes":""},"class_list":["post-2021","page","type-page","status-publish","hentry"],"acf":[],"yoast_head":"<!-- This site is optimized with the Yoast SEO plugin v27.3 - https:\/\/yoast.com\/product\/yoast-seo-wordpress\/ -->\n<title>PORTATIF UHF\/VHF VZ-30 - Motorola Content Syndication<\/title>\n<meta name=\"robots\" content=\"index, follow, max-snippet:-1, max-image-preview:large, max-video-preview:-1\" \/>\n<link rel=\"canonical\" href=\"https:\/\/motocs.indzine.net\/fr\/portatif-uhf-vhf-vz-30\/\" \/>\n<meta property=\"og:locale\" content=\"fr_FR\" \/>\n<meta property=\"og:type\" content=\"article\" \/>\n<meta property=\"og:title\" content=\"PORTATIF UHF\/VHF VZ-30 - Motorola Content Syndication\" \/>\n<meta property=\"og:description\" content=\"PORTATIF UHF\/VHF VZ-30 COMMUNICATIONS PTT D\u00c9D\u00c9ES Le VZ-30 une solution de communication radio \u00e9conomique destin\u00e9e aux utilisateurs d\u00e9butants et peu exp\u00e9riment\u00e9s.\u00a0Ce portatif est dot\u00e9 des caract\u00e9ristiques indispensables pour assurer une communication fiable \u00e0 un prix abordable.\u00a0Mod\u00e8les non CE uniquement\" \/>\n<meta property=\"og:url\" content=\"https:\/\/motocs.indzine.net\/fr\/portatif-uhf-vhf-vz-30\/\" \/>\n<meta property=\"og:site_name\" content=\"Motorola Content Syndication\" \/>\n<meta property=\"article:modified_time\" content=\"2020-10-28T10:29:10+00:00\" \/>\n<meta name=\"twitter:card\" content=\"summary_large_image\" \/>\n<meta name=\"twitter:label1\" content=\"Dur\u00e9e de lecture estim\u00e9e\" \/>\n\t<meta name=\"twitter:data1\" content=\"3 minutes\" \/>\n<script type=\"application\/ld+json\" class=\"yoast-schema-graph\">{\"@context\":\"https:\\\/\\\/schema.org\",\"@graph\":[{\"@type\":\"WebPage\",\"@id\":\"https:\\\/\\\/motocs.indzine.net\\\/fr\\\/portatif-uhf-vhf-vz-30\\\/\",\"url\":\"https:\\\/\\\/motocs.indzine.net\\\/fr\\\/portatif-uhf-vhf-vz-30\\\/\",\"name\":\"PORTATIF UHF\\\/VHF VZ-30 - Motorola Content Syndication\",\"isPartOf\":{\"@id\":\"https:\\\/\\\/motocs.indzine.net\\\/fr\\\/#website\"},\"datePublished\":\"2020-10-28T10:29:01+00:00\",\"dateModified\":\"2020-10-28T10:29:10+00:00\",\"breadcrumb\":{\"@id\":\"https:\\\/\\\/motocs.indzine.net\\\/fr\\\/portatif-uhf-vhf-vz-30\\\/#breadcrumb\"},\"inLanguage\":\"fr-FR\",\"potentialAction\":[{\"@type\":\"ReadAction\",\"target\":[\"https:\\\/\\\/motocs.indzine.net\\\/fr\\\/portatif-uhf-vhf-vz-30\\\/\"]}]},{\"@type\":\"BreadcrumbList\",\"@id\":\"https:\\\/\\\/motocs.indzine.net\\\/fr\\\/portatif-uhf-vhf-vz-30\\\/#breadcrumb\",\"itemListElement\":[{\"@type\":\"ListItem\",\"position\":1,\"name\":\"Home\",\"item\":\"https:\\\/\\\/motocs.indzine.net\\\/fr\\\/\"},{\"@type\":\"ListItem\",\"position\":2,\"name\":\"PORTATIF UHF\\\/VHF VZ-30\"}]},{\"@type\":\"WebSite\",\"@id\":\"https:\\\/\\\/motocs.indzine.net\\\/fr\\\/#website\",\"url\":\"https:\\\/\\\/motocs.indzine.net\\\/fr\\\/\",\"name\":\"Motorola Content Syndication\",\"description\":\"Motorola Website Starters site\",\"potentialAction\":[{\"@type\":\"SearchAction\",\"target\":{\"@type\":\"EntryPoint\",\"urlTemplate\":\"https:\\\/\\\/motocs.indzine.net\\\/fr\\\/?s={search_term_string}\"},\"query-input\":{\"@type\":\"PropertyValueSpecification\",\"valueRequired\":true,\"valueName\":\"search_term_string\"}}],\"inLanguage\":\"fr-FR\"}]}<\/script>\n<!-- \/ Yoast SEO plugin. -->","yoast_head_json":{"title":"PORTATIF UHF\/VHF VZ-30 - Motorola Content Syndication","robots":{"index":"index","follow":"follow","max-snippet":"max-snippet:-1","max-image-preview":"max-image-preview:large","max-video-preview":"max-video-preview:-1"},"canonical":"https:\/\/motocs.indzine.net\/fr\/portatif-uhf-vhf-vz-30\/","og_locale":"fr_FR","og_type":"article","og_title":"PORTATIF UHF\/VHF VZ-30 - Motorola Content Syndication","og_description":"PORTATIF UHF\/VHF VZ-30 COMMUNICATIONS PTT D\u00c9D\u00c9ES Le VZ-30 une solution de communication radio \u00e9conomique destin\u00e9e aux utilisateurs d\u00e9butants et peu exp\u00e9riment\u00e9s.\u00a0Ce portatif est dot\u00e9 des caract\u00e9ristiques indispensables pour assurer une communication fiable \u00e0 un prix abordable.\u00a0Mod\u00e8les non CE uniquement","og_url":"https:\/\/motocs.indzine.net\/fr\/portatif-uhf-vhf-vz-30\/","og_site_name":"Motorola Content Syndication","article_modified_time":"2020-10-28T10:29:10+00:00","twitter_card":"summary_large_image","twitter_misc":{"Dur\u00e9e de lecture estim\u00e9e":"3 minutes"},"schema":{"@context":"https:\/\/schema.org","@graph":[{"@type":"WebPage","@id":"https:\/\/motocs.indzine.net\/fr\/portatif-uhf-vhf-vz-30\/","url":"https:\/\/motocs.indzine.net\/fr\/portatif-uhf-vhf-vz-30\/","name":"PORTATIF UHF\/VHF VZ-30 - Motorola Content Syndication","isPartOf":{"@id":"https:\/\/motocs.indzine.net\/fr\/#website"},"datePublished":"2020-10-28T10:29:01+00:00","dateModified":"2020-10-28T10:29:10+00:00","breadcrumb":{"@id":"https:\/\/motocs.indzine.net\/fr\/portatif-uhf-vhf-vz-30\/#breadcrumb"},"inLanguage":"fr-FR","potentialAction":[{"@type":"ReadAction","target":["https:\/\/motocs.indzine.net\/fr\/portatif-uhf-vhf-vz-30\/"]}]},{"@type":"BreadcrumbList","@id":"https:\/\/motocs.indzine.net\/fr\/portatif-uhf-vhf-vz-30\/#breadcrumb","itemListElement":[{"@type":"ListItem","position":1,"name":"Home","item":"https:\/\/motocs.indzine.net\/fr\/"},{"@type":"ListItem","position":2,"name":"PORTATIF UHF\/VHF VZ-30"}]},{"@type":"WebSite","@id":"https:\/\/motocs.indzine.net\/fr\/#website","url":"https:\/\/motocs.indzine.net\/fr\/","name":"Motorola Content Syndication","description":"Motorola Website Starters site","potentialAction":[{"@type":"SearchAction","target":{"@type":"EntryPoint","urlTemplate":"https:\/\/motocs.indzine.net\/fr\/?s={search_term_string}"},"query-input":{"@type":"PropertyValueSpecification","valueRequired":true,"valueName":"search_term_string"}}],"inLanguage":"fr-FR"}]}},"_links":{"self":[{"href":"https:\/\/motocs.indzine.net\/fr\/wp-json\/wp\/v2\/pages\/2021","targetHints":{"allow":["GET"]}}],"collection":[{"href":"https:\/\/motocs.indzine.net\/fr\/wp-json\/wp\/v2\/pages"}],"about":[{"href":"https:\/\/motocs.indzine.net\/fr\/wp-json\/wp\/v2\/types\/page"}],"author":[{"embeddable":true,"href":"https:\/\/motocs.indzine.net\/fr\/wp-json\/wp\/v2\/users\/2"}],"replies":[{"embeddable":true,"href":"https:\/\/motocs.indzine.net\/fr\/wp-json\/wp\/v2\/comments?post=2021"}],"version-history":[{"count":0,"href":"https:\/\/motocs.indzine.net\/fr\/wp-json\/wp\/v2\/pages\/2021\/revisions"}],"wp:attachment":[{"href":"https:\/\/motocs.indzine.net\/fr\/wp-json\/wp\/v2\/media?parent=2021"}],"curies":[{"name":"wp","href":"https:\/\/api.w.org\/{rel}","templated":true}]}}