{"id":2024,"date":"2020-05-01T13:23:24","date_gmt":"2020-05-01T12:23:24","guid":{"rendered":"https:\/\/motocs.indzine.net\/gamme-de-mobiles-analogiques-vx-2000\/"},"modified":"2020-05-01T13:23:59","modified_gmt":"2020-05-01T12:23:59","slug":"gamme-de-mobiles-analogiques-vx-2000","status":"publish","type":"page","link":"https:\/\/motocs.indzine.net\/fr\/gamme-de-mobiles-analogiques-vx-2000\/","title":{"rendered":"GAMME DE MOBILES ANALOGIQUES VX-2000"},"content":{"rendered":"<p>[et_pb_section fb_built=\u00a0\u00bb1&Prime; _builder_version=\u00a0\u00bb3.22&Prime;][et_pb_row _builder_version=\u00a0\u00bb3.25&Prime;][et_pb_column type=\u00a0\u00bb4_4&Prime; _builder_version=\u00a0\u00bb3.25&Prime; custom_padding=\u00a0\u00bb|||\u00a0\u00bb custom_padding__hover=\u00a0\u00bb|||\u00a0\u00bb][et_pb_ds_breadcrumbs _builder_version=\u00a0\u00bb3.3.1&Prime;][\/et_pb_ds_breadcrumbs][et_pb_text _builder_version=\u00a0\u00bb3.27.4&Prime; custom_margin=\u00a0\u00bb||0px|\u00a0\u00bb custom_padding=\u00a0\u00bb||0px|\u00a0\u00bb]<\/p>\n<h1>GAMME DE MOBILES ANALOGIQUES VX-2000<\/h1>\n<p>[\/et_pb_text][et_pb_divider color=\u00a0\u00bb#cccccc\u00a0\u00bb _builder_version=\u00a0\u00bb3.3.1&Prime; height=\u00a0\u00bb5px\u00a0\u00bb custom_margin=\u00a0\u00bb0px||0px|\u00a0\u00bb custom_padding=\u00a0\u00bb0px||0px|\u00a0\u00bb][\/et_pb_divider][\/et_pb_column][\/et_pb_row][et_pb_row _builder_version=\u00a0\u00bb3.25&Prime; custom_margin=\u00a0\u00bb0px|||\u00a0\u00bb custom_padding=\u00a0\u00bb0px|||\u00a0\u00bb column_structure=\u00a0\u00bb1_3,2_3&Prime;][et_pb_column type=\u00a0\u00bb1_3&Prime; _builder_version=\u00a0\u00bb3.25&Prime; custom_padding=\u00a0\u00bb|||\u00a0\u00bb custom_padding__hover=\u00a0\u00bb|||\u00a0\u00bb][et_pb_image src=\u00a0\u00bbhttps:\/\/motocs.indzine.net\/wp-content\/uploads\/sites\/14\/2018\/06\/VX-2000-SERIES-MOBILE.jpg\u00a0\u00bb align_tablet=\u00a0\u00bbcenter\u00a0\u00bb align_last_edited=\u00a0\u00bbon|desktop\u00a0\u00bb _builder_version=\u00a0\u00bb3.23&Prime;][\/et_pb_image][\/et_pb_column][et_pb_column type=\u00a0\u00bb2_3&Prime; _builder_version=\u00a0\u00bb3.25&Prime; custom_padding=\u00a0\u00bb|||\u00a0\u00bb custom_padding__hover=\u00a0\u00bb|||\u00a0\u00bb][et_pb_text _builder_version=\u00a0\u00bb3.27.4&Prime;]<b>COMPACTES ET EXTR\u00caMEMENT PERFORMANTES<\/b><\/p>\n<p><b>Pour des communications mobiles simples, optez pour la gamme VX-2100\/2200.\u00a0<\/b><br \/>\nVous pouvez choisir entre deux mobiles analogiques : le VX-2100 (avec \u00e9cran num\u00e9rique \u00e0 un chiffre) et le VX-2200 (avec \u00e9cran alphanum\u00e9rique). Ils s\u2019installent facilement dans les espaces r\u00e9duits et leur fabrication en aluminium coul\u00e9 dissipe la chaleur et absorbe les vibrations pour une dur\u00e9e de vie prolong\u00e9e. Le VX-2100 offre une capacit\u00e9 de 8 canaux pour une utilisation pratique et le VX-2200 de 128 canaux. Vous pouvez optimiser vos op\u00e9rations gr\u00e2ce \u00e0 plusieurs options de balayage..<br \/>\n[\/et_pb_text][\/et_pb_column][\/et_pb_row][\/et_pb_section]<\/p>\n","protected":false},"excerpt":{"rendered":"<p>GAMME DE MOBILES ANALOGIQUES VX-2000 COMPACTES ET EXTR\u00caMEMENT PERFORMANTES Pour des communications mobiles simples, optez pour la gamme VX-2100\/2200.\u00a0 Vous pouvez choisir entre deux mobiles analogiques : le VX-2100 (avec \u00e9cran num\u00e9rique \u00e0 un chiffre) et le VX-2200 (avec \u00e9cran alphanum\u00e9rique). Ils s\u2019installent facilement dans les espaces r\u00e9duits et leur fabrication en aluminium coul\u00e9 dissipe [&hellip;]<\/p>\n","protected":false},"author":2,"featured_media":0,"parent":0,"menu_order":320,"comment_status":"closed","ping_status":"closed","template":"page-template-blank.php","meta":{"_acf_changed":false,"_et_pb_use_builder":"on","_et_pb_old_content":"","_et_gb_content_width":"","footnotes":""},"class_list":["post-2024","page","type-page","status-publish","hentry"],"acf":[],"yoast_head":"<!-- This site is optimized with the Yoast SEO plugin v27.3 - https:\/\/yoast.com\/product\/yoast-seo-wordpress\/ -->\n<title>GAMME DE MOBILES ANALOGIQUES VX-2000 - Motorola Content Syndication<\/title>\n<meta name=\"robots\" content=\"index, follow, max-snippet:-1, max-image-preview:large, max-video-preview:-1\" \/>\n<link rel=\"canonical\" href=\"https:\/\/motocs.indzine.net\/fr\/gamme-de-mobiles-analogiques-vx-2000\/\" \/>\n<meta property=\"og:locale\" content=\"fr_FR\" \/>\n<meta property=\"og:type\" content=\"article\" \/>\n<meta property=\"og:title\" content=\"GAMME DE MOBILES ANALOGIQUES VX-2000 - Motorola Content Syndication\" \/>\n<meta property=\"og:description\" content=\"GAMME DE MOBILES ANALOGIQUES VX-2000 COMPACTES ET EXTR\u00caMEMENT PERFORMANTES Pour des communications mobiles simples, optez pour la gamme VX-2100\/2200.\u00a0 Vous pouvez choisir entre deux mobiles analogiques : le VX-2100 (avec \u00e9cran num\u00e9rique \u00e0 un chiffre) et le VX-2200 (avec \u00e9cran alphanum\u00e9rique). Ils s\u2019installent facilement dans les espaces r\u00e9duits et leur fabrication en aluminium coul\u00e9 dissipe [&hellip;]\" \/>\n<meta property=\"og:url\" content=\"https:\/\/motocs.indzine.net\/fr\/gamme-de-mobiles-analogiques-vx-2000\/\" \/>\n<meta property=\"og:site_name\" content=\"Motorola Content Syndication\" \/>\n<meta property=\"article:modified_time\" content=\"2020-05-01T12:23:59+00:00\" \/>\n<meta name=\"twitter:card\" content=\"summary_large_image\" \/>\n<meta name=\"twitter:label1\" content=\"Dur\u00e9e de lecture estim\u00e9e\" \/>\n\t<meta name=\"twitter:data1\" content=\"1 minute\" \/>\n<script type=\"application\/ld+json\" class=\"yoast-schema-graph\">{\"@context\":\"https:\\\/\\\/schema.org\",\"@graph\":[{\"@type\":\"WebPage\",\"@id\":\"https:\\\/\\\/motocs.indzine.net\\\/fr\\\/gamme-de-mobiles-analogiques-vx-2000\\\/\",\"url\":\"https:\\\/\\\/motocs.indzine.net\\\/fr\\\/gamme-de-mobiles-analogiques-vx-2000\\\/\",\"name\":\"GAMME DE MOBILES ANALOGIQUES VX-2000 - Motorola Content Syndication\",\"isPartOf\":{\"@id\":\"https:\\\/\\\/motocs.indzine.net\\\/fr\\\/#website\"},\"datePublished\":\"2020-05-01T12:23:24+00:00\",\"dateModified\":\"2020-05-01T12:23:59+00:00\",\"breadcrumb\":{\"@id\":\"https:\\\/\\\/motocs.indzine.net\\\/fr\\\/gamme-de-mobiles-analogiques-vx-2000\\\/#breadcrumb\"},\"inLanguage\":\"fr-FR\",\"potentialAction\":[{\"@type\":\"ReadAction\",\"target\":[\"https:\\\/\\\/motocs.indzine.net\\\/fr\\\/gamme-de-mobiles-analogiques-vx-2000\\\/\"]}]},{\"@type\":\"BreadcrumbList\",\"@id\":\"https:\\\/\\\/motocs.indzine.net\\\/fr\\\/gamme-de-mobiles-analogiques-vx-2000\\\/#breadcrumb\",\"itemListElement\":[{\"@type\":\"ListItem\",\"position\":1,\"name\":\"Home\",\"item\":\"https:\\\/\\\/motocs.indzine.net\\\/fr\\\/\"},{\"@type\":\"ListItem\",\"position\":2,\"name\":\"GAMME DE MOBILES ANALOGIQUES VX-2000\"}]},{\"@type\":\"WebSite\",\"@id\":\"https:\\\/\\\/motocs.indzine.net\\\/fr\\\/#website\",\"url\":\"https:\\\/\\\/motocs.indzine.net\\\/fr\\\/\",\"name\":\"Motorola Content Syndication\",\"description\":\"Motorola Website Starters site\",\"potentialAction\":[{\"@type\":\"SearchAction\",\"target\":{\"@type\":\"EntryPoint\",\"urlTemplate\":\"https:\\\/\\\/motocs.indzine.net\\\/fr\\\/?s={search_term_string}\"},\"query-input\":{\"@type\":\"PropertyValueSpecification\",\"valueRequired\":true,\"valueName\":\"search_term_string\"}}],\"inLanguage\":\"fr-FR\"}]}<\/script>\n<!-- \/ Yoast SEO plugin. -->","yoast_head_json":{"title":"GAMME DE MOBILES ANALOGIQUES VX-2000 - Motorola Content Syndication","robots":{"index":"index","follow":"follow","max-snippet":"max-snippet:-1","max-image-preview":"max-image-preview:large","max-video-preview":"max-video-preview:-1"},"canonical":"https:\/\/motocs.indzine.net\/fr\/gamme-de-mobiles-analogiques-vx-2000\/","og_locale":"fr_FR","og_type":"article","og_title":"GAMME DE MOBILES ANALOGIQUES VX-2000 - Motorola Content Syndication","og_description":"GAMME DE MOBILES ANALOGIQUES VX-2000 COMPACTES ET EXTR\u00caMEMENT PERFORMANTES Pour des communications mobiles simples, optez pour la gamme VX-2100\/2200.\u00a0 Vous pouvez choisir entre deux mobiles analogiques : le VX-2100 (avec \u00e9cran num\u00e9rique \u00e0 un chiffre) et le VX-2200 (avec \u00e9cran alphanum\u00e9rique). Ils s\u2019installent facilement dans les espaces r\u00e9duits et leur fabrication en aluminium coul\u00e9 dissipe [&hellip;]","og_url":"https:\/\/motocs.indzine.net\/fr\/gamme-de-mobiles-analogiques-vx-2000\/","og_site_name":"Motorola Content Syndication","article_modified_time":"2020-05-01T12:23:59+00:00","twitter_card":"summary_large_image","twitter_misc":{"Dur\u00e9e de lecture estim\u00e9e":"1 minute"},"schema":{"@context":"https:\/\/schema.org","@graph":[{"@type":"WebPage","@id":"https:\/\/motocs.indzine.net\/fr\/gamme-de-mobiles-analogiques-vx-2000\/","url":"https:\/\/motocs.indzine.net\/fr\/gamme-de-mobiles-analogiques-vx-2000\/","name":"GAMME DE MOBILES ANALOGIQUES VX-2000 - Motorola Content Syndication","isPartOf":{"@id":"https:\/\/motocs.indzine.net\/fr\/#website"},"datePublished":"2020-05-01T12:23:24+00:00","dateModified":"2020-05-01T12:23:59+00:00","breadcrumb":{"@id":"https:\/\/motocs.indzine.net\/fr\/gamme-de-mobiles-analogiques-vx-2000\/#breadcrumb"},"inLanguage":"fr-FR","potentialAction":[{"@type":"ReadAction","target":["https:\/\/motocs.indzine.net\/fr\/gamme-de-mobiles-analogiques-vx-2000\/"]}]},{"@type":"BreadcrumbList","@id":"https:\/\/motocs.indzine.net\/fr\/gamme-de-mobiles-analogiques-vx-2000\/#breadcrumb","itemListElement":[{"@type":"ListItem","position":1,"name":"Home","item":"https:\/\/motocs.indzine.net\/fr\/"},{"@type":"ListItem","position":2,"name":"GAMME DE MOBILES ANALOGIQUES VX-2000"}]},{"@type":"WebSite","@id":"https:\/\/motocs.indzine.net\/fr\/#website","url":"https:\/\/motocs.indzine.net\/fr\/","name":"Motorola Content Syndication","description":"Motorola Website Starters site","potentialAction":[{"@type":"SearchAction","target":{"@type":"EntryPoint","urlTemplate":"https:\/\/motocs.indzine.net\/fr\/?s={search_term_string}"},"query-input":{"@type":"PropertyValueSpecification","valueRequired":true,"valueName":"search_term_string"}}],"inLanguage":"fr-FR"}]}},"_links":{"self":[{"href":"https:\/\/motocs.indzine.net\/fr\/wp-json\/wp\/v2\/pages\/2024","targetHints":{"allow":["GET"]}}],"collection":[{"href":"https:\/\/motocs.indzine.net\/fr\/wp-json\/wp\/v2\/pages"}],"about":[{"href":"https:\/\/motocs.indzine.net\/fr\/wp-json\/wp\/v2\/types\/page"}],"author":[{"embeddable":true,"href":"https:\/\/motocs.indzine.net\/fr\/wp-json\/wp\/v2\/users\/2"}],"replies":[{"embeddable":true,"href":"https:\/\/motocs.indzine.net\/fr\/wp-json\/wp\/v2\/comments?post=2024"}],"version-history":[{"count":0,"href":"https:\/\/motocs.indzine.net\/fr\/wp-json\/wp\/v2\/pages\/2024\/revisions"}],"wp:attachment":[{"href":"https:\/\/motocs.indzine.net\/fr\/wp-json\/wp\/v2\/media?parent=2024"}],"curies":[{"name":"wp","href":"https:\/\/api.w.org\/{rel}","templated":true}]}}