{"id":2038,"date":"2020-05-01T13:26:24","date_gmt":"2020-05-01T12:26:24","guid":{"rendered":"https:\/\/motocs.indzine.net\/radio-professionnelle-clk446\/"},"modified":"2020-05-01T13:26:24","modified_gmt":"2020-05-01T12:26:24","slug":"radio-professionnelle-clk446","status":"publish","type":"page","link":"https:\/\/motocs.indzine.net\/fr\/radio-professionnelle-clk446\/","title":{"rendered":"RADIO PROFESSIONNELLE CLK446"},"content":{"rendered":"<p>[et_pb_section bb_built=\u00a0\u00bb1&Prime; _builder_version=\u00a0\u00bb3.3.1&Prime;][et_pb_row _builder_version=\u00a0\u00bb3.3.1&Prime;][et_pb_column type=\u00a0\u00bb4_4&Prime;][et_pb_ds_breadcrumbs _builder_version=\u00a0\u00bb3.3.1&Prime; \/][et_pb_text _builder_version=\u00a0\u00bb3.3.1&Prime; custom_margin=\u00a0\u00bb||0px|\u00a0\u00bb custom_padding=\u00a0\u00bb||0px|\u00a0\u00bb]<\/p>\n<h1>RADIO PROFESSIONNELLE CLK446<\/h1>\n<p>[\/et_pb_text][et_pb_divider _builder_version=\u00a0\u00bb3.3.1&Prime; color=\u00a0\u00bb#cccccc\u00a0\u00bb height=\u00a0\u00bb5px\u00a0\u00bb custom_margin=\u00a0\u00bb0px||0px|\u00a0\u00bb custom_padding=\u00a0\u00bb0px||0px|\u00a0\u00bb \/][\/et_pb_column][\/et_pb_row][et_pb_row _builder_version=\u00a0\u00bb3.3.1&Prime; custom_margin=\u00a0\u00bb0px|||\u00a0\u00bb custom_padding=\u00a0\u00bb0px|||\u00a0\u00bb][et_pb_column type=\u00a0\u00bb1_3&Prime;][et_pb_image _builder_version=\u00a0\u00bb3.3.1&Prime; src=\u00a0\u00bbhttps:\/\/motocs.indzine.net\/wp-content\/uploads\/sites\/14\/2018\/06\/CLK446-Unlicensed-Business.jpg\u00a0\u00bb \/][\/et_pb_column][et_pb_column type=\u00a0\u00bb2_3&Prime;][et_pb_text _builder_version=\u00a0\u00bb3.3.1&Prime;]<\/p>\n<p>\u00c9l\u00e9gante, la radio professionnelle CLK446 de Motorola Solutions s&rsquo;int\u00e8gre parfaitement \u00e0 votre image et votre environnement de travail. Incroyablement polyvalent, l\u00e9ger et agr\u00e9able \u00e0 porter, ce terminal ne ressemble en rien aux portatifs que vous avez utilis\u00e9s auparavant.<\/p>\n<p>La radio CLK446 est un juste \u00e9quilibre entre disign unique, performances incomparables et r\u00e9sistance \u00e0 une utilisation quotidienne. Sa conception fine, ses options audio et son ergonomie intuitive en font un outil de productivit\u00e9 simple, mais puissant. Votre \u00e9quipe peut d\u00e9sormais communiquer instantan\u00e9ment, r\u00e9pondre rapidement aux demandes des clients et \u00e9l\u00e9ver la qualit\u00e9 de service de votre entreprise.<\/p>\n<p>Deux mod\u00e8les sont disponibles : la radio CLK446 \u00e0 8 canaux dot\u00e9e d&rsquo;une sortie 0,5 W respecte les exigences de la norme PMR446 pour une utilisation sans licence, tandis que la radio CLK446 PLUS propose une sortie plus puissante de 1 W avec une capacit\u00e9 de 20 canaux et des fonctionnalit\u00e9s de relais.<\/p>\n<p>[\/et_pb_text][et_pb_button _builder_version=\u00a0\u00bb3.3.1&Prime; button_text=\u00a0\u00bbFICHE DES SP\u00c9CIFICATIONS CLK\u00a0\u00bb button_alignment=\u00a0\u00bbleft\u00a0\u00bb background_layout=\u00a0\u00bbdark\u00a0\u00bb custom_button=\u00a0\u00bbon\u00a0\u00bb button_text_color=\u00a0\u00bb#ffffff\u00a0\u00bb button_bg_color=\u00a0\u00bb#006acd\u00a0\u00bb button_url=\u00a0\u00bb\/wp-content\/uploads\/sites\/14\/2020\/05\/fr_clk_product_spec_sheet_06181.pdf\u00a0\u00bb url_new_window=\u00a0\u00bbon\u00a0\u00bb disabled=\u00a0\u00bboff\u00a0\u00bb disabled_on=\u00a0\u00bboff|off|off\u00a0\u00bb \/][\/et_pb_column][\/et_pb_row][\/et_pb_section]<\/p>\n","protected":false},"excerpt":{"rendered":"<p>RADIO PROFESSIONNELLE CLK446 \u00c9l\u00e9gante, la radio professionnelle CLK446 de Motorola Solutions s&rsquo;int\u00e8gre parfaitement \u00e0 votre image et votre environnement de travail. Incroyablement polyvalent, l\u00e9ger et agr\u00e9able \u00e0 porter, ce terminal ne ressemble en rien aux portatifs que vous avez utilis\u00e9s auparavant. La radio CLK446 est un juste \u00e9quilibre entre disign unique, performances incomparables et r\u00e9sistance [&hellip;]<\/p>\n","protected":false},"author":2,"featured_media":0,"parent":0,"menu_order":340,"comment_status":"closed","ping_status":"closed","template":"page-template-blank.php","meta":{"_acf_changed":false,"_et_pb_use_builder":"on","_et_pb_old_content":"","_et_gb_content_width":"","footnotes":""},"class_list":["post-2038","page","type-page","status-publish","hentry"],"acf":[],"yoast_head":"<!-- This site is optimized with the Yoast SEO plugin v27.3 - https:\/\/yoast.com\/product\/yoast-seo-wordpress\/ -->\n<title>RADIO PROFESSIONNELLE CLK446 - Motorola Content Syndication<\/title>\n<meta name=\"robots\" content=\"index, follow, max-snippet:-1, max-image-preview:large, max-video-preview:-1\" \/>\n<link rel=\"canonical\" href=\"https:\/\/motocs.indzine.net\/fr\/radio-professionnelle-clk446\/\" \/>\n<meta property=\"og:locale\" content=\"fr_FR\" \/>\n<meta property=\"og:type\" content=\"article\" \/>\n<meta property=\"og:title\" content=\"RADIO PROFESSIONNELLE CLK446 - Motorola Content Syndication\" \/>\n<meta property=\"og:description\" content=\"RADIO PROFESSIONNELLE CLK446 \u00c9l\u00e9gante, la radio professionnelle CLK446 de Motorola Solutions s&#039;int\u00e8gre parfaitement \u00e0 votre image et votre environnement de travail. Incroyablement polyvalent, l\u00e9ger et agr\u00e9able \u00e0 porter, ce terminal ne ressemble en rien aux portatifs que vous avez utilis\u00e9s auparavant. La radio CLK446 est un juste \u00e9quilibre entre disign unique, performances incomparables et r\u00e9sistance [&hellip;]\" \/>\n<meta property=\"og:url\" content=\"https:\/\/motocs.indzine.net\/fr\/radio-professionnelle-clk446\/\" \/>\n<meta property=\"og:site_name\" content=\"Motorola Content Syndication\" \/>\n<meta name=\"twitter:card\" content=\"summary_large_image\" \/>\n<meta name=\"twitter:label1\" content=\"Dur\u00e9e de lecture estim\u00e9e\" \/>\n\t<meta name=\"twitter:data1\" content=\"2 minutes\" \/>\n<script type=\"application\/ld+json\" class=\"yoast-schema-graph\">{\"@context\":\"https:\\\/\\\/schema.org\",\"@graph\":[{\"@type\":\"WebPage\",\"@id\":\"https:\\\/\\\/motocs.indzine.net\\\/fr\\\/radio-professionnelle-clk446\\\/\",\"url\":\"https:\\\/\\\/motocs.indzine.net\\\/fr\\\/radio-professionnelle-clk446\\\/\",\"name\":\"RADIO PROFESSIONNELLE CLK446 - Motorola Content Syndication\",\"isPartOf\":{\"@id\":\"https:\\\/\\\/motocs.indzine.net\\\/fr\\\/#website\"},\"datePublished\":\"2020-05-01T12:26:24+00:00\",\"breadcrumb\":{\"@id\":\"https:\\\/\\\/motocs.indzine.net\\\/fr\\\/radio-professionnelle-clk446\\\/#breadcrumb\"},\"inLanguage\":\"fr-FR\",\"potentialAction\":[{\"@type\":\"ReadAction\",\"target\":[\"https:\\\/\\\/motocs.indzine.net\\\/fr\\\/radio-professionnelle-clk446\\\/\"]}]},{\"@type\":\"BreadcrumbList\",\"@id\":\"https:\\\/\\\/motocs.indzine.net\\\/fr\\\/radio-professionnelle-clk446\\\/#breadcrumb\",\"itemListElement\":[{\"@type\":\"ListItem\",\"position\":1,\"name\":\"Home\",\"item\":\"https:\\\/\\\/motocs.indzine.net\\\/fr\\\/\"},{\"@type\":\"ListItem\",\"position\":2,\"name\":\"RADIO PROFESSIONNELLE CLK446\"}]},{\"@type\":\"WebSite\",\"@id\":\"https:\\\/\\\/motocs.indzine.net\\\/fr\\\/#website\",\"url\":\"https:\\\/\\\/motocs.indzine.net\\\/fr\\\/\",\"name\":\"Motorola Content Syndication\",\"description\":\"Motorola Website Starters site\",\"potentialAction\":[{\"@type\":\"SearchAction\",\"target\":{\"@type\":\"EntryPoint\",\"urlTemplate\":\"https:\\\/\\\/motocs.indzine.net\\\/fr\\\/?s={search_term_string}\"},\"query-input\":{\"@type\":\"PropertyValueSpecification\",\"valueRequired\":true,\"valueName\":\"search_term_string\"}}],\"inLanguage\":\"fr-FR\"}]}<\/script>\n<!-- \/ Yoast SEO plugin. -->","yoast_head_json":{"title":"RADIO PROFESSIONNELLE CLK446 - Motorola Content Syndication","robots":{"index":"index","follow":"follow","max-snippet":"max-snippet:-1","max-image-preview":"max-image-preview:large","max-video-preview":"max-video-preview:-1"},"canonical":"https:\/\/motocs.indzine.net\/fr\/radio-professionnelle-clk446\/","og_locale":"fr_FR","og_type":"article","og_title":"RADIO PROFESSIONNELLE CLK446 - Motorola Content Syndication","og_description":"RADIO PROFESSIONNELLE CLK446 \u00c9l\u00e9gante, la radio professionnelle CLK446 de Motorola Solutions s'int\u00e8gre parfaitement \u00e0 votre image et votre environnement de travail. Incroyablement polyvalent, l\u00e9ger et agr\u00e9able \u00e0 porter, ce terminal ne ressemble en rien aux portatifs que vous avez utilis\u00e9s auparavant. La radio CLK446 est un juste \u00e9quilibre entre disign unique, performances incomparables et r\u00e9sistance [&hellip;]","og_url":"https:\/\/motocs.indzine.net\/fr\/radio-professionnelle-clk446\/","og_site_name":"Motorola Content Syndication","twitter_card":"summary_large_image","twitter_misc":{"Dur\u00e9e de lecture estim\u00e9e":"2 minutes"},"schema":{"@context":"https:\/\/schema.org","@graph":[{"@type":"WebPage","@id":"https:\/\/motocs.indzine.net\/fr\/radio-professionnelle-clk446\/","url":"https:\/\/motocs.indzine.net\/fr\/radio-professionnelle-clk446\/","name":"RADIO PROFESSIONNELLE CLK446 - Motorola Content Syndication","isPartOf":{"@id":"https:\/\/motocs.indzine.net\/fr\/#website"},"datePublished":"2020-05-01T12:26:24+00:00","breadcrumb":{"@id":"https:\/\/motocs.indzine.net\/fr\/radio-professionnelle-clk446\/#breadcrumb"},"inLanguage":"fr-FR","potentialAction":[{"@type":"ReadAction","target":["https:\/\/motocs.indzine.net\/fr\/radio-professionnelle-clk446\/"]}]},{"@type":"BreadcrumbList","@id":"https:\/\/motocs.indzine.net\/fr\/radio-professionnelle-clk446\/#breadcrumb","itemListElement":[{"@type":"ListItem","position":1,"name":"Home","item":"https:\/\/motocs.indzine.net\/fr\/"},{"@type":"ListItem","position":2,"name":"RADIO PROFESSIONNELLE CLK446"}]},{"@type":"WebSite","@id":"https:\/\/motocs.indzine.net\/fr\/#website","url":"https:\/\/motocs.indzine.net\/fr\/","name":"Motorola Content Syndication","description":"Motorola Website Starters site","potentialAction":[{"@type":"SearchAction","target":{"@type":"EntryPoint","urlTemplate":"https:\/\/motocs.indzine.net\/fr\/?s={search_term_string}"},"query-input":{"@type":"PropertyValueSpecification","valueRequired":true,"valueName":"search_term_string"}}],"inLanguage":"fr-FR"}]}},"_links":{"self":[{"href":"https:\/\/motocs.indzine.net\/fr\/wp-json\/wp\/v2\/pages\/2038","targetHints":{"allow":["GET"]}}],"collection":[{"href":"https:\/\/motocs.indzine.net\/fr\/wp-json\/wp\/v2\/pages"}],"about":[{"href":"https:\/\/motocs.indzine.net\/fr\/wp-json\/wp\/v2\/types\/page"}],"author":[{"embeddable":true,"href":"https:\/\/motocs.indzine.net\/fr\/wp-json\/wp\/v2\/users\/2"}],"replies":[{"embeddable":true,"href":"https:\/\/motocs.indzine.net\/fr\/wp-json\/wp\/v2\/comments?post=2038"}],"version-history":[{"count":0,"href":"https:\/\/motocs.indzine.net\/fr\/wp-json\/wp\/v2\/pages\/2038\/revisions"}],"wp:attachment":[{"href":"https:\/\/motocs.indzine.net\/fr\/wp-json\/wp\/v2\/media?parent=2038"}],"curies":[{"name":"wp","href":"https:\/\/api.w.org\/{rel}","templated":true}]}}