{"id":2045,"date":"2020-05-01T13:28:24","date_gmt":"2020-05-01T12:28:24","guid":{"rendered":"https:\/\/motocs.indzine.net\/radio-sans-licence-clp446\/"},"modified":"2020-05-01T13:28:26","modified_gmt":"2020-05-01T12:28:26","slug":"radio-sans-licence-clp446","status":"publish","type":"page","link":"https:\/\/motocs.indzine.net\/fr\/radio-sans-licence-clp446\/","title":{"rendered":"RADIO SANS LICENCE CLP446"},"content":{"rendered":"<p>[et_pb_section bb_built=\u00a0\u00bb1&Prime; _builder_version=\u00a0\u00bb3.3.1&Prime;][et_pb_row _builder_version=\u00a0\u00bb3.3.1&Prime;][et_pb_column type=\u00a0\u00bb4_4&Prime;][et_pb_ds_breadcrumbs _builder_version=\u00a0\u00bb3.3.1&Prime; \/][et_pb_text _builder_version=\u00a0\u00bb3.3.1&Prime; custom_margin=\u00a0\u00bb||0px|\u00a0\u00bb custom_padding=\u00a0\u00bb||0px|\u00a0\u00bb]<\/p>\n<h1>RADIO SANS LICENCE CLP446<\/h1>\n<p>[\/et_pb_text][et_pb_divider _builder_version=\u00a0\u00bb3.3.1&Prime; color=\u00a0\u00bb#cccccc\u00a0\u00bb height=\u00a0\u00bb5px\u00a0\u00bb custom_margin=\u00a0\u00bb0px||0px|\u00a0\u00bb custom_padding=\u00a0\u00bb0px||0px|\u00a0\u00bb \/][\/et_pb_column][\/et_pb_row][et_pb_row _builder_version=\u00a0\u00bb3.3.1&Prime; custom_margin=\u00a0\u00bb0px|||\u00a0\u00bb custom_padding=\u00a0\u00bb0px|||\u00a0\u00bb][et_pb_column type=\u00a0\u00bb1_3&Prime;][et_pb_image _builder_version=\u00a0\u00bb3.3.1&Prime; src=\u00a0\u00bbhttps:\/\/motocs.indzine.net\/wp-content\/uploads\/sites\/14\/2018\/06\/CLP446-Unlicensed-Business.jpg\u00a0\u00bb \/][\/et_pb_column][et_pb_column type=\u00a0\u00bb2_3&Prime;][et_pb_text _builder_version=\u00a0\u00bb3.3.1&Prime;]<\/p>\n<h4>Gardez l&rsquo;essentiel<\/h4>\n<p>La radio CLP associe confort, durabilit\u00e9 et simplicit\u00e9 dans un design \u00e9pur\u00e9. Con\u00e7ue pour les secteurs de la distribution et de l&rsquo;h\u00f4tellerie, la radio CLP446 fonctionne sur 8\u00a0canaux avec un choix de 219\u00a0codes pour une confidentialit\u00e9 sup\u00e9rieure et des interf\u00e9rences r\u00e9duites. Cet appareil, qui tient dans le creux de la main, red\u00e9finit la radio traditionnel en n&rsquo;incluant que les \u00e9l\u00e9ments essentiels. Une antenne int\u00e9gr\u00e9e lui conf\u00e8re sa forme \u00e9pur\u00e9e. Une grande touche push-to-talk centrale facilite l&rsquo;utilisation de la CLP. De plus, une large gamme d&rsquo;accessoires offre de multiples possibilit\u00e9s pour la porter. Pens\u00e9e pour les utilisateurs, la radio CLP vous aide \u00e0 communiquer de mani\u00e8re fluide et naturelle dans votre environnement professionnel.<\/p>\n<p>&nbsp;<\/p>\n<p>Le CLP446 est disponible en deux mod\u00e8les :<\/p>\n<p>Mod\u00e8le filaire avec une finition noir mat qui n\u00e9cessite une oreillette filaire.<\/p>\n<p>Le mod\u00e8le Bluetooth\u00ae avec finition noire brillante est compatible avec les oreillettes filaires et Bluetooth.<\/p>\n<p>[\/et_pb_text][et_pb_button _builder_version=\u00a0\u00bb3.3.1&Prime; button_text=\u00a0\u00bbFICHE DES SP\u00c9CIFICATIONS CLP446&Prime; button_alignment=\u00a0\u00bbleft\u00a0\u00bb background_layout=\u00a0\u00bbdark\u00a0\u00bb custom_button=\u00a0\u00bbon\u00a0\u00bb button_text_color=\u00a0\u00bb#ffffff\u00a0\u00bb button_bg_color=\u00a0\u00bb#006acd\u00a0\u00bb button_url=\u00a0\u00bb\/wp-content\/uploads\/sites\/14\/2020\/05\/clp446_specsheet_fra_03191.pdf\u00a0\u00bb url_new_window=\u00a0\u00bbon\u00a0\u00bb disabled=\u00a0\u00bboff\u00a0\u00bb disabled_on=\u00a0\u00bboff|off|off\u00a0\u00bb \/][\/et_pb_column][\/et_pb_row][\/et_pb_section]<\/p>\n","protected":false},"excerpt":{"rendered":"<p>RADIO SANS LICENCE CLP446 Gardez l&rsquo;essentiel La radio CLP associe confort, durabilit\u00e9 et simplicit\u00e9 dans un design \u00e9pur\u00e9. Con\u00e7ue pour les secteurs de la distribution et de l&rsquo;h\u00f4tellerie, la radio CLP446 fonctionne sur 8\u00a0canaux avec un choix de 219\u00a0codes pour une confidentialit\u00e9 sup\u00e9rieure et des interf\u00e9rences r\u00e9duites. Cet appareil, qui tient dans le creux de [&hellip;]<\/p>\n","protected":false},"author":2,"featured_media":0,"parent":0,"menu_order":350,"comment_status":"closed","ping_status":"closed","template":"page-template-blank.php","meta":{"_acf_changed":false,"_et_pb_use_builder":"on","_et_pb_old_content":"","_et_gb_content_width":"","footnotes":""},"class_list":["post-2045","page","type-page","status-publish","hentry"],"acf":[],"yoast_head":"<!-- This site is optimized with the Yoast SEO plugin v27.3 - https:\/\/yoast.com\/product\/yoast-seo-wordpress\/ -->\n<title>RADIO SANS LICENCE CLP446 - Motorola Content Syndication<\/title>\n<meta name=\"robots\" content=\"index, follow, max-snippet:-1, max-image-preview:large, max-video-preview:-1\" \/>\n<link rel=\"canonical\" href=\"https:\/\/motocs.indzine.net\/fr\/radio-sans-licence-clp446\/\" \/>\n<meta property=\"og:locale\" content=\"fr_FR\" \/>\n<meta property=\"og:type\" content=\"article\" \/>\n<meta property=\"og:title\" content=\"RADIO SANS LICENCE CLP446 - Motorola Content Syndication\" \/>\n<meta property=\"og:description\" content=\"RADIO SANS LICENCE CLP446 Gardez l&#039;essentiel La radio CLP associe confort, durabilit\u00e9 et simplicit\u00e9 dans un design \u00e9pur\u00e9. Con\u00e7ue pour les secteurs de la distribution et de l&#039;h\u00f4tellerie, la radio CLP446 fonctionne sur 8\u00a0canaux avec un choix de 219\u00a0codes pour une confidentialit\u00e9 sup\u00e9rieure et des interf\u00e9rences r\u00e9duites. Cet appareil, qui tient dans le creux de [&hellip;]\" \/>\n<meta property=\"og:url\" content=\"https:\/\/motocs.indzine.net\/fr\/radio-sans-licence-clp446\/\" \/>\n<meta property=\"og:site_name\" content=\"Motorola Content Syndication\" \/>\n<meta property=\"article:modified_time\" content=\"2020-05-01T12:28:26+00:00\" \/>\n<meta name=\"twitter:card\" content=\"summary_large_image\" \/>\n<meta name=\"twitter:label1\" content=\"Dur\u00e9e de lecture estim\u00e9e\" \/>\n\t<meta name=\"twitter:data1\" content=\"2 minutes\" \/>\n<script type=\"application\/ld+json\" class=\"yoast-schema-graph\">{\"@context\":\"https:\\\/\\\/schema.org\",\"@graph\":[{\"@type\":\"WebPage\",\"@id\":\"https:\\\/\\\/motocs.indzine.net\\\/fr\\\/radio-sans-licence-clp446\\\/\",\"url\":\"https:\\\/\\\/motocs.indzine.net\\\/fr\\\/radio-sans-licence-clp446\\\/\",\"name\":\"RADIO SANS LICENCE CLP446 - Motorola Content Syndication\",\"isPartOf\":{\"@id\":\"https:\\\/\\\/motocs.indzine.net\\\/fr\\\/#website\"},\"datePublished\":\"2020-05-01T12:28:24+00:00\",\"dateModified\":\"2020-05-01T12:28:26+00:00\",\"breadcrumb\":{\"@id\":\"https:\\\/\\\/motocs.indzine.net\\\/fr\\\/radio-sans-licence-clp446\\\/#breadcrumb\"},\"inLanguage\":\"fr-FR\",\"potentialAction\":[{\"@type\":\"ReadAction\",\"target\":[\"https:\\\/\\\/motocs.indzine.net\\\/fr\\\/radio-sans-licence-clp446\\\/\"]}]},{\"@type\":\"BreadcrumbList\",\"@id\":\"https:\\\/\\\/motocs.indzine.net\\\/fr\\\/radio-sans-licence-clp446\\\/#breadcrumb\",\"itemListElement\":[{\"@type\":\"ListItem\",\"position\":1,\"name\":\"Home\",\"item\":\"https:\\\/\\\/motocs.indzine.net\\\/fr\\\/\"},{\"@type\":\"ListItem\",\"position\":2,\"name\":\"RADIO SANS LICENCE CLP446\"}]},{\"@type\":\"WebSite\",\"@id\":\"https:\\\/\\\/motocs.indzine.net\\\/fr\\\/#website\",\"url\":\"https:\\\/\\\/motocs.indzine.net\\\/fr\\\/\",\"name\":\"Motorola Content Syndication\",\"description\":\"Motorola Website Starters site\",\"potentialAction\":[{\"@type\":\"SearchAction\",\"target\":{\"@type\":\"EntryPoint\",\"urlTemplate\":\"https:\\\/\\\/motocs.indzine.net\\\/fr\\\/?s={search_term_string}\"},\"query-input\":{\"@type\":\"PropertyValueSpecification\",\"valueRequired\":true,\"valueName\":\"search_term_string\"}}],\"inLanguage\":\"fr-FR\"}]}<\/script>\n<!-- \/ Yoast SEO plugin. -->","yoast_head_json":{"title":"RADIO SANS LICENCE CLP446 - Motorola Content Syndication","robots":{"index":"index","follow":"follow","max-snippet":"max-snippet:-1","max-image-preview":"max-image-preview:large","max-video-preview":"max-video-preview:-1"},"canonical":"https:\/\/motocs.indzine.net\/fr\/radio-sans-licence-clp446\/","og_locale":"fr_FR","og_type":"article","og_title":"RADIO SANS LICENCE CLP446 - Motorola Content Syndication","og_description":"RADIO SANS LICENCE CLP446 Gardez l'essentiel La radio CLP associe confort, durabilit\u00e9 et simplicit\u00e9 dans un design \u00e9pur\u00e9. Con\u00e7ue pour les secteurs de la distribution et de l'h\u00f4tellerie, la radio CLP446 fonctionne sur 8\u00a0canaux avec un choix de 219\u00a0codes pour une confidentialit\u00e9 sup\u00e9rieure et des interf\u00e9rences r\u00e9duites. Cet appareil, qui tient dans le creux de [&hellip;]","og_url":"https:\/\/motocs.indzine.net\/fr\/radio-sans-licence-clp446\/","og_site_name":"Motorola Content Syndication","article_modified_time":"2020-05-01T12:28:26+00:00","twitter_card":"summary_large_image","twitter_misc":{"Dur\u00e9e de lecture estim\u00e9e":"2 minutes"},"schema":{"@context":"https:\/\/schema.org","@graph":[{"@type":"WebPage","@id":"https:\/\/motocs.indzine.net\/fr\/radio-sans-licence-clp446\/","url":"https:\/\/motocs.indzine.net\/fr\/radio-sans-licence-clp446\/","name":"RADIO SANS LICENCE CLP446 - Motorola Content Syndication","isPartOf":{"@id":"https:\/\/motocs.indzine.net\/fr\/#website"},"datePublished":"2020-05-01T12:28:24+00:00","dateModified":"2020-05-01T12:28:26+00:00","breadcrumb":{"@id":"https:\/\/motocs.indzine.net\/fr\/radio-sans-licence-clp446\/#breadcrumb"},"inLanguage":"fr-FR","potentialAction":[{"@type":"ReadAction","target":["https:\/\/motocs.indzine.net\/fr\/radio-sans-licence-clp446\/"]}]},{"@type":"BreadcrumbList","@id":"https:\/\/motocs.indzine.net\/fr\/radio-sans-licence-clp446\/#breadcrumb","itemListElement":[{"@type":"ListItem","position":1,"name":"Home","item":"https:\/\/motocs.indzine.net\/fr\/"},{"@type":"ListItem","position":2,"name":"RADIO SANS LICENCE CLP446"}]},{"@type":"WebSite","@id":"https:\/\/motocs.indzine.net\/fr\/#website","url":"https:\/\/motocs.indzine.net\/fr\/","name":"Motorola Content Syndication","description":"Motorola Website Starters site","potentialAction":[{"@type":"SearchAction","target":{"@type":"EntryPoint","urlTemplate":"https:\/\/motocs.indzine.net\/fr\/?s={search_term_string}"},"query-input":{"@type":"PropertyValueSpecification","valueRequired":true,"valueName":"search_term_string"}}],"inLanguage":"fr-FR"}]}},"_links":{"self":[{"href":"https:\/\/motocs.indzine.net\/fr\/wp-json\/wp\/v2\/pages\/2045","targetHints":{"allow":["GET"]}}],"collection":[{"href":"https:\/\/motocs.indzine.net\/fr\/wp-json\/wp\/v2\/pages"}],"about":[{"href":"https:\/\/motocs.indzine.net\/fr\/wp-json\/wp\/v2\/types\/page"}],"author":[{"embeddable":true,"href":"https:\/\/motocs.indzine.net\/fr\/wp-json\/wp\/v2\/users\/2"}],"replies":[{"embeddable":true,"href":"https:\/\/motocs.indzine.net\/fr\/wp-json\/wp\/v2\/comments?post=2045"}],"version-history":[{"count":0,"href":"https:\/\/motocs.indzine.net\/fr\/wp-json\/wp\/v2\/pages\/2045\/revisions"}],"wp:attachment":[{"href":"https:\/\/motocs.indzine.net\/fr\/wp-json\/wp\/v2\/media?parent=2045"}],"curies":[{"name":"wp","href":"https:\/\/api.w.org\/{rel}","templated":true}]}}