{"id":2052,"date":"2020-05-01T13:30:38","date_gmt":"2020-05-01T12:30:38","guid":{"rendered":"https:\/\/motocs.indzine.net\/gamme-de-radios-professionnelles-sans-licence-xt400\/"},"modified":"2020-05-01T13:30:39","modified_gmt":"2020-05-01T12:30:39","slug":"gamme-de-radios-professionnelles-sans-licence-xt400","status":"publish","type":"page","link":"https:\/\/motocs.indzine.net\/fr\/gamme-de-radios-professionnelles-sans-licence-xt400\/","title":{"rendered":"GAMME DE RADIOS PROFESSIONNELLES SANS LICENCE XT400"},"content":{"rendered":"<p>[et_pb_section bb_built=\u00a0\u00bb1&Prime; _builder_version=\u00a0\u00bb3.3.1&Prime;][et_pb_row _builder_version=\u00a0\u00bb3.3.1&Prime;][et_pb_column type=\u00a0\u00bb4_4&Prime;][et_pb_ds_breadcrumbs _builder_version=\u00a0\u00bb3.3.1&Prime; \/][et_pb_text _builder_version=\u00a0\u00bb3.19.4&Prime; custom_margin=\u00a0\u00bb||0px|\u00a0\u00bb custom_padding=\u00a0\u00bb||0px|\u00a0\u00bb]<\/p>\n<h1>GAMME DE RADIOS PROFESSIONNELLES SANS LICENCE XT400<\/h1>\n<p>[\/et_pb_text][et_pb_divider _builder_version=\u00a0\u00bb3.3.1&Prime; color=\u00a0\u00bb#cccccc\u00a0\u00bb height=\u00a0\u00bb5px\u00a0\u00bb custom_margin=\u00a0\u00bb0px||0px|\u00a0\u00bb custom_padding=\u00a0\u00bb0px||0px|\u00a0\u00bb \/][\/et_pb_column][\/et_pb_row][et_pb_row _builder_version=\u00a0\u00bb3.3.1&Prime; custom_margin=\u00a0\u00bb0px|||\u00a0\u00bb custom_padding=\u00a0\u00bb0px|||\u00a0\u00bb][et_pb_column type=\u00a0\u00bb1_3&Prime;][et_pb_image _builder_version=\u00a0\u00bb3.19.4&Prime; src=\u00a0\u00bbhttps:\/\/motocs.indzine.net\/wp-content\/uploads\/sites\/14\/2019\/02\/xt460-disp-3-4-left_lg.jpg\u00a0\u00bb \/][\/et_pb_column][et_pb_column type=\u00a0\u00bb2_3&Prime;][et_pb_text _builder_version=\u00a0\u00bb3.19.4&Prime;]<\/p>\n<h2>Fabrication robuste pour am\u00e9liorer votre activit\u00e9<\/h2>\n<p>Offrez \u00e0 vos \u00e9quipes le moyen de communiquer plus rapidement. Les radios professionnelles de la gamme XT400 vous aident \u00e0 communiquer instantan\u00e9ment, sans manquer un seul signal. Les excellentes performances de la gamme de radios XT400 garantissent une qualit\u00e9 audio et une dur\u00e9e de vie exceptionnelles m\u00eame avec une utilisation intensive dans des environnements extr\u00eamement bruyants.<\/p>\n<p>Les radios de la gamme XT420 sont con\u00e7ues pour durer, que vous les utilisiez pour coordonner les ressources sur un chantier ou dans une cha\u00eene de fabrication. Optimisez la puissance de votre radio de la s\u00e9rie XT400 gr\u00e2ce \u00e0 des accessoires confortables, durables et discrets.<\/p>\n<p>La gamme de radios XT400 comprend les mod\u00e8les suivants\u00a0:<\/p>\n<p>Le\u00a0<b>XT400\u00a0<\/b>version sans \u00e9cran<\/p>\n<p>Le\u00a0<b>XT600\u00a0<\/b>version avec un \u00e9cran LCD de 2 lignes<\/p>\n<p>[\/et_pb_text][et_pb_button _builder_version=\u00a0\u00bb3.19.4&Prime; button_text=\u00a0\u00bbFICHE TECHNIQUE RADIOS SANS LICENCE DE LA GAMME XT400 \u00a0\u00bb button_alignment=\u00a0\u00bbleft\u00a0\u00bb background_layout=\u00a0\u00bbdark\u00a0\u00bb custom_button=\u00a0\u00bbon\u00a0\u00bb button_text_color=\u00a0\u00bb#ffffff\u00a0\u00bb button_bg_color=\u00a0\u00bb#006acd\u00a0\u00bb button_url=\u00a0\u00bb\/wp-content\/uploads\/sites\/14\/2020\/05\/xt400_series_datasheet_fra_lor1.pdf\u00a0\u00bb url_new_window=\u00a0\u00bbon\u00a0\u00bb disabled=\u00a0\u00bboff\u00a0\u00bb disabled_on=\u00a0\u00bboff|off|off\u00a0\u00bb button_text_size__hover_enabled=\u00a0\u00bboff\u00a0\u00bb button_text_size__hover=\u00a0\u00bbnull\u00a0\u00bb button_one_text_size__hover_enabled=\u00a0\u00bboff\u00a0\u00bb button_one_text_size__hover=\u00a0\u00bbnull\u00a0\u00bb button_two_text_size__hover_enabled=\u00a0\u00bboff\u00a0\u00bb button_two_text_size__hover=\u00a0\u00bbnull\u00a0\u00bb button_text_color__hover_enabled=\u00a0\u00bboff\u00a0\u00bb button_text_color__hover=\u00a0\u00bbnull\u00a0\u00bb button_one_text_color__hover_enabled=\u00a0\u00bboff\u00a0\u00bb button_one_text_color__hover=\u00a0\u00bbnull\u00a0\u00bb button_two_text_color__hover_enabled=\u00a0\u00bboff\u00a0\u00bb button_two_text_color__hover=\u00a0\u00bbnull\u00a0\u00bb button_border_width__hover_enabled=\u00a0\u00bboff\u00a0\u00bb button_border_width__hover=\u00a0\u00bbnull\u00a0\u00bb button_one_border_width__hover_enabled=\u00a0\u00bboff\u00a0\u00bb button_one_border_width__hover=\u00a0\u00bbnull\u00a0\u00bb button_two_border_width__hover_enabled=\u00a0\u00bboff\u00a0\u00bb button_two_border_width__hover=\u00a0\u00bbnull\u00a0\u00bb button_border_color__hover_enabled=\u00a0\u00bboff\u00a0\u00bb button_border_color__hover=\u00a0\u00bbnull\u00a0\u00bb button_one_border_color__hover_enabled=\u00a0\u00bboff\u00a0\u00bb button_one_border_color__hover=\u00a0\u00bbnull\u00a0\u00bb button_two_border_color__hover_enabled=\u00a0\u00bboff\u00a0\u00bb button_two_border_color__hover=\u00a0\u00bbnull\u00a0\u00bb button_border_radius__hover_enabled=\u00a0\u00bboff\u00a0\u00bb button_border_radius__hover=\u00a0\u00bbnull\u00a0\u00bb button_one_border_radius__hover_enabled=\u00a0\u00bboff\u00a0\u00bb button_one_border_radius__hover=\u00a0\u00bbnull\u00a0\u00bb button_two_border_radius__hover_enabled=\u00a0\u00bboff\u00a0\u00bb button_two_border_radius__hover=\u00a0\u00bbnull\u00a0\u00bb button_letter_spacing__hover_enabled=\u00a0\u00bboff\u00a0\u00bb button_letter_spacing__hover=\u00a0\u00bbnull\u00a0\u00bb button_one_letter_spacing__hover_enabled=\u00a0\u00bboff\u00a0\u00bb button_one_letter_spacing__hover=\u00a0\u00bbnull\u00a0\u00bb button_two_letter_spacing__hover_enabled=\u00a0\u00bboff\u00a0\u00bb button_two_letter_spacing__hover=\u00a0\u00bbnull\u00a0\u00bb button_bg_color__hover_enabled=\u00a0\u00bboff\u00a0\u00bb button_bg_color__hover=\u00a0\u00bbnull\u00a0\u00bb button_one_bg_color__hover_enabled=\u00a0\u00bboff\u00a0\u00bb button_one_bg_color__hover=\u00a0\u00bbnull\u00a0\u00bb button_two_bg_color__hover_enabled=\u00a0\u00bboff\u00a0\u00bb button_two_bg_color__hover=\u00a0\u00bbnull\u00a0\u00bb \/][\/et_pb_column][\/et_pb_row][\/et_pb_section]<\/p>\n","protected":false},"excerpt":{"rendered":"<p>GAMME DE RADIOS PROFESSIONNELLES SANS LICENCE XT400 Fabrication robuste pour am\u00e9liorer votre activit\u00e9 Offrez \u00e0 vos \u00e9quipes le moyen de communiquer plus rapidement. Les radios professionnelles de la gamme XT400 vous aident \u00e0 communiquer instantan\u00e9ment, sans manquer un seul signal. Les excellentes performances de la gamme de radios XT400 garantissent une qualit\u00e9 audio et une [&hellip;]<\/p>\n","protected":false},"author":2,"featured_media":0,"parent":0,"menu_order":360,"comment_status":"closed","ping_status":"closed","template":"page-template-blank.php","meta":{"_acf_changed":false,"_et_pb_use_builder":"on","_et_pb_old_content":"","_et_gb_content_width":"","footnotes":""},"class_list":["post-2052","page","type-page","status-publish","hentry"],"acf":[],"yoast_head":"<!-- This site is optimized with the Yoast SEO plugin v27.3 - https:\/\/yoast.com\/product\/yoast-seo-wordpress\/ -->\n<title>GAMME DE RADIOS PROFESSIONNELLES SANS LICENCE XT400 - Motorola Content Syndication<\/title>\n<meta name=\"robots\" content=\"index, follow, max-snippet:-1, max-image-preview:large, max-video-preview:-1\" \/>\n<link rel=\"canonical\" href=\"https:\/\/motocs.indzine.net\/fr\/gamme-de-radios-professionnelles-sans-licence-xt400\/\" \/>\n<meta property=\"og:locale\" content=\"fr_FR\" \/>\n<meta property=\"og:type\" content=\"article\" \/>\n<meta property=\"og:title\" content=\"GAMME DE RADIOS PROFESSIONNELLES SANS LICENCE XT400 - Motorola Content Syndication\" \/>\n<meta property=\"og:description\" content=\"GAMME DE RADIOS PROFESSIONNELLES SANS LICENCE XT400 Fabrication robuste pour am\u00e9liorer votre activit\u00e9 Offrez \u00e0 vos \u00e9quipes le moyen de communiquer plus rapidement. Les radios professionnelles de la gamme XT400 vous aident \u00e0 communiquer instantan\u00e9ment, sans manquer un seul signal. Les excellentes performances de la gamme de radios XT400 garantissent une qualit\u00e9 audio et une [&hellip;]\" \/>\n<meta property=\"og:url\" content=\"https:\/\/motocs.indzine.net\/fr\/gamme-de-radios-professionnelles-sans-licence-xt400\/\" \/>\n<meta property=\"og:site_name\" content=\"Motorola Content Syndication\" \/>\n<meta property=\"article:modified_time\" content=\"2020-05-01T12:30:39+00:00\" \/>\n<meta name=\"twitter:card\" content=\"summary_large_image\" \/>\n<meta name=\"twitter:label1\" content=\"Dur\u00e9e de lecture estim\u00e9e\" \/>\n\t<meta name=\"twitter:data1\" content=\"3 minutes\" \/>\n<script type=\"application\/ld+json\" class=\"yoast-schema-graph\">{\"@context\":\"https:\\\/\\\/schema.org\",\"@graph\":[{\"@type\":\"WebPage\",\"@id\":\"https:\\\/\\\/motocs.indzine.net\\\/fr\\\/gamme-de-radios-professionnelles-sans-licence-xt400\\\/\",\"url\":\"https:\\\/\\\/motocs.indzine.net\\\/fr\\\/gamme-de-radios-professionnelles-sans-licence-xt400\\\/\",\"name\":\"GAMME DE RADIOS PROFESSIONNELLES SANS LICENCE XT400 - Motorola Content Syndication\",\"isPartOf\":{\"@id\":\"https:\\\/\\\/motocs.indzine.net\\\/fr\\\/#website\"},\"datePublished\":\"2020-05-01T12:30:38+00:00\",\"dateModified\":\"2020-05-01T12:30:39+00:00\",\"breadcrumb\":{\"@id\":\"https:\\\/\\\/motocs.indzine.net\\\/fr\\\/gamme-de-radios-professionnelles-sans-licence-xt400\\\/#breadcrumb\"},\"inLanguage\":\"fr-FR\",\"potentialAction\":[{\"@type\":\"ReadAction\",\"target\":[\"https:\\\/\\\/motocs.indzine.net\\\/fr\\\/gamme-de-radios-professionnelles-sans-licence-xt400\\\/\"]}]},{\"@type\":\"BreadcrumbList\",\"@id\":\"https:\\\/\\\/motocs.indzine.net\\\/fr\\\/gamme-de-radios-professionnelles-sans-licence-xt400\\\/#breadcrumb\",\"itemListElement\":[{\"@type\":\"ListItem\",\"position\":1,\"name\":\"Home\",\"item\":\"https:\\\/\\\/motocs.indzine.net\\\/fr\\\/\"},{\"@type\":\"ListItem\",\"position\":2,\"name\":\"GAMME DE RADIOS PROFESSIONNELLES SANS LICENCE XT400\"}]},{\"@type\":\"WebSite\",\"@id\":\"https:\\\/\\\/motocs.indzine.net\\\/fr\\\/#website\",\"url\":\"https:\\\/\\\/motocs.indzine.net\\\/fr\\\/\",\"name\":\"Motorola Content Syndication\",\"description\":\"Motorola Website Starters site\",\"potentialAction\":[{\"@type\":\"SearchAction\",\"target\":{\"@type\":\"EntryPoint\",\"urlTemplate\":\"https:\\\/\\\/motocs.indzine.net\\\/fr\\\/?s={search_term_string}\"},\"query-input\":{\"@type\":\"PropertyValueSpecification\",\"valueRequired\":true,\"valueName\":\"search_term_string\"}}],\"inLanguage\":\"fr-FR\"}]}<\/script>\n<!-- \/ Yoast SEO plugin. -->","yoast_head_json":{"title":"GAMME DE RADIOS PROFESSIONNELLES SANS LICENCE XT400 - Motorola Content Syndication","robots":{"index":"index","follow":"follow","max-snippet":"max-snippet:-1","max-image-preview":"max-image-preview:large","max-video-preview":"max-video-preview:-1"},"canonical":"https:\/\/motocs.indzine.net\/fr\/gamme-de-radios-professionnelles-sans-licence-xt400\/","og_locale":"fr_FR","og_type":"article","og_title":"GAMME DE RADIOS PROFESSIONNELLES SANS LICENCE XT400 - Motorola Content Syndication","og_description":"GAMME DE RADIOS PROFESSIONNELLES SANS LICENCE XT400 Fabrication robuste pour am\u00e9liorer votre activit\u00e9 Offrez \u00e0 vos \u00e9quipes le moyen de communiquer plus rapidement. Les radios professionnelles de la gamme XT400 vous aident \u00e0 communiquer instantan\u00e9ment, sans manquer un seul signal. Les excellentes performances de la gamme de radios XT400 garantissent une qualit\u00e9 audio et une [&hellip;]","og_url":"https:\/\/motocs.indzine.net\/fr\/gamme-de-radios-professionnelles-sans-licence-xt400\/","og_site_name":"Motorola Content Syndication","article_modified_time":"2020-05-01T12:30:39+00:00","twitter_card":"summary_large_image","twitter_misc":{"Dur\u00e9e de lecture estim\u00e9e":"3 minutes"},"schema":{"@context":"https:\/\/schema.org","@graph":[{"@type":"WebPage","@id":"https:\/\/motocs.indzine.net\/fr\/gamme-de-radios-professionnelles-sans-licence-xt400\/","url":"https:\/\/motocs.indzine.net\/fr\/gamme-de-radios-professionnelles-sans-licence-xt400\/","name":"GAMME DE RADIOS PROFESSIONNELLES SANS LICENCE XT400 - Motorola Content Syndication","isPartOf":{"@id":"https:\/\/motocs.indzine.net\/fr\/#website"},"datePublished":"2020-05-01T12:30:38+00:00","dateModified":"2020-05-01T12:30:39+00:00","breadcrumb":{"@id":"https:\/\/motocs.indzine.net\/fr\/gamme-de-radios-professionnelles-sans-licence-xt400\/#breadcrumb"},"inLanguage":"fr-FR","potentialAction":[{"@type":"ReadAction","target":["https:\/\/motocs.indzine.net\/fr\/gamme-de-radios-professionnelles-sans-licence-xt400\/"]}]},{"@type":"BreadcrumbList","@id":"https:\/\/motocs.indzine.net\/fr\/gamme-de-radios-professionnelles-sans-licence-xt400\/#breadcrumb","itemListElement":[{"@type":"ListItem","position":1,"name":"Home","item":"https:\/\/motocs.indzine.net\/fr\/"},{"@type":"ListItem","position":2,"name":"GAMME DE RADIOS PROFESSIONNELLES SANS LICENCE XT400"}]},{"@type":"WebSite","@id":"https:\/\/motocs.indzine.net\/fr\/#website","url":"https:\/\/motocs.indzine.net\/fr\/","name":"Motorola Content Syndication","description":"Motorola Website Starters site","potentialAction":[{"@type":"SearchAction","target":{"@type":"EntryPoint","urlTemplate":"https:\/\/motocs.indzine.net\/fr\/?s={search_term_string}"},"query-input":{"@type":"PropertyValueSpecification","valueRequired":true,"valueName":"search_term_string"}}],"inLanguage":"fr-FR"}]}},"_links":{"self":[{"href":"https:\/\/motocs.indzine.net\/fr\/wp-json\/wp\/v2\/pages\/2052","targetHints":{"allow":["GET"]}}],"collection":[{"href":"https:\/\/motocs.indzine.net\/fr\/wp-json\/wp\/v2\/pages"}],"about":[{"href":"https:\/\/motocs.indzine.net\/fr\/wp-json\/wp\/v2\/types\/page"}],"author":[{"embeddable":true,"href":"https:\/\/motocs.indzine.net\/fr\/wp-json\/wp\/v2\/users\/2"}],"replies":[{"embeddable":true,"href":"https:\/\/motocs.indzine.net\/fr\/wp-json\/wp\/v2\/comments?post=2052"}],"version-history":[{"count":0,"href":"https:\/\/motocs.indzine.net\/fr\/wp-json\/wp\/v2\/pages\/2052\/revisions"}],"wp:attachment":[{"href":"https:\/\/motocs.indzine.net\/fr\/wp-json\/wp\/v2\/media?parent=2052"}],"curies":[{"name":"wp","href":"https:\/\/api.w.org\/{rel}","templated":true}]}}