{"id":2059,"date":"2020-05-01T13:33:12","date_gmt":"2020-05-01T12:33:12","guid":{"rendered":"https:\/\/motocs.indzine.net\/xt420-talkie-walkie-pmr446\/"},"modified":"2020-05-01T13:33:13","modified_gmt":"2020-05-01T12:33:13","slug":"xt420-talkie-walkie-pmr446","status":"publish","type":"page","link":"https:\/\/motocs.indzine.net\/fr\/xt420-talkie-walkie-pmr446\/","title":{"rendered":"XT420 TALKIE WALKIE PMR446"},"content":{"rendered":"<p>[et_pb_section bb_built=\u00a0\u00bb1&Prime; _builder_version=\u00a0\u00bb3.3.1&Prime;][et_pb_row _builder_version=\u00a0\u00bb3.3.1&Prime;][et_pb_column type=\u00a0\u00bb4_4&Prime;][et_pb_ds_breadcrumbs _builder_version=\u00a0\u00bb3.3.1&Prime; \/][et_pb_text _builder_version=\u00a0\u00bb3.3.1&Prime; custom_margin=\u00a0\u00bb||0px|\u00a0\u00bb custom_padding=\u00a0\u00bb||0px|\u00a0\u00bb]<\/p>\n<h1>XT420\u00a0TALKIE WALKIE PMR446<\/h1>\n<p>[\/et_pb_text][et_pb_divider _builder_version=\u00a0\u00bb3.3.1&Prime; color=\u00a0\u00bb#cccccc\u00a0\u00bb height=\u00a0\u00bb5px\u00a0\u00bb custom_margin=\u00a0\u00bb0px||0px|\u00a0\u00bb custom_padding=\u00a0\u00bb0px||0px|\u00a0\u00bb \/][\/et_pb_column][\/et_pb_row][et_pb_row _builder_version=\u00a0\u00bb3.3.1&Prime; custom_margin=\u00a0\u00bb0px|||\u00a0\u00bb custom_padding=\u00a0\u00bb0px|||\u00a0\u00bb][et_pb_column type=\u00a0\u00bb1_3&Prime;][et_pb_image _builder_version=\u00a0\u00bb3.3.1&Prime; src=\u00a0\u00bbhttps:\/\/motocs.indzine.net\/wp-content\/uploads\/sites\/14\/2018\/06\/XT420-Business-Two-Way.jpg\u00a0\u00bb \/][\/et_pb_column][et_pb_column type=\u00a0\u00bb2_3&Prime;][et_pb_text _builder_version=\u00a0\u00bb3.3.1&Prime;]<\/p>\n<h2>Conception robuste pour de meilleurs r\u00e9sultats<\/h2>\n<div class=\"ms-column ie-5 medium-5 large-5\">\n<div>\n<div class=\"richtexteditor parbase section\">\n<p>Am\u00e9liorez les communications de votre \u00e9quipe. L&rsquo;\u00e9metteur-r\u00e9cepteur radio professionnel de terrain XT420 vous garantit des communications instantan\u00e9es sans jamais devoir interrompre votre activit\u00e9. Les excellentes performances du XT420 garantissent une qualit\u00e9 audio et une dur\u00e9e de vie exceptionnelles m\u00eame avec une utilisation intensive dans des environnements extr\u00eamement bruyants.<\/p>\n<p>L&rsquo;\u00e9metteur-r\u00e9cepteur\u00a0XT420 fonctionne sans aucun frais d&rsquo;abonnement ou d&rsquo;appel sur des fr\u00e9quences sans licence\u00a0PMR446. Il offre 8\u00a0canaux et 219\u00a0codes de confidentialit\u00e9 au choix de l&rsquo;utilisateur garantissant un signal clair.<\/p>\n<p>La qualit\u00e9 audio sup\u00e9rieure, la conception robuste et le logiciel de programmation\u00a0HTML client polyvalent font de cette radio le choix id\u00e9al pour r\u00e9pondre \u00e0 tous vos besoins professionnels sur site. Les fonctions avanc\u00e9es, comme l&rsquo;annonce des canaux, vous permettent de garder les mains libres et de vous concentrer sur votre travail.<\/p>\n<p>L&rsquo;\u00e9metteur-r\u00e9cepteur radio XT420 est con\u00e7u pour durer, que vous l&rsquo;utilisiez pour coordonner les ressources sur un chantier ou dans une cha\u00eene de fabrication. Optimisez la puissance de votre radio de la s\u00e9rie XT400 gr\u00e2ce \u00e0 des accessoires confortables, durables et discrets.<\/p>\n<\/div>\n<\/div>\n<\/div>\n<div class=\"ms-overview-btns ms-column ie-3 medium-3 large-3\">\n<div class=\"ms-overview-btn-links\">\n<div><\/div>\n<\/div>\n<\/div>\n<p>[\/et_pb_text][et_pb_button _builder_version=\u00a0\u00bb3.3.1&Prime; button_text=\u00a0\u00bbSP\u00c9CIFICATIONS\u00a0\u00bb button_alignment=\u00a0\u00bbleft\u00a0\u00bb background_layout=\u00a0\u00bbdark\u00a0\u00bb custom_button=\u00a0\u00bbon\u00a0\u00bb button_text_color=\u00a0\u00bb#ffffff\u00a0\u00bb button_bg_color=\u00a0\u00bb#006acd\u00a0\u00bb button_url=\u00a0\u00bb\/wp-content\/uploads\/sites\/14\/2020\/05\/en_xt400_series_product_specsheet1.pdf\u00a0\u00bb url_new_window=\u00a0\u00bbon\u00a0\u00bb disabled=\u00a0\u00bboff\u00a0\u00bb disabled_on=\u00a0\u00bboff|off|off\u00a0\u00bb \/][\/et_pb_column][\/et_pb_row][\/et_pb_section]<\/p>\n","protected":false},"excerpt":{"rendered":"<p>XT420\u00a0TALKIE WALKIE PMR446 Conception robuste pour de meilleurs r\u00e9sultats Am\u00e9liorez les communications de votre \u00e9quipe. L&rsquo;\u00e9metteur-r\u00e9cepteur radio professionnel de terrain XT420 vous garantit des communications instantan\u00e9es sans jamais devoir interrompre votre activit\u00e9. Les excellentes performances du XT420 garantissent une qualit\u00e9 audio et une dur\u00e9e de vie exceptionnelles m\u00eame avec une utilisation intensive dans des environnements [&hellip;]<\/p>\n","protected":false},"author":2,"featured_media":0,"parent":0,"menu_order":360,"comment_status":"closed","ping_status":"closed","template":"page-template-blank.php","meta":{"_acf_changed":false,"_et_pb_use_builder":"on","_et_pb_old_content":"","_et_gb_content_width":"","footnotes":""},"class_list":["post-2059","page","type-page","status-publish","hentry"],"acf":[],"yoast_head":"<!-- This site is optimized with the Yoast SEO plugin v27.3 - https:\/\/yoast.com\/product\/yoast-seo-wordpress\/ -->\n<title>XT420 TALKIE WALKIE PMR446 - Motorola Content Syndication<\/title>\n<meta name=\"robots\" content=\"index, follow, max-snippet:-1, max-image-preview:large, max-video-preview:-1\" \/>\n<link rel=\"canonical\" href=\"https:\/\/motocs.indzine.net\/fr\/xt420-talkie-walkie-pmr446\/\" \/>\n<meta property=\"og:locale\" content=\"fr_FR\" \/>\n<meta property=\"og:type\" content=\"article\" \/>\n<meta property=\"og:title\" content=\"XT420 TALKIE WALKIE PMR446 - Motorola Content Syndication\" \/>\n<meta property=\"og:description\" content=\"XT420\u00a0TALKIE WALKIE PMR446 Conception robuste pour de meilleurs r\u00e9sultats Am\u00e9liorez les communications de votre \u00e9quipe. L&#039;\u00e9metteur-r\u00e9cepteur radio professionnel de terrain XT420 vous garantit des communications instantan\u00e9es sans jamais devoir interrompre votre activit\u00e9. Les excellentes performances du XT420 garantissent une qualit\u00e9 audio et une dur\u00e9e de vie exceptionnelles m\u00eame avec une utilisation intensive dans des environnements [&hellip;]\" \/>\n<meta property=\"og:url\" content=\"https:\/\/motocs.indzine.net\/fr\/xt420-talkie-walkie-pmr446\/\" \/>\n<meta property=\"og:site_name\" content=\"Motorola Content Syndication\" \/>\n<meta property=\"article:modified_time\" content=\"2020-05-01T12:33:13+00:00\" \/>\n<meta name=\"twitter:card\" content=\"summary_large_image\" \/>\n<meta name=\"twitter:label1\" content=\"Dur\u00e9e de lecture estim\u00e9e\" \/>\n\t<meta name=\"twitter:data1\" content=\"2 minutes\" \/>\n<script type=\"application\/ld+json\" class=\"yoast-schema-graph\">{\"@context\":\"https:\\\/\\\/schema.org\",\"@graph\":[{\"@type\":\"WebPage\",\"@id\":\"https:\\\/\\\/motocs.indzine.net\\\/fr\\\/xt420-talkie-walkie-pmr446\\\/\",\"url\":\"https:\\\/\\\/motocs.indzine.net\\\/fr\\\/xt420-talkie-walkie-pmr446\\\/\",\"name\":\"XT420 TALKIE WALKIE PMR446 - Motorola Content Syndication\",\"isPartOf\":{\"@id\":\"https:\\\/\\\/motocs.indzine.net\\\/fr\\\/#website\"},\"datePublished\":\"2020-05-01T12:33:12+00:00\",\"dateModified\":\"2020-05-01T12:33:13+00:00\",\"breadcrumb\":{\"@id\":\"https:\\\/\\\/motocs.indzine.net\\\/fr\\\/xt420-talkie-walkie-pmr446\\\/#breadcrumb\"},\"inLanguage\":\"fr-FR\",\"potentialAction\":[{\"@type\":\"ReadAction\",\"target\":[\"https:\\\/\\\/motocs.indzine.net\\\/fr\\\/xt420-talkie-walkie-pmr446\\\/\"]}]},{\"@type\":\"BreadcrumbList\",\"@id\":\"https:\\\/\\\/motocs.indzine.net\\\/fr\\\/xt420-talkie-walkie-pmr446\\\/#breadcrumb\",\"itemListElement\":[{\"@type\":\"ListItem\",\"position\":1,\"name\":\"Home\",\"item\":\"https:\\\/\\\/motocs.indzine.net\\\/fr\\\/\"},{\"@type\":\"ListItem\",\"position\":2,\"name\":\"XT420 TALKIE WALKIE PMR446\"}]},{\"@type\":\"WebSite\",\"@id\":\"https:\\\/\\\/motocs.indzine.net\\\/fr\\\/#website\",\"url\":\"https:\\\/\\\/motocs.indzine.net\\\/fr\\\/\",\"name\":\"Motorola Content Syndication\",\"description\":\"Motorola Website Starters site\",\"potentialAction\":[{\"@type\":\"SearchAction\",\"target\":{\"@type\":\"EntryPoint\",\"urlTemplate\":\"https:\\\/\\\/motocs.indzine.net\\\/fr\\\/?s={search_term_string}\"},\"query-input\":{\"@type\":\"PropertyValueSpecification\",\"valueRequired\":true,\"valueName\":\"search_term_string\"}}],\"inLanguage\":\"fr-FR\"}]}<\/script>\n<!-- \/ Yoast SEO plugin. -->","yoast_head_json":{"title":"XT420 TALKIE WALKIE PMR446 - Motorola Content Syndication","robots":{"index":"index","follow":"follow","max-snippet":"max-snippet:-1","max-image-preview":"max-image-preview:large","max-video-preview":"max-video-preview:-1"},"canonical":"https:\/\/motocs.indzine.net\/fr\/xt420-talkie-walkie-pmr446\/","og_locale":"fr_FR","og_type":"article","og_title":"XT420 TALKIE WALKIE PMR446 - Motorola Content Syndication","og_description":"XT420\u00a0TALKIE WALKIE PMR446 Conception robuste pour de meilleurs r\u00e9sultats Am\u00e9liorez les communications de votre \u00e9quipe. L'\u00e9metteur-r\u00e9cepteur radio professionnel de terrain XT420 vous garantit des communications instantan\u00e9es sans jamais devoir interrompre votre activit\u00e9. Les excellentes performances du XT420 garantissent une qualit\u00e9 audio et une dur\u00e9e de vie exceptionnelles m\u00eame avec une utilisation intensive dans des environnements [&hellip;]","og_url":"https:\/\/motocs.indzine.net\/fr\/xt420-talkie-walkie-pmr446\/","og_site_name":"Motorola Content Syndication","article_modified_time":"2020-05-01T12:33:13+00:00","twitter_card":"summary_large_image","twitter_misc":{"Dur\u00e9e de lecture estim\u00e9e":"2 minutes"},"schema":{"@context":"https:\/\/schema.org","@graph":[{"@type":"WebPage","@id":"https:\/\/motocs.indzine.net\/fr\/xt420-talkie-walkie-pmr446\/","url":"https:\/\/motocs.indzine.net\/fr\/xt420-talkie-walkie-pmr446\/","name":"XT420 TALKIE WALKIE PMR446 - Motorola Content Syndication","isPartOf":{"@id":"https:\/\/motocs.indzine.net\/fr\/#website"},"datePublished":"2020-05-01T12:33:12+00:00","dateModified":"2020-05-01T12:33:13+00:00","breadcrumb":{"@id":"https:\/\/motocs.indzine.net\/fr\/xt420-talkie-walkie-pmr446\/#breadcrumb"},"inLanguage":"fr-FR","potentialAction":[{"@type":"ReadAction","target":["https:\/\/motocs.indzine.net\/fr\/xt420-talkie-walkie-pmr446\/"]}]},{"@type":"BreadcrumbList","@id":"https:\/\/motocs.indzine.net\/fr\/xt420-talkie-walkie-pmr446\/#breadcrumb","itemListElement":[{"@type":"ListItem","position":1,"name":"Home","item":"https:\/\/motocs.indzine.net\/fr\/"},{"@type":"ListItem","position":2,"name":"XT420 TALKIE WALKIE PMR446"}]},{"@type":"WebSite","@id":"https:\/\/motocs.indzine.net\/fr\/#website","url":"https:\/\/motocs.indzine.net\/fr\/","name":"Motorola Content Syndication","description":"Motorola Website Starters site","potentialAction":[{"@type":"SearchAction","target":{"@type":"EntryPoint","urlTemplate":"https:\/\/motocs.indzine.net\/fr\/?s={search_term_string}"},"query-input":{"@type":"PropertyValueSpecification","valueRequired":true,"valueName":"search_term_string"}}],"inLanguage":"fr-FR"}]}},"_links":{"self":[{"href":"https:\/\/motocs.indzine.net\/fr\/wp-json\/wp\/v2\/pages\/2059","targetHints":{"allow":["GET"]}}],"collection":[{"href":"https:\/\/motocs.indzine.net\/fr\/wp-json\/wp\/v2\/pages"}],"about":[{"href":"https:\/\/motocs.indzine.net\/fr\/wp-json\/wp\/v2\/types\/page"}],"author":[{"embeddable":true,"href":"https:\/\/motocs.indzine.net\/fr\/wp-json\/wp\/v2\/users\/2"}],"replies":[{"embeddable":true,"href":"https:\/\/motocs.indzine.net\/fr\/wp-json\/wp\/v2\/comments?post=2059"}],"version-history":[{"count":0,"href":"https:\/\/motocs.indzine.net\/fr\/wp-json\/wp\/v2\/pages\/2059\/revisions"}],"wp:attachment":[{"href":"https:\/\/motocs.indzine.net\/fr\/wp-json\/wp\/v2\/media?parent=2059"}],"curies":[{"name":"wp","href":"https:\/\/api.w.org\/{rel}","templated":true}]}}