{"id":2066,"date":"2020-05-01T13:36:19","date_gmt":"2020-05-01T12:36:19","guid":{"rendered":"https:\/\/motocs.indzine.net\/xt460-talkie-walkie-professionnel\/"},"modified":"2020-05-01T13:36:20","modified_gmt":"2020-05-01T12:36:20","slug":"xt460-talkie-walkie-professionnel","status":"publish","type":"page","link":"https:\/\/motocs.indzine.net\/fr\/xt460-talkie-walkie-professionnel\/","title":{"rendered":"XT460 TALKIE WALKIE PROFESSIONNEL"},"content":{"rendered":"<p>[et_pb_section bb_built=\u00a0\u00bb1&Prime; _builder_version=\u00a0\u00bb3.3.1&Prime;][et_pb_row _builder_version=\u00a0\u00bb3.3.1&Prime;][et_pb_column type=\u00a0\u00bb4_4&Prime;][et_pb_ds_breadcrumbs _builder_version=\u00a0\u00bb3.3.1&Prime; \/][et_pb_text _builder_version=\u00a0\u00bb3.3.1&Prime; custom_margin=\u00a0\u00bb||0px|\u00a0\u00bb custom_padding=\u00a0\u00bb||0px|\u00a0\u00bb]<\/p>\n<h1>XT460 TALKIE WALKIE PROFESSIONNEL<\/h1>\n<p>[\/et_pb_text][et_pb_divider _builder_version=\u00a0\u00bb3.3.1&Prime; color=\u00a0\u00bb#cccccc\u00a0\u00bb height=\u00a0\u00bb5px\u00a0\u00bb custom_margin=\u00a0\u00bb0px||0px|\u00a0\u00bb custom_padding=\u00a0\u00bb0px||0px|\u00a0\u00bb \/][\/et_pb_column][\/et_pb_row][et_pb_row _builder_version=\u00a0\u00bb3.3.1&Prime; custom_margin=\u00a0\u00bb0px|||\u00a0\u00bb custom_padding=\u00a0\u00bb0px|||\u00a0\u00bb][et_pb_column type=\u00a0\u00bb1_3&Prime;][et_pb_image _builder_version=\u00a0\u00bb3.3.1&Prime; src=\u00a0\u00bbhttps:\/\/motocs.indzine.net\/wp-content\/uploads\/sites\/14\/2018\/06\/XT460-Business-Two-Way.jpg\u00a0\u00bb \/][\/et_pb_column][et_pb_column type=\u00a0\u00bb2_3&Prime;][et_pb_text _builder_version=\u00a0\u00bb3.3.1&Prime;]<\/p>\n<h4>La qualit\u00e9 professionnelle sans licence<\/h4>\n<div class=\"ms-column ie-5 medium-5 large-5\">\n<div>\n<div class=\"richtexteditor parbase section\">Am\u00e9liorez les communications de votre \u00e9quipe. L&rsquo;\u00e9metteur-r\u00e9cepteur radio professionnel sur site XT460 vous garantit des communications instantan\u00e9es sans jamais devoir interrompre votre activit\u00e9. Les excellentes performances du XT460 garantissent une qualit\u00e9 audio et une dur\u00e9e de vie exceptionnelles, m\u00eame avec une utilisation intensive dans des environnements extr\u00eamement bruyants.<\/p>\n<p>L&rsquo;\u00e9metteur-r\u00e9cepteur\u00a0XT460 fonctionne sans aucun frais d&rsquo;abonnement ou d&rsquo;appel sur des fr\u00e9quences sans licence\u00a0PMR446. Il offre 8\u00a0canaux et 219\u00a0codes de confidentialit\u00e9 au choix de l&rsquo;utilisateur garantissant un signal clair.<\/p>\n<p>Un \u00e9cran facile \u00e0 lire et quatre boutons programmables permettent d&rsquo;acc\u00e9der facilement \u00e0 diff\u00e9rentes fonctionnalit\u00e9s. La qualit\u00e9 audio sup\u00e9rieure, la conception robuste et le logiciel de programmation\u00a0HTML client polyvalent font de cette radio le choix id\u00e9al pour r\u00e9pondre \u00e0 tous vos besoins professionnels sur site.<\/p>\n<p>L&rsquo;\u00e9metteur-r\u00e9cepteur radio XT460 est con\u00e7u pour durer, que vous l&rsquo;utilisiez pour coordonner les ressources sur un chantier ou dans une cha\u00eene de fabrication. Optimisez la puissance de votre radio de la s\u00e9rie XT400 gr\u00e2ce \u00e0 des accessoires confortables, durables et discrets.<\/p><\/div>\n<\/div>\n<\/div>\n<p>[\/et_pb_text][et_pb_button _builder_version=\u00a0\u00bb3.3.1&Prime; button_text=\u00a0\u00bbGUIDE UTILISATEUR\u00a0\u00bb button_alignment=\u00a0\u00bbleft\u00a0\u00bb background_layout=\u00a0\u00bbdark\u00a0\u00bb custom_button=\u00a0\u00bbon\u00a0\u00bb button_text_color=\u00a0\u00bb#ffffff\u00a0\u00bb button_bg_color=\u00a0\u00bb#006acd\u00a0\u00bb button_url=\u00a0\u00bb\/wp-content\/uploads\/sites\/14\/2020\/05\/xt460_quick_start_guide_680120090021.pdf\u00a0\u00bb url_new_window=\u00a0\u00bbon\u00a0\u00bb disabled=\u00a0\u00bboff\u00a0\u00bb disabled_on=\u00a0\u00bboff|off|off\u00a0\u00bb \/][\/et_pb_column][\/et_pb_row][\/et_pb_section]<\/p>\n","protected":false},"excerpt":{"rendered":"<p>XT460 TALKIE WALKIE PROFESSIONNEL La qualit\u00e9 professionnelle sans licence Am\u00e9liorez les communications de votre \u00e9quipe. L&rsquo;\u00e9metteur-r\u00e9cepteur radio professionnel sur site XT460 vous garantit des communications instantan\u00e9es sans jamais devoir interrompre votre activit\u00e9. Les excellentes performances du XT460 garantissent une qualit\u00e9 audio et une dur\u00e9e de vie exceptionnelles, m\u00eame avec une utilisation intensive dans des environnements [&hellip;]<\/p>\n","protected":false},"author":2,"featured_media":0,"parent":0,"menu_order":370,"comment_status":"closed","ping_status":"closed","template":"page-template-blank.php","meta":{"_acf_changed":false,"_et_pb_use_builder":"on","_et_pb_old_content":"","_et_gb_content_width":"","footnotes":""},"class_list":["post-2066","page","type-page","status-publish","hentry"],"acf":[],"yoast_head":"<!-- This site is optimized with the Yoast SEO plugin v26.9 - https:\/\/yoast.com\/product\/yoast-seo-wordpress\/ -->\n<title>XT460 TALKIE WALKIE PROFESSIONNEL - Motorola Content Syndication<\/title>\n<meta name=\"robots\" content=\"index, follow, max-snippet:-1, max-image-preview:large, max-video-preview:-1\" \/>\n<link rel=\"canonical\" href=\"https:\/\/motocs.indzine.net\/fr\/xt460-talkie-walkie-professionnel\/\" \/>\n<meta property=\"og:locale\" content=\"fr_FR\" \/>\n<meta property=\"og:type\" content=\"article\" \/>\n<meta property=\"og:title\" content=\"XT460 TALKIE WALKIE PROFESSIONNEL - Motorola Content Syndication\" \/>\n<meta property=\"og:description\" content=\"XT460 TALKIE WALKIE PROFESSIONNEL La qualit\u00e9 professionnelle sans licence Am\u00e9liorez les communications de votre \u00e9quipe. L&#039;\u00e9metteur-r\u00e9cepteur radio professionnel sur site XT460 vous garantit des communications instantan\u00e9es sans jamais devoir interrompre votre activit\u00e9. Les excellentes performances du XT460 garantissent une qualit\u00e9 audio et une dur\u00e9e de vie exceptionnelles, m\u00eame avec une utilisation intensive dans des environnements [&hellip;]\" \/>\n<meta property=\"og:url\" content=\"https:\/\/motocs.indzine.net\/fr\/xt460-talkie-walkie-professionnel\/\" \/>\n<meta property=\"og:site_name\" content=\"Motorola Content Syndication\" \/>\n<meta property=\"article:modified_time\" content=\"2020-05-01T12:36:20+00:00\" \/>\n<meta name=\"twitter:card\" content=\"summary_large_image\" \/>\n<meta name=\"twitter:label1\" content=\"Dur\u00e9e de lecture estim\u00e9e\" \/>\n\t<meta name=\"twitter:data1\" content=\"2 minutes\" \/>\n<script type=\"application\/ld+json\" class=\"yoast-schema-graph\">{\"@context\":\"https:\/\/schema.org\",\"@graph\":[{\"@type\":\"WebPage\",\"@id\":\"https:\/\/motocs.indzine.net\/fr\/xt460-talkie-walkie-professionnel\/\",\"url\":\"https:\/\/motocs.indzine.net\/fr\/xt460-talkie-walkie-professionnel\/\",\"name\":\"XT460 TALKIE WALKIE PROFESSIONNEL - Motorola Content Syndication\",\"isPartOf\":{\"@id\":\"https:\/\/motocs.indzine.net\/fr\/#website\"},\"datePublished\":\"2020-05-01T12:36:19+00:00\",\"dateModified\":\"2020-05-01T12:36:20+00:00\",\"breadcrumb\":{\"@id\":\"https:\/\/motocs.indzine.net\/fr\/xt460-talkie-walkie-professionnel\/#breadcrumb\"},\"inLanguage\":\"fr-FR\",\"potentialAction\":[{\"@type\":\"ReadAction\",\"target\":[\"https:\/\/motocs.indzine.net\/fr\/xt460-talkie-walkie-professionnel\/\"]}]},{\"@type\":\"BreadcrumbList\",\"@id\":\"https:\/\/motocs.indzine.net\/fr\/xt460-talkie-walkie-professionnel\/#breadcrumb\",\"itemListElement\":[{\"@type\":\"ListItem\",\"position\":1,\"name\":\"Home\",\"item\":\"https:\/\/motocs.indzine.net\/fr\/\"},{\"@type\":\"ListItem\",\"position\":2,\"name\":\"XT460 TALKIE WALKIE PROFESSIONNEL\"}]},{\"@type\":\"WebSite\",\"@id\":\"https:\/\/motocs.indzine.net\/fr\/#website\",\"url\":\"https:\/\/motocs.indzine.net\/fr\/\",\"name\":\"Motorola Content Syndication\",\"description\":\"Motorola Website Starters site\",\"potentialAction\":[{\"@type\":\"SearchAction\",\"target\":{\"@type\":\"EntryPoint\",\"urlTemplate\":\"https:\/\/motocs.indzine.net\/fr\/?s={search_term_string}\"},\"query-input\":{\"@type\":\"PropertyValueSpecification\",\"valueRequired\":true,\"valueName\":\"search_term_string\"}}],\"inLanguage\":\"fr-FR\"}]}<\/script>\n<!-- \/ Yoast SEO plugin. -->","yoast_head_json":{"title":"XT460 TALKIE WALKIE PROFESSIONNEL - Motorola Content Syndication","robots":{"index":"index","follow":"follow","max-snippet":"max-snippet:-1","max-image-preview":"max-image-preview:large","max-video-preview":"max-video-preview:-1"},"canonical":"https:\/\/motocs.indzine.net\/fr\/xt460-talkie-walkie-professionnel\/","og_locale":"fr_FR","og_type":"article","og_title":"XT460 TALKIE WALKIE PROFESSIONNEL - Motorola Content Syndication","og_description":"XT460 TALKIE WALKIE PROFESSIONNEL La qualit\u00e9 professionnelle sans licence Am\u00e9liorez les communications de votre \u00e9quipe. L'\u00e9metteur-r\u00e9cepteur radio professionnel sur site XT460 vous garantit des communications instantan\u00e9es sans jamais devoir interrompre votre activit\u00e9. Les excellentes performances du XT460 garantissent une qualit\u00e9 audio et une dur\u00e9e de vie exceptionnelles, m\u00eame avec une utilisation intensive dans des environnements [&hellip;]","og_url":"https:\/\/motocs.indzine.net\/fr\/xt460-talkie-walkie-professionnel\/","og_site_name":"Motorola Content Syndication","article_modified_time":"2020-05-01T12:36:20+00:00","twitter_card":"summary_large_image","twitter_misc":{"Dur\u00e9e de lecture estim\u00e9e":"2 minutes"},"schema":{"@context":"https:\/\/schema.org","@graph":[{"@type":"WebPage","@id":"https:\/\/motocs.indzine.net\/fr\/xt460-talkie-walkie-professionnel\/","url":"https:\/\/motocs.indzine.net\/fr\/xt460-talkie-walkie-professionnel\/","name":"XT460 TALKIE WALKIE PROFESSIONNEL - Motorola Content Syndication","isPartOf":{"@id":"https:\/\/motocs.indzine.net\/fr\/#website"},"datePublished":"2020-05-01T12:36:19+00:00","dateModified":"2020-05-01T12:36:20+00:00","breadcrumb":{"@id":"https:\/\/motocs.indzine.net\/fr\/xt460-talkie-walkie-professionnel\/#breadcrumb"},"inLanguage":"fr-FR","potentialAction":[{"@type":"ReadAction","target":["https:\/\/motocs.indzine.net\/fr\/xt460-talkie-walkie-professionnel\/"]}]},{"@type":"BreadcrumbList","@id":"https:\/\/motocs.indzine.net\/fr\/xt460-talkie-walkie-professionnel\/#breadcrumb","itemListElement":[{"@type":"ListItem","position":1,"name":"Home","item":"https:\/\/motocs.indzine.net\/fr\/"},{"@type":"ListItem","position":2,"name":"XT460 TALKIE WALKIE PROFESSIONNEL"}]},{"@type":"WebSite","@id":"https:\/\/motocs.indzine.net\/fr\/#website","url":"https:\/\/motocs.indzine.net\/fr\/","name":"Motorola Content Syndication","description":"Motorola Website Starters site","potentialAction":[{"@type":"SearchAction","target":{"@type":"EntryPoint","urlTemplate":"https:\/\/motocs.indzine.net\/fr\/?s={search_term_string}"},"query-input":{"@type":"PropertyValueSpecification","valueRequired":true,"valueName":"search_term_string"}}],"inLanguage":"fr-FR"}]}},"_links":{"self":[{"href":"https:\/\/motocs.indzine.net\/fr\/wp-json\/wp\/v2\/pages\/2066","targetHints":{"allow":["GET"]}}],"collection":[{"href":"https:\/\/motocs.indzine.net\/fr\/wp-json\/wp\/v2\/pages"}],"about":[{"href":"https:\/\/motocs.indzine.net\/fr\/wp-json\/wp\/v2\/types\/page"}],"author":[{"embeddable":true,"href":"https:\/\/motocs.indzine.net\/fr\/wp-json\/wp\/v2\/users\/2"}],"replies":[{"embeddable":true,"href":"https:\/\/motocs.indzine.net\/fr\/wp-json\/wp\/v2\/comments?post=2066"}],"version-history":[{"count":0,"href":"https:\/\/motocs.indzine.net\/fr\/wp-json\/wp\/v2\/pages\/2066\/revisions"}],"wp:attachment":[{"href":"https:\/\/motocs.indzine.net\/fr\/wp-json\/wp\/v2\/media?parent=2066"}],"curies":[{"name":"wp","href":"https:\/\/api.w.org\/{rel}","templated":true}]}}