{"id":2080,"date":"2020-05-01T13:39:31","date_gmt":"2020-05-01T12:39:31","guid":{"rendered":"https:\/\/motocs.indzine.net\/talkie-walkie-talkabout-t82-extreme\/"},"modified":"2020-05-01T13:44:30","modified_gmt":"2020-05-01T12:44:30","slug":"talkie-walkie-talkabout-t82-extreme","status":"publish","type":"page","link":"https:\/\/motocs.indzine.net\/fr\/talkie-walkie-talkabout-t82-extreme\/","title":{"rendered":"TALKIE WALKIE TALKABOUT T82"},"content":{"rendered":"<p>[et_pb_section bb_built=\u00a0\u00bb1&Prime; _builder_version=\u00a0\u00bb3.3.1&Prime;][et_pb_row _builder_version=\u00a0\u00bb3.3.1&Prime;][et_pb_column type=\u00a0\u00bb4_4&Prime;][et_pb_ds_breadcrumbs _builder_version=\u00a0\u00bb3.3.1&Prime; \/][et_pb_text _builder_version=\u00a0\u00bb3.3.1&Prime; custom_margin=\u00a0\u00bb||0px|\u00a0\u00bb custom_padding=\u00a0\u00bb||0px|\u00a0\u00bb]<\/p>\n<h1>TALKIE WALKIE TALKABOUT T82<\/h1>\n<p>[\/et_pb_text][et_pb_divider _builder_version=\u00a0\u00bb3.3.1&Prime; color=\u00a0\u00bb#cccccc\u00a0\u00bb height=\u00a0\u00bb5px\u00a0\u00bb custom_margin=\u00a0\u00bb0px||0px|\u00a0\u00bb custom_padding=\u00a0\u00bb0px||0px|\u00a0\u00bb \/][\/et_pb_column][\/et_pb_row][et_pb_row _builder_version=\u00a0\u00bb3.3.1&Prime; custom_margin=\u00a0\u00bb0px|||\u00a0\u00bb custom_padding=\u00a0\u00bb0px|||\u00a0\u00bb][et_pb_column type=\u00a0\u00bb1_3&Prime;][et_pb_image _builder_version=\u00a0\u00bb3.3.1&Prime; src=\u00a0\u00bbhttps:\/\/motocs.indzine.net\/wp-content\/uploads\/sites\/14\/2018\/06\/TALKABOUT-T82-Walkie-talkies.jpg\u00a0\u00bb \/][\/et_pb_column][et_pb_column type=\u00a0\u00bb2_3&Prime;][et_pb_text _builder_version=\u00a0\u00bb3.3.1&Prime;]<\/p>\n<h4>Restez \u00e0 port\u00e9e de voix lors de vos prochaines aventures<\/h4>\n<p>Le TALKABOUT T82 est le partenaire id\u00e9al pour vos prochaines aventures. Avec un indice IPx2, le T82 est r\u00e9sistant et peut supporter les gouttes et les \u00e9claboussures que vous risquez de rencontrer lors de vos randonn\u00e9es. Le nouvel \u00e9cran \u00e0 affichage masqu\u00e9 facilite les appels et s&rsquo;allume lorsque vous en avez besoin. Le bouton d&rsquo;appairage simplifie le param\u00e9trage. Une torche LED int\u00e9gr\u00e9e fournit une lumi\u00e8re en cas d&rsquo;urgence si vous avez besoin de lire une carte dans l&rsquo;obscurit\u00e9. Enfin, sa port\u00e9e pouvant atteindre 10km * vous permettra de rester connect\u00e9.<\/p>\n<p>[\/et_pb_text][et_pb_button _builder_version=\u00a0\u00bb3.3.1&Prime; button_text=\u00a0\u00bbFICHE DES SP\u00c9CIFICATIONS TALKIE WALKIE T82 \u00a0\u00bb button_alignment=\u00a0\u00bbleft\u00a0\u00bb background_layout=\u00a0\u00bbdark\u00a0\u00bb custom_button=\u00a0\u00bbon\u00a0\u00bb button_text_color=\u00a0\u00bb#ffffff\u00a0\u00bb button_bg_color=\u00a0\u00bb#006acd\u00a0\u00bb button_url=\u00a0\u00bb\/wp-content\/uploads\/sites\/14\/2020\/05\/t82_extreme_datasheet_fra1.pdf\u00a0\u00bb url_new_window=\u00a0\u00bbon\u00a0\u00bb disabled=\u00a0\u00bboff\u00a0\u00bb disabled_on=\u00a0\u00bboff|off|off\u00a0\u00bb \/][\/et_pb_column][\/et_pb_row][\/et_pb_section]<\/p>\n","protected":false},"excerpt":{"rendered":"<p>TALKIE WALKIE TALKABOUT T82 Restez \u00e0 port\u00e9e de voix lors de vos prochaines aventures Le TALKABOUT T82 est le partenaire id\u00e9al pour vos prochaines aventures. Avec un indice IPx2, le T82 est r\u00e9sistant et peut supporter les gouttes et les \u00e9claboussures que vous risquez de rencontrer lors de vos randonn\u00e9es. Le nouvel \u00e9cran \u00e0 affichage [&hellip;]<\/p>\n","protected":false},"author":2,"featured_media":0,"parent":0,"menu_order":390,"comment_status":"closed","ping_status":"closed","template":"page-template-blank.php","meta":{"_acf_changed":false,"_et_pb_use_builder":"on","_et_pb_old_content":"","_et_gb_content_width":"","footnotes":""},"class_list":["post-2080","page","type-page","status-publish","hentry"],"acf":[],"yoast_head":"<!-- This site is optimized with the Yoast SEO plugin v26.9 - https:\/\/yoast.com\/product\/yoast-seo-wordpress\/ -->\n<title>TALKIE WALKIE TALKABOUT T82 - Motorola Content Syndication<\/title>\n<meta name=\"robots\" content=\"index, follow, max-snippet:-1, max-image-preview:large, max-video-preview:-1\" \/>\n<link rel=\"canonical\" href=\"https:\/\/motocs.indzine.net\/fr\/talkie-walkie-talkabout-t82-extreme\/\" \/>\n<meta property=\"og:locale\" content=\"fr_FR\" \/>\n<meta property=\"og:type\" content=\"article\" \/>\n<meta property=\"og:title\" content=\"TALKIE WALKIE TALKABOUT T82 - Motorola Content Syndication\" \/>\n<meta property=\"og:description\" content=\"TALKIE WALKIE TALKABOUT T82 Restez \u00e0 port\u00e9e de voix lors de vos prochaines aventures Le TALKABOUT T82 est le partenaire id\u00e9al pour vos prochaines aventures. Avec un indice IPx2, le T82 est r\u00e9sistant et peut supporter les gouttes et les \u00e9claboussures que vous risquez de rencontrer lors de vos randonn\u00e9es. Le nouvel \u00e9cran \u00e0 affichage [&hellip;]\" \/>\n<meta property=\"og:url\" content=\"https:\/\/motocs.indzine.net\/fr\/talkie-walkie-talkabout-t82-extreme\/\" \/>\n<meta property=\"og:site_name\" content=\"Motorola Content Syndication\" \/>\n<meta property=\"article:modified_time\" content=\"2020-05-01T12:44:30+00:00\" \/>\n<meta name=\"twitter:card\" content=\"summary_large_image\" \/>\n<meta name=\"twitter:label1\" content=\"Dur\u00e9e de lecture estim\u00e9e\" \/>\n\t<meta name=\"twitter:data1\" content=\"1 minute\" \/>\n<script type=\"application\/ld+json\" class=\"yoast-schema-graph\">{\"@context\":\"https:\/\/schema.org\",\"@graph\":[{\"@type\":\"WebPage\",\"@id\":\"https:\/\/motocs.indzine.net\/fr\/talkie-walkie-talkabout-t82-extreme\/\",\"url\":\"https:\/\/motocs.indzine.net\/fr\/talkie-walkie-talkabout-t82-extreme\/\",\"name\":\"TALKIE WALKIE TALKABOUT T82 - Motorola Content Syndication\",\"isPartOf\":{\"@id\":\"https:\/\/motocs.indzine.net\/fr\/#website\"},\"datePublished\":\"2020-05-01T12:39:31+00:00\",\"dateModified\":\"2020-05-01T12:44:30+00:00\",\"breadcrumb\":{\"@id\":\"https:\/\/motocs.indzine.net\/fr\/talkie-walkie-talkabout-t82-extreme\/#breadcrumb\"},\"inLanguage\":\"fr-FR\",\"potentialAction\":[{\"@type\":\"ReadAction\",\"target\":[\"https:\/\/motocs.indzine.net\/fr\/talkie-walkie-talkabout-t82-extreme\/\"]}]},{\"@type\":\"BreadcrumbList\",\"@id\":\"https:\/\/motocs.indzine.net\/fr\/talkie-walkie-talkabout-t82-extreme\/#breadcrumb\",\"itemListElement\":[{\"@type\":\"ListItem\",\"position\":1,\"name\":\"Home\",\"item\":\"https:\/\/motocs.indzine.net\/fr\/\"},{\"@type\":\"ListItem\",\"position\":2,\"name\":\"TALKIE WALKIE TALKABOUT T82\"}]},{\"@type\":\"WebSite\",\"@id\":\"https:\/\/motocs.indzine.net\/fr\/#website\",\"url\":\"https:\/\/motocs.indzine.net\/fr\/\",\"name\":\"Motorola Content Syndication\",\"description\":\"Motorola Website Starters site\",\"potentialAction\":[{\"@type\":\"SearchAction\",\"target\":{\"@type\":\"EntryPoint\",\"urlTemplate\":\"https:\/\/motocs.indzine.net\/fr\/?s={search_term_string}\"},\"query-input\":{\"@type\":\"PropertyValueSpecification\",\"valueRequired\":true,\"valueName\":\"search_term_string\"}}],\"inLanguage\":\"fr-FR\"}]}<\/script>\n<!-- \/ Yoast SEO plugin. -->","yoast_head_json":{"title":"TALKIE WALKIE TALKABOUT T82 - Motorola Content Syndication","robots":{"index":"index","follow":"follow","max-snippet":"max-snippet:-1","max-image-preview":"max-image-preview:large","max-video-preview":"max-video-preview:-1"},"canonical":"https:\/\/motocs.indzine.net\/fr\/talkie-walkie-talkabout-t82-extreme\/","og_locale":"fr_FR","og_type":"article","og_title":"TALKIE WALKIE TALKABOUT T82 - Motorola Content Syndication","og_description":"TALKIE WALKIE TALKABOUT T82 Restez \u00e0 port\u00e9e de voix lors de vos prochaines aventures Le TALKABOUT T82 est le partenaire id\u00e9al pour vos prochaines aventures. Avec un indice IPx2, le T82 est r\u00e9sistant et peut supporter les gouttes et les \u00e9claboussures que vous risquez de rencontrer lors de vos randonn\u00e9es. Le nouvel \u00e9cran \u00e0 affichage [&hellip;]","og_url":"https:\/\/motocs.indzine.net\/fr\/talkie-walkie-talkabout-t82-extreme\/","og_site_name":"Motorola Content Syndication","article_modified_time":"2020-05-01T12:44:30+00:00","twitter_card":"summary_large_image","twitter_misc":{"Dur\u00e9e de lecture estim\u00e9e":"1 minute"},"schema":{"@context":"https:\/\/schema.org","@graph":[{"@type":"WebPage","@id":"https:\/\/motocs.indzine.net\/fr\/talkie-walkie-talkabout-t82-extreme\/","url":"https:\/\/motocs.indzine.net\/fr\/talkie-walkie-talkabout-t82-extreme\/","name":"TALKIE WALKIE TALKABOUT T82 - Motorola Content Syndication","isPartOf":{"@id":"https:\/\/motocs.indzine.net\/fr\/#website"},"datePublished":"2020-05-01T12:39:31+00:00","dateModified":"2020-05-01T12:44:30+00:00","breadcrumb":{"@id":"https:\/\/motocs.indzine.net\/fr\/talkie-walkie-talkabout-t82-extreme\/#breadcrumb"},"inLanguage":"fr-FR","potentialAction":[{"@type":"ReadAction","target":["https:\/\/motocs.indzine.net\/fr\/talkie-walkie-talkabout-t82-extreme\/"]}]},{"@type":"BreadcrumbList","@id":"https:\/\/motocs.indzine.net\/fr\/talkie-walkie-talkabout-t82-extreme\/#breadcrumb","itemListElement":[{"@type":"ListItem","position":1,"name":"Home","item":"https:\/\/motocs.indzine.net\/fr\/"},{"@type":"ListItem","position":2,"name":"TALKIE WALKIE TALKABOUT T82"}]},{"@type":"WebSite","@id":"https:\/\/motocs.indzine.net\/fr\/#website","url":"https:\/\/motocs.indzine.net\/fr\/","name":"Motorola Content Syndication","description":"Motorola Website Starters site","potentialAction":[{"@type":"SearchAction","target":{"@type":"EntryPoint","urlTemplate":"https:\/\/motocs.indzine.net\/fr\/?s={search_term_string}"},"query-input":{"@type":"PropertyValueSpecification","valueRequired":true,"valueName":"search_term_string"}}],"inLanguage":"fr-FR"}]}},"_links":{"self":[{"href":"https:\/\/motocs.indzine.net\/fr\/wp-json\/wp\/v2\/pages\/2080","targetHints":{"allow":["GET"]}}],"collection":[{"href":"https:\/\/motocs.indzine.net\/fr\/wp-json\/wp\/v2\/pages"}],"about":[{"href":"https:\/\/motocs.indzine.net\/fr\/wp-json\/wp\/v2\/types\/page"}],"author":[{"embeddable":true,"href":"https:\/\/motocs.indzine.net\/fr\/wp-json\/wp\/v2\/users\/2"}],"replies":[{"embeddable":true,"href":"https:\/\/motocs.indzine.net\/fr\/wp-json\/wp\/v2\/comments?post=2080"}],"version-history":[{"count":0,"href":"https:\/\/motocs.indzine.net\/fr\/wp-json\/wp\/v2\/pages\/2080\/revisions"}],"wp:attachment":[{"href":"https:\/\/motocs.indzine.net\/fr\/wp-json\/wp\/v2\/media?parent=2080"}],"curies":[{"name":"wp","href":"https:\/\/api.w.org\/{rel}","templated":true}]}}