{"id":2099,"date":"2020-05-01T13:47:05","date_gmt":"2020-05-01T12:47:05","guid":{"rendered":"https:\/\/motocs.indzine.net\/talkie-walkie-talkabout-t42\/"},"modified":"2020-05-01T13:47:28","modified_gmt":"2020-05-01T12:47:28","slug":"talkie-walkie-talkabout-t42","status":"publish","type":"page","link":"https:\/\/motocs.indzine.net\/fr\/talkie-walkie-talkabout-t42\/","title":{"rendered":"TALKIE-WALKIE TALKABOUT T42"},"content":{"rendered":"<p>[et_pb_section bb_built=\u00a0\u00bb1&Prime; _builder_version=\u00a0\u00bb3.3.1&Prime; inner_width=\u00a0\u00bbauto\u00a0\u00bb inner_max_width=\u00a0\u00bb1080px\u00a0\u00bb][et_pb_row _builder_version=\u00a0\u00bb3.3.1&Prime; width=\u00a0\u00bb80%\u00a0\u00bb max_width=\u00a0\u00bb1080px\u00a0\u00bb][et_pb_column type=\u00a0\u00bb4_4&Prime; custom_padding__hover=\u00a0\u00bb|||\u00a0\u00bb custom_padding=\u00a0\u00bb|||\u00a0\u00bb][et_pb_ds_breadcrumbs _builder_version=\u00a0\u00bb3.3.1&Prime; \/][et_pb_text _builder_version=\u00a0\u00bb3.3.1&Prime; custom_margin=\u00a0\u00bb||0px|\u00a0\u00bb custom_padding=\u00a0\u00bb||0px|\u00a0\u00bb text_orientation=\u00a0\u00bbleft\u00a0\u00bb]<\/p>\n<h1>TALKIE-WALKIE TALKABOUT T42<\/h1>\n<p>[\/et_pb_text][et_pb_divider _builder_version=\u00a0\u00bb3.3.1&Prime; color=\u00a0\u00bb#cccccc\u00a0\u00bb height=\u00a0\u00bb5px\u00a0\u00bb custom_margin=\u00a0\u00bb0px||0px|\u00a0\u00bb custom_padding=\u00a0\u00bb0px||0px|\u00a0\u00bb \/][\/et_pb_column][\/et_pb_row][et_pb_row _builder_version=\u00a0\u00bb3.3.1&Prime; custom_margin=\u00a0\u00bb0px|||\u00a0\u00bb custom_padding=\u00a0\u00bb0px|||\u00a0\u00bb width=\u00a0\u00bb80%\u00a0\u00bb max_width=\u00a0\u00bb1080px\u00a0\u00bb][et_pb_column type=\u00a0\u00bb1_3&Prime; custom_padding__hover=\u00a0\u00bb|||\u00a0\u00bb custom_padding=\u00a0\u00bb|||\u00a0\u00bb][et_pb_image _builder_version=\u00a0\u00bb3.3.1&Prime; src=\u00a0\u00bbhttps:\/\/motocs.indzine.net\/wp-content\/uploads\/sites\/14\/2018\/10\/TALKABOUT-T42-Walkie-talkies.jpg\u00a0\u00bb align_last_edited=\u00a0\u00bbon|desktop\u00a0\u00bb align_tablet=\u00a0\u00bbcenter\u00a0\u00bb \/][\/et_pb_column][et_pb_column type=\u00a0\u00bb2_3&Prime; custom_padding__hover=\u00a0\u00bb|||\u00a0\u00bb custom_padding=\u00a0\u00bb|||\u00a0\u00bb][et_pb_text _builder_version=\u00a0\u00bb3.3.1&Prime; width=\u00a0\u00bb80%\u00a0\u00bb max_width=\u00a0\u00bb1080px\u00a0\u00bb text_orientation=\u00a0\u00bbleft\u00a0\u00bb]<\/p>\n<h4>Gardez le contact pour vivre en toute libert\u00e9.<\/h4>\n<p>Simple, facile, ludique. Au Camping, en randonn\u00e9e, sur la plage ou simplement pour jouer dans votre jardin, le talkie-walkie TALKABOUT T42 est parfait pour \u00eatre joignable \u00e0 la maison ou \u00e0 l&rsquo;ext\u00e9rieur. La configuration est simplifi\u00e9 gr\u00e2ce \u00e0 une fonction de couplage tr\u00e8s pratique, qui vous permet de parler instantan\u00e9ment avec vos amis et votre famille en appuyant sur un bouton. Avec ses 16 canaux**, son \u00e9cran LCD, sa port\u00e9e pouvant atteindre 4 km* et son choix de couleurs, le T42 vous permettra de rester connect\u00e9 et de profiter de chaque instant.<\/p>\n<p>[\/et_pb_text][et_pb_button _builder_version=\u00a0\u00bb3.29.1&Prime; button_text=\u00a0\u00bbFICHE TECHNIQUES TALKABOUT T42&Prime; button_alignment=\u00a0\u00bbleft\u00a0\u00bb background_layout=\u00a0\u00bbdark\u00a0\u00bb custom_button=\u00a0\u00bbon\u00a0\u00bb button_text_color=\u00a0\u00bb#ffffff\u00a0\u00bb button_bg_color=\u00a0\u00bb#006acd\u00a0\u00bb button_url=\u00a0\u00bb\/wp-content\/uploads\/sites\/14\/2020\/05\/t42_datasheet_fra1.pdf\u00a0\u00bb url_new_window=\u00a0\u00bbon\u00a0\u00bb disabled=\u00a0\u00bboff\u00a0\u00bb disabled_on=\u00a0\u00bboff|off|off\u00a0\u00bb button_text_size__hover_enabled=\u00a0\u00bboff\u00a0\u00bb button_text_size__hover=\u00a0\u00bbnull\u00a0\u00bb button_one_text_size__hover_enabled=\u00a0\u00bboff\u00a0\u00bb button_one_text_size__hover=\u00a0\u00bbnull\u00a0\u00bb button_two_text_size__hover_enabled=\u00a0\u00bboff\u00a0\u00bb button_two_text_size__hover=\u00a0\u00bbnull\u00a0\u00bb button_text_color__hover_enabled=\u00a0\u00bboff\u00a0\u00bb button_text_color__hover=\u00a0\u00bbnull\u00a0\u00bb button_one_text_color__hover_enabled=\u00a0\u00bboff\u00a0\u00bb button_one_text_color__hover=\u00a0\u00bbnull\u00a0\u00bb button_two_text_color__hover_enabled=\u00a0\u00bboff\u00a0\u00bb button_two_text_color__hover=\u00a0\u00bbnull\u00a0\u00bb button_border_width__hover_enabled=\u00a0\u00bboff\u00a0\u00bb button_border_width__hover=\u00a0\u00bbnull\u00a0\u00bb button_one_border_width__hover_enabled=\u00a0\u00bboff\u00a0\u00bb button_one_border_width__hover=\u00a0\u00bbnull\u00a0\u00bb button_two_border_width__hover_enabled=\u00a0\u00bboff\u00a0\u00bb button_two_border_width__hover=\u00a0\u00bbnull\u00a0\u00bb button_border_color__hover_enabled=\u00a0\u00bboff\u00a0\u00bb button_border_color__hover=\u00a0\u00bbnull\u00a0\u00bb button_one_border_color__hover_enabled=\u00a0\u00bboff\u00a0\u00bb button_one_border_color__hover=\u00a0\u00bbnull\u00a0\u00bb button_two_border_color__hover_enabled=\u00a0\u00bboff\u00a0\u00bb button_two_border_color__hover=\u00a0\u00bbnull\u00a0\u00bb button_border_radius__hover_enabled=\u00a0\u00bboff\u00a0\u00bb button_border_radius__hover=\u00a0\u00bbnull\u00a0\u00bb button_one_border_radius__hover_enabled=\u00a0\u00bboff\u00a0\u00bb button_one_border_radius__hover=\u00a0\u00bbnull\u00a0\u00bb button_two_border_radius__hover_enabled=\u00a0\u00bboff\u00a0\u00bb button_two_border_radius__hover=\u00a0\u00bbnull\u00a0\u00bb button_letter_spacing__hover_enabled=\u00a0\u00bboff\u00a0\u00bb button_letter_spacing__hover=\u00a0\u00bbnull\u00a0\u00bb button_one_letter_spacing__hover_enabled=\u00a0\u00bboff\u00a0\u00bb button_one_letter_spacing__hover=\u00a0\u00bbnull\u00a0\u00bb button_two_letter_spacing__hover_enabled=\u00a0\u00bboff\u00a0\u00bb button_two_letter_spacing__hover=\u00a0\u00bbnull\u00a0\u00bb button_bg_color__hover_enabled=\u00a0\u00bboff\u00a0\u00bb button_bg_color__hover=\u00a0\u00bbnull\u00a0\u00bb button_one_bg_color__hover_enabled=\u00a0\u00bboff\u00a0\u00bb button_one_bg_color__hover=\u00a0\u00bbnull\u00a0\u00bb button_two_bg_color__hover_enabled=\u00a0\u00bboff\u00a0\u00bb button_two_bg_color__hover=\u00a0\u00bbnull\u00a0\u00bb button_text_shadow_horizontal_length=\u00a0\u00bbbutton_text_shadow_style,%91object Object%93&Prime; button_text_shadow_horizontal_length_tablet=\u00a0\u00bb0px\u00a0\u00bb button_text_shadow_vertical_length=\u00a0\u00bbbutton_text_shadow_style,%91object Object%93&Prime; button_text_shadow_vertical_length_tablet=\u00a0\u00bb0px\u00a0\u00bb button_text_shadow_blur_strength=\u00a0\u00bbbutton_text_shadow_style,%91object Object%93&Prime; button_text_shadow_blur_strength_tablet=\u00a0\u00bb1px\u00a0\u00bb box_shadow_horizontal_tablet=\u00a0\u00bb0px\u00a0\u00bb box_shadow_vertical_tablet=\u00a0\u00bb0px\u00a0\u00bb box_shadow_blur_tablet=\u00a0\u00bb40px\u00a0\u00bb box_shadow_spread_tablet=\u00a0\u00bb0px\u00a0\u00bb z_index_tablet=\u00a0\u00bb500&Prime; \/][\/et_pb_column][\/et_pb_row][\/et_pb_section]<\/p>\n","protected":false},"excerpt":{"rendered":"<p>TALKIE-WALKIE TALKABOUT T42 Gardez le contact pour vivre en toute libert\u00e9. Simple, facile, ludique. Au Camping, en randonn\u00e9e, sur la plage ou simplement pour jouer dans votre jardin, le talkie-walkie TALKABOUT T42 est parfait pour \u00eatre joignable \u00e0 la maison ou \u00e0 l&rsquo;ext\u00e9rieur. La configuration est simplifi\u00e9 gr\u00e2ce \u00e0 une fonction de couplage tr\u00e8s pratique, [&hellip;]<\/p>\n","protected":false},"author":2,"featured_media":0,"parent":0,"menu_order":410,"comment_status":"closed","ping_status":"closed","template":"page-template-blank.php","meta":{"_acf_changed":false,"_et_pb_use_builder":"on","_et_pb_old_content":"","_et_gb_content_width":"","footnotes":""},"class_list":["post-2099","page","type-page","status-publish","hentry"],"acf":[],"yoast_head":"<!-- This site is optimized with the Yoast SEO plugin v26.9 - https:\/\/yoast.com\/product\/yoast-seo-wordpress\/ -->\n<title>TALKIE-WALKIE TALKABOUT T42 - Motorola Content Syndication<\/title>\n<meta name=\"robots\" content=\"index, follow, max-snippet:-1, max-image-preview:large, max-video-preview:-1\" \/>\n<link rel=\"canonical\" href=\"https:\/\/motocs.indzine.net\/fr\/talkie-walkie-talkabout-t42\/\" \/>\n<meta property=\"og:locale\" content=\"fr_FR\" \/>\n<meta property=\"og:type\" content=\"article\" \/>\n<meta property=\"og:title\" content=\"TALKIE-WALKIE TALKABOUT T42 - Motorola Content Syndication\" \/>\n<meta property=\"og:description\" content=\"TALKIE-WALKIE TALKABOUT T42 Gardez le contact pour vivre en toute libert\u00e9. Simple, facile, ludique. Au Camping, en randonn\u00e9e, sur la plage ou simplement pour jouer dans votre jardin, le talkie-walkie TALKABOUT T42 est parfait pour \u00eatre joignable \u00e0 la maison ou \u00e0 l&#039;ext\u00e9rieur. La configuration est simplifi\u00e9 gr\u00e2ce \u00e0 une fonction de couplage tr\u00e8s pratique, [&hellip;]\" \/>\n<meta property=\"og:url\" content=\"https:\/\/motocs.indzine.net\/fr\/talkie-walkie-talkabout-t42\/\" \/>\n<meta property=\"og:site_name\" content=\"Motorola Content Syndication\" \/>\n<meta property=\"article:modified_time\" content=\"2020-05-01T12:47:28+00:00\" \/>\n<meta name=\"twitter:card\" content=\"summary_large_image\" \/>\n<meta name=\"twitter:label1\" content=\"Dur\u00e9e de lecture estim\u00e9e\" \/>\n\t<meta name=\"twitter:data1\" content=\"3 minutes\" \/>\n<script type=\"application\/ld+json\" class=\"yoast-schema-graph\">{\"@context\":\"https:\/\/schema.org\",\"@graph\":[{\"@type\":\"WebPage\",\"@id\":\"https:\/\/motocs.indzine.net\/fr\/talkie-walkie-talkabout-t42\/\",\"url\":\"https:\/\/motocs.indzine.net\/fr\/talkie-walkie-talkabout-t42\/\",\"name\":\"TALKIE-WALKIE TALKABOUT T42 - Motorola Content Syndication\",\"isPartOf\":{\"@id\":\"https:\/\/motocs.indzine.net\/fr\/#website\"},\"datePublished\":\"2020-05-01T12:47:05+00:00\",\"dateModified\":\"2020-05-01T12:47:28+00:00\",\"breadcrumb\":{\"@id\":\"https:\/\/motocs.indzine.net\/fr\/talkie-walkie-talkabout-t42\/#breadcrumb\"},\"inLanguage\":\"fr-FR\",\"potentialAction\":[{\"@type\":\"ReadAction\",\"target\":[\"https:\/\/motocs.indzine.net\/fr\/talkie-walkie-talkabout-t42\/\"]}]},{\"@type\":\"BreadcrumbList\",\"@id\":\"https:\/\/motocs.indzine.net\/fr\/talkie-walkie-talkabout-t42\/#breadcrumb\",\"itemListElement\":[{\"@type\":\"ListItem\",\"position\":1,\"name\":\"Home\",\"item\":\"https:\/\/motocs.indzine.net\/fr\/\"},{\"@type\":\"ListItem\",\"position\":2,\"name\":\"TALKIE-WALKIE TALKABOUT T42\"}]},{\"@type\":\"WebSite\",\"@id\":\"https:\/\/motocs.indzine.net\/fr\/#website\",\"url\":\"https:\/\/motocs.indzine.net\/fr\/\",\"name\":\"Motorola Content Syndication\",\"description\":\"Motorola Website Starters site\",\"potentialAction\":[{\"@type\":\"SearchAction\",\"target\":{\"@type\":\"EntryPoint\",\"urlTemplate\":\"https:\/\/motocs.indzine.net\/fr\/?s={search_term_string}\"},\"query-input\":{\"@type\":\"PropertyValueSpecification\",\"valueRequired\":true,\"valueName\":\"search_term_string\"}}],\"inLanguage\":\"fr-FR\"}]}<\/script>\n<!-- \/ Yoast SEO plugin. -->","yoast_head_json":{"title":"TALKIE-WALKIE TALKABOUT T42 - Motorola Content Syndication","robots":{"index":"index","follow":"follow","max-snippet":"max-snippet:-1","max-image-preview":"max-image-preview:large","max-video-preview":"max-video-preview:-1"},"canonical":"https:\/\/motocs.indzine.net\/fr\/talkie-walkie-talkabout-t42\/","og_locale":"fr_FR","og_type":"article","og_title":"TALKIE-WALKIE TALKABOUT T42 - Motorola Content Syndication","og_description":"TALKIE-WALKIE TALKABOUT T42 Gardez le contact pour vivre en toute libert\u00e9. Simple, facile, ludique. Au Camping, en randonn\u00e9e, sur la plage ou simplement pour jouer dans votre jardin, le talkie-walkie TALKABOUT T42 est parfait pour \u00eatre joignable \u00e0 la maison ou \u00e0 l'ext\u00e9rieur. La configuration est simplifi\u00e9 gr\u00e2ce \u00e0 une fonction de couplage tr\u00e8s pratique, [&hellip;]","og_url":"https:\/\/motocs.indzine.net\/fr\/talkie-walkie-talkabout-t42\/","og_site_name":"Motorola Content Syndication","article_modified_time":"2020-05-01T12:47:28+00:00","twitter_card":"summary_large_image","twitter_misc":{"Dur\u00e9e de lecture estim\u00e9e":"3 minutes"},"schema":{"@context":"https:\/\/schema.org","@graph":[{"@type":"WebPage","@id":"https:\/\/motocs.indzine.net\/fr\/talkie-walkie-talkabout-t42\/","url":"https:\/\/motocs.indzine.net\/fr\/talkie-walkie-talkabout-t42\/","name":"TALKIE-WALKIE TALKABOUT T42 - Motorola Content Syndication","isPartOf":{"@id":"https:\/\/motocs.indzine.net\/fr\/#website"},"datePublished":"2020-05-01T12:47:05+00:00","dateModified":"2020-05-01T12:47:28+00:00","breadcrumb":{"@id":"https:\/\/motocs.indzine.net\/fr\/talkie-walkie-talkabout-t42\/#breadcrumb"},"inLanguage":"fr-FR","potentialAction":[{"@type":"ReadAction","target":["https:\/\/motocs.indzine.net\/fr\/talkie-walkie-talkabout-t42\/"]}]},{"@type":"BreadcrumbList","@id":"https:\/\/motocs.indzine.net\/fr\/talkie-walkie-talkabout-t42\/#breadcrumb","itemListElement":[{"@type":"ListItem","position":1,"name":"Home","item":"https:\/\/motocs.indzine.net\/fr\/"},{"@type":"ListItem","position":2,"name":"TALKIE-WALKIE TALKABOUT T42"}]},{"@type":"WebSite","@id":"https:\/\/motocs.indzine.net\/fr\/#website","url":"https:\/\/motocs.indzine.net\/fr\/","name":"Motorola Content Syndication","description":"Motorola Website Starters site","potentialAction":[{"@type":"SearchAction","target":{"@type":"EntryPoint","urlTemplate":"https:\/\/motocs.indzine.net\/fr\/?s={search_term_string}"},"query-input":{"@type":"PropertyValueSpecification","valueRequired":true,"valueName":"search_term_string"}}],"inLanguage":"fr-FR"}]}},"_links":{"self":[{"href":"https:\/\/motocs.indzine.net\/fr\/wp-json\/wp\/v2\/pages\/2099","targetHints":{"allow":["GET"]}}],"collection":[{"href":"https:\/\/motocs.indzine.net\/fr\/wp-json\/wp\/v2\/pages"}],"about":[{"href":"https:\/\/motocs.indzine.net\/fr\/wp-json\/wp\/v2\/types\/page"}],"author":[{"embeddable":true,"href":"https:\/\/motocs.indzine.net\/fr\/wp-json\/wp\/v2\/users\/2"}],"replies":[{"embeddable":true,"href":"https:\/\/motocs.indzine.net\/fr\/wp-json\/wp\/v2\/comments?post=2099"}],"version-history":[{"count":0,"href":"https:\/\/motocs.indzine.net\/fr\/wp-json\/wp\/v2\/pages\/2099\/revisions"}],"wp:attachment":[{"href":"https:\/\/motocs.indzine.net\/fr\/wp-json\/wp\/v2\/media?parent=2099"}],"curies":[{"name":"wp","href":"https:\/\/api.w.org\/{rel}","templated":true}]}}