{"id":1032,"date":"2019-11-29T11:31:07","date_gmt":"2019-11-29T11:31:07","guid":{"rendered":"https:\/\/motocs.indzine.net\/pl\/?page_id=1032"},"modified":"2021-03-24T15:12:45","modified_gmt":"2021-03-24T15:12:45","slug":"mototrbo-capacity-plus","status":"publish","type":"page","link":"https:\/\/motocs.indzine.net\/pl\/mototrbo-capacity-plus\/","title":{"rendered":"MOTOTRBO Capacity Plus"},"content":{"rendered":"<p>[et_pb_section fb_built=&#8221;1&#8243; _builder_version=&#8221;3.22&#8243;][et_pb_row _builder_version=&#8221;3.25&#8243;][et_pb_column type=&#8221;4_4&#8243; _builder_version=&#8221;3.25&#8243; custom_padding=&#8221;|||&#8221; custom_padding__hover=&#8221;|||&#8221;][et_pb_ds_breadcrumbs _builder_version=&#8221;3.3.1&#8243;][\/et_pb_ds_breadcrumbs][et_pb_text _builder_version=&#8221;3.29.1&#8243; custom_margin=&#8221;||0px|&#8221; custom_padding=&#8221;||0px|&#8221;]<\/p>\n<h1>MOTOTRBO\u2122 CAPACITY PLUS<\/h1>\n<p>[\/et_pb_text][et_pb_divider color=&#8221;#cccccc&#8221; _builder_version=&#8221;3.3.1&#8243; height=&#8221;5px&#8221; custom_margin=&#8221;0px||0px|&#8221; custom_padding=&#8221;0px||0px|&#8221;][\/et_pb_divider][\/et_pb_column][\/et_pb_row][et_pb_row _builder_version=&#8221;3.25&#8243; custom_margin=&#8221;0px|||&#8221; custom_padding=&#8221;0px|||&#8221; column_structure=&#8221;1_3,2_3&#8243;][et_pb_column type=&#8221;1_3&#8243; _builder_version=&#8221;3.25&#8243; custom_padding=&#8221;|||&#8221; custom_padding__hover=&#8221;|||&#8221;][et_pb_image src=&#8221;https:\/\/motocs.indzine.net\/wp-content\/uploads\/sites\/14\/2018\/06\/MOTOTRBO-Capacity-Plus.jpg&#8221; align_tablet=&#8221;center&#8221; align_last_edited=&#8221;on|desktop&#8221; _builder_version=&#8221;3.23&#8243;][\/et_pb_image][\/et_pb_column][et_pb_column type=&#8221;2_3&#8243; _builder_version=&#8221;3.25&#8243; custom_padding=&#8221;|||&#8221; custom_padding__hover=&#8221;|||&#8221;][et_pb_text _builder_version=&#8221;3.29.1&#8243; z_index_tablet=&#8221;500&#8243; text_text_shadow_horizontal_length_tablet=&#8221;0px&#8221; text_text_shadow_vertical_length_tablet=&#8221;0px&#8221; text_text_shadow_blur_strength_tablet=&#8221;1px&#8221; link_text_shadow_horizontal_length_tablet=&#8221;0px&#8221; link_text_shadow_vertical_length_tablet=&#8221;0px&#8221; link_text_shadow_blur_strength_tablet=&#8221;1px&#8221; ul_text_shadow_horizontal_length_tablet=&#8221;0px&#8221; ul_text_shadow_vertical_length_tablet=&#8221;0px&#8221; ul_text_shadow_blur_strength_tablet=&#8221;1px&#8221; ol_text_shadow_horizontal_length_tablet=&#8221;0px&#8221; ol_text_shadow_vertical_length_tablet=&#8221;0px&#8221; ol_text_shadow_blur_strength_tablet=&#8221;1px&#8221; quote_text_shadow_horizontal_length_tablet=&#8221;0px&#8221; quote_text_shadow_vertical_length_tablet=&#8221;0px&#8221; quote_text_shadow_blur_strength_tablet=&#8221;1px&#8221; header_text_shadow_horizontal_length_tablet=&#8221;0px&#8221; header_text_shadow_vertical_length_tablet=&#8221;0px&#8221; header_text_shadow_blur_strength_tablet=&#8221;1px&#8221; header_2_text_shadow_horizontal_length_tablet=&#8221;0px&#8221; header_2_text_shadow_vertical_length_tablet=&#8221;0px&#8221; header_2_text_shadow_blur_strength_tablet=&#8221;1px&#8221; header_3_text_shadow_horizontal_length_tablet=&#8221;0px&#8221; header_3_text_shadow_vertical_length_tablet=&#8221;0px&#8221; header_3_text_shadow_blur_strength_tablet=&#8221;1px&#8221; header_4_text_shadow_horizontal_length_tablet=&#8221;0px&#8221; header_4_text_shadow_vertical_length_tablet=&#8221;0px&#8221; header_4_text_shadow_blur_strength_tablet=&#8221;1px&#8221; header_5_text_shadow_horizontal_length_tablet=&#8221;0px&#8221; header_5_text_shadow_vertical_length_tablet=&#8221;0px&#8221; header_5_text_shadow_blur_strength_tablet=&#8221;1px&#8221; header_6_text_shadow_horizontal_length_tablet=&#8221;0px&#8221; header_6_text_shadow_vertical_length_tablet=&#8221;0px&#8221; header_6_text_shadow_blur_strength_tablet=&#8221;1px&#8221; box_shadow_horizontal_tablet=&#8221;0px&#8221; box_shadow_vertical_tablet=&#8221;0px&#8221; box_shadow_blur_tablet=&#8221;40px&#8221; box_shadow_spread_tablet=&#8221;0px&#8221;]<\/p>\n<p>Capacity Plus to skalowany, cyfrowy system trunkingowy dla pojedynczej stacji bazowej umo\u017cliwiaj\u0105cy zwi\u0119kszenie pojemno\u015bci systemu komunikacyjnego MOTOTRBO. Dzi\u0119ki niemu ponad tysi\u0105c u\u017cytkownik\u00f3w mo\u017ce szybko i wydajnie przekazywa\u0107 istotne dla funkcjonowania firmy komunikaty g\u0142osowe oraz przeprowadza\u0107 transmisj\u0119 danych w ramach tego samego systemu bez konieczno\u015bci dodawania nowych cz\u0119stotliwo\u015bci.<\/p>\n<p>[\/et_pb_text][\/et_pb_column][\/et_pb_row][\/et_pb_section]<\/p>\n","protected":false},"excerpt":{"rendered":"<p>MOTOTRBO\u2122 CAPACITY PLUS Capacity Plus to skalowany, cyfrowy system trunkingowy dla pojedynczej stacji bazowej umo\u017cliwiaj\u0105cy zwi\u0119kszenie pojemno\u015bci systemu komunikacyjnego MOTOTRBO. Dzi\u0119ki niemu ponad tysi\u0105c u\u017cytkownik\u00f3w mo\u017ce szybko i wydajnie przekazywa\u0107 istotne dla funkcjonowania firmy komunikaty g\u0142osowe oraz przeprowadza\u0107 transmisj\u0119 danych w ramach tego samego systemu bez konieczno\u015bci dodawania nowych cz\u0119stotliwo\u015bci.<\/p>\n","protected":false},"author":2,"featured_media":0,"parent":0,"menu_order":20,"comment_status":"closed","ping_status":"closed","template":"page-template-blank.php","meta":{"_acf_changed":false,"_et_pb_use_builder":"on","_et_pb_old_content":"","_et_gb_content_width":"","footnotes":""},"class_list":["post-1032","page","type-page","status-publish","hentry"],"acf":[],"yoast_head":"<!-- This site is optimized with the Yoast SEO plugin v26.9 - https:\/\/yoast.com\/product\/yoast-seo-wordpress\/ -->\n<title>MOTOTRBO Capacity Plus - Motorola Content Syndication<\/title>\n<meta name=\"robots\" content=\"index, follow, max-snippet:-1, max-image-preview:large, max-video-preview:-1\" \/>\n<link rel=\"canonical\" href=\"https:\/\/www.motorolasolutions.com\/pl_pl\/products\/mototrbo\/mototrbo-capacity-plus.html\" \/>\n<meta property=\"og:locale\" content=\"pl_PL\" \/>\n<meta property=\"og:type\" content=\"article\" \/>\n<meta property=\"og:title\" content=\"MOTOTRBO Capacity Plus - Motorola Content Syndication\" \/>\n<meta property=\"og:description\" content=\"MOTOTRBO\u2122 CAPACITY PLUS Capacity Plus to skalowany, cyfrowy system trunkingowy dla pojedynczej stacji bazowej umo\u017cliwiaj\u0105cy zwi\u0119kszenie pojemno\u015bci systemu komunikacyjnego MOTOTRBO. Dzi\u0119ki niemu ponad tysi\u0105c u\u017cytkownik\u00f3w mo\u017ce szybko i wydajnie przekazywa\u0107 istotne dla funkcjonowania firmy komunikaty g\u0142osowe oraz przeprowadza\u0107 transmisj\u0119 danych w ramach tego samego systemu bez konieczno\u015bci dodawania nowych cz\u0119stotliwo\u015bci.\" \/>\n<meta property=\"og:url\" content=\"https:\/\/www.motorolasolutions.com\/pl_pl\/products\/mototrbo\/mototrbo-capacity-plus.html\" \/>\n<meta property=\"og:site_name\" content=\"Motorola Content Syndication\" \/>\n<meta property=\"article:modified_time\" content=\"2021-03-24T15:12:45+00:00\" \/>\n<meta name=\"twitter:card\" content=\"summary_large_image\" \/>\n<meta name=\"twitter:label1\" content=\"Szacowany czas czytania\" \/>\n\t<meta name=\"twitter:data1\" content=\"2 minuty\" \/>\n<script type=\"application\/ld+json\" class=\"yoast-schema-graph\">{\"@context\":\"https:\/\/schema.org\",\"@graph\":[{\"@type\":\"WebPage\",\"@id\":\"https:\/\/motocs.indzine.net\/pl\/mototrbo-capacity-plus\/\",\"url\":\"https:\/\/www.motorolasolutions.com\/pl_pl\/products\/mototrbo\/mototrbo-capacity-plus.html\",\"name\":\"MOTOTRBO Capacity Plus - Motorola Content Syndication\",\"isPartOf\":{\"@id\":\"https:\/\/motocs.indzine.net\/pl\/#website\"},\"datePublished\":\"2019-11-29T11:31:07+00:00\",\"dateModified\":\"2021-03-24T15:12:45+00:00\",\"breadcrumb\":{\"@id\":\"https:\/\/www.motorolasolutions.com\/pl_pl\/products\/mototrbo\/mototrbo-capacity-plus.html#breadcrumb\"},\"inLanguage\":\"pl-PL\",\"potentialAction\":[{\"@type\":\"ReadAction\",\"target\":[\"https:\/\/www.motorolasolutions.com\/pl_pl\/products\/mototrbo\/mototrbo-capacity-plus.html\"]}]},{\"@type\":\"BreadcrumbList\",\"@id\":\"https:\/\/www.motorolasolutions.com\/pl_pl\/products\/mototrbo\/mototrbo-capacity-plus.html#breadcrumb\",\"itemListElement\":[{\"@type\":\"ListItem\",\"position\":1,\"name\":\"Home\",\"item\":\"https:\/\/motocs.indzine.net\/pl\/\"},{\"@type\":\"ListItem\",\"position\":2,\"name\":\"MOTOTRBO Capacity Plus\"}]},{\"@type\":\"WebSite\",\"@id\":\"https:\/\/motocs.indzine.net\/pl\/#website\",\"url\":\"https:\/\/motocs.indzine.net\/pl\/\",\"name\":\"Motorola Content Syndication\",\"description\":\"Motorola Website Starters site\",\"potentialAction\":[{\"@type\":\"SearchAction\",\"target\":{\"@type\":\"EntryPoint\",\"urlTemplate\":\"https:\/\/motocs.indzine.net\/pl\/?s={search_term_string}\"},\"query-input\":{\"@type\":\"PropertyValueSpecification\",\"valueRequired\":true,\"valueName\":\"search_term_string\"}}],\"inLanguage\":\"pl-PL\"}]}<\/script>\n<!-- \/ Yoast SEO plugin. -->","yoast_head_json":{"title":"MOTOTRBO Capacity Plus - Motorola Content Syndication","robots":{"index":"index","follow":"follow","max-snippet":"max-snippet:-1","max-image-preview":"max-image-preview:large","max-video-preview":"max-video-preview:-1"},"canonical":"https:\/\/www.motorolasolutions.com\/pl_pl\/products\/mototrbo\/mototrbo-capacity-plus.html","og_locale":"pl_PL","og_type":"article","og_title":"MOTOTRBO Capacity Plus - Motorola Content Syndication","og_description":"MOTOTRBO\u2122 CAPACITY PLUS Capacity Plus to skalowany, cyfrowy system trunkingowy dla pojedynczej stacji bazowej umo\u017cliwiaj\u0105cy zwi\u0119kszenie pojemno\u015bci systemu komunikacyjnego MOTOTRBO. Dzi\u0119ki niemu ponad tysi\u0105c u\u017cytkownik\u00f3w mo\u017ce szybko i wydajnie przekazywa\u0107 istotne dla funkcjonowania firmy komunikaty g\u0142osowe oraz przeprowadza\u0107 transmisj\u0119 danych w ramach tego samego systemu bez konieczno\u015bci dodawania nowych cz\u0119stotliwo\u015bci.","og_url":"https:\/\/www.motorolasolutions.com\/pl_pl\/products\/mototrbo\/mototrbo-capacity-plus.html","og_site_name":"Motorola Content Syndication","article_modified_time":"2021-03-24T15:12:45+00:00","twitter_card":"summary_large_image","twitter_misc":{"Szacowany czas czytania":"2 minuty"},"schema":{"@context":"https:\/\/schema.org","@graph":[{"@type":"WebPage","@id":"https:\/\/motocs.indzine.net\/pl\/mototrbo-capacity-plus\/","url":"https:\/\/www.motorolasolutions.com\/pl_pl\/products\/mototrbo\/mototrbo-capacity-plus.html","name":"MOTOTRBO Capacity Plus - Motorola Content Syndication","isPartOf":{"@id":"https:\/\/motocs.indzine.net\/pl\/#website"},"datePublished":"2019-11-29T11:31:07+00:00","dateModified":"2021-03-24T15:12:45+00:00","breadcrumb":{"@id":"https:\/\/www.motorolasolutions.com\/pl_pl\/products\/mototrbo\/mototrbo-capacity-plus.html#breadcrumb"},"inLanguage":"pl-PL","potentialAction":[{"@type":"ReadAction","target":["https:\/\/www.motorolasolutions.com\/pl_pl\/products\/mototrbo\/mototrbo-capacity-plus.html"]}]},{"@type":"BreadcrumbList","@id":"https:\/\/www.motorolasolutions.com\/pl_pl\/products\/mototrbo\/mototrbo-capacity-plus.html#breadcrumb","itemListElement":[{"@type":"ListItem","position":1,"name":"Home","item":"https:\/\/motocs.indzine.net\/pl\/"},{"@type":"ListItem","position":2,"name":"MOTOTRBO Capacity Plus"}]},{"@type":"WebSite","@id":"https:\/\/motocs.indzine.net\/pl\/#website","url":"https:\/\/motocs.indzine.net\/pl\/","name":"Motorola Content Syndication","description":"Motorola Website Starters site","potentialAction":[{"@type":"SearchAction","target":{"@type":"EntryPoint","urlTemplate":"https:\/\/motocs.indzine.net\/pl\/?s={search_term_string}"},"query-input":{"@type":"PropertyValueSpecification","valueRequired":true,"valueName":"search_term_string"}}],"inLanguage":"pl-PL"}]}},"_links":{"self":[{"href":"https:\/\/motocs.indzine.net\/pl\/wp-json\/wp\/v2\/pages\/1032","targetHints":{"allow":["GET"]}}],"collection":[{"href":"https:\/\/motocs.indzine.net\/pl\/wp-json\/wp\/v2\/pages"}],"about":[{"href":"https:\/\/motocs.indzine.net\/pl\/wp-json\/wp\/v2\/types\/page"}],"author":[{"embeddable":true,"href":"https:\/\/motocs.indzine.net\/pl\/wp-json\/wp\/v2\/users\/2"}],"replies":[{"embeddable":true,"href":"https:\/\/motocs.indzine.net\/pl\/wp-json\/wp\/v2\/comments?post=1032"}],"version-history":[{"count":0,"href":"https:\/\/motocs.indzine.net\/pl\/wp-json\/wp\/v2\/pages\/1032\/revisions"}],"wp:attachment":[{"href":"https:\/\/motocs.indzine.net\/pl\/wp-json\/wp\/v2\/media?parent=1032"}],"curies":[{"name":"wp","href":"https:\/\/api.w.org\/{rel}","templated":true}]}}