{"id":1069,"date":"2019-11-29T12:16:03","date_gmt":"2019-11-29T12:16:03","guid":{"rendered":"https:\/\/motocs.indzine.net\/pl\/?page_id=1069"},"modified":"2021-03-24T16:01:49","modified_gmt":"2021-03-24T16:01:49","slug":"przenosny-radiotelefon-sl2600","status":"publish","type":"page","link":"https:\/\/motocs.indzine.net\/pl\/przenosny-radiotelefon-sl2600\/","title":{"rendered":"Radiotelefon przeno\u015bny SL2600"},"content":{"rendered":"<p>[et_pb_section fb_built=&#8221;1&#8243; _builder_version=&#8221;3.22&#8243;][et_pb_row _builder_version=&#8221;3.25&#8243;][et_pb_column type=&#8221;4_4&#8243; _builder_version=&#8221;3.0.47&#8243; custom_padding=&#8221;|||&#8221; custom_padding__hover=&#8221;|||&#8221;][et_pb_ds_breadcrumbs _builder_version=&#8221;3.3.1&#8243;][\/et_pb_ds_breadcrumbs][et_pb_text _builder_version=&#8221;4.0.9&#8243; custom_margin=&#8221;||0px|&#8221; custom_padding=&#8221;||0px|&#8221; z_index_tablet=&#8221;500&#8243; text_text_shadow_horizontal_length_tablet=&#8221;0px&#8221; text_text_shadow_vertical_length_tablet=&#8221;0px&#8221; text_text_shadow_blur_strength_tablet=&#8221;1px&#8221; link_text_shadow_horizontal_length_tablet=&#8221;0px&#8221; link_text_shadow_vertical_length_tablet=&#8221;0px&#8221; link_text_shadow_blur_strength_tablet=&#8221;1px&#8221; ul_text_shadow_horizontal_length_tablet=&#8221;0px&#8221; ul_text_shadow_vertical_length_tablet=&#8221;0px&#8221; ul_text_shadow_blur_strength_tablet=&#8221;1px&#8221; ol_text_shadow_horizontal_length_tablet=&#8221;0px&#8221; ol_text_shadow_vertical_length_tablet=&#8221;0px&#8221; ol_text_shadow_blur_strength_tablet=&#8221;1px&#8221; quote_text_shadow_horizontal_length_tablet=&#8221;0px&#8221; quote_text_shadow_vertical_length_tablet=&#8221;0px&#8221; quote_text_shadow_blur_strength_tablet=&#8221;1px&#8221; header_text_shadow_horizontal_length_tablet=&#8221;0px&#8221; header_text_shadow_vertical_length_tablet=&#8221;0px&#8221; header_text_shadow_blur_strength_tablet=&#8221;1px&#8221; header_2_text_shadow_horizontal_length_tablet=&#8221;0px&#8221; header_2_text_shadow_vertical_length_tablet=&#8221;0px&#8221; header_2_text_shadow_blur_strength_tablet=&#8221;1px&#8221; header_3_text_shadow_horizontal_length_tablet=&#8221;0px&#8221; header_3_text_shadow_vertical_length_tablet=&#8221;0px&#8221; header_3_text_shadow_blur_strength_tablet=&#8221;1px&#8221; header_4_text_shadow_horizontal_length_tablet=&#8221;0px&#8221; header_4_text_shadow_vertical_length_tablet=&#8221;0px&#8221; header_4_text_shadow_blur_strength_tablet=&#8221;1px&#8221; header_5_text_shadow_horizontal_length_tablet=&#8221;0px&#8221; header_5_text_shadow_vertical_length_tablet=&#8221;0px&#8221; header_5_text_shadow_blur_strength_tablet=&#8221;1px&#8221; header_6_text_shadow_horizontal_length_tablet=&#8221;0px&#8221; header_6_text_shadow_vertical_length_tablet=&#8221;0px&#8221; header_6_text_shadow_blur_strength_tablet=&#8221;1px&#8221; box_shadow_horizontal_tablet=&#8221;0px&#8221; box_shadow_vertical_tablet=&#8221;0px&#8221; box_shadow_blur_tablet=&#8221;40px&#8221; box_shadow_spread_tablet=&#8221;0px&#8221;]<\/p>\n<h1>RADIOTELEFON PRZENO\u015aNY SL2600<\/h1>\n<p>[\/et_pb_text][et_pb_divider color=&#8221;#cccccc&#8221; _builder_version=&#8221;3.3.1&#8243; height=&#8221;5px&#8221; custom_margin=&#8221;0px||0px|&#8221; custom_padding=&#8221;0px||0px|&#8221;][\/et_pb_divider][\/et_pb_column][\/et_pb_row][et_pb_row _builder_version=&#8221;3.25&#8243; custom_margin=&#8221;0px|||&#8221; custom_padding=&#8221;0px|||&#8221; column_structure=&#8221;1_3,2_3&#8243;][et_pb_column type=&#8221;1_3&#8243; _builder_version=&#8221;3.0.47&#8243; custom_padding=&#8221;|||&#8221; custom_padding__hover=&#8221;|||&#8221;][et_pb_image src=&#8221;\/wp-content\/uploads\/sites\/14\/2018\/06\/MOTOTRBO-SL2600-Two-Way-Portable.jpg&#8221; align_tablet=&#8221;center&#8221; align_phone=&#8221;&#8221; align_last_edited=&#8221;on|desktop&#8221; _builder_version=&#8221;3.23&#8243;][\/et_pb_image][\/et_pb_column][et_pb_column type=&#8221;2_3&#8243; _builder_version=&#8221;3.0.47&#8243; custom_padding=&#8221;|||&#8221; custom_padding__hover=&#8221;|||&#8221;][et_pb_text _builder_version=&#8221;3.29.1&#8243; z_index_tablet=&#8221;500&#8243; text_text_shadow_horizontal_length_tablet=&#8221;0px&#8221; text_text_shadow_vertical_length_tablet=&#8221;0px&#8221; text_text_shadow_blur_strength_tablet=&#8221;1px&#8221; link_text_shadow_horizontal_length_tablet=&#8221;0px&#8221; link_text_shadow_vertical_length_tablet=&#8221;0px&#8221; link_text_shadow_blur_strength_tablet=&#8221;1px&#8221; ul_text_shadow_horizontal_length_tablet=&#8221;0px&#8221; ul_text_shadow_vertical_length_tablet=&#8221;0px&#8221; ul_text_shadow_blur_strength_tablet=&#8221;1px&#8221; ol_text_shadow_horizontal_length_tablet=&#8221;0px&#8221; ol_text_shadow_vertical_length_tablet=&#8221;0px&#8221; ol_text_shadow_blur_strength_tablet=&#8221;1px&#8221; quote_text_shadow_horizontal_length_tablet=&#8221;0px&#8221; quote_text_shadow_vertical_length_tablet=&#8221;0px&#8221; quote_text_shadow_blur_strength_tablet=&#8221;1px&#8221; header_text_shadow_horizontal_length_tablet=&#8221;0px&#8221; header_text_shadow_vertical_length_tablet=&#8221;0px&#8221; header_text_shadow_blur_strength_tablet=&#8221;1px&#8221; header_2_text_shadow_horizontal_length_tablet=&#8221;0px&#8221; header_2_text_shadow_vertical_length_tablet=&#8221;0px&#8221; header_2_text_shadow_blur_strength_tablet=&#8221;1px&#8221; header_3_text_shadow_horizontal_length_tablet=&#8221;0px&#8221; header_3_text_shadow_vertical_length_tablet=&#8221;0px&#8221; header_3_text_shadow_blur_strength_tablet=&#8221;1px&#8221; header_4_text_shadow_horizontal_length_tablet=&#8221;0px&#8221; header_4_text_shadow_vertical_length_tablet=&#8221;0px&#8221; header_4_text_shadow_blur_strength_tablet=&#8221;1px&#8221; header_5_text_shadow_horizontal_length_tablet=&#8221;0px&#8221; header_5_text_shadow_vertical_length_tablet=&#8221;0px&#8221; header_5_text_shadow_blur_strength_tablet=&#8221;1px&#8221; header_6_text_shadow_horizontal_length_tablet=&#8221;0px&#8221; header_6_text_shadow_vertical_length_tablet=&#8221;0px&#8221; header_6_text_shadow_blur_strength_tablet=&#8221;1px&#8221; box_shadow_horizontal_tablet=&#8221;0px&#8221; box_shadow_vertical_tablet=&#8221;0px&#8221; box_shadow_blur_tablet=&#8221;40px&#8221; box_shadow_spread_tablet=&#8221;0px&#8221;]<\/p>\n<h4>B\u0142yskawiczna komunikacja, profesjonalny styl<\/h4>\n<p>B\u0142yskawiczna, dwukierunkowa komunikacja w firmie z zachowaniem stylu.<\/p>\n<p>Lekki i zgrabny, przeno\u015bny radiotelefon dwukierunkowy MOTOTRBO SL2600 wyr\u00f3\u017cnia si\u0119 stylem i dyskrecj\u0105. Doskonale pasuje do stroju s\u0142u\u017cbowego i nie ogranicza swobody ruch\u00f3w. Dodatkowo jest wytrzyma\u0142y i trwa\u0142y.<\/p>\n<p>Zapewnia natychmiastowy dost\u0119p do informacji i podstawowych funkcji radiotelefonu. Dyskretne po\u0142\u0105czenie ze s\u0142uchawkami i czujnikami Bluetooth\u00ae. Po\u0142\u0105cz si\u0119 z sieci\u0105 Wi-Fi, aby pobiera\u0107 aktualizacje oprogramowania drog\u0105 radiow\u0105. U\u017cywaj SL2600 w systemach trankingowych, kt\u00f3re obs\u0142uguj\u0105 komunikacj\u0119 g\u0142osow\u0105 i dane.<\/p>\n<p>[\/et_pb_text][et_pb_button button_url=&#8221;\/wp-content\/uploads\/sites\/14\/2019\/11\/SL2600_DataSheet_PL.pdf&#8221; url_new_window=&#8221;on&#8221; button_text=&#8221;Dane techniczne&#8221; button_alignment=&#8221;left&#8221; _builder_version=&#8221;3.29.1&#8243; custom_button=&#8221;on&#8221; button_text_color=&#8221;#ffffff&#8221; button_bg_color=&#8221;#006acd&#8221; background_layout=&#8221;dark&#8221; z_index_tablet=&#8221;500&#8243; button_text_shadow_horizontal_length_tablet=&#8221;0px&#8221; button_text_shadow_vertical_length_tablet=&#8221;0px&#8221; button_text_shadow_blur_strength_tablet=&#8221;1px&#8221; box_shadow_horizontal_tablet=&#8221;0px&#8221; box_shadow_vertical_tablet=&#8221;0px&#8221; box_shadow_blur_tablet=&#8221;40px&#8221; box_shadow_spread_tablet=&#8221;0px&#8221;][\/et_pb_button][et_pb_button button_url=&#8221;\/wp-content\/uploads\/sites\/14\/2019\/11\/SL2600_Brochure_POL_lor.pdf&#8221; url_new_window=&#8221;on&#8221; button_text=&#8221;Broszura&#8221; button_alignment=&#8221;left&#8221; _builder_version=&#8221;3.29.1&#8243; custom_button=&#8221;on&#8221; button_text_color=&#8221;#ffffff&#8221; button_bg_color=&#8221;#006acd&#8221; background_layout=&#8221;dark&#8221; z_index_tablet=&#8221;500&#8243; button_text_shadow_horizontal_length_tablet=&#8221;0px&#8221; button_text_shadow_vertical_length_tablet=&#8221;0px&#8221; button_text_shadow_blur_strength_tablet=&#8221;1px&#8221; box_shadow_horizontal_tablet=&#8221;0px&#8221; box_shadow_vertical_tablet=&#8221;0px&#8221; box_shadow_blur_tablet=&#8221;40px&#8221; box_shadow_spread_tablet=&#8221;0px&#8221;][\/et_pb_button][\/et_pb_column][\/et_pb_row][\/et_pb_section]<\/p>\n","protected":false},"excerpt":{"rendered":"<p>RADIOTELEFON PRZENO\u015aNY SL2600 B\u0142yskawiczna komunikacja, profesjonalny stylB\u0142yskawiczna, dwukierunkowa komunikacja w firmie z zachowaniem stylu.Lekki i zgrabny, przeno\u015bny radiotelefon dwukierunkowy MOTOTRBO SL2600 wyr\u00f3\u017cnia si\u0119 stylem i dyskrecj\u0105. Doskonale pasuje do stroju s\u0142u\u017cbowego i nie ogranicza swobody ruch\u00f3w. Dodatkowo jest wytrzyma\u0142y i trwa\u0142y.Zapewnia natychmiastowy dost\u0119p do informacji i podstawowych funkcji radiotelefonu. Dyskretne po\u0142\u0105czenie ze s\u0142uchawkami i czujnikami [&hellip;]<\/p>\n","protected":false},"author":2,"featured_media":0,"parent":0,"menu_order":90,"comment_status":"closed","ping_status":"closed","template":"page-template-blank.php","meta":{"_acf_changed":false,"_et_pb_use_builder":"on","_et_pb_old_content":"","_et_gb_content_width":"","footnotes":""},"class_list":["post-1069","page","type-page","status-publish","hentry"],"acf":[],"yoast_head":"<!-- This site is optimized with the Yoast SEO plugin v27.3 - https:\/\/yoast.com\/product\/yoast-seo-wordpress\/ -->\n<title>Radiotelefon przeno\u015bny SL2600 - Motorola Content Syndication<\/title>\n<meta name=\"robots\" content=\"index, follow, max-snippet:-1, max-image-preview:large, max-video-preview:-1\" \/>\n<link rel=\"canonical\" href=\"https:\/\/www.motorolasolutions.com\/pl_pl\/products\/mototrbo\/sl2600.html\" \/>\n<meta property=\"og:locale\" content=\"pl_PL\" \/>\n<meta property=\"og:type\" content=\"article\" \/>\n<meta property=\"og:title\" content=\"Radiotelefon przeno\u015bny SL2600 - Motorola Content Syndication\" \/>\n<meta property=\"og:description\" content=\"RADIOTELEFON PRZENO\u015aNY SL2600 B\u0142yskawiczna komunikacja, profesjonalny stylB\u0142yskawiczna, dwukierunkowa komunikacja w firmie z zachowaniem stylu.Lekki i zgrabny, przeno\u015bny radiotelefon dwukierunkowy MOTOTRBO SL2600 wyr\u00f3\u017cnia si\u0119 stylem i dyskrecj\u0105. Doskonale pasuje do stroju s\u0142u\u017cbowego i nie ogranicza swobody ruch\u00f3w. Dodatkowo jest wytrzyma\u0142y i trwa\u0142y.Zapewnia natychmiastowy dost\u0119p do informacji i podstawowych funkcji radiotelefonu. Dyskretne po\u0142\u0105czenie ze s\u0142uchawkami i czujnikami [&hellip;]\" \/>\n<meta property=\"og:url\" content=\"https:\/\/www.motorolasolutions.com\/pl_pl\/products\/mototrbo\/sl2600.html\" \/>\n<meta property=\"og:site_name\" content=\"Motorola Content Syndication\" \/>\n<meta property=\"article:modified_time\" content=\"2021-03-24T16:01:49+00:00\" \/>\n<meta name=\"twitter:card\" content=\"summary_large_image\" \/>\n<meta name=\"twitter:label1\" content=\"Szacowany czas czytania\" \/>\n\t<meta name=\"twitter:data1\" content=\"5 minut\" \/>\n<script type=\"application\/ld+json\" class=\"yoast-schema-graph\">{\"@context\":\"https:\\\/\\\/schema.org\",\"@graph\":[{\"@type\":\"WebPage\",\"@id\":\"https:\\\/\\\/motocs.indzine.net\\\/pl\\\/przenosny-radiotelefon-sl2600\\\/\",\"url\":\"https:\\\/\\\/www.motorolasolutions.com\\\/pl_pl\\\/products\\\/mototrbo\\\/sl2600.html\",\"name\":\"Radiotelefon przeno\u015bny SL2600 - Motorola Content Syndication\",\"isPartOf\":{\"@id\":\"https:\\\/\\\/motocs.indzine.net\\\/pl\\\/#website\"},\"datePublished\":\"2019-11-29T12:16:03+00:00\",\"dateModified\":\"2021-03-24T16:01:49+00:00\",\"breadcrumb\":{\"@id\":\"https:\\\/\\\/www.motorolasolutions.com\\\/pl_pl\\\/products\\\/mototrbo\\\/sl2600.html#breadcrumb\"},\"inLanguage\":\"pl-PL\",\"potentialAction\":[{\"@type\":\"ReadAction\",\"target\":[\"https:\\\/\\\/www.motorolasolutions.com\\\/pl_pl\\\/products\\\/mototrbo\\\/sl2600.html\"]}]},{\"@type\":\"BreadcrumbList\",\"@id\":\"https:\\\/\\\/www.motorolasolutions.com\\\/pl_pl\\\/products\\\/mototrbo\\\/sl2600.html#breadcrumb\",\"itemListElement\":[{\"@type\":\"ListItem\",\"position\":1,\"name\":\"Home\",\"item\":\"https:\\\/\\\/motocs.indzine.net\\\/pl\\\/\"},{\"@type\":\"ListItem\",\"position\":2,\"name\":\"Radiotelefon przeno\u015bny SL2600\"}]},{\"@type\":\"WebSite\",\"@id\":\"https:\\\/\\\/motocs.indzine.net\\\/pl\\\/#website\",\"url\":\"https:\\\/\\\/motocs.indzine.net\\\/pl\\\/\",\"name\":\"Motorola Content Syndication\",\"description\":\"Motorola Website Starters site\",\"potentialAction\":[{\"@type\":\"SearchAction\",\"target\":{\"@type\":\"EntryPoint\",\"urlTemplate\":\"https:\\\/\\\/motocs.indzine.net\\\/pl\\\/?s={search_term_string}\"},\"query-input\":{\"@type\":\"PropertyValueSpecification\",\"valueRequired\":true,\"valueName\":\"search_term_string\"}}],\"inLanguage\":\"pl-PL\"}]}<\/script>\n<!-- \/ Yoast SEO plugin. -->","yoast_head_json":{"title":"Radiotelefon przeno\u015bny SL2600 - Motorola Content Syndication","robots":{"index":"index","follow":"follow","max-snippet":"max-snippet:-1","max-image-preview":"max-image-preview:large","max-video-preview":"max-video-preview:-1"},"canonical":"https:\/\/www.motorolasolutions.com\/pl_pl\/products\/mototrbo\/sl2600.html","og_locale":"pl_PL","og_type":"article","og_title":"Radiotelefon przeno\u015bny SL2600 - Motorola Content Syndication","og_description":"RADIOTELEFON PRZENO\u015aNY SL2600 B\u0142yskawiczna komunikacja, profesjonalny stylB\u0142yskawiczna, dwukierunkowa komunikacja w firmie z zachowaniem stylu.Lekki i zgrabny, przeno\u015bny radiotelefon dwukierunkowy MOTOTRBO SL2600 wyr\u00f3\u017cnia si\u0119 stylem i dyskrecj\u0105. Doskonale pasuje do stroju s\u0142u\u017cbowego i nie ogranicza swobody ruch\u00f3w. Dodatkowo jest wytrzyma\u0142y i trwa\u0142y.Zapewnia natychmiastowy dost\u0119p do informacji i podstawowych funkcji radiotelefonu. Dyskretne po\u0142\u0105czenie ze s\u0142uchawkami i czujnikami [&hellip;]","og_url":"https:\/\/www.motorolasolutions.com\/pl_pl\/products\/mototrbo\/sl2600.html","og_site_name":"Motorola Content Syndication","article_modified_time":"2021-03-24T16:01:49+00:00","twitter_card":"summary_large_image","twitter_misc":{"Szacowany czas czytania":"5 minut"},"schema":{"@context":"https:\/\/schema.org","@graph":[{"@type":"WebPage","@id":"https:\/\/motocs.indzine.net\/pl\/przenosny-radiotelefon-sl2600\/","url":"https:\/\/www.motorolasolutions.com\/pl_pl\/products\/mototrbo\/sl2600.html","name":"Radiotelefon przeno\u015bny SL2600 - Motorola Content Syndication","isPartOf":{"@id":"https:\/\/motocs.indzine.net\/pl\/#website"},"datePublished":"2019-11-29T12:16:03+00:00","dateModified":"2021-03-24T16:01:49+00:00","breadcrumb":{"@id":"https:\/\/www.motorolasolutions.com\/pl_pl\/products\/mototrbo\/sl2600.html#breadcrumb"},"inLanguage":"pl-PL","potentialAction":[{"@type":"ReadAction","target":["https:\/\/www.motorolasolutions.com\/pl_pl\/products\/mototrbo\/sl2600.html"]}]},{"@type":"BreadcrumbList","@id":"https:\/\/www.motorolasolutions.com\/pl_pl\/products\/mototrbo\/sl2600.html#breadcrumb","itemListElement":[{"@type":"ListItem","position":1,"name":"Home","item":"https:\/\/motocs.indzine.net\/pl\/"},{"@type":"ListItem","position":2,"name":"Radiotelefon przeno\u015bny SL2600"}]},{"@type":"WebSite","@id":"https:\/\/motocs.indzine.net\/pl\/#website","url":"https:\/\/motocs.indzine.net\/pl\/","name":"Motorola Content Syndication","description":"Motorola Website Starters site","potentialAction":[{"@type":"SearchAction","target":{"@type":"EntryPoint","urlTemplate":"https:\/\/motocs.indzine.net\/pl\/?s={search_term_string}"},"query-input":{"@type":"PropertyValueSpecification","valueRequired":true,"valueName":"search_term_string"}}],"inLanguage":"pl-PL"}]}},"_links":{"self":[{"href":"https:\/\/motocs.indzine.net\/pl\/wp-json\/wp\/v2\/pages\/1069","targetHints":{"allow":["GET"]}}],"collection":[{"href":"https:\/\/motocs.indzine.net\/pl\/wp-json\/wp\/v2\/pages"}],"about":[{"href":"https:\/\/motocs.indzine.net\/pl\/wp-json\/wp\/v2\/types\/page"}],"author":[{"embeddable":true,"href":"https:\/\/motocs.indzine.net\/pl\/wp-json\/wp\/v2\/users\/2"}],"replies":[{"embeddable":true,"href":"https:\/\/motocs.indzine.net\/pl\/wp-json\/wp\/v2\/comments?post=1069"}],"version-history":[{"count":0,"href":"https:\/\/motocs.indzine.net\/pl\/wp-json\/wp\/v2\/pages\/1069\/revisions"}],"wp:attachment":[{"href":"https:\/\/motocs.indzine.net\/pl\/wp-json\/wp\/v2\/media?parent=1069"}],"curies":[{"name":"wp","href":"https:\/\/api.w.org\/{rel}","templated":true}]}}