{"id":1074,"date":"2019-11-29T12:21:29","date_gmt":"2019-11-29T12:21:29","guid":{"rendered":"https:\/\/motocs.indzine.net\/pl\/?page_id=1074"},"modified":"2021-03-24T16:09:29","modified_gmt":"2021-03-24T16:09:29","slug":"seria-dp2000e","status":"publish","type":"page","link":"https:\/\/motocs.indzine.net\/pl\/seria-dp2000e\/","title":{"rendered":"SERIA DP2000E"},"content":{"rendered":"<p>[et_pb_section fb_built=&#8221;1&#8243; _builder_version=&#8221;3.22&#8243;][et_pb_row _builder_version=&#8221;3.25&#8243;][et_pb_column type=&#8221;4_4&#8243; _builder_version=&#8221;3.25&#8243; custom_padding=&#8221;|||&#8221; custom_padding__hover=&#8221;|||&#8221;][et_pb_ds_breadcrumbs _builder_version=&#8221;3.3.1&#8243;][\/et_pb_ds_breadcrumbs][et_pb_text _builder_version=&#8221;3.29.1&#8243; custom_margin=&#8221;||0px|&#8221; custom_padding=&#8221;||0px|&#8221; z_index_tablet=&#8221;500&#8243; text_text_shadow_horizontal_length_tablet=&#8221;0px&#8221; text_text_shadow_vertical_length_tablet=&#8221;0px&#8221; text_text_shadow_blur_strength_tablet=&#8221;1px&#8221; link_text_shadow_horizontal_length_tablet=&#8221;0px&#8221; link_text_shadow_vertical_length_tablet=&#8221;0px&#8221; link_text_shadow_blur_strength_tablet=&#8221;1px&#8221; ul_text_shadow_horizontal_length_tablet=&#8221;0px&#8221; ul_text_shadow_vertical_length_tablet=&#8221;0px&#8221; ul_text_shadow_blur_strength_tablet=&#8221;1px&#8221; ol_text_shadow_horizontal_length_tablet=&#8221;0px&#8221; ol_text_shadow_vertical_length_tablet=&#8221;0px&#8221; ol_text_shadow_blur_strength_tablet=&#8221;1px&#8221; quote_text_shadow_horizontal_length_tablet=&#8221;0px&#8221; quote_text_shadow_vertical_length_tablet=&#8221;0px&#8221; quote_text_shadow_blur_strength_tablet=&#8221;1px&#8221; header_text_shadow_horizontal_length_tablet=&#8221;0px&#8221; header_text_shadow_vertical_length_tablet=&#8221;0px&#8221; header_text_shadow_blur_strength_tablet=&#8221;1px&#8221; header_2_text_shadow_horizontal_length_tablet=&#8221;0px&#8221; header_2_text_shadow_vertical_length_tablet=&#8221;0px&#8221; header_2_text_shadow_blur_strength_tablet=&#8221;1px&#8221; header_3_text_shadow_horizontal_length_tablet=&#8221;0px&#8221; header_3_text_shadow_vertical_length_tablet=&#8221;0px&#8221; header_3_text_shadow_blur_strength_tablet=&#8221;1px&#8221; header_4_text_shadow_horizontal_length_tablet=&#8221;0px&#8221; header_4_text_shadow_vertical_length_tablet=&#8221;0px&#8221; header_4_text_shadow_blur_strength_tablet=&#8221;1px&#8221; header_5_text_shadow_horizontal_length_tablet=&#8221;0px&#8221; header_5_text_shadow_vertical_length_tablet=&#8221;0px&#8221; header_5_text_shadow_blur_strength_tablet=&#8221;1px&#8221; header_6_text_shadow_horizontal_length_tablet=&#8221;0px&#8221; header_6_text_shadow_vertical_length_tablet=&#8221;0px&#8221; header_6_text_shadow_blur_strength_tablet=&#8221;1px&#8221; box_shadow_horizontal_tablet=&#8221;0px&#8221; box_shadow_vertical_tablet=&#8221;0px&#8221; box_shadow_blur_tablet=&#8221;40px&#8221; box_shadow_spread_tablet=&#8221;0px&#8221;]<\/p>\n<h1>SERIA DP2000E<\/h1>\n<p>[\/et_pb_text][et_pb_divider color=&#8221;#cccccc&#8221; _builder_version=&#8221;3.3.1&#8243; height=&#8221;5px&#8221; custom_margin=&#8221;0px||0px|&#8221; custom_padding=&#8221;0px||0px|&#8221;][\/et_pb_divider][\/et_pb_column][\/et_pb_row][et_pb_row _builder_version=&#8221;3.25&#8243; custom_margin=&#8221;0px|||&#8221; custom_padding=&#8221;0px|||&#8221; column_structure=&#8221;1_3,2_3&#8243;][et_pb_column type=&#8221;1_3&#8243; _builder_version=&#8221;3.25&#8243; custom_padding=&#8221;|||&#8221; custom_padding__hover=&#8221;|||&#8221;][et_pb_image src=&#8221;https:\/\/motocs.indzine.net\/wp-content\/uploads\/sites\/14\/2018\/06\/MOTOTRBO-DP2000e-Digital-Two-Way.jpg&#8221; align_tablet=&#8221;center&#8221; align_last_edited=&#8221;on|desktop&#8221; _builder_version=&#8221;3.23&#8243;][\/et_pb_image][\/et_pb_column][et_pb_column type=&#8221;2_3&#8243; _builder_version=&#8221;3.25&#8243; custom_padding=&#8221;|||&#8221; custom_padding__hover=&#8221;|||&#8221;][et_pb_text _builder_version=&#8221;3.29.1&#8243; z_index_tablet=&#8221;500&#8243; text_text_shadow_horizontal_length_tablet=&#8221;0px&#8221; text_text_shadow_vertical_length_tablet=&#8221;0px&#8221; text_text_shadow_blur_strength_tablet=&#8221;1px&#8221; link_text_shadow_horizontal_length_tablet=&#8221;0px&#8221; link_text_shadow_vertical_length_tablet=&#8221;0px&#8221; link_text_shadow_blur_strength_tablet=&#8221;1px&#8221; ul_text_shadow_horizontal_length_tablet=&#8221;0px&#8221; ul_text_shadow_vertical_length_tablet=&#8221;0px&#8221; ul_text_shadow_blur_strength_tablet=&#8221;1px&#8221; ol_text_shadow_horizontal_length_tablet=&#8221;0px&#8221; ol_text_shadow_vertical_length_tablet=&#8221;0px&#8221; ol_text_shadow_blur_strength_tablet=&#8221;1px&#8221; quote_text_shadow_horizontal_length_tablet=&#8221;0px&#8221; quote_text_shadow_vertical_length_tablet=&#8221;0px&#8221; quote_text_shadow_blur_strength_tablet=&#8221;1px&#8221; header_text_shadow_horizontal_length_tablet=&#8221;0px&#8221; header_text_shadow_vertical_length_tablet=&#8221;0px&#8221; header_text_shadow_blur_strength_tablet=&#8221;1px&#8221; header_2_text_shadow_horizontal_length_tablet=&#8221;0px&#8221; header_2_text_shadow_vertical_length_tablet=&#8221;0px&#8221; header_2_text_shadow_blur_strength_tablet=&#8221;1px&#8221; header_3_text_shadow_horizontal_length_tablet=&#8221;0px&#8221; header_3_text_shadow_vertical_length_tablet=&#8221;0px&#8221; header_3_text_shadow_blur_strength_tablet=&#8221;1px&#8221; header_4_text_shadow_horizontal_length_tablet=&#8221;0px&#8221; header_4_text_shadow_vertical_length_tablet=&#8221;0px&#8221; header_4_text_shadow_blur_strength_tablet=&#8221;1px&#8221; header_5_text_shadow_horizontal_length_tablet=&#8221;0px&#8221; header_5_text_shadow_vertical_length_tablet=&#8221;0px&#8221; header_5_text_shadow_blur_strength_tablet=&#8221;1px&#8221; header_6_text_shadow_horizontal_length_tablet=&#8221;0px&#8221; header_6_text_shadow_vertical_length_tablet=&#8221;0px&#8221; header_6_text_shadow_blur_strength_tablet=&#8221;1px&#8221; box_shadow_horizontal_tablet=&#8221;0px&#8221; box_shadow_vertical_tablet=&#8221;0px&#8221; box_shadow_blur_tablet=&#8221;40px&#8221; box_shadow_spread_tablet=&#8221;0px&#8221;]<\/p>\n<h4>Lepsza \u0142\u0105czno\u015b\u0107<\/h4>\n<div class=\"ms-column ie-5 medium-5 large-5\">\n<div class=\"richtexteditor parbase section\">Nowa generacja cyfrowych radiotelefon\u00f3w dwukierunkowych MOTOTRBO\u2122 zapewnia jeszcze lepsz\u0105 \u0142\u0105czno\u015b\u0107, wi\u0119ksz\u0105 wydajno\u015b\u0107 i bezpiecze\u0144stwo. Modele z serii DP2000e zosta\u0142y zaprojektowane z my\u015bl\u0105 o codziennym u\u017cytkowaniu przez pracownik\u00f3w, kt\u00f3rzy musz\u0105 si\u0119 skutecznie porozumiewa\u0107. Wsparcie systemowe oraz g\u0142o\u015bny i wyra\u017any d\u017awi\u0119k sprawiaj\u0105, \u017ce te nowe radiotelefony s\u0105 doskona\u0142ym, efektywnym kosztowo rozwi\u0105zaniem do komunikacji w Twojej firmie.<\/div>\n<div>\u00a0<\/div>\n<div class=\"richtexteditor parbase section\">Oto nowo\u015bci zastosowane w kolejnej generacji radiotelefon\u00f3w:<\/div>\n<ul>\n<li class=\"richtexteditor parbase section\">Programowanie bezprzewodowe (OTAP)<\/li>\n<li class=\"richtexteditor parbase section\">Poprawiona jako\u015b\u0107 d\u017awi\u0119ku<\/li>\n<li class=\"richtexteditor parbase section\">Usprawnione mo\u017cliwo\u015bci rozbudowy<\/li>\n<li class=\"richtexteditor parbase section\">D\u0142u\u017cszy czas pracy baterii (nawet 28 godz.)<\/li>\n<li class=\"richtexteditor parbase section\">Lepszy zasi\u0119g (nawet do 8%)<\/li>\n<li class=\"richtexteditor parbase section\">Lepsza wodoodporno\u015b\u0107 (IP67)<\/li>\n<li class=\"richtexteditor parbase section\">Dost\u0119pne s\u0105 modele HazLoc z certyfikatem TIA4950<\/li>\n<\/ul>\n<div class=\"richtexteditor parbase section\">Seria DP2000e obejmuje:<br \/>DP2400e<br \/>DP2600e<\/div>\n<\/div>\n<p>\u00a0<\/p>\n<p>[\/et_pb_text][et_pb_button button_url=&#8221;\/wp-content\/uploads\/sites\/14\/2018\/06\/dp2000e_datasheet_eng.pdf&#8221; url_new_window=&#8221;on&#8221; button_text=&#8221;Dane techniczne&#8221; button_alignment=&#8221;left&#8221; _builder_version=&#8221;3.29.1&#8243; custom_button=&#8221;on&#8221; button_text_color=&#8221;#ffffff&#8221; button_bg_color=&#8221;#006acd&#8221; background_layout=&#8221;dark&#8221; z_index_tablet=&#8221;500&#8243; button_text_shadow_horizontal_length_tablet=&#8221;0px&#8221; button_text_shadow_vertical_length_tablet=&#8221;0px&#8221; button_text_shadow_blur_strength_tablet=&#8221;1px&#8221; box_shadow_horizontal_tablet=&#8221;0px&#8221; box_shadow_vertical_tablet=&#8221;0px&#8221; box_shadow_blur_tablet=&#8221;40px&#8221; box_shadow_spread_tablet=&#8221;0px&#8221;][\/et_pb_button][\/et_pb_column][\/et_pb_row][\/et_pb_section]<\/p>\n","protected":false},"excerpt":{"rendered":"<p>SERIA DP2000E Lepsza \u0142\u0105czno\u015b\u0107Nowa generacja cyfrowych radiotelefon\u00f3w dwukierunkowych MOTOTRBO\u2122 zapewnia jeszcze lepsz\u0105 \u0142\u0105czno\u015b\u0107, wi\u0119ksz\u0105 wydajno\u015b\u0107 i bezpiecze\u0144stwo. Modele z serii DP2000e zosta\u0142y zaprojektowane z my\u015bl\u0105 o codziennym u\u017cytkowaniu przez pracownik\u00f3w, kt\u00f3rzy musz\u0105 si\u0119 skutecznie porozumiewa\u0107. Wsparcie systemowe oraz g\u0142o\u015bny i wyra\u017any d\u017awi\u0119k sprawiaj\u0105, \u017ce te nowe radiotelefony s\u0105 doskona\u0142ym, efektywnym kosztowo rozwi\u0105zaniem do komunikacji w [&hellip;]<\/p>\n","protected":false},"author":2,"featured_media":0,"parent":0,"menu_order":80,"comment_status":"closed","ping_status":"closed","template":"page-template-blank.php","meta":{"_acf_changed":false,"_et_pb_use_builder":"on","_et_pb_old_content":"","_et_gb_content_width":"","footnotes":""},"class_list":["post-1074","page","type-page","status-publish","hentry"],"acf":[],"yoast_head":"<!-- This site is optimized with the Yoast SEO plugin v26.9 - https:\/\/yoast.com\/product\/yoast-seo-wordpress\/ -->\n<title>SERIA DP2000E - Motorola Content Syndication<\/title>\n<meta name=\"robots\" content=\"index, follow, max-snippet:-1, max-image-preview:large, max-video-preview:-1\" \/>\n<link rel=\"canonical\" href=\"https:\/\/www.motorolasolutions.com\/pl_pl\/products\/mototrbo\/dp2000e-series.html\" \/>\n<meta property=\"og:locale\" content=\"pl_PL\" \/>\n<meta property=\"og:type\" content=\"article\" \/>\n<meta property=\"og:title\" content=\"SERIA DP2000E - Motorola Content Syndication\" \/>\n<meta property=\"og:description\" content=\"SERIA DP2000E Lepsza \u0142\u0105czno\u015b\u0107Nowa generacja cyfrowych radiotelefon\u00f3w dwukierunkowych MOTOTRBO\u2122 zapewnia jeszcze lepsz\u0105 \u0142\u0105czno\u015b\u0107, wi\u0119ksz\u0105 wydajno\u015b\u0107 i bezpiecze\u0144stwo. Modele z serii DP2000e zosta\u0142y zaprojektowane z my\u015bl\u0105 o codziennym u\u017cytkowaniu przez pracownik\u00f3w, kt\u00f3rzy musz\u0105 si\u0119 skutecznie porozumiewa\u0107. Wsparcie systemowe oraz g\u0142o\u015bny i wyra\u017any d\u017awi\u0119k sprawiaj\u0105, \u017ce te nowe radiotelefony s\u0105 doskona\u0142ym, efektywnym kosztowo rozwi\u0105zaniem do komunikacji w [&hellip;]\" \/>\n<meta property=\"og:url\" content=\"https:\/\/www.motorolasolutions.com\/pl_pl\/products\/mototrbo\/dp2000e-series.html\" \/>\n<meta property=\"og:site_name\" content=\"Motorola Content Syndication\" \/>\n<meta property=\"article:modified_time\" content=\"2021-03-24T16:09:29+00:00\" \/>\n<meta name=\"twitter:card\" content=\"summary_large_image\" \/>\n<meta name=\"twitter:label1\" content=\"Szacowany czas czytania\" \/>\n\t<meta name=\"twitter:data1\" content=\"4 minuty\" \/>\n<script type=\"application\/ld+json\" class=\"yoast-schema-graph\">{\"@context\":\"https:\/\/schema.org\",\"@graph\":[{\"@type\":\"WebPage\",\"@id\":\"https:\/\/motocs.indzine.net\/pl\/seria-dp2000e\/\",\"url\":\"https:\/\/www.motorolasolutions.com\/pl_pl\/products\/mototrbo\/dp2000e-series.html\",\"name\":\"SERIA DP2000E - Motorola Content Syndication\",\"isPartOf\":{\"@id\":\"https:\/\/motocs.indzine.net\/pl\/#website\"},\"datePublished\":\"2019-11-29T12:21:29+00:00\",\"dateModified\":\"2021-03-24T16:09:29+00:00\",\"breadcrumb\":{\"@id\":\"https:\/\/www.motorolasolutions.com\/pl_pl\/products\/mototrbo\/dp2000e-series.html#breadcrumb\"},\"inLanguage\":\"pl-PL\",\"potentialAction\":[{\"@type\":\"ReadAction\",\"target\":[\"https:\/\/www.motorolasolutions.com\/pl_pl\/products\/mototrbo\/dp2000e-series.html\"]}]},{\"@type\":\"BreadcrumbList\",\"@id\":\"https:\/\/www.motorolasolutions.com\/pl_pl\/products\/mototrbo\/dp2000e-series.html#breadcrumb\",\"itemListElement\":[{\"@type\":\"ListItem\",\"position\":1,\"name\":\"Home\",\"item\":\"https:\/\/motocs.indzine.net\/pl\/\"},{\"@type\":\"ListItem\",\"position\":2,\"name\":\"SERIA DP2000E\"}]},{\"@type\":\"WebSite\",\"@id\":\"https:\/\/motocs.indzine.net\/pl\/#website\",\"url\":\"https:\/\/motocs.indzine.net\/pl\/\",\"name\":\"Motorola Content Syndication\",\"description\":\"Motorola Website Starters site\",\"potentialAction\":[{\"@type\":\"SearchAction\",\"target\":{\"@type\":\"EntryPoint\",\"urlTemplate\":\"https:\/\/motocs.indzine.net\/pl\/?s={search_term_string}\"},\"query-input\":{\"@type\":\"PropertyValueSpecification\",\"valueRequired\":true,\"valueName\":\"search_term_string\"}}],\"inLanguage\":\"pl-PL\"}]}<\/script>\n<!-- \/ Yoast SEO plugin. -->","yoast_head_json":{"title":"SERIA DP2000E - Motorola Content Syndication","robots":{"index":"index","follow":"follow","max-snippet":"max-snippet:-1","max-image-preview":"max-image-preview:large","max-video-preview":"max-video-preview:-1"},"canonical":"https:\/\/www.motorolasolutions.com\/pl_pl\/products\/mototrbo\/dp2000e-series.html","og_locale":"pl_PL","og_type":"article","og_title":"SERIA DP2000E - Motorola Content Syndication","og_description":"SERIA DP2000E Lepsza \u0142\u0105czno\u015b\u0107Nowa generacja cyfrowych radiotelefon\u00f3w dwukierunkowych MOTOTRBO\u2122 zapewnia jeszcze lepsz\u0105 \u0142\u0105czno\u015b\u0107, wi\u0119ksz\u0105 wydajno\u015b\u0107 i bezpiecze\u0144stwo. Modele z serii DP2000e zosta\u0142y zaprojektowane z my\u015bl\u0105 o codziennym u\u017cytkowaniu przez pracownik\u00f3w, kt\u00f3rzy musz\u0105 si\u0119 skutecznie porozumiewa\u0107. Wsparcie systemowe oraz g\u0142o\u015bny i wyra\u017any d\u017awi\u0119k sprawiaj\u0105, \u017ce te nowe radiotelefony s\u0105 doskona\u0142ym, efektywnym kosztowo rozwi\u0105zaniem do komunikacji w [&hellip;]","og_url":"https:\/\/www.motorolasolutions.com\/pl_pl\/products\/mototrbo\/dp2000e-series.html","og_site_name":"Motorola Content Syndication","article_modified_time":"2021-03-24T16:09:29+00:00","twitter_card":"summary_large_image","twitter_misc":{"Szacowany czas czytania":"4 minuty"},"schema":{"@context":"https:\/\/schema.org","@graph":[{"@type":"WebPage","@id":"https:\/\/motocs.indzine.net\/pl\/seria-dp2000e\/","url":"https:\/\/www.motorolasolutions.com\/pl_pl\/products\/mototrbo\/dp2000e-series.html","name":"SERIA DP2000E - Motorola Content Syndication","isPartOf":{"@id":"https:\/\/motocs.indzine.net\/pl\/#website"},"datePublished":"2019-11-29T12:21:29+00:00","dateModified":"2021-03-24T16:09:29+00:00","breadcrumb":{"@id":"https:\/\/www.motorolasolutions.com\/pl_pl\/products\/mototrbo\/dp2000e-series.html#breadcrumb"},"inLanguage":"pl-PL","potentialAction":[{"@type":"ReadAction","target":["https:\/\/www.motorolasolutions.com\/pl_pl\/products\/mototrbo\/dp2000e-series.html"]}]},{"@type":"BreadcrumbList","@id":"https:\/\/www.motorolasolutions.com\/pl_pl\/products\/mototrbo\/dp2000e-series.html#breadcrumb","itemListElement":[{"@type":"ListItem","position":1,"name":"Home","item":"https:\/\/motocs.indzine.net\/pl\/"},{"@type":"ListItem","position":2,"name":"SERIA DP2000E"}]},{"@type":"WebSite","@id":"https:\/\/motocs.indzine.net\/pl\/#website","url":"https:\/\/motocs.indzine.net\/pl\/","name":"Motorola Content Syndication","description":"Motorola Website Starters site","potentialAction":[{"@type":"SearchAction","target":{"@type":"EntryPoint","urlTemplate":"https:\/\/motocs.indzine.net\/pl\/?s={search_term_string}"},"query-input":{"@type":"PropertyValueSpecification","valueRequired":true,"valueName":"search_term_string"}}],"inLanguage":"pl-PL"}]}},"_links":{"self":[{"href":"https:\/\/motocs.indzine.net\/pl\/wp-json\/wp\/v2\/pages\/1074","targetHints":{"allow":["GET"]}}],"collection":[{"href":"https:\/\/motocs.indzine.net\/pl\/wp-json\/wp\/v2\/pages"}],"about":[{"href":"https:\/\/motocs.indzine.net\/pl\/wp-json\/wp\/v2\/types\/page"}],"author":[{"embeddable":true,"href":"https:\/\/motocs.indzine.net\/pl\/wp-json\/wp\/v2\/users\/2"}],"replies":[{"embeddable":true,"href":"https:\/\/motocs.indzine.net\/pl\/wp-json\/wp\/v2\/comments?post=1074"}],"version-history":[{"count":0,"href":"https:\/\/motocs.indzine.net\/pl\/wp-json\/wp\/v2\/pages\/1074\/revisions"}],"wp:attachment":[{"href":"https:\/\/motocs.indzine.net\/pl\/wp-json\/wp\/v2\/media?parent=1074"}],"curies":[{"name":"wp","href":"https:\/\/api.w.org\/{rel}","templated":true}]}}