{"id":1079,"date":"2019-11-29T12:25:27","date_gmt":"2019-11-29T12:25:27","guid":{"rendered":"https:\/\/motocs.indzine.net\/pl\/?page_id=1079"},"modified":"2021-03-24T16:16:05","modified_gmt":"2021-03-24T16:16:05","slug":"przenosny-radiotelefon-sl1600","status":"publish","type":"page","link":"https:\/\/motocs.indzine.net\/pl\/przenosny-radiotelefon-sl1600\/","title":{"rendered":"RADIOTELEFON PRZENO\u015aNY SL1600"},"content":{"rendered":"<p>[et_pb_section fb_built=&#8221;1&#8243; _builder_version=&#8221;3.22&#8243;][et_pb_row _builder_version=&#8221;3.25&#8243;][et_pb_column type=&#8221;4_4&#8243; _builder_version=&#8221;3.0.47&#8243; custom_padding=&#8221;|||&#8221; custom_padding__hover=&#8221;|||&#8221;][et_pb_ds_breadcrumbs _builder_version=&#8221;3.3.1&#8243;][\/et_pb_ds_breadcrumbs][et_pb_text _builder_version=&#8221;4.0.9&#8243; custom_margin=&#8221;||0px|&#8221; custom_padding=&#8221;||0px|&#8221; z_index_tablet=&#8221;500&#8243; text_text_shadow_horizontal_length_tablet=&#8221;0px&#8221; text_text_shadow_vertical_length_tablet=&#8221;0px&#8221; text_text_shadow_blur_strength_tablet=&#8221;1px&#8221; link_text_shadow_horizontal_length_tablet=&#8221;0px&#8221; link_text_shadow_vertical_length_tablet=&#8221;0px&#8221; link_text_shadow_blur_strength_tablet=&#8221;1px&#8221; ul_text_shadow_horizontal_length_tablet=&#8221;0px&#8221; ul_text_shadow_vertical_length_tablet=&#8221;0px&#8221; ul_text_shadow_blur_strength_tablet=&#8221;1px&#8221; ol_text_shadow_horizontal_length_tablet=&#8221;0px&#8221; ol_text_shadow_vertical_length_tablet=&#8221;0px&#8221; ol_text_shadow_blur_strength_tablet=&#8221;1px&#8221; quote_text_shadow_horizontal_length_tablet=&#8221;0px&#8221; quote_text_shadow_vertical_length_tablet=&#8221;0px&#8221; quote_text_shadow_blur_strength_tablet=&#8221;1px&#8221; header_text_shadow_horizontal_length_tablet=&#8221;0px&#8221; header_text_shadow_vertical_length_tablet=&#8221;0px&#8221; header_text_shadow_blur_strength_tablet=&#8221;1px&#8221; header_2_text_shadow_horizontal_length_tablet=&#8221;0px&#8221; header_2_text_shadow_vertical_length_tablet=&#8221;0px&#8221; header_2_text_shadow_blur_strength_tablet=&#8221;1px&#8221; header_3_text_shadow_horizontal_length_tablet=&#8221;0px&#8221; header_3_text_shadow_vertical_length_tablet=&#8221;0px&#8221; header_3_text_shadow_blur_strength_tablet=&#8221;1px&#8221; header_4_text_shadow_horizontal_length_tablet=&#8221;0px&#8221; header_4_text_shadow_vertical_length_tablet=&#8221;0px&#8221; header_4_text_shadow_blur_strength_tablet=&#8221;1px&#8221; header_5_text_shadow_horizontal_length_tablet=&#8221;0px&#8221; header_5_text_shadow_vertical_length_tablet=&#8221;0px&#8221; header_5_text_shadow_blur_strength_tablet=&#8221;1px&#8221; header_6_text_shadow_horizontal_length_tablet=&#8221;0px&#8221; header_6_text_shadow_vertical_length_tablet=&#8221;0px&#8221; header_6_text_shadow_blur_strength_tablet=&#8221;1px&#8221; box_shadow_horizontal_tablet=&#8221;0px&#8221; box_shadow_vertical_tablet=&#8221;0px&#8221; box_shadow_blur_tablet=&#8221;40px&#8221; box_shadow_spread_tablet=&#8221;0px&#8221;]<\/p>\n<h1>RADIOTELEFON PRZENO\u015aNY SL1600<\/h1>\n<p>[\/et_pb_text][et_pb_divider color=&#8221;#cccccc&#8221; _builder_version=&#8221;3.3.1&#8243; height=&#8221;5px&#8221; custom_margin=&#8221;0px||0px|&#8221; custom_padding=&#8221;0px||0px|&#8221;][\/et_pb_divider][\/et_pb_column][\/et_pb_row][et_pb_row _builder_version=&#8221;3.25&#8243; custom_margin=&#8221;0px|||&#8221; custom_padding=&#8221;0px|||&#8221; column_structure=&#8221;1_3,2_3&#8243;][et_pb_column type=&#8221;1_3&#8243; _builder_version=&#8221;3.0.47&#8243; custom_padding=&#8221;|||&#8221; custom_padding__hover=&#8221;|||&#8221;][et_pb_image src=&#8221;https:\/\/motocs.indzine.net\/wp-content\/uploads\/sites\/14\/2018\/06\/MOTOTRBO-SL1600-Ultra-slim-Two-Way.jpg&#8221; align_tablet=&#8221;center&#8221; align_phone=&#8221;&#8221; align_last_edited=&#8221;on|desktop&#8221; _builder_version=&#8221;3.23&#8243;][\/et_pb_image][\/et_pb_column][et_pb_column type=&#8221;2_3&#8243; _builder_version=&#8221;3.0.47&#8243; custom_padding=&#8221;|||&#8221; custom_padding__hover=&#8221;|||&#8221;][et_pb_text _builder_version=&#8221;3.29.1&#8243; z_index_tablet=&#8221;500&#8243; text_text_shadow_horizontal_length_tablet=&#8221;0px&#8221; text_text_shadow_vertical_length_tablet=&#8221;0px&#8221; text_text_shadow_blur_strength_tablet=&#8221;1px&#8221; link_text_shadow_horizontal_length_tablet=&#8221;0px&#8221; link_text_shadow_vertical_length_tablet=&#8221;0px&#8221; link_text_shadow_blur_strength_tablet=&#8221;1px&#8221; ul_text_shadow_horizontal_length_tablet=&#8221;0px&#8221; ul_text_shadow_vertical_length_tablet=&#8221;0px&#8221; ul_text_shadow_blur_strength_tablet=&#8221;1px&#8221; ol_text_shadow_horizontal_length_tablet=&#8221;0px&#8221; ol_text_shadow_vertical_length_tablet=&#8221;0px&#8221; ol_text_shadow_blur_strength_tablet=&#8221;1px&#8221; quote_text_shadow_horizontal_length_tablet=&#8221;0px&#8221; quote_text_shadow_vertical_length_tablet=&#8221;0px&#8221; quote_text_shadow_blur_strength_tablet=&#8221;1px&#8221; header_text_shadow_horizontal_length_tablet=&#8221;0px&#8221; header_text_shadow_vertical_length_tablet=&#8221;0px&#8221; header_text_shadow_blur_strength_tablet=&#8221;1px&#8221; header_2_text_shadow_horizontal_length_tablet=&#8221;0px&#8221; header_2_text_shadow_vertical_length_tablet=&#8221;0px&#8221; header_2_text_shadow_blur_strength_tablet=&#8221;1px&#8221; header_3_text_shadow_horizontal_length_tablet=&#8221;0px&#8221; header_3_text_shadow_vertical_length_tablet=&#8221;0px&#8221; header_3_text_shadow_blur_strength_tablet=&#8221;1px&#8221; header_4_text_shadow_horizontal_length_tablet=&#8221;0px&#8221; header_4_text_shadow_vertical_length_tablet=&#8221;0px&#8221; header_4_text_shadow_blur_strength_tablet=&#8221;1px&#8221; header_5_text_shadow_horizontal_length_tablet=&#8221;0px&#8221; header_5_text_shadow_vertical_length_tablet=&#8221;0px&#8221; header_5_text_shadow_blur_strength_tablet=&#8221;1px&#8221; header_6_text_shadow_horizontal_length_tablet=&#8221;0px&#8221; header_6_text_shadow_vertical_length_tablet=&#8221;0px&#8221; header_6_text_shadow_blur_strength_tablet=&#8221;1px&#8221; box_shadow_horizontal_tablet=&#8221;0px&#8221; box_shadow_vertical_tablet=&#8221;0px&#8221; box_shadow_blur_tablet=&#8221;40px&#8221; box_shadow_spread_tablet=&#8221;0px&#8221;]<\/p>\n<p>MOTOTRBO\u2122 SL1600 to urz\u0105dzenie o wyj\u0105tkowo smuk\u0142ej obudowie i solidnej konstrukcji, kt\u00f3re daje mo\u017cliwo\u015b\u0107 niezawodnego, codziennego komunikowania si\u0119 w trybie Push-To-Talk. Zapewnia sta\u0142\u0105 \u0142\u0105czno\u015b\u0107 zar\u00f3wno podczas oficjalnego przyj\u0119cia, jak i w trakcie pracy w terenie.<\/p>\n<p>Dzi\u0119ki smuk\u0142ej, 22-milimetrowej obudowie model SL1600 jest wyj\u0105tkowo \u0142atwy do przenoszenia. Ca\u0142o\u015bci dope\u0142niaj\u0105 kr\u00f3tka antena, zaokr\u0105glone kraw\u0119dzie i solidna obudowa, kt\u00f3re czyni\u0105 model SL1600 idealnym partnerem do pracy. Jego niewielkie rozmiary umo\u017cliwiaj\u0105 noszenie w kieszeni lub torbie.<\/p>\n<p>Model SL1600 zosta\u0142 zaprojektowany z my\u015bl\u0105 o intuicyjno\u015bci i \u0142atwo\u015b\u0107 obs\u0142ugi. Regulacja g\u0142o\u015bno\u015bci jest umieszczona z boku, zasilanie w\u0142\u0105cza si\u0119 i wy\u0142\u0105cza osobnym przyciskiem, przycisk PTT zosta\u0142 umieszczony w widocznym miejscu, a prze\u0142\u0105cznik kana\u0142\u00f3w znajduje si\u0119 na g\u00f3rze obudowy. Wszystko to pozwala obs\u0142ugiwa\u0107 urz\u0105dzenie jedn\u0105 r\u0119ka. Funkcja szybkiej zmiany kana\u0142\u00f3w pozwala przeskakiwa\u0107 po 10 kana\u0142\u00f3w na raz.<\/p>\n<p>Model SL1600 zosta\u0142 wyposa\u017cony w najnowsze technologie, kt\u00f3re zapewniaj\u0105 sprawno\u015b\u0107 dzia\u0142ania i \u0142atwo\u015b\u0107 u\u017cycia. Odporny na uszkodzenia ekran Active View przekazuje komunikaty radiotelefonu za pomoc\u0105 ukrytych w obudowie diod LED. Gdy nie jest u\u017cywany, wy\u0142\u0105cza si\u0119, aby nie roz\u0142adowywa\u0107 akumulatora. W modelu SL1600 wykorzystano technologi\u0119 Range Max, czyli zaawansowan\u0105 konstrukcj\u0119 oraz opatentowan\u0105 anten\u0119, kt\u00f3re poprawiaj\u0105 zasi\u0119g urz\u0105dzenia i pozwalaj\u0105 zachowa\u0107 jego niewielk\u0105 grubo\u015b\u0107 oraz d\u0142ugi czas pracy akumulatora.<\/p>\n<p>Model SL1600 zosta\u0142 stworzony z my\u015bl\u0105 o niezawodno\u015bci. Klasa ochrony IP54 oznacza, \u017ce nie zaszkodzi mu py\u0142 ani woda \u2014 mo\u017cna go u\u017cywa\u0107 nawet w nieprzyjaznym \u015brodowisku. Ten radiotelefon wytrzyma niejeden upadek i wstrz\u0105s. Podo\u0142a\u0142 tak\u017ce bardzo trudnym testom Accelerated Life Test firmy Motorola, w trakcie kt\u00f3rych oczekuj\u0105cy na akceptacj\u0119 radiotelefon poddaje si\u0119 symulacji 5-letniego okresu ci\u0119\u017ckiej eksploatacji.<\/p>\n<p>[\/et_pb_text][et_pb_button button_url=&#8221;\/wp-content\/uploads\/sites\/14\/2019\/11\/SL1600_DataSheet_POL_lor.pdf&#8221; url_new_window=&#8221;on&#8221; button_text=&#8221;Dane techniczne&#8221; button_alignment=&#8221;left&#8221; _builder_version=&#8221;3.29.1&#8243; custom_button=&#8221;on&#8221; button_text_color=&#8221;#ffffff&#8221; button_bg_color=&#8221;#006acd&#8221; background_layout=&#8221;dark&#8221; z_index_tablet=&#8221;500&#8243; button_text_shadow_horizontal_length_tablet=&#8221;0px&#8221; button_text_shadow_vertical_length_tablet=&#8221;0px&#8221; button_text_shadow_blur_strength_tablet=&#8221;1px&#8221; box_shadow_horizontal_tablet=&#8221;0px&#8221; box_shadow_vertical_tablet=&#8221;0px&#8221; box_shadow_blur_tablet=&#8221;40px&#8221; box_shadow_spread_tablet=&#8221;0px&#8221;][\/et_pb_button][\/et_pb_column][\/et_pb_row][\/et_pb_section]<\/p>\n","protected":false},"excerpt":{"rendered":"<p>RADIOTELEFON PRZENO\u015aNY SL1600 MOTOTRBO\u2122 SL1600 to urz\u0105dzenie o wyj\u0105tkowo smuk\u0142ej obudowie i solidnej konstrukcji, kt\u00f3re daje mo\u017cliwo\u015b\u0107 niezawodnego, codziennego komunikowania si\u0119 w trybie Push-To-Talk. Zapewnia sta\u0142\u0105 \u0142\u0105czno\u015b\u0107 zar\u00f3wno podczas oficjalnego przyj\u0119cia, jak i w trakcie pracy w terenie.Dzi\u0119ki smuk\u0142ej, 22-milimetrowej obudowie model SL1600 jest wyj\u0105tkowo \u0142atwy do przenoszenia. Ca\u0142o\u015bci dope\u0142niaj\u0105 kr\u00f3tka antena, zaokr\u0105glone kraw\u0119dzie i [&hellip;]<\/p>\n","protected":false},"author":2,"featured_media":0,"parent":0,"menu_order":100,"comment_status":"closed","ping_status":"closed","template":"page-template-blank.php","meta":{"_acf_changed":false,"_et_pb_use_builder":"on","_et_pb_old_content":"","_et_gb_content_width":"","footnotes":""},"class_list":["post-1079","page","type-page","status-publish","hentry"],"acf":[],"yoast_head":"<!-- This site is optimized with the Yoast SEO plugin v27.3 - https:\/\/yoast.com\/product\/yoast-seo-wordpress\/ -->\n<title>RADIOTELEFON PRZENO\u015aNY SL1600 - Motorola Content Syndication<\/title>\n<meta name=\"robots\" content=\"index, follow, max-snippet:-1, max-image-preview:large, max-video-preview:-1\" \/>\n<link rel=\"canonical\" href=\"https:\/\/www.motorolasolutions.com\/pl_pl\/products\/mototrbo\/sl1600.html\" \/>\n<meta property=\"og:locale\" content=\"pl_PL\" \/>\n<meta property=\"og:type\" content=\"article\" \/>\n<meta property=\"og:title\" content=\"RADIOTELEFON PRZENO\u015aNY SL1600 - Motorola Content Syndication\" \/>\n<meta property=\"og:description\" content=\"RADIOTELEFON PRZENO\u015aNY SL1600 MOTOTRBO\u2122 SL1600 to urz\u0105dzenie o wyj\u0105tkowo smuk\u0142ej obudowie i solidnej konstrukcji, kt\u00f3re daje mo\u017cliwo\u015b\u0107 niezawodnego, codziennego komunikowania si\u0119 w trybie Push-To-Talk. Zapewnia sta\u0142\u0105 \u0142\u0105czno\u015b\u0107 zar\u00f3wno podczas oficjalnego przyj\u0119cia, jak i w trakcie pracy w terenie.Dzi\u0119ki smuk\u0142ej, 22-milimetrowej obudowie model SL1600 jest wyj\u0105tkowo \u0142atwy do przenoszenia. Ca\u0142o\u015bci dope\u0142niaj\u0105 kr\u00f3tka antena, zaokr\u0105glone kraw\u0119dzie i [&hellip;]\" \/>\n<meta property=\"og:url\" content=\"https:\/\/www.motorolasolutions.com\/pl_pl\/products\/mototrbo\/sl1600.html\" \/>\n<meta property=\"og:site_name\" content=\"Motorola Content Syndication\" \/>\n<meta property=\"article:modified_time\" content=\"2021-03-24T16:16:05+00:00\" \/>\n<meta name=\"twitter:card\" content=\"summary_large_image\" \/>\n<meta name=\"twitter:label1\" content=\"Szacowany czas czytania\" \/>\n\t<meta name=\"twitter:data1\" content=\"5 minut\" \/>\n<script type=\"application\/ld+json\" class=\"yoast-schema-graph\">{\"@context\":\"https:\\\/\\\/schema.org\",\"@graph\":[{\"@type\":\"WebPage\",\"@id\":\"https:\\\/\\\/motocs.indzine.net\\\/pl\\\/przenosny-radiotelefon-sl1600\\\/\",\"url\":\"https:\\\/\\\/www.motorolasolutions.com\\\/pl_pl\\\/products\\\/mototrbo\\\/sl1600.html\",\"name\":\"RADIOTELEFON PRZENO\u015aNY SL1600 - Motorola Content Syndication\",\"isPartOf\":{\"@id\":\"https:\\\/\\\/motocs.indzine.net\\\/pl\\\/#website\"},\"datePublished\":\"2019-11-29T12:25:27+00:00\",\"dateModified\":\"2021-03-24T16:16:05+00:00\",\"breadcrumb\":{\"@id\":\"https:\\\/\\\/www.motorolasolutions.com\\\/pl_pl\\\/products\\\/mototrbo\\\/sl1600.html#breadcrumb\"},\"inLanguage\":\"pl-PL\",\"potentialAction\":[{\"@type\":\"ReadAction\",\"target\":[\"https:\\\/\\\/www.motorolasolutions.com\\\/pl_pl\\\/products\\\/mototrbo\\\/sl1600.html\"]}]},{\"@type\":\"BreadcrumbList\",\"@id\":\"https:\\\/\\\/www.motorolasolutions.com\\\/pl_pl\\\/products\\\/mototrbo\\\/sl1600.html#breadcrumb\",\"itemListElement\":[{\"@type\":\"ListItem\",\"position\":1,\"name\":\"Home\",\"item\":\"https:\\\/\\\/motocs.indzine.net\\\/pl\\\/\"},{\"@type\":\"ListItem\",\"position\":2,\"name\":\"RADIOTELEFON PRZENO\u015aNY SL1600\"}]},{\"@type\":\"WebSite\",\"@id\":\"https:\\\/\\\/motocs.indzine.net\\\/pl\\\/#website\",\"url\":\"https:\\\/\\\/motocs.indzine.net\\\/pl\\\/\",\"name\":\"Motorola Content Syndication\",\"description\":\"Motorola Website Starters site\",\"potentialAction\":[{\"@type\":\"SearchAction\",\"target\":{\"@type\":\"EntryPoint\",\"urlTemplate\":\"https:\\\/\\\/motocs.indzine.net\\\/pl\\\/?s={search_term_string}\"},\"query-input\":{\"@type\":\"PropertyValueSpecification\",\"valueRequired\":true,\"valueName\":\"search_term_string\"}}],\"inLanguage\":\"pl-PL\"}]}<\/script>\n<!-- \/ Yoast SEO plugin. -->","yoast_head_json":{"title":"RADIOTELEFON PRZENO\u015aNY SL1600 - Motorola Content Syndication","robots":{"index":"index","follow":"follow","max-snippet":"max-snippet:-1","max-image-preview":"max-image-preview:large","max-video-preview":"max-video-preview:-1"},"canonical":"https:\/\/www.motorolasolutions.com\/pl_pl\/products\/mototrbo\/sl1600.html","og_locale":"pl_PL","og_type":"article","og_title":"RADIOTELEFON PRZENO\u015aNY SL1600 - Motorola Content Syndication","og_description":"RADIOTELEFON PRZENO\u015aNY SL1600 MOTOTRBO\u2122 SL1600 to urz\u0105dzenie o wyj\u0105tkowo smuk\u0142ej obudowie i solidnej konstrukcji, kt\u00f3re daje mo\u017cliwo\u015b\u0107 niezawodnego, codziennego komunikowania si\u0119 w trybie Push-To-Talk. Zapewnia sta\u0142\u0105 \u0142\u0105czno\u015b\u0107 zar\u00f3wno podczas oficjalnego przyj\u0119cia, jak i w trakcie pracy w terenie.Dzi\u0119ki smuk\u0142ej, 22-milimetrowej obudowie model SL1600 jest wyj\u0105tkowo \u0142atwy do przenoszenia. Ca\u0142o\u015bci dope\u0142niaj\u0105 kr\u00f3tka antena, zaokr\u0105glone kraw\u0119dzie i [&hellip;]","og_url":"https:\/\/www.motorolasolutions.com\/pl_pl\/products\/mototrbo\/sl1600.html","og_site_name":"Motorola Content Syndication","article_modified_time":"2021-03-24T16:16:05+00:00","twitter_card":"summary_large_image","twitter_misc":{"Szacowany czas czytania":"5 minut"},"schema":{"@context":"https:\/\/schema.org","@graph":[{"@type":"WebPage","@id":"https:\/\/motocs.indzine.net\/pl\/przenosny-radiotelefon-sl1600\/","url":"https:\/\/www.motorolasolutions.com\/pl_pl\/products\/mototrbo\/sl1600.html","name":"RADIOTELEFON PRZENO\u015aNY SL1600 - Motorola Content Syndication","isPartOf":{"@id":"https:\/\/motocs.indzine.net\/pl\/#website"},"datePublished":"2019-11-29T12:25:27+00:00","dateModified":"2021-03-24T16:16:05+00:00","breadcrumb":{"@id":"https:\/\/www.motorolasolutions.com\/pl_pl\/products\/mototrbo\/sl1600.html#breadcrumb"},"inLanguage":"pl-PL","potentialAction":[{"@type":"ReadAction","target":["https:\/\/www.motorolasolutions.com\/pl_pl\/products\/mototrbo\/sl1600.html"]}]},{"@type":"BreadcrumbList","@id":"https:\/\/www.motorolasolutions.com\/pl_pl\/products\/mototrbo\/sl1600.html#breadcrumb","itemListElement":[{"@type":"ListItem","position":1,"name":"Home","item":"https:\/\/motocs.indzine.net\/pl\/"},{"@type":"ListItem","position":2,"name":"RADIOTELEFON PRZENO\u015aNY SL1600"}]},{"@type":"WebSite","@id":"https:\/\/motocs.indzine.net\/pl\/#website","url":"https:\/\/motocs.indzine.net\/pl\/","name":"Motorola Content Syndication","description":"Motorola Website Starters site","potentialAction":[{"@type":"SearchAction","target":{"@type":"EntryPoint","urlTemplate":"https:\/\/motocs.indzine.net\/pl\/?s={search_term_string}"},"query-input":{"@type":"PropertyValueSpecification","valueRequired":true,"valueName":"search_term_string"}}],"inLanguage":"pl-PL"}]}},"_links":{"self":[{"href":"https:\/\/motocs.indzine.net\/pl\/wp-json\/wp\/v2\/pages\/1079","targetHints":{"allow":["GET"]}}],"collection":[{"href":"https:\/\/motocs.indzine.net\/pl\/wp-json\/wp\/v2\/pages"}],"about":[{"href":"https:\/\/motocs.indzine.net\/pl\/wp-json\/wp\/v2\/types\/page"}],"author":[{"embeddable":true,"href":"https:\/\/motocs.indzine.net\/pl\/wp-json\/wp\/v2\/users\/2"}],"replies":[{"embeddable":true,"href":"https:\/\/motocs.indzine.net\/pl\/wp-json\/wp\/v2\/comments?post=1079"}],"version-history":[{"count":0,"href":"https:\/\/motocs.indzine.net\/pl\/wp-json\/wp\/v2\/pages\/1079\/revisions"}],"wp:attachment":[{"href":"https:\/\/motocs.indzine.net\/pl\/wp-json\/wp\/v2\/media?parent=1079"}],"curies":[{"name":"wp","href":"https:\/\/api.w.org\/{rel}","templated":true}]}}