{"id":1085,"date":"2019-11-29T12:42:26","date_gmt":"2019-11-29T12:42:26","guid":{"rendered":"https:\/\/motocs.indzine.net\/pl\/?page_id=1085"},"modified":"2021-03-24T16:24:36","modified_gmt":"2021-03-24T16:24:36","slug":"przenosny-radiotelefon-dp1400","status":"publish","type":"page","link":"https:\/\/motocs.indzine.net\/pl\/przenosny-radiotelefon-dp1400\/","title":{"rendered":"RADIOTELEFON PRZENO\u015aNY DP1400"},"content":{"rendered":"<p>[et_pb_section fb_built=&#8221;1&#8243; _builder_version=&#8221;3.22&#8243;][et_pb_row _builder_version=&#8221;3.25&#8243;][et_pb_column type=&#8221;4_4&#8243; _builder_version=&#8221;3.0.47&#8243; custom_padding=&#8221;|||&#8221; custom_padding__hover=&#8221;|||&#8221;][et_pb_ds_breadcrumbs _builder_version=&#8221;3.3.1&#8243;][\/et_pb_ds_breadcrumbs][et_pb_text _builder_version=&#8221;4.0.9&#8243; custom_margin=&#8221;||0px|&#8221; custom_padding=&#8221;||0px|&#8221; z_index_tablet=&#8221;500&#8243; text_text_shadow_horizontal_length_tablet=&#8221;0px&#8221; text_text_shadow_vertical_length_tablet=&#8221;0px&#8221; text_text_shadow_blur_strength_tablet=&#8221;1px&#8221; link_text_shadow_horizontal_length_tablet=&#8221;0px&#8221; link_text_shadow_vertical_length_tablet=&#8221;0px&#8221; link_text_shadow_blur_strength_tablet=&#8221;1px&#8221; ul_text_shadow_horizontal_length_tablet=&#8221;0px&#8221; ul_text_shadow_vertical_length_tablet=&#8221;0px&#8221; ul_text_shadow_blur_strength_tablet=&#8221;1px&#8221; ol_text_shadow_horizontal_length_tablet=&#8221;0px&#8221; ol_text_shadow_vertical_length_tablet=&#8221;0px&#8221; ol_text_shadow_blur_strength_tablet=&#8221;1px&#8221; quote_text_shadow_horizontal_length_tablet=&#8221;0px&#8221; quote_text_shadow_vertical_length_tablet=&#8221;0px&#8221; quote_text_shadow_blur_strength_tablet=&#8221;1px&#8221; header_text_shadow_horizontal_length_tablet=&#8221;0px&#8221; header_text_shadow_vertical_length_tablet=&#8221;0px&#8221; header_text_shadow_blur_strength_tablet=&#8221;1px&#8221; header_2_text_shadow_horizontal_length_tablet=&#8221;0px&#8221; header_2_text_shadow_vertical_length_tablet=&#8221;0px&#8221; header_2_text_shadow_blur_strength_tablet=&#8221;1px&#8221; header_3_text_shadow_horizontal_length_tablet=&#8221;0px&#8221; header_3_text_shadow_vertical_length_tablet=&#8221;0px&#8221; header_3_text_shadow_blur_strength_tablet=&#8221;1px&#8221; header_4_text_shadow_horizontal_length_tablet=&#8221;0px&#8221; header_4_text_shadow_vertical_length_tablet=&#8221;0px&#8221; header_4_text_shadow_blur_strength_tablet=&#8221;1px&#8221; header_5_text_shadow_horizontal_length_tablet=&#8221;0px&#8221; header_5_text_shadow_vertical_length_tablet=&#8221;0px&#8221; header_5_text_shadow_blur_strength_tablet=&#8221;1px&#8221; header_6_text_shadow_horizontal_length_tablet=&#8221;0px&#8221; header_6_text_shadow_vertical_length_tablet=&#8221;0px&#8221; header_6_text_shadow_blur_strength_tablet=&#8221;1px&#8221; box_shadow_horizontal_tablet=&#8221;0px&#8221; box_shadow_vertical_tablet=&#8221;0px&#8221; box_shadow_blur_tablet=&#8221;40px&#8221; box_shadow_spread_tablet=&#8221;0px&#8221;]<\/p>\n<h1>RADIOTELEFON PRZENO\u015aNY DP1400<\/h1>\n<p>[\/et_pb_text][et_pb_divider color=&#8221;#cccccc&#8221; _builder_version=&#8221;3.3.1&#8243; height=&#8221;5px&#8221; custom_margin=&#8221;0px||0px|&#8221; custom_padding=&#8221;0px||0px|&#8221;][\/et_pb_divider][\/et_pb_column][\/et_pb_row][et_pb_row _builder_version=&#8221;3.25&#8243; custom_margin=&#8221;0px|||&#8221; custom_padding=&#8221;0px|||&#8221; column_structure=&#8221;1_3,2_3&#8243;][et_pb_column type=&#8221;1_3&#8243; _builder_version=&#8221;3.0.47&#8243; custom_padding=&#8221;|||&#8221; custom_padding__hover=&#8221;|||&#8221;][et_pb_image src=&#8221;https:\/\/motocs.indzine.net\/wp-content\/uploads\/sites\/14\/2019\/11\/dp1400-portable.jpg&#8221; align_tablet=&#8221;center&#8221; align_phone=&#8221;&#8221; align_last_edited=&#8221;on|desktop&#8221; _builder_version=&#8221;3.29.1&#8243; z_index_tablet=&#8221;500&#8243; box_shadow_horizontal_tablet=&#8221;0px&#8221; box_shadow_vertical_tablet=&#8221;0px&#8221; box_shadow_blur_tablet=&#8221;40px&#8221; box_shadow_spread_tablet=&#8221;0px&#8221;][\/et_pb_image][\/et_pb_column][et_pb_column type=&#8221;2_3&#8243; _builder_version=&#8221;3.0.47&#8243; custom_padding=&#8221;|||&#8221; custom_padding__hover=&#8221;|||&#8221;][et_pb_text _builder_version=&#8221;3.29.1&#8243; width=&#8221;80%&#8221; max_width=&#8221;1080px&#8221; z_index_tablet=&#8221;500&#8243; text_text_shadow_horizontal_length_tablet=&#8221;0px&#8221; text_text_shadow_vertical_length_tablet=&#8221;0px&#8221; text_text_shadow_blur_strength_tablet=&#8221;1px&#8221; link_text_shadow_horizontal_length_tablet=&#8221;0px&#8221; link_text_shadow_vertical_length_tablet=&#8221;0px&#8221; link_text_shadow_blur_strength_tablet=&#8221;1px&#8221; ul_text_shadow_horizontal_length_tablet=&#8221;0px&#8221; ul_text_shadow_vertical_length_tablet=&#8221;0px&#8221; ul_text_shadow_blur_strength_tablet=&#8221;1px&#8221; ol_text_shadow_horizontal_length_tablet=&#8221;0px&#8221; ol_text_shadow_vertical_length_tablet=&#8221;0px&#8221; ol_text_shadow_blur_strength_tablet=&#8221;1px&#8221; quote_text_shadow_horizontal_length_tablet=&#8221;0px&#8221; quote_text_shadow_vertical_length_tablet=&#8221;0px&#8221; quote_text_shadow_blur_strength_tablet=&#8221;1px&#8221; header_text_shadow_horizontal_length_tablet=&#8221;0px&#8221; header_text_shadow_vertical_length_tablet=&#8221;0px&#8221; header_text_shadow_blur_strength_tablet=&#8221;1px&#8221; header_2_text_shadow_horizontal_length_tablet=&#8221;0px&#8221; header_2_text_shadow_vertical_length_tablet=&#8221;0px&#8221; header_2_text_shadow_blur_strength_tablet=&#8221;1px&#8221; header_3_text_shadow_horizontal_length_tablet=&#8221;0px&#8221; header_3_text_shadow_vertical_length_tablet=&#8221;0px&#8221; header_3_text_shadow_blur_strength_tablet=&#8221;1px&#8221; header_4_text_shadow_horizontal_length_tablet=&#8221;0px&#8221; header_4_text_shadow_vertical_length_tablet=&#8221;0px&#8221; header_4_text_shadow_blur_strength_tablet=&#8221;1px&#8221; header_5_text_shadow_horizontal_length_tablet=&#8221;0px&#8221; header_5_text_shadow_vertical_length_tablet=&#8221;0px&#8221; header_5_text_shadow_blur_strength_tablet=&#8221;1px&#8221; header_6_text_shadow_horizontal_length_tablet=&#8221;0px&#8221; header_6_text_shadow_vertical_length_tablet=&#8221;0px&#8221; header_6_text_shadow_blur_strength_tablet=&#8221;1px&#8221; box_shadow_horizontal_tablet=&#8221;0px&#8221; box_shadow_vertical_tablet=&#8221;0px&#8221; box_shadow_blur_tablet=&#8221;40px&#8221; box_shadow_spread_tablet=&#8221;0px&#8221;]<\/p>\n<h4>Komunikacja g\u0142osowa<\/h4>\n<p>Motorola Solutions DP1400 to prosty radiotelefon wyposa\u017cony w funkcje, kt\u00f3rych mo\u017cna oczekiwa\u0107 od sprz\u0119tu wy\u017cszej klasy. Jako cz\u0119\u015b\u0107 rodziny radiotelefon\u00f3w MOTOTRBO, model DP1400 oferuje doskona\u0142\u0105 jako\u015b\u0107 d\u017awi\u0119ku, wyj\u0105tkowy zasi\u0119g, d\u0142ugi czas pracy akumulatora i du\u017co wi\u0119cej.<\/p>\n<p>DP1400 posiada 32 kana\u0142y, pozwalaj\u0105c na prowadzenie bardziej ukierunkowanej \u0142\u0105czno\u015bci pomi\u0119dzy r\u00f3\u017cnymi grupami personelu. Ergonomiczna konstrukcja radiotelefonu daje u\u017cytkownikom dost\u0119p do wszystkich element\u00f3w steruj\u0105cych nawet w r\u0119kawicach, a dwa programowalne przyciski i szeroki wyb\u00f3r akcesori\u00f3w pozwalaj\u0105 na dostosowanie go do potrzeb ka\u017cdego u\u017cytkownika.<br \/>DP1400 to Twoja linia \u017cycia w \u0142\u0105czno\u015bci krytycznej, co oznacza, \u017ce musi by\u0107 zbudowany z my\u015bl\u0105 o najtrudniejszych sytuacjach. Motorola Solutions testuje radiotelefony DP1400 zgodnie z norm\u0105 MIL-STD-810, aby zagwarantowa\u0107, \u017ce s\u0105 w stanie sprosta\u0107 trudnym zadaniom. Opr\u00f3cz testowania zgodno\u015bci z normami, wykonujemy r\u00f3wnie\u017c nasz wyj\u0105tkowy test przyspieszonego zu\u017cycia (ALT \u2013 Accelerated Life Testing), dzi\u0119ki czemu masz pewno\u015b\u0107, \u017ce Tw\u00f3j radiotelefon wytrzyma wiele lat pracy w terenie.<\/p>\n<p>Niezale\u017cnie od tego, jakie s\u0105 Twoje potrzeby, DP1400 zapewnia proste, niezawodne i ekonomiczne rozwi\u0105zanie w dziedzinie \u0142\u0105czno\u015bci, aby zespo\u0142y pracownik\u00f3w mog\u0142y si\u0119 porozumiewa\u0107, koordynowa\u0107 i wsp\u00f3\u0142pracowa\u0107 w celu wykonywania swoich zada\u0144. \u0141\u0105cz\u0105c najnowsze radiowe technologie analogowe i cyfrowe, DP1400 jest idealnym rozwi\u0105zaniem dla codziennego u\u017cytkownika, kt\u00f3ry chce pozosta\u0107 w kontakcie.<\/p>\n<p>[\/et_pb_text][et_pb_button button_url=&#8221;\/wp-content\/uploads\/sites\/14\/2019\/11\/dp1400_brochure_pol.pdf&#8221; url_new_window=&#8221;on&#8221; button_text=&#8221;Broszura&#8221; button_alignment=&#8221;left&#8221; disabled_on=&#8221;off|off|off&#8221; _builder_version=&#8221;3.29.1&#8243; custom_button=&#8221;on&#8221; button_text_color=&#8221;#ffffff&#8221; button_bg_color=&#8221;#006acd&#8221; background_layout=&#8221;dark&#8221; z_index_tablet=&#8221;500&#8243; button_text_shadow_horizontal_length_tablet=&#8221;0px&#8221; button_text_shadow_vertical_length_tablet=&#8221;0px&#8221; button_text_shadow_blur_strength_tablet=&#8221;1px&#8221; box_shadow_horizontal_tablet=&#8221;0px&#8221; box_shadow_vertical_tablet=&#8221;0px&#8221; box_shadow_blur_tablet=&#8221;40px&#8221; box_shadow_spread_tablet=&#8221;0px&#8221; button_text_size__hover_enabled=&#8221;off&#8221; button_text_size__hover=&#8221;null&#8221; button_one_text_size__hover_enabled=&#8221;off&#8221; button_one_text_size__hover=&#8221;null&#8221; button_two_text_size__hover_enabled=&#8221;off&#8221; button_two_text_size__hover=&#8221;null&#8221; button_text_color__hover_enabled=&#8221;off&#8221; button_text_color__hover=&#8221;null&#8221; button_one_text_color__hover_enabled=&#8221;off&#8221; button_one_text_color__hover=&#8221;null&#8221; button_two_text_color__hover_enabled=&#8221;off&#8221; button_two_text_color__hover=&#8221;null&#8221; button_border_width__hover_enabled=&#8221;off&#8221; button_border_width__hover=&#8221;null&#8221; button_one_border_width__hover_enabled=&#8221;off&#8221; button_one_border_width__hover=&#8221;null&#8221; button_two_border_width__hover_enabled=&#8221;off&#8221; button_two_border_width__hover=&#8221;null&#8221; button_border_color__hover_enabled=&#8221;off&#8221; button_border_color__hover=&#8221;null&#8221; button_one_border_color__hover_enabled=&#8221;off&#8221; button_one_border_color__hover=&#8221;null&#8221; button_two_border_color__hover_enabled=&#8221;off&#8221; button_two_border_color__hover=&#8221;null&#8221; button_border_radius__hover_enabled=&#8221;off&#8221; button_border_radius__hover=&#8221;null&#8221; button_one_border_radius__hover_enabled=&#8221;off&#8221; button_one_border_radius__hover=&#8221;null&#8221; button_two_border_radius__hover_enabled=&#8221;off&#8221; button_two_border_radius__hover=&#8221;null&#8221; button_letter_spacing__hover_enabled=&#8221;off&#8221; button_letter_spacing__hover=&#8221;null&#8221; button_one_letter_spacing__hover_enabled=&#8221;off&#8221; button_one_letter_spacing__hover=&#8221;null&#8221; button_two_letter_spacing__hover_enabled=&#8221;off&#8221; button_two_letter_spacing__hover=&#8221;null&#8221; button_bg_color__hover_enabled=&#8221;off&#8221; button_bg_color__hover=&#8221;null&#8221; button_one_bg_color__hover_enabled=&#8221;off&#8221; button_one_bg_color__hover=&#8221;null&#8221; button_two_bg_color__hover_enabled=&#8221;off&#8221; button_two_bg_color__hover=&#8221;null&#8221;][\/et_pb_button][\/et_pb_column][\/et_pb_row][\/et_pb_section]<\/p>\n","protected":false},"excerpt":{"rendered":"<p>RADIOTELEFON PRZENO\u015aNY DP1400 Komunikacja g\u0142osowaMotorola Solutions DP1400 to prosty radiotelefon wyposa\u017cony w funkcje, kt\u00f3rych mo\u017cna oczekiwa\u0107 od sprz\u0119tu wy\u017cszej klasy. Jako cz\u0119\u015b\u0107 rodziny radiotelefon\u00f3w MOTOTRBO, model DP1400 oferuje doskona\u0142\u0105 jako\u015b\u0107 d\u017awi\u0119ku, wyj\u0105tkowy zasi\u0119g, d\u0142ugi czas pracy akumulatora i du\u017co wi\u0119cej.DP1400 posiada 32 kana\u0142y, pozwalaj\u0105c na prowadzenie bardziej ukierunkowanej \u0142\u0105czno\u015bci pomi\u0119dzy r\u00f3\u017cnymi grupami personelu. Ergonomiczna konstrukcja [&hellip;]<\/p>\n","protected":false},"author":2,"featured_media":0,"parent":0,"menu_order":110,"comment_status":"closed","ping_status":"closed","template":"page-template-blank.php","meta":{"_acf_changed":false,"_et_pb_use_builder":"on","_et_pb_old_content":"","_et_gb_content_width":"","footnotes":""},"class_list":["post-1085","page","type-page","status-publish","hentry"],"acf":[],"yoast_head":"<!-- This site is optimized with the Yoast SEO plugin v26.9 - https:\/\/yoast.com\/product\/yoast-seo-wordpress\/ -->\n<title>RADIOTELEFON PRZENO\u015aNY DP1400 - Motorola Content Syndication<\/title>\n<meta name=\"robots\" content=\"index, follow, max-snippet:-1, max-image-preview:large, max-video-preview:-1\" \/>\n<link rel=\"canonical\" href=\"https:\/\/www.motorolasolutions.com\/pl_pl\/products\/mototrbo\/dp1000-series\/dp1400.html\" \/>\n<meta property=\"og:locale\" content=\"pl_PL\" \/>\n<meta property=\"og:type\" content=\"article\" \/>\n<meta property=\"og:title\" content=\"RADIOTELEFON PRZENO\u015aNY DP1400 - Motorola Content Syndication\" \/>\n<meta property=\"og:description\" content=\"RADIOTELEFON PRZENO\u015aNY DP1400 Komunikacja g\u0142osowaMotorola Solutions DP1400 to prosty radiotelefon wyposa\u017cony w funkcje, kt\u00f3rych mo\u017cna oczekiwa\u0107 od sprz\u0119tu wy\u017cszej klasy. Jako cz\u0119\u015b\u0107 rodziny radiotelefon\u00f3w MOTOTRBO, model DP1400 oferuje doskona\u0142\u0105 jako\u015b\u0107 d\u017awi\u0119ku, wyj\u0105tkowy zasi\u0119g, d\u0142ugi czas pracy akumulatora i du\u017co wi\u0119cej.DP1400 posiada 32 kana\u0142y, pozwalaj\u0105c na prowadzenie bardziej ukierunkowanej \u0142\u0105czno\u015bci pomi\u0119dzy r\u00f3\u017cnymi grupami personelu. Ergonomiczna konstrukcja [&hellip;]\" \/>\n<meta property=\"og:url\" content=\"https:\/\/www.motorolasolutions.com\/pl_pl\/products\/mototrbo\/dp1000-series\/dp1400.html\" \/>\n<meta property=\"og:site_name\" content=\"Motorola Content Syndication\" \/>\n<meta property=\"article:modified_time\" content=\"2021-03-24T16:24:36+00:00\" \/>\n<meta name=\"twitter:card\" content=\"summary_large_image\" \/>\n<meta name=\"twitter:label1\" content=\"Szacowany czas czytania\" \/>\n\t<meta name=\"twitter:data1\" content=\"6 minut\" \/>\n<script type=\"application\/ld+json\" class=\"yoast-schema-graph\">{\"@context\":\"https:\/\/schema.org\",\"@graph\":[{\"@type\":\"WebPage\",\"@id\":\"https:\/\/motocs.indzine.net\/pl\/przenosny-radiotelefon-dp1400\/\",\"url\":\"https:\/\/www.motorolasolutions.com\/pl_pl\/products\/mototrbo\/dp1000-series\/dp1400.html\",\"name\":\"RADIOTELEFON PRZENO\u015aNY DP1400 - Motorola Content Syndication\",\"isPartOf\":{\"@id\":\"https:\/\/motocs.indzine.net\/pl\/#website\"},\"datePublished\":\"2019-11-29T12:42:26+00:00\",\"dateModified\":\"2021-03-24T16:24:36+00:00\",\"breadcrumb\":{\"@id\":\"https:\/\/www.motorolasolutions.com\/pl_pl\/products\/mototrbo\/dp1000-series\/dp1400.html#breadcrumb\"},\"inLanguage\":\"pl-PL\",\"potentialAction\":[{\"@type\":\"ReadAction\",\"target\":[\"https:\/\/www.motorolasolutions.com\/pl_pl\/products\/mototrbo\/dp1000-series\/dp1400.html\"]}]},{\"@type\":\"BreadcrumbList\",\"@id\":\"https:\/\/www.motorolasolutions.com\/pl_pl\/products\/mototrbo\/dp1000-series\/dp1400.html#breadcrumb\",\"itemListElement\":[{\"@type\":\"ListItem\",\"position\":1,\"name\":\"Home\",\"item\":\"https:\/\/motocs.indzine.net\/pl\/\"},{\"@type\":\"ListItem\",\"position\":2,\"name\":\"RADIOTELEFON PRZENO\u015aNY DP1400\"}]},{\"@type\":\"WebSite\",\"@id\":\"https:\/\/motocs.indzine.net\/pl\/#website\",\"url\":\"https:\/\/motocs.indzine.net\/pl\/\",\"name\":\"Motorola Content Syndication\",\"description\":\"Motorola Website Starters site\",\"potentialAction\":[{\"@type\":\"SearchAction\",\"target\":{\"@type\":\"EntryPoint\",\"urlTemplate\":\"https:\/\/motocs.indzine.net\/pl\/?s={search_term_string}\"},\"query-input\":{\"@type\":\"PropertyValueSpecification\",\"valueRequired\":true,\"valueName\":\"search_term_string\"}}],\"inLanguage\":\"pl-PL\"}]}<\/script>\n<!-- \/ Yoast SEO plugin. -->","yoast_head_json":{"title":"RADIOTELEFON PRZENO\u015aNY DP1400 - Motorola Content Syndication","robots":{"index":"index","follow":"follow","max-snippet":"max-snippet:-1","max-image-preview":"max-image-preview:large","max-video-preview":"max-video-preview:-1"},"canonical":"https:\/\/www.motorolasolutions.com\/pl_pl\/products\/mototrbo\/dp1000-series\/dp1400.html","og_locale":"pl_PL","og_type":"article","og_title":"RADIOTELEFON PRZENO\u015aNY DP1400 - Motorola Content Syndication","og_description":"RADIOTELEFON PRZENO\u015aNY DP1400 Komunikacja g\u0142osowaMotorola Solutions DP1400 to prosty radiotelefon wyposa\u017cony w funkcje, kt\u00f3rych mo\u017cna oczekiwa\u0107 od sprz\u0119tu wy\u017cszej klasy. Jako cz\u0119\u015b\u0107 rodziny radiotelefon\u00f3w MOTOTRBO, model DP1400 oferuje doskona\u0142\u0105 jako\u015b\u0107 d\u017awi\u0119ku, wyj\u0105tkowy zasi\u0119g, d\u0142ugi czas pracy akumulatora i du\u017co wi\u0119cej.DP1400 posiada 32 kana\u0142y, pozwalaj\u0105c na prowadzenie bardziej ukierunkowanej \u0142\u0105czno\u015bci pomi\u0119dzy r\u00f3\u017cnymi grupami personelu. Ergonomiczna konstrukcja [&hellip;]","og_url":"https:\/\/www.motorolasolutions.com\/pl_pl\/products\/mototrbo\/dp1000-series\/dp1400.html","og_site_name":"Motorola Content Syndication","article_modified_time":"2021-03-24T16:24:36+00:00","twitter_card":"summary_large_image","twitter_misc":{"Szacowany czas czytania":"6 minut"},"schema":{"@context":"https:\/\/schema.org","@graph":[{"@type":"WebPage","@id":"https:\/\/motocs.indzine.net\/pl\/przenosny-radiotelefon-dp1400\/","url":"https:\/\/www.motorolasolutions.com\/pl_pl\/products\/mototrbo\/dp1000-series\/dp1400.html","name":"RADIOTELEFON PRZENO\u015aNY DP1400 - Motorola Content Syndication","isPartOf":{"@id":"https:\/\/motocs.indzine.net\/pl\/#website"},"datePublished":"2019-11-29T12:42:26+00:00","dateModified":"2021-03-24T16:24:36+00:00","breadcrumb":{"@id":"https:\/\/www.motorolasolutions.com\/pl_pl\/products\/mototrbo\/dp1000-series\/dp1400.html#breadcrumb"},"inLanguage":"pl-PL","potentialAction":[{"@type":"ReadAction","target":["https:\/\/www.motorolasolutions.com\/pl_pl\/products\/mototrbo\/dp1000-series\/dp1400.html"]}]},{"@type":"BreadcrumbList","@id":"https:\/\/www.motorolasolutions.com\/pl_pl\/products\/mototrbo\/dp1000-series\/dp1400.html#breadcrumb","itemListElement":[{"@type":"ListItem","position":1,"name":"Home","item":"https:\/\/motocs.indzine.net\/pl\/"},{"@type":"ListItem","position":2,"name":"RADIOTELEFON PRZENO\u015aNY DP1400"}]},{"@type":"WebSite","@id":"https:\/\/motocs.indzine.net\/pl\/#website","url":"https:\/\/motocs.indzine.net\/pl\/","name":"Motorola Content Syndication","description":"Motorola Website Starters site","potentialAction":[{"@type":"SearchAction","target":{"@type":"EntryPoint","urlTemplate":"https:\/\/motocs.indzine.net\/pl\/?s={search_term_string}"},"query-input":{"@type":"PropertyValueSpecification","valueRequired":true,"valueName":"search_term_string"}}],"inLanguage":"pl-PL"}]}},"_links":{"self":[{"href":"https:\/\/motocs.indzine.net\/pl\/wp-json\/wp\/v2\/pages\/1085","targetHints":{"allow":["GET"]}}],"collection":[{"href":"https:\/\/motocs.indzine.net\/pl\/wp-json\/wp\/v2\/pages"}],"about":[{"href":"https:\/\/motocs.indzine.net\/pl\/wp-json\/wp\/v2\/types\/page"}],"author":[{"embeddable":true,"href":"https:\/\/motocs.indzine.net\/pl\/wp-json\/wp\/v2\/users\/2"}],"replies":[{"embeddable":true,"href":"https:\/\/motocs.indzine.net\/pl\/wp-json\/wp\/v2\/comments?post=1085"}],"version-history":[{"count":0,"href":"https:\/\/motocs.indzine.net\/pl\/wp-json\/wp\/v2\/pages\/1085\/revisions"}],"wp:attachment":[{"href":"https:\/\/motocs.indzine.net\/pl\/wp-json\/wp\/v2\/media?parent=1085"}],"curies":[{"name":"wp","href":"https:\/\/api.w.org\/{rel}","templated":true}]}}