{"id":1104,"date":"2019-11-29T14:19:40","date_gmt":"2019-11-29T14:19:40","guid":{"rendered":"https:\/\/motocs.indzine.net\/pl\/?page_id=1104"},"modified":"2019-12-16T10:46:57","modified_gmt":"2019-12-16T10:46:57","slug":"biznesowe-radiotelefony-przenosne-serii-xt400","status":"publish","type":"page","link":"https:\/\/motocs.indzine.net\/pl\/biznesowe-radiotelefony-przenosne-serii-xt400\/","title":{"rendered":"BIZNESOWE RADIOTELEFONY PRZENO\u015aNE SERII XT400"},"content":{"rendered":"<p>[et_pb_section bb_built=&#8221;1&#8243; _builder_version=&#8221;3.3.1&#8243; inner_width=&#8221;auto&#8221; inner_max_width=&#8221;1080px&#8221;][et_pb_row _builder_version=&#8221;3.3.1&#8243; width=&#8221;80%&#8221; max_width=&#8221;1080px&#8221;][et_pb_column type=&#8221;4_4&#8243; custom_padding__hover=&#8221;|||&#8221; custom_padding=&#8221;|||&#8221;][et_pb_ds_breadcrumbs _builder_version=&#8221;3.3.1&#8243; \/][et_pb_text _builder_version=&#8221;4.0.9&#8243; custom_margin=&#8221;||0px|&#8221; custom_padding=&#8221;||0px|&#8221; text_text_shadow_horizontal_length=&#8221;text_text_shadow_style,%91object Object%93&#8243; text_text_shadow_horizontal_length_tablet=&#8221;0px&#8221; text_text_shadow_vertical_length=&#8221;text_text_shadow_style,%91object Object%93&#8243; text_text_shadow_vertical_length_tablet=&#8221;0px&#8221; text_text_shadow_blur_strength=&#8221;text_text_shadow_style,%91object Object%93&#8243; text_text_shadow_blur_strength_tablet=&#8221;1px&#8221; link_text_shadow_horizontal_length=&#8221;link_text_shadow_style,%91object Object%93&#8243; link_text_shadow_horizontal_length_tablet=&#8221;0px&#8221; link_text_shadow_vertical_length=&#8221;link_text_shadow_style,%91object Object%93&#8243; link_text_shadow_vertical_length_tablet=&#8221;0px&#8221; link_text_shadow_blur_strength=&#8221;link_text_shadow_style,%91object Object%93&#8243; link_text_shadow_blur_strength_tablet=&#8221;1px&#8221; ul_text_shadow_horizontal_length=&#8221;ul_text_shadow_style,%91object Object%93&#8243; ul_text_shadow_horizontal_length_tablet=&#8221;0px&#8221; ul_text_shadow_vertical_length=&#8221;ul_text_shadow_style,%91object Object%93&#8243; ul_text_shadow_vertical_length_tablet=&#8221;0px&#8221; ul_text_shadow_blur_strength=&#8221;ul_text_shadow_style,%91object Object%93&#8243; ul_text_shadow_blur_strength_tablet=&#8221;1px&#8221; ol_text_shadow_horizontal_length=&#8221;ol_text_shadow_style,%91object Object%93&#8243; ol_text_shadow_horizontal_length_tablet=&#8221;0px&#8221; ol_text_shadow_vertical_length=&#8221;ol_text_shadow_style,%91object Object%93&#8243; ol_text_shadow_vertical_length_tablet=&#8221;0px&#8221; ol_text_shadow_blur_strength=&#8221;ol_text_shadow_style,%91object Object%93&#8243; ol_text_shadow_blur_strength_tablet=&#8221;1px&#8221; quote_text_shadow_horizontal_length=&#8221;quote_text_shadow_style,%91object Object%93&#8243; quote_text_shadow_horizontal_length_tablet=&#8221;0px&#8221; quote_text_shadow_vertical_length=&#8221;quote_text_shadow_style,%91object Object%93&#8243; quote_text_shadow_vertical_length_tablet=&#8221;0px&#8221; quote_text_shadow_blur_strength=&#8221;quote_text_shadow_style,%91object Object%93&#8243; quote_text_shadow_blur_strength_tablet=&#8221;1px&#8221; header_text_shadow_horizontal_length=&#8221;header_text_shadow_style,%91object Object%93&#8243; header_text_shadow_horizontal_length_tablet=&#8221;0px&#8221; header_text_shadow_vertical_length=&#8221;header_text_shadow_style,%91object Object%93&#8243; header_text_shadow_vertical_length_tablet=&#8221;0px&#8221; header_text_shadow_blur_strength=&#8221;header_text_shadow_style,%91object Object%93&#8243; header_text_shadow_blur_strength_tablet=&#8221;1px&#8221; header_2_text_shadow_horizontal_length=&#8221;header_2_text_shadow_style,%91object Object%93&#8243; header_2_text_shadow_horizontal_length_tablet=&#8221;0px&#8221; header_2_text_shadow_vertical_length=&#8221;header_2_text_shadow_style,%91object Object%93&#8243; header_2_text_shadow_vertical_length_tablet=&#8221;0px&#8221; header_2_text_shadow_blur_strength=&#8221;header_2_text_shadow_style,%91object Object%93&#8243; header_2_text_shadow_blur_strength_tablet=&#8221;1px&#8221; header_3_text_shadow_horizontal_length=&#8221;header_3_text_shadow_style,%91object Object%93&#8243; header_3_text_shadow_horizontal_length_tablet=&#8221;0px&#8221; header_3_text_shadow_vertical_length=&#8221;header_3_text_shadow_style,%91object Object%93&#8243; header_3_text_shadow_vertical_length_tablet=&#8221;0px&#8221; header_3_text_shadow_blur_strength=&#8221;header_3_text_shadow_style,%91object Object%93&#8243; header_3_text_shadow_blur_strength_tablet=&#8221;1px&#8221; header_4_text_shadow_horizontal_length=&#8221;header_4_text_shadow_style,%91object Object%93&#8243; header_4_text_shadow_horizontal_length_tablet=&#8221;0px&#8221; header_4_text_shadow_vertical_length=&#8221;header_4_text_shadow_style,%91object Object%93&#8243; header_4_text_shadow_vertical_length_tablet=&#8221;0px&#8221; header_4_text_shadow_blur_strength=&#8221;header_4_text_shadow_style,%91object Object%93&#8243; header_4_text_shadow_blur_strength_tablet=&#8221;1px&#8221; header_5_text_shadow_horizontal_length=&#8221;header_5_text_shadow_style,%91object Object%93&#8243; header_5_text_shadow_horizontal_length_tablet=&#8221;0px&#8221; header_5_text_shadow_vertical_length=&#8221;header_5_text_shadow_style,%91object Object%93&#8243; header_5_text_shadow_vertical_length_tablet=&#8221;0px&#8221; header_5_text_shadow_blur_strength=&#8221;header_5_text_shadow_style,%91object Object%93&#8243; header_5_text_shadow_blur_strength_tablet=&#8221;1px&#8221; header_6_text_shadow_horizontal_length=&#8221;header_6_text_shadow_style,%91object Object%93&#8243; header_6_text_shadow_horizontal_length_tablet=&#8221;0px&#8221; header_6_text_shadow_vertical_length=&#8221;header_6_text_shadow_style,%91object Object%93&#8243; header_6_text_shadow_vertical_length_tablet=&#8221;0px&#8221; header_6_text_shadow_blur_strength=&#8221;header_6_text_shadow_style,%91object Object%93&#8243; header_6_text_shadow_blur_strength_tablet=&#8221;1px&#8221; box_shadow_horizontal_tablet=&#8221;0px&#8221; box_shadow_vertical_tablet=&#8221;0px&#8221; box_shadow_blur_tablet=&#8221;40px&#8221; box_shadow_spread_tablet=&#8221;0px&#8221; z_index_tablet=&#8221;500&#8243;]<\/p>\n<h1>BIZNESOWE RADIOTELEFONY PRZENO\u015aNE SERII XT400<\/h1>\n<p>[\/et_pb_text][et_pb_divider _builder_version=&#8221;3.3.1&#8243; color=&#8221;#cccccc&#8221; height=&#8221;5px&#8221; custom_margin=&#8221;0px||0px|&#8221; custom_padding=&#8221;0px||0px|&#8221; \/][\/et_pb_column][\/et_pb_row][et_pb_row _builder_version=&#8221;3.3.1&#8243; custom_margin=&#8221;0px|||&#8221; custom_padding=&#8221;0px|||&#8221; width=&#8221;80%&#8221; max_width=&#8221;1080px&#8221;][et_pb_column type=&#8221;1_3&#8243; custom_padding__hover=&#8221;|||&#8221; custom_padding=&#8221;|||&#8221;][et_pb_image _builder_version=&#8221;3.19.4&#8243; src=&#8221;https:\/\/motocs.indzine.net\/wp-content\/uploads\/sites\/14\/2019\/02\/xt460-disp-3-4-left_lg.jpg&#8221; align_last_edited=&#8221;on|desktop&#8221; align_tablet=&#8221;center&#8221; \/][\/et_pb_column][et_pb_column type=&#8221;2_3&#8243; custom_padding__hover=&#8221;|||&#8221; custom_padding=&#8221;|||&#8221;][et_pb_text _builder_version=&#8221;3.29.1&#8243; text_text_shadow_horizontal_length=&#8221;text_text_shadow_style,%91object Object%93&#8243; text_text_shadow_horizontal_length_tablet=&#8221;0px&#8221; text_text_shadow_vertical_length=&#8221;text_text_shadow_style,%91object Object%93&#8243; text_text_shadow_vertical_length_tablet=&#8221;0px&#8221; text_text_shadow_blur_strength=&#8221;text_text_shadow_style,%91object Object%93&#8243; text_text_shadow_blur_strength_tablet=&#8221;1px&#8221; link_text_shadow_horizontal_length=&#8221;link_text_shadow_style,%91object Object%93&#8243; link_text_shadow_horizontal_length_tablet=&#8221;0px&#8221; link_text_shadow_vertical_length=&#8221;link_text_shadow_style,%91object Object%93&#8243; link_text_shadow_vertical_length_tablet=&#8221;0px&#8221; link_text_shadow_blur_strength=&#8221;link_text_shadow_style,%91object Object%93&#8243; link_text_shadow_blur_strength_tablet=&#8221;1px&#8221; ul_text_shadow_horizontal_length=&#8221;ul_text_shadow_style,%91object Object%93&#8243; ul_text_shadow_horizontal_length_tablet=&#8221;0px&#8221; ul_text_shadow_vertical_length=&#8221;ul_text_shadow_style,%91object Object%93&#8243; ul_text_shadow_vertical_length_tablet=&#8221;0px&#8221; ul_text_shadow_blur_strength=&#8221;ul_text_shadow_style,%91object Object%93&#8243; ul_text_shadow_blur_strength_tablet=&#8221;1px&#8221; ol_text_shadow_horizontal_length=&#8221;ol_text_shadow_style,%91object Object%93&#8243; ol_text_shadow_horizontal_length_tablet=&#8221;0px&#8221; ol_text_shadow_vertical_length=&#8221;ol_text_shadow_style,%91object Object%93&#8243; ol_text_shadow_vertical_length_tablet=&#8221;0px&#8221; ol_text_shadow_blur_strength=&#8221;ol_text_shadow_style,%91object Object%93&#8243; ol_text_shadow_blur_strength_tablet=&#8221;1px&#8221; quote_text_shadow_horizontal_length=&#8221;quote_text_shadow_style,%91object Object%93&#8243; quote_text_shadow_horizontal_length_tablet=&#8221;0px&#8221; quote_text_shadow_vertical_length=&#8221;quote_text_shadow_style,%91object Object%93&#8243; quote_text_shadow_vertical_length_tablet=&#8221;0px&#8221; quote_text_shadow_blur_strength=&#8221;quote_text_shadow_style,%91object Object%93&#8243; quote_text_shadow_blur_strength_tablet=&#8221;1px&#8221; header_text_shadow_horizontal_length=&#8221;header_text_shadow_style,%91object Object%93&#8243; header_text_shadow_horizontal_length_tablet=&#8221;0px&#8221; header_text_shadow_vertical_length=&#8221;header_text_shadow_style,%91object Object%93&#8243; header_text_shadow_vertical_length_tablet=&#8221;0px&#8221; header_text_shadow_blur_strength=&#8221;header_text_shadow_style,%91object Object%93&#8243; header_text_shadow_blur_strength_tablet=&#8221;1px&#8221; header_2_text_shadow_horizontal_length=&#8221;header_2_text_shadow_style,%91object Object%93&#8243; header_2_text_shadow_horizontal_length_tablet=&#8221;0px&#8221; header_2_text_shadow_vertical_length=&#8221;header_2_text_shadow_style,%91object Object%93&#8243; header_2_text_shadow_vertical_length_tablet=&#8221;0px&#8221; header_2_text_shadow_blur_strength=&#8221;header_2_text_shadow_style,%91object Object%93&#8243; header_2_text_shadow_blur_strength_tablet=&#8221;1px&#8221; header_3_text_shadow_horizontal_length=&#8221;header_3_text_shadow_style,%91object Object%93&#8243; header_3_text_shadow_horizontal_length_tablet=&#8221;0px&#8221; header_3_text_shadow_vertical_length=&#8221;header_3_text_shadow_style,%91object Object%93&#8243; header_3_text_shadow_vertical_length_tablet=&#8221;0px&#8221; header_3_text_shadow_blur_strength=&#8221;header_3_text_shadow_style,%91object Object%93&#8243; header_3_text_shadow_blur_strength_tablet=&#8221;1px&#8221; header_4_text_shadow_horizontal_length=&#8221;header_4_text_shadow_style,%91object Object%93&#8243; header_4_text_shadow_horizontal_length_tablet=&#8221;0px&#8221; header_4_text_shadow_vertical_length=&#8221;header_4_text_shadow_style,%91object Object%93&#8243; header_4_text_shadow_vertical_length_tablet=&#8221;0px&#8221; header_4_text_shadow_blur_strength=&#8221;header_4_text_shadow_style,%91object Object%93&#8243; header_4_text_shadow_blur_strength_tablet=&#8221;1px&#8221; header_5_text_shadow_horizontal_length=&#8221;header_5_text_shadow_style,%91object Object%93&#8243; header_5_text_shadow_horizontal_length_tablet=&#8221;0px&#8221; header_5_text_shadow_vertical_length=&#8221;header_5_text_shadow_style,%91object Object%93&#8243; header_5_text_shadow_vertical_length_tablet=&#8221;0px&#8221; header_5_text_shadow_blur_strength=&#8221;header_5_text_shadow_style,%91object Object%93&#8243; header_5_text_shadow_blur_strength_tablet=&#8221;1px&#8221; header_6_text_shadow_horizontal_length=&#8221;header_6_text_shadow_style,%91object Object%93&#8243; header_6_text_shadow_horizontal_length_tablet=&#8221;0px&#8221; header_6_text_shadow_vertical_length=&#8221;header_6_text_shadow_style,%91object Object%93&#8243; header_6_text_shadow_vertical_length_tablet=&#8221;0px&#8221; header_6_text_shadow_blur_strength=&#8221;header_6_text_shadow_style,%91object Object%93&#8243; header_6_text_shadow_blur_strength_tablet=&#8221;1px&#8221; box_shadow_horizontal_tablet=&#8221;0px&#8221; box_shadow_vertical_tablet=&#8221;0px&#8221; box_shadow_blur_tablet=&#8221;40px&#8221; box_shadow_spread_tablet=&#8221;0px&#8221; z_index_tablet=&#8221;500&#8243;]<\/p>\n<h4>Wytrzyma\u0142a konstrukcja, wydajniejsza praca<\/h4>\n<p><strong>Seria XT400<\/strong><\/p>\n<p>Zapewnij pracownikom swojego zespo\u0142u szybki spos\u00f3b komunikowania si\u0119. Przeno\u015bne radiotelefony serii XT400 b\u0142yskawiczne nawi\u0105zanie \u0142\u0105czno\u015bci. Dzi\u0119ki krystalicznie czystemu d\u017awi\u0119kowi i wyj\u0105tkowej wytrzyma\u0142o\u015bci seria XT400 gwarantuje doskona\u0142\u0105 wydajno\u015b\u0107 nawet w trudnych warunkach pracy i przy du\u017cym ha\u0142asie otoczenia.<\/p>\n<p>Radiotelefony serii XT400 zosta\u0142y przetestowane pod k\u0105tem wytrzyma\u0142o\u015bci \u2014 niezale\u017cnie od tego, czy maj\u0105 pomaga\u0107 w koordynowaniu pracy zespo\u0142u na placu budowy czy przy linii produkcyjnej. Uwolnij pe\u0142ne mo\u017cliwo\u015bci radiotelefon\u00f3w z serii XT400 korzystaj\u0105c z wygodnych, trwa\u0142ych i dyskretnych akcesori\u00f3w, kt\u00f3re idealnie dopasuj\u0105 si\u0119 do twojego sposobu pracy.<\/p>\n<p>Seria XT400 obejmuje nast\u0119puj\u0105ce radiotelefony:<\/p>\n<ul>\n<li>XT420 &#8211; bez wy\u015bwietlacza<\/li>\n<li>XT460 &#8211; z 2-wierszowym wy\u015bwietlaczem LCD<\/li>\n<\/ul>\n<p>[\/et_pb_text][et_pb_button _builder_version=&#8221;3.29.1&#8243; button_text=&#8221;Serie XT400 Specyfikacja Techniczna Produktu&#8221; button_alignment=&#8221;left&#8221; background_layout=&#8221;dark&#8221; custom_button=&#8221;on&#8221; button_text_color=&#8221;#ffffff&#8221; button_bg_color=&#8221;#006acd&#8221; button_url=&#8221;https:\/\/motocs.indzine.net\/wp-content\/uploads\/sites\/14\/2019\/11\/xt400_series_datasheet_pol.pdf&#8221; url_new_window=&#8221;on&#8221; disabled=&#8221;off&#8221; disabled_on=&#8221;off|off|off&#8221; button_text_size__hover_enabled=&#8221;off&#8221; button_text_size__hover=&#8221;null&#8221; button_one_text_size__hover_enabled=&#8221;off&#8221; button_one_text_size__hover=&#8221;null&#8221; button_two_text_size__hover_enabled=&#8221;off&#8221; button_two_text_size__hover=&#8221;null&#8221; button_text_color__hover_enabled=&#8221;off&#8221; button_text_color__hover=&#8221;null&#8221; button_one_text_color__hover_enabled=&#8221;off&#8221; button_one_text_color__hover=&#8221;null&#8221; button_two_text_color__hover_enabled=&#8221;off&#8221; button_two_text_color__hover=&#8221;null&#8221; button_border_width__hover_enabled=&#8221;off&#8221; button_border_width__hover=&#8221;null&#8221; button_one_border_width__hover_enabled=&#8221;off&#8221; button_one_border_width__hover=&#8221;null&#8221; button_two_border_width__hover_enabled=&#8221;off&#8221; button_two_border_width__hover=&#8221;null&#8221; button_border_color__hover_enabled=&#8221;off&#8221; button_border_color__hover=&#8221;null&#8221; button_one_border_color__hover_enabled=&#8221;off&#8221; button_one_border_color__hover=&#8221;null&#8221; button_two_border_color__hover_enabled=&#8221;off&#8221; button_two_border_color__hover=&#8221;null&#8221; button_border_radius__hover_enabled=&#8221;off&#8221; button_border_radius__hover=&#8221;null&#8221; button_one_border_radius__hover_enabled=&#8221;off&#8221; button_one_border_radius__hover=&#8221;null&#8221; button_two_border_radius__hover_enabled=&#8221;off&#8221; button_two_border_radius__hover=&#8221;null&#8221; button_letter_spacing__hover_enabled=&#8221;off&#8221; button_letter_spacing__hover=&#8221;null&#8221; button_one_letter_spacing__hover_enabled=&#8221;off&#8221; button_one_letter_spacing__hover=&#8221;null&#8221; button_two_letter_spacing__hover_enabled=&#8221;off&#8221; button_two_letter_spacing__hover=&#8221;null&#8221; button_bg_color__hover_enabled=&#8221;off&#8221; button_bg_color__hover=&#8221;null&#8221; button_one_bg_color__hover_enabled=&#8221;off&#8221; button_one_bg_color__hover=&#8221;null&#8221; button_two_bg_color__hover_enabled=&#8221;off&#8221; button_two_bg_color__hover=&#8221;null&#8221; button_text_shadow_horizontal_length=&#8221;button_text_shadow_style,%91object Object%93&#8243; button_text_shadow_horizontal_length_tablet=&#8221;0px&#8221; button_text_shadow_vertical_length=&#8221;button_text_shadow_style,%91object Object%93&#8243; button_text_shadow_vertical_length_tablet=&#8221;0px&#8221; button_text_shadow_blur_strength=&#8221;button_text_shadow_style,%91object Object%93&#8243; button_text_shadow_blur_strength_tablet=&#8221;1px&#8221; box_shadow_horizontal_tablet=&#8221;0px&#8221; box_shadow_vertical_tablet=&#8221;0px&#8221; box_shadow_blur_tablet=&#8221;40px&#8221; box_shadow_spread_tablet=&#8221;0px&#8221; z_index_tablet=&#8221;500&#8243; \/][\/et_pb_column][\/et_pb_row][\/et_pb_section]<\/p>\n","protected":false},"excerpt":{"rendered":"<p>BIZNESOWE RADIOTELEFONY PRZENO\u015aNE SERII XT400 Wytrzyma\u0142a konstrukcja, wydajniejsza pracaSeria XT400Zapewnij pracownikom swojego zespo\u0142u szybki spos\u00f3b komunikowania si\u0119. Przeno\u015bne radiotelefony serii XT400 b\u0142yskawiczne nawi\u0105zanie \u0142\u0105czno\u015bci. Dzi\u0119ki krystalicznie czystemu d\u017awi\u0119kowi i wyj\u0105tkowej wytrzyma\u0142o\u015bci seria XT400 gwarantuje doskona\u0142\u0105 wydajno\u015b\u0107 nawet w trudnych warunkach pracy i przy du\u017cym ha\u0142asie otoczenia.Radiotelefony serii XT400 zosta\u0142y przetestowane pod k\u0105tem wytrzyma\u0142o\u015bci \u2014 niezale\u017cnie [&hellip;]<\/p>\n","protected":false},"author":2,"featured_media":0,"parent":0,"menu_order":360,"comment_status":"closed","ping_status":"closed","template":"page-template-blank.php","meta":{"_acf_changed":false,"_et_pb_use_builder":"on","_et_pb_old_content":"","_et_gb_content_width":"","footnotes":""},"class_list":["post-1104","page","type-page","status-publish","hentry"],"acf":[],"yoast_head":"<!-- This site is optimized with the Yoast SEO plugin v27.3 - https:\/\/yoast.com\/product\/yoast-seo-wordpress\/ -->\n<title>BIZNESOWE RADIOTELEFONY PRZENO\u015aNE SERII XT400 - Motorola Content Syndication<\/title>\n<meta name=\"robots\" content=\"index, follow, max-snippet:-1, max-image-preview:large, max-video-preview:-1\" \/>\n<link rel=\"canonical\" href=\"https:\/\/motocs.indzine.net\/pl\/biznesowe-radiotelefony-przenosne-serii-xt400\/\" \/>\n<meta property=\"og:locale\" content=\"pl_PL\" \/>\n<meta property=\"og:type\" content=\"article\" \/>\n<meta property=\"og:title\" content=\"BIZNESOWE RADIOTELEFONY PRZENO\u015aNE SERII XT400 - Motorola Content Syndication\" \/>\n<meta property=\"og:description\" content=\"BIZNESOWE RADIOTELEFONY PRZENO\u015aNE SERII XT400 Wytrzyma\u0142a konstrukcja, wydajniejsza pracaSeria XT400Zapewnij pracownikom swojego zespo\u0142u szybki spos\u00f3b komunikowania si\u0119. Przeno\u015bne radiotelefony serii XT400 b\u0142yskawiczne nawi\u0105zanie \u0142\u0105czno\u015bci. Dzi\u0119ki krystalicznie czystemu d\u017awi\u0119kowi i wyj\u0105tkowej wytrzyma\u0142o\u015bci seria XT400 gwarantuje doskona\u0142\u0105 wydajno\u015b\u0107 nawet w trudnych warunkach pracy i przy du\u017cym ha\u0142asie otoczenia.Radiotelefony serii XT400 zosta\u0142y przetestowane pod k\u0105tem wytrzyma\u0142o\u015bci \u2014 niezale\u017cnie [&hellip;]\" \/>\n<meta property=\"og:url\" content=\"https:\/\/motocs.indzine.net\/pl\/biznesowe-radiotelefony-przenosne-serii-xt400\/\" \/>\n<meta property=\"og:site_name\" content=\"Motorola Content Syndication\" \/>\n<meta property=\"article:modified_time\" content=\"2019-12-16T10:46:57+00:00\" \/>\n<meta name=\"twitter:card\" content=\"summary_large_image\" \/>\n<meta name=\"twitter:label1\" content=\"Szacowany czas czytania\" \/>\n\t<meta name=\"twitter:data1\" content=\"10 minut\" \/>\n<script type=\"application\/ld+json\" class=\"yoast-schema-graph\">{\"@context\":\"https:\\\/\\\/schema.org\",\"@graph\":[{\"@type\":\"WebPage\",\"@id\":\"https:\\\/\\\/motocs.indzine.net\\\/pl\\\/biznesowe-radiotelefony-przenosne-serii-xt400\\\/\",\"url\":\"https:\\\/\\\/motocs.indzine.net\\\/pl\\\/biznesowe-radiotelefony-przenosne-serii-xt400\\\/\",\"name\":\"BIZNESOWE RADIOTELEFONY PRZENO\u015aNE SERII XT400 - Motorola Content Syndication\",\"isPartOf\":{\"@id\":\"https:\\\/\\\/motocs.indzine.net\\\/pl\\\/#website\"},\"datePublished\":\"2019-11-29T14:19:40+00:00\",\"dateModified\":\"2019-12-16T10:46:57+00:00\",\"breadcrumb\":{\"@id\":\"https:\\\/\\\/motocs.indzine.net\\\/pl\\\/biznesowe-radiotelefony-przenosne-serii-xt400\\\/#breadcrumb\"},\"inLanguage\":\"pl-PL\",\"potentialAction\":[{\"@type\":\"ReadAction\",\"target\":[\"https:\\\/\\\/motocs.indzine.net\\\/pl\\\/biznesowe-radiotelefony-przenosne-serii-xt400\\\/\"]}]},{\"@type\":\"BreadcrumbList\",\"@id\":\"https:\\\/\\\/motocs.indzine.net\\\/pl\\\/biznesowe-radiotelefony-przenosne-serii-xt400\\\/#breadcrumb\",\"itemListElement\":[{\"@type\":\"ListItem\",\"position\":1,\"name\":\"Home\",\"item\":\"https:\\\/\\\/motocs.indzine.net\\\/pl\\\/\"},{\"@type\":\"ListItem\",\"position\":2,\"name\":\"BIZNESOWE RADIOTELEFONY PRZENO\u015aNE SERII XT400\"}]},{\"@type\":\"WebSite\",\"@id\":\"https:\\\/\\\/motocs.indzine.net\\\/pl\\\/#website\",\"url\":\"https:\\\/\\\/motocs.indzine.net\\\/pl\\\/\",\"name\":\"Motorola Content Syndication\",\"description\":\"Motorola Website Starters site\",\"potentialAction\":[{\"@type\":\"SearchAction\",\"target\":{\"@type\":\"EntryPoint\",\"urlTemplate\":\"https:\\\/\\\/motocs.indzine.net\\\/pl\\\/?s={search_term_string}\"},\"query-input\":{\"@type\":\"PropertyValueSpecification\",\"valueRequired\":true,\"valueName\":\"search_term_string\"}}],\"inLanguage\":\"pl-PL\"}]}<\/script>\n<!-- \/ Yoast SEO plugin. -->","yoast_head_json":{"title":"BIZNESOWE RADIOTELEFONY PRZENO\u015aNE SERII XT400 - Motorola Content Syndication","robots":{"index":"index","follow":"follow","max-snippet":"max-snippet:-1","max-image-preview":"max-image-preview:large","max-video-preview":"max-video-preview:-1"},"canonical":"https:\/\/motocs.indzine.net\/pl\/biznesowe-radiotelefony-przenosne-serii-xt400\/","og_locale":"pl_PL","og_type":"article","og_title":"BIZNESOWE RADIOTELEFONY PRZENO\u015aNE SERII XT400 - Motorola Content Syndication","og_description":"BIZNESOWE RADIOTELEFONY PRZENO\u015aNE SERII XT400 Wytrzyma\u0142a konstrukcja, wydajniejsza pracaSeria XT400Zapewnij pracownikom swojego zespo\u0142u szybki spos\u00f3b komunikowania si\u0119. Przeno\u015bne radiotelefony serii XT400 b\u0142yskawiczne nawi\u0105zanie \u0142\u0105czno\u015bci. Dzi\u0119ki krystalicznie czystemu d\u017awi\u0119kowi i wyj\u0105tkowej wytrzyma\u0142o\u015bci seria XT400 gwarantuje doskona\u0142\u0105 wydajno\u015b\u0107 nawet w trudnych warunkach pracy i przy du\u017cym ha\u0142asie otoczenia.Radiotelefony serii XT400 zosta\u0142y przetestowane pod k\u0105tem wytrzyma\u0142o\u015bci \u2014 niezale\u017cnie [&hellip;]","og_url":"https:\/\/motocs.indzine.net\/pl\/biznesowe-radiotelefony-przenosne-serii-xt400\/","og_site_name":"Motorola Content Syndication","article_modified_time":"2019-12-16T10:46:57+00:00","twitter_card":"summary_large_image","twitter_misc":{"Szacowany czas czytania":"10 minut"},"schema":{"@context":"https:\/\/schema.org","@graph":[{"@type":"WebPage","@id":"https:\/\/motocs.indzine.net\/pl\/biznesowe-radiotelefony-przenosne-serii-xt400\/","url":"https:\/\/motocs.indzine.net\/pl\/biznesowe-radiotelefony-przenosne-serii-xt400\/","name":"BIZNESOWE RADIOTELEFONY PRZENO\u015aNE SERII XT400 - Motorola Content Syndication","isPartOf":{"@id":"https:\/\/motocs.indzine.net\/pl\/#website"},"datePublished":"2019-11-29T14:19:40+00:00","dateModified":"2019-12-16T10:46:57+00:00","breadcrumb":{"@id":"https:\/\/motocs.indzine.net\/pl\/biznesowe-radiotelefony-przenosne-serii-xt400\/#breadcrumb"},"inLanguage":"pl-PL","potentialAction":[{"@type":"ReadAction","target":["https:\/\/motocs.indzine.net\/pl\/biznesowe-radiotelefony-przenosne-serii-xt400\/"]}]},{"@type":"BreadcrumbList","@id":"https:\/\/motocs.indzine.net\/pl\/biznesowe-radiotelefony-przenosne-serii-xt400\/#breadcrumb","itemListElement":[{"@type":"ListItem","position":1,"name":"Home","item":"https:\/\/motocs.indzine.net\/pl\/"},{"@type":"ListItem","position":2,"name":"BIZNESOWE RADIOTELEFONY PRZENO\u015aNE SERII XT400"}]},{"@type":"WebSite","@id":"https:\/\/motocs.indzine.net\/pl\/#website","url":"https:\/\/motocs.indzine.net\/pl\/","name":"Motorola Content Syndication","description":"Motorola Website Starters site","potentialAction":[{"@type":"SearchAction","target":{"@type":"EntryPoint","urlTemplate":"https:\/\/motocs.indzine.net\/pl\/?s={search_term_string}"},"query-input":{"@type":"PropertyValueSpecification","valueRequired":true,"valueName":"search_term_string"}}],"inLanguage":"pl-PL"}]}},"_links":{"self":[{"href":"https:\/\/motocs.indzine.net\/pl\/wp-json\/wp\/v2\/pages\/1104","targetHints":{"allow":["GET"]}}],"collection":[{"href":"https:\/\/motocs.indzine.net\/pl\/wp-json\/wp\/v2\/pages"}],"about":[{"href":"https:\/\/motocs.indzine.net\/pl\/wp-json\/wp\/v2\/types\/page"}],"author":[{"embeddable":true,"href":"https:\/\/motocs.indzine.net\/pl\/wp-json\/wp\/v2\/users\/2"}],"replies":[{"embeddable":true,"href":"https:\/\/motocs.indzine.net\/pl\/wp-json\/wp\/v2\/comments?post=1104"}],"version-history":[{"count":0,"href":"https:\/\/motocs.indzine.net\/pl\/wp-json\/wp\/v2\/pages\/1104\/revisions"}],"wp:attachment":[{"href":"https:\/\/motocs.indzine.net\/pl\/wp-json\/wp\/v2\/media?parent=1104"}],"curies":[{"name":"wp","href":"https:\/\/api.w.org\/{rel}","templated":true}]}}