{"id":1114,"date":"2019-11-29T14:40:57","date_gmt":"2019-11-29T14:40:57","guid":{"rendered":"https:\/\/motocs.indzine.net\/pl\/?page_id=1114"},"modified":"2019-12-16T10:44:48","modified_gmt":"2019-12-16T10:44:48","slug":"radiotelefony-hf-z-modulacja-jednowstegowa-vx-1700","status":"publish","type":"page","link":"https:\/\/motocs.indzine.net\/pl\/radiotelefony-hf-z-modulacja-jednowstegowa-vx-1700\/","title":{"rendered":"RADIOTELEFONY HF Z MODULACJ\u0104 JEDNOWST\u0118GOW\u0104 VX-1700"},"content":{"rendered":"<p>[et_pb_section bb_built=&#8221;1&#8243; _builder_version=&#8221;3.3.1&#8243; inner_width=&#8221;auto&#8221; inner_max_width=&#8221;1080px&#8221;][et_pb_row _builder_version=&#8221;3.3.1&#8243; width=&#8221;80%&#8221; max_width=&#8221;1080px&#8221;][et_pb_column type=&#8221;4_4&#8243; custom_padding__hover=&#8221;|||&#8221; custom_padding=&#8221;|||&#8221;][et_pb_ds_breadcrumbs _builder_version=&#8221;3.3.1&#8243; \/][et_pb_text _builder_version=&#8221;4.0.9&#8243; custom_margin=&#8221;||0px|&#8221; custom_padding=&#8221;||0px|&#8221; text_text_shadow_horizontal_length=&#8221;text_text_shadow_style,%91object Object%93&#8243; text_text_shadow_horizontal_length_tablet=&#8221;0px&#8221; text_text_shadow_vertical_length=&#8221;text_text_shadow_style,%91object Object%93&#8243; text_text_shadow_vertical_length_tablet=&#8221;0px&#8221; text_text_shadow_blur_strength=&#8221;text_text_shadow_style,%91object Object%93&#8243; text_text_shadow_blur_strength_tablet=&#8221;1px&#8221; link_text_shadow_horizontal_length=&#8221;link_text_shadow_style,%91object Object%93&#8243; link_text_shadow_horizontal_length_tablet=&#8221;0px&#8221; link_text_shadow_vertical_length=&#8221;link_text_shadow_style,%91object Object%93&#8243; link_text_shadow_vertical_length_tablet=&#8221;0px&#8221; link_text_shadow_blur_strength=&#8221;link_text_shadow_style,%91object Object%93&#8243; link_text_shadow_blur_strength_tablet=&#8221;1px&#8221; ul_text_shadow_horizontal_length=&#8221;ul_text_shadow_style,%91object Object%93&#8243; ul_text_shadow_horizontal_length_tablet=&#8221;0px&#8221; ul_text_shadow_vertical_length=&#8221;ul_text_shadow_style,%91object Object%93&#8243; ul_text_shadow_vertical_length_tablet=&#8221;0px&#8221; ul_text_shadow_blur_strength=&#8221;ul_text_shadow_style,%91object Object%93&#8243; ul_text_shadow_blur_strength_tablet=&#8221;1px&#8221; ol_text_shadow_horizontal_length=&#8221;ol_text_shadow_style,%91object Object%93&#8243; ol_text_shadow_horizontal_length_tablet=&#8221;0px&#8221; ol_text_shadow_vertical_length=&#8221;ol_text_shadow_style,%91object Object%93&#8243; ol_text_shadow_vertical_length_tablet=&#8221;0px&#8221; ol_text_shadow_blur_strength=&#8221;ol_text_shadow_style,%91object Object%93&#8243; ol_text_shadow_blur_strength_tablet=&#8221;1px&#8221; quote_text_shadow_horizontal_length=&#8221;quote_text_shadow_style,%91object Object%93&#8243; quote_text_shadow_horizontal_length_tablet=&#8221;0px&#8221; quote_text_shadow_vertical_length=&#8221;quote_text_shadow_style,%91object Object%93&#8243; quote_text_shadow_vertical_length_tablet=&#8221;0px&#8221; quote_text_shadow_blur_strength=&#8221;quote_text_shadow_style,%91object Object%93&#8243; quote_text_shadow_blur_strength_tablet=&#8221;1px&#8221; header_text_shadow_horizontal_length=&#8221;header_text_shadow_style,%91object Object%93&#8243; header_text_shadow_horizontal_length_tablet=&#8221;0px&#8221; header_text_shadow_vertical_length=&#8221;header_text_shadow_style,%91object Object%93&#8243; header_text_shadow_vertical_length_tablet=&#8221;0px&#8221; header_text_shadow_blur_strength=&#8221;header_text_shadow_style,%91object Object%93&#8243; header_text_shadow_blur_strength_tablet=&#8221;1px&#8221; header_2_text_shadow_horizontal_length=&#8221;header_2_text_shadow_style,%91object Object%93&#8243; header_2_text_shadow_horizontal_length_tablet=&#8221;0px&#8221; header_2_text_shadow_vertical_length=&#8221;header_2_text_shadow_style,%91object Object%93&#8243; header_2_text_shadow_vertical_length_tablet=&#8221;0px&#8221; header_2_text_shadow_blur_strength=&#8221;header_2_text_shadow_style,%91object Object%93&#8243; header_2_text_shadow_blur_strength_tablet=&#8221;1px&#8221; header_3_text_shadow_horizontal_length=&#8221;header_3_text_shadow_style,%91object Object%93&#8243; header_3_text_shadow_horizontal_length_tablet=&#8221;0px&#8221; header_3_text_shadow_vertical_length=&#8221;header_3_text_shadow_style,%91object Object%93&#8243; header_3_text_shadow_vertical_length_tablet=&#8221;0px&#8221; header_3_text_shadow_blur_strength=&#8221;header_3_text_shadow_style,%91object Object%93&#8243; header_3_text_shadow_blur_strength_tablet=&#8221;1px&#8221; header_4_text_shadow_horizontal_length=&#8221;header_4_text_shadow_style,%91object Object%93&#8243; header_4_text_shadow_horizontal_length_tablet=&#8221;0px&#8221; header_4_text_shadow_vertical_length=&#8221;header_4_text_shadow_style,%91object Object%93&#8243; header_4_text_shadow_vertical_length_tablet=&#8221;0px&#8221; header_4_text_shadow_blur_strength=&#8221;header_4_text_shadow_style,%91object Object%93&#8243; header_4_text_shadow_blur_strength_tablet=&#8221;1px&#8221; header_5_text_shadow_horizontal_length=&#8221;header_5_text_shadow_style,%91object Object%93&#8243; header_5_text_shadow_horizontal_length_tablet=&#8221;0px&#8221; header_5_text_shadow_vertical_length=&#8221;header_5_text_shadow_style,%91object Object%93&#8243; header_5_text_shadow_vertical_length_tablet=&#8221;0px&#8221; header_5_text_shadow_blur_strength=&#8221;header_5_text_shadow_style,%91object Object%93&#8243; header_5_text_shadow_blur_strength_tablet=&#8221;1px&#8221; header_6_text_shadow_horizontal_length=&#8221;header_6_text_shadow_style,%91object Object%93&#8243; header_6_text_shadow_horizontal_length_tablet=&#8221;0px&#8221; header_6_text_shadow_vertical_length=&#8221;header_6_text_shadow_style,%91object Object%93&#8243; header_6_text_shadow_vertical_length_tablet=&#8221;0px&#8221; header_6_text_shadow_blur_strength=&#8221;header_6_text_shadow_style,%91object Object%93&#8243; header_6_text_shadow_blur_strength_tablet=&#8221;1px&#8221; box_shadow_horizontal_tablet=&#8221;0px&#8221; box_shadow_vertical_tablet=&#8221;0px&#8221; box_shadow_blur_tablet=&#8221;40px&#8221; box_shadow_spread_tablet=&#8221;0px&#8221; z_index_tablet=&#8221;500&#8243;]<\/p>\n<h1>RADIOTELEFONY HF Z MODULACJ\u0104 JEDNOWST\u0118GOW\u0104 VX-1700<\/h1>\n<p>[\/et_pb_text][et_pb_divider _builder_version=&#8221;3.3.1&#8243; color=&#8221;#cccccc&#8221; height=&#8221;5px&#8221; custom_margin=&#8221;0px||0px|&#8221; custom_padding=&#8221;0px||0px|&#8221; \/][\/et_pb_column][\/et_pb_row][et_pb_row _builder_version=&#8221;3.3.1&#8243; custom_margin=&#8221;0px|||&#8221; custom_padding=&#8221;0px|||&#8221; width=&#8221;80%&#8221; max_width=&#8221;1080px&#8221;][et_pb_column type=&#8221;1_3&#8243; custom_padding__hover=&#8221;|||&#8221; custom_padding=&#8221;|||&#8221;][et_pb_image _builder_version=&#8221;3.3.1&#8243; src=&#8221;https:\/\/motocs.indzine.net\/wp-content\/uploads\/sites\/14\/2018\/06\/VX-1700-HF-Single-Side-Band.jpg&#8221; align_last_edited=&#8221;on|desktop&#8221; align_tablet=&#8221;center&#8221; \/][\/et_pb_column][et_pb_column type=&#8221;2_3&#8243; custom_padding__hover=&#8221;|||&#8221; custom_padding=&#8221;|||&#8221;][et_pb_text _builder_version=&#8221;3.29.1&#8243; text_text_shadow_horizontal_length=&#8221;text_text_shadow_style,%91object Object%93&#8243; text_text_shadow_horizontal_length_tablet=&#8221;0px&#8221; text_text_shadow_vertical_length=&#8221;text_text_shadow_style,%91object Object%93&#8243; text_text_shadow_vertical_length_tablet=&#8221;0px&#8221; text_text_shadow_blur_strength=&#8221;text_text_shadow_style,%91object Object%93&#8243; text_text_shadow_blur_strength_tablet=&#8221;1px&#8221; link_text_shadow_horizontal_length=&#8221;link_text_shadow_style,%91object Object%93&#8243; link_text_shadow_horizontal_length_tablet=&#8221;0px&#8221; link_text_shadow_vertical_length=&#8221;link_text_shadow_style,%91object Object%93&#8243; link_text_shadow_vertical_length_tablet=&#8221;0px&#8221; link_text_shadow_blur_strength=&#8221;link_text_shadow_style,%91object Object%93&#8243; link_text_shadow_blur_strength_tablet=&#8221;1px&#8221; ul_text_shadow_horizontal_length=&#8221;ul_text_shadow_style,%91object Object%93&#8243; ul_text_shadow_horizontal_length_tablet=&#8221;0px&#8221; ul_text_shadow_vertical_length=&#8221;ul_text_shadow_style,%91object Object%93&#8243; ul_text_shadow_vertical_length_tablet=&#8221;0px&#8221; ul_text_shadow_blur_strength=&#8221;ul_text_shadow_style,%91object Object%93&#8243; ul_text_shadow_blur_strength_tablet=&#8221;1px&#8221; ol_text_shadow_horizontal_length=&#8221;ol_text_shadow_style,%91object Object%93&#8243; ol_text_shadow_horizontal_length_tablet=&#8221;0px&#8221; ol_text_shadow_vertical_length=&#8221;ol_text_shadow_style,%91object Object%93&#8243; ol_text_shadow_vertical_length_tablet=&#8221;0px&#8221; ol_text_shadow_blur_strength=&#8221;ol_text_shadow_style,%91object Object%93&#8243; ol_text_shadow_blur_strength_tablet=&#8221;1px&#8221; quote_text_shadow_horizontal_length=&#8221;quote_text_shadow_style,%91object Object%93&#8243; quote_text_shadow_horizontal_length_tablet=&#8221;0px&#8221; quote_text_shadow_vertical_length=&#8221;quote_text_shadow_style,%91object Object%93&#8243; quote_text_shadow_vertical_length_tablet=&#8221;0px&#8221; quote_text_shadow_blur_strength=&#8221;quote_text_shadow_style,%91object Object%93&#8243; quote_text_shadow_blur_strength_tablet=&#8221;1px&#8221; header_text_shadow_horizontal_length=&#8221;header_text_shadow_style,%91object Object%93&#8243; header_text_shadow_horizontal_length_tablet=&#8221;0px&#8221; header_text_shadow_vertical_length=&#8221;header_text_shadow_style,%91object Object%93&#8243; header_text_shadow_vertical_length_tablet=&#8221;0px&#8221; header_text_shadow_blur_strength=&#8221;header_text_shadow_style,%91object Object%93&#8243; header_text_shadow_blur_strength_tablet=&#8221;1px&#8221; header_2_text_shadow_horizontal_length=&#8221;header_2_text_shadow_style,%91object Object%93&#8243; header_2_text_shadow_horizontal_length_tablet=&#8221;0px&#8221; header_2_text_shadow_vertical_length=&#8221;header_2_text_shadow_style,%91object Object%93&#8243; header_2_text_shadow_vertical_length_tablet=&#8221;0px&#8221; header_2_text_shadow_blur_strength=&#8221;header_2_text_shadow_style,%91object Object%93&#8243; header_2_text_shadow_blur_strength_tablet=&#8221;1px&#8221; header_3_text_shadow_horizontal_length=&#8221;header_3_text_shadow_style,%91object Object%93&#8243; header_3_text_shadow_horizontal_length_tablet=&#8221;0px&#8221; header_3_text_shadow_vertical_length=&#8221;header_3_text_shadow_style,%91object Object%93&#8243; header_3_text_shadow_vertical_length_tablet=&#8221;0px&#8221; header_3_text_shadow_blur_strength=&#8221;header_3_text_shadow_style,%91object Object%93&#8243; header_3_text_shadow_blur_strength_tablet=&#8221;1px&#8221; header_4_text_shadow_horizontal_length=&#8221;header_4_text_shadow_style,%91object Object%93&#8243; header_4_text_shadow_horizontal_length_tablet=&#8221;0px&#8221; header_4_text_shadow_vertical_length=&#8221;header_4_text_shadow_style,%91object Object%93&#8243; header_4_text_shadow_vertical_length_tablet=&#8221;0px&#8221; header_4_text_shadow_blur_strength=&#8221;header_4_text_shadow_style,%91object Object%93&#8243; header_4_text_shadow_blur_strength_tablet=&#8221;1px&#8221; header_5_text_shadow_horizontal_length=&#8221;header_5_text_shadow_style,%91object Object%93&#8243; header_5_text_shadow_horizontal_length_tablet=&#8221;0px&#8221; header_5_text_shadow_vertical_length=&#8221;header_5_text_shadow_style,%91object Object%93&#8243; header_5_text_shadow_vertical_length_tablet=&#8221;0px&#8221; header_5_text_shadow_blur_strength=&#8221;header_5_text_shadow_style,%91object Object%93&#8243; header_5_text_shadow_blur_strength_tablet=&#8221;1px&#8221; header_6_text_shadow_horizontal_length=&#8221;header_6_text_shadow_style,%91object Object%93&#8243; header_6_text_shadow_horizontal_length_tablet=&#8221;0px&#8221; header_6_text_shadow_vertical_length=&#8221;header_6_text_shadow_style,%91object Object%93&#8243; header_6_text_shadow_vertical_length_tablet=&#8221;0px&#8221; header_6_text_shadow_blur_strength=&#8221;header_6_text_shadow_style,%91object Object%93&#8243; header_6_text_shadow_blur_strength_tablet=&#8221;1px&#8221; box_shadow_horizontal_tablet=&#8221;0px&#8221; box_shadow_vertical_tablet=&#8221;0px&#8221; box_shadow_blur_tablet=&#8221;40px&#8221; box_shadow_spread_tablet=&#8221;0px&#8221; z_index_tablet=&#8221;500&#8243;]<\/p>\n<p><b>\u0141\u0105czno\u015b\u0107<\/b><\/p>\n<p>Wielofunkcyjny radiotelefon z modulacj\u0105 jednowst\u0119gow\u0105 (SSB) VX-1700 jest przeznaczony do pracy jako radiotelefon przewo\u017any lub stacja bazowa d\u0142ugodystansowej naziemnej radiowej \u0142\u0105czno\u015bci mobilnej (LMR). Tryby dzia\u0142ania: dolny\/g\u00f3rny \u2013 LSB\/USB (J3E i J2B) i modulacja amplitudy \u2013 AM (A3E) i CW (A1A) czyni\u0105 VX-1700 idealnym urz\u0105dzeniem do szerokiej gamy zastosowa\u0144.<\/p>\n<p>Du\u017ca liczba kana\u0142\u00f3w: VX-1700 mo\u017ce przechowywa\u0107 200 kana\u0142\u00f3w w pi\u0119ciu grupach, z dowoln\u0105 ilo\u015bci\u0105 kana\u0142\u00f3w na grup\u0119. Ka\u017cdy kana\u0142 mo\u017ce zosta\u0107 zaprogramowany 6-znakowym opisem alfanumerycznym, umo\u017cliwiaj\u0105c szybkie i proste zarz\u0105dzanie po\u0142\u0105czeniami.<\/p>\n<p><b>Podw\u00f3jny nas\u0142uch<\/b><\/p>\n<p>Radiotelefon VX-1700 mo\u017ce pracowa\u0107 na jednym kanale, jednocze\u015bnie okresowo monitoruj\u0105c wyznaczony kana\u0142 zapisany w pami\u0119ci, aby nie przeoczy\u0107 wywo\u0142ania. Rozwi\u0105zanie to jest idealne w sytuacjach zarz\u0105dzania kryzysowego, gdy wa\u017cne jest, aby wywo\u0142ania dociera\u0142y do dyspozytora.<\/p>\n<p><b>Elastyczne mo\u017cliwo\u015bci wywo\u0142a\u0144<\/b><\/p>\n<p>Sze\u015b\u0107 wbudowanych tryb\u00f3w wywo\u0142a\u0144 obs\u0142uguj\u0105cych r\u00f3\u017cne rodzaje \u0142\u0105czno\u015bci:<\/p>\n<ul>\n<li>Wywo\u0142anie selektywne (SELCALL) \u2013 po\u0142\u0105czenie z jedn\u0105 osob\u0105 lub grup\u0105, u\u017cywaj\u0105c numeru identyfikacyjnego (ID) przypisanego do ka\u017cdego radiotelefonu do po\u0142\u0105cze\u0144 prywatnych<\/li>\n<li>\u017b\u0105danie sygna\u0142u \u2013 sprawdzenie jako\u015bci sygna\u0142u mi\u0119dzy radiotelefonami przed wykonaniem po\u0142\u0105czenia selektywnego, aby zweryfikowa\u0107, czy mo\u017cna je wykona\u0107<\/li>\n<li>Po\u0142\u0105czenie telefoniczne (TELCALL) \u2013 po\u0142\u0105czenie przez bramk\u0119 \u0142\u0105czno\u015bci telefonicznej pozwala na nawi\u0105zanie kontaktu z poszczeg\u00f3lnymi osobami za pomoc\u0105 telefonu<\/li>\n<li>Wiadomo\u015b\u0107 tekstowa \u2013 wysy\u0142anie wiadomo\u015bci tekstowych (do 64 znak\u00f3w) do innych radiotelefon\u00f3w rozszerza mo\u017cliwo\u015bci komunikacji<\/li>\n<li>\u017b\u0105danie pozycji \u2013 monitorowanie informacji o pozycji innego radiotelefonu, gdy jest u\u017cywany jako urz\u0105dzenie przewo\u017ane<\/li>\n<li>Wysy\u0142anie pozycji \u2013 przesy\u0142anie pozycji radiotelefonu<\/li>\n<li>Opcja automatycznego zestawiania \u0142\u0105cza (ALE). Przy zainstalowanej opcji ALE-1 VX-1700 automatycznie wybiera kana\u0142 z najlepszym wynikiem analizy jako\u015bci \u0142\u0105cza (Link Quality Analysis, LQA) z listy zaprogramowanych kana\u0142\u00f3w.<\/li>\n<\/ul>\n<p><b>Dodatkowe funkcje<\/b><\/p>\n<ul>\n<li>6-znakowa alfanumeryczna nazwa kana\u0142u<\/li>\n<li>Wygaszacz szum\u00f3w<\/li>\n<li>CW Semi Break-In<\/li>\n<li>Funkcja samos\u0142yszalno\u015bci CW<\/li>\n<li>Nadawanie uruchamiane g\u0142osem (VOX)<\/li>\n<\/ul>\n<p>[\/et_pb_text][et_pb_button _builder_version=&#8221;3.29.1&#8243; button_text=&#8221;Dane Techniczne&#8221; button_alignment=&#8221;left&#8221; background_layout=&#8221;dark&#8221; custom_button=&#8221;on&#8221; button_text_color=&#8221;#ffffff&#8221; button_bg_color=&#8221;#006acd&#8221; button_url=&#8221;https:\/\/motocs.indzine.net\/wp-content\/uploads\/sites\/14\/2019\/11\/vs_vx-1700_spec_sheet.pdf&#8221; url_new_window=&#8221;on&#8221; disabled=&#8221;off&#8221; disabled_on=&#8221;off|off|off&#8221; button_text_shadow_horizontal_length=&#8221;button_text_shadow_style,%91object Object%93&#8243; button_text_shadow_horizontal_length_tablet=&#8221;0px&#8221; button_text_shadow_vertical_length=&#8221;button_text_shadow_style,%91object Object%93&#8243; button_text_shadow_vertical_length_tablet=&#8221;0px&#8221; button_text_shadow_blur_strength=&#8221;button_text_shadow_style,%91object Object%93&#8243; button_text_shadow_blur_strength_tablet=&#8221;1px&#8221; box_shadow_horizontal_tablet=&#8221;0px&#8221; box_shadow_vertical_tablet=&#8221;0px&#8221; box_shadow_blur_tablet=&#8221;40px&#8221; box_shadow_spread_tablet=&#8221;0px&#8221; z_index_tablet=&#8221;500&#8243; \/][\/et_pb_column][\/et_pb_row][\/et_pb_section]<\/p>\n","protected":false},"excerpt":{"rendered":"<p>RADIOTELEFONY HF Z MODULACJ\u0104 JEDNOWST\u0118GOW\u0104 VX-1700 \u0141\u0105czno\u015b\u0107Wielofunkcyjny radiotelefon z modulacj\u0105 jednowst\u0119gow\u0105 (SSB) VX-1700 jest przeznaczony do pracy jako radiotelefon przewo\u017any lub stacja bazowa d\u0142ugodystansowej naziemnej radiowej \u0142\u0105czno\u015bci mobilnej (LMR). Tryby dzia\u0142ania: dolny\/g\u00f3rny \u2013 LSB\/USB (J3E i J2B) i modulacja amplitudy \u2013 AM (A3E) i CW (A1A) czyni\u0105 VX-1700 idealnym urz\u0105dzeniem do szerokiej gamy zastosowa\u0144.Du\u017ca liczba [&hellip;]<\/p>\n","protected":false},"author":2,"featured_media":0,"parent":0,"menu_order":330,"comment_status":"closed","ping_status":"closed","template":"page-template-blank.php","meta":{"_acf_changed":false,"_et_pb_use_builder":"on","_et_pb_old_content":"","_et_gb_content_width":"","footnotes":""},"class_list":["post-1114","page","type-page","status-publish","hentry"],"acf":[],"yoast_head":"<!-- This site is optimized with the Yoast SEO plugin v27.3 - https:\/\/yoast.com\/product\/yoast-seo-wordpress\/ -->\n<title>RADIOTELEFONY HF Z MODULACJ\u0104 JEDNOWST\u0118GOW\u0104 VX-1700 - Motorola Content Syndication<\/title>\n<meta name=\"robots\" content=\"index, follow, max-snippet:-1, max-image-preview:large, max-video-preview:-1\" \/>\n<link rel=\"canonical\" href=\"https:\/\/motocs.indzine.net\/pl\/radiotelefony-hf-z-modulacja-jednowstegowa-vx-1700\/\" \/>\n<meta property=\"og:locale\" content=\"pl_PL\" \/>\n<meta property=\"og:type\" content=\"article\" \/>\n<meta property=\"og:title\" content=\"RADIOTELEFONY HF Z MODULACJ\u0104 JEDNOWST\u0118GOW\u0104 VX-1700 - Motorola Content Syndication\" \/>\n<meta property=\"og:description\" content=\"RADIOTELEFONY HF Z MODULACJ\u0104 JEDNOWST\u0118GOW\u0104 VX-1700 \u0141\u0105czno\u015b\u0107Wielofunkcyjny radiotelefon z modulacj\u0105 jednowst\u0119gow\u0105 (SSB) VX-1700 jest przeznaczony do pracy jako radiotelefon przewo\u017any lub stacja bazowa d\u0142ugodystansowej naziemnej radiowej \u0142\u0105czno\u015bci mobilnej (LMR). Tryby dzia\u0142ania: dolny\/g\u00f3rny \u2013 LSB\/USB (J3E i J2B) i modulacja amplitudy \u2013 AM (A3E) i CW (A1A) czyni\u0105 VX-1700 idealnym urz\u0105dzeniem do szerokiej gamy zastosowa\u0144.Du\u017ca liczba [&hellip;]\" \/>\n<meta property=\"og:url\" content=\"https:\/\/motocs.indzine.net\/pl\/radiotelefony-hf-z-modulacja-jednowstegowa-vx-1700\/\" \/>\n<meta property=\"og:site_name\" content=\"Motorola Content Syndication\" \/>\n<meta property=\"article:modified_time\" content=\"2019-12-16T10:44:48+00:00\" \/>\n<meta name=\"twitter:card\" content=\"summary_large_image\" \/>\n<meta name=\"twitter:label1\" content=\"Szacowany czas czytania\" \/>\n\t<meta name=\"twitter:data1\" content=\"9 minut\" \/>\n<script type=\"application\/ld+json\" class=\"yoast-schema-graph\">{\"@context\":\"https:\\\/\\\/schema.org\",\"@graph\":[{\"@type\":\"WebPage\",\"@id\":\"https:\\\/\\\/motocs.indzine.net\\\/pl\\\/radiotelefony-hf-z-modulacja-jednowstegowa-vx-1700\\\/\",\"url\":\"https:\\\/\\\/motocs.indzine.net\\\/pl\\\/radiotelefony-hf-z-modulacja-jednowstegowa-vx-1700\\\/\",\"name\":\"RADIOTELEFONY HF Z MODULACJ\u0104 JEDNOWST\u0118GOW\u0104 VX-1700 - Motorola Content Syndication\",\"isPartOf\":{\"@id\":\"https:\\\/\\\/motocs.indzine.net\\\/pl\\\/#website\"},\"datePublished\":\"2019-11-29T14:40:57+00:00\",\"dateModified\":\"2019-12-16T10:44:48+00:00\",\"breadcrumb\":{\"@id\":\"https:\\\/\\\/motocs.indzine.net\\\/pl\\\/radiotelefony-hf-z-modulacja-jednowstegowa-vx-1700\\\/#breadcrumb\"},\"inLanguage\":\"pl-PL\",\"potentialAction\":[{\"@type\":\"ReadAction\",\"target\":[\"https:\\\/\\\/motocs.indzine.net\\\/pl\\\/radiotelefony-hf-z-modulacja-jednowstegowa-vx-1700\\\/\"]}]},{\"@type\":\"BreadcrumbList\",\"@id\":\"https:\\\/\\\/motocs.indzine.net\\\/pl\\\/radiotelefony-hf-z-modulacja-jednowstegowa-vx-1700\\\/#breadcrumb\",\"itemListElement\":[{\"@type\":\"ListItem\",\"position\":1,\"name\":\"Home\",\"item\":\"https:\\\/\\\/motocs.indzine.net\\\/pl\\\/\"},{\"@type\":\"ListItem\",\"position\":2,\"name\":\"RADIOTELEFONY HF Z MODULACJ\u0104 JEDNOWST\u0118GOW\u0104 VX-1700\"}]},{\"@type\":\"WebSite\",\"@id\":\"https:\\\/\\\/motocs.indzine.net\\\/pl\\\/#website\",\"url\":\"https:\\\/\\\/motocs.indzine.net\\\/pl\\\/\",\"name\":\"Motorola Content Syndication\",\"description\":\"Motorola Website Starters site\",\"potentialAction\":[{\"@type\":\"SearchAction\",\"target\":{\"@type\":\"EntryPoint\",\"urlTemplate\":\"https:\\\/\\\/motocs.indzine.net\\\/pl\\\/?s={search_term_string}\"},\"query-input\":{\"@type\":\"PropertyValueSpecification\",\"valueRequired\":true,\"valueName\":\"search_term_string\"}}],\"inLanguage\":\"pl-PL\"}]}<\/script>\n<!-- \/ Yoast SEO plugin. -->","yoast_head_json":{"title":"RADIOTELEFONY HF Z MODULACJ\u0104 JEDNOWST\u0118GOW\u0104 VX-1700 - Motorola Content Syndication","robots":{"index":"index","follow":"follow","max-snippet":"max-snippet:-1","max-image-preview":"max-image-preview:large","max-video-preview":"max-video-preview:-1"},"canonical":"https:\/\/motocs.indzine.net\/pl\/radiotelefony-hf-z-modulacja-jednowstegowa-vx-1700\/","og_locale":"pl_PL","og_type":"article","og_title":"RADIOTELEFONY HF Z MODULACJ\u0104 JEDNOWST\u0118GOW\u0104 VX-1700 - Motorola Content Syndication","og_description":"RADIOTELEFONY HF Z MODULACJ\u0104 JEDNOWST\u0118GOW\u0104 VX-1700 \u0141\u0105czno\u015b\u0107Wielofunkcyjny radiotelefon z modulacj\u0105 jednowst\u0119gow\u0105 (SSB) VX-1700 jest przeznaczony do pracy jako radiotelefon przewo\u017any lub stacja bazowa d\u0142ugodystansowej naziemnej radiowej \u0142\u0105czno\u015bci mobilnej (LMR). Tryby dzia\u0142ania: dolny\/g\u00f3rny \u2013 LSB\/USB (J3E i J2B) i modulacja amplitudy \u2013 AM (A3E) i CW (A1A) czyni\u0105 VX-1700 idealnym urz\u0105dzeniem do szerokiej gamy zastosowa\u0144.Du\u017ca liczba [&hellip;]","og_url":"https:\/\/motocs.indzine.net\/pl\/radiotelefony-hf-z-modulacja-jednowstegowa-vx-1700\/","og_site_name":"Motorola Content Syndication","article_modified_time":"2019-12-16T10:44:48+00:00","twitter_card":"summary_large_image","twitter_misc":{"Szacowany czas czytania":"9 minut"},"schema":{"@context":"https:\/\/schema.org","@graph":[{"@type":"WebPage","@id":"https:\/\/motocs.indzine.net\/pl\/radiotelefony-hf-z-modulacja-jednowstegowa-vx-1700\/","url":"https:\/\/motocs.indzine.net\/pl\/radiotelefony-hf-z-modulacja-jednowstegowa-vx-1700\/","name":"RADIOTELEFONY HF Z MODULACJ\u0104 JEDNOWST\u0118GOW\u0104 VX-1700 - Motorola Content Syndication","isPartOf":{"@id":"https:\/\/motocs.indzine.net\/pl\/#website"},"datePublished":"2019-11-29T14:40:57+00:00","dateModified":"2019-12-16T10:44:48+00:00","breadcrumb":{"@id":"https:\/\/motocs.indzine.net\/pl\/radiotelefony-hf-z-modulacja-jednowstegowa-vx-1700\/#breadcrumb"},"inLanguage":"pl-PL","potentialAction":[{"@type":"ReadAction","target":["https:\/\/motocs.indzine.net\/pl\/radiotelefony-hf-z-modulacja-jednowstegowa-vx-1700\/"]}]},{"@type":"BreadcrumbList","@id":"https:\/\/motocs.indzine.net\/pl\/radiotelefony-hf-z-modulacja-jednowstegowa-vx-1700\/#breadcrumb","itemListElement":[{"@type":"ListItem","position":1,"name":"Home","item":"https:\/\/motocs.indzine.net\/pl\/"},{"@type":"ListItem","position":2,"name":"RADIOTELEFONY HF Z MODULACJ\u0104 JEDNOWST\u0118GOW\u0104 VX-1700"}]},{"@type":"WebSite","@id":"https:\/\/motocs.indzine.net\/pl\/#website","url":"https:\/\/motocs.indzine.net\/pl\/","name":"Motorola Content Syndication","description":"Motorola Website Starters site","potentialAction":[{"@type":"SearchAction","target":{"@type":"EntryPoint","urlTemplate":"https:\/\/motocs.indzine.net\/pl\/?s={search_term_string}"},"query-input":{"@type":"PropertyValueSpecification","valueRequired":true,"valueName":"search_term_string"}}],"inLanguage":"pl-PL"}]}},"_links":{"self":[{"href":"https:\/\/motocs.indzine.net\/pl\/wp-json\/wp\/v2\/pages\/1114","targetHints":{"allow":["GET"]}}],"collection":[{"href":"https:\/\/motocs.indzine.net\/pl\/wp-json\/wp\/v2\/pages"}],"about":[{"href":"https:\/\/motocs.indzine.net\/pl\/wp-json\/wp\/v2\/types\/page"}],"author":[{"embeddable":true,"href":"https:\/\/motocs.indzine.net\/pl\/wp-json\/wp\/v2\/users\/2"}],"replies":[{"embeddable":true,"href":"https:\/\/motocs.indzine.net\/pl\/wp-json\/wp\/v2\/comments?post=1114"}],"version-history":[{"count":0,"href":"https:\/\/motocs.indzine.net\/pl\/wp-json\/wp\/v2\/pages\/1114\/revisions"}],"wp:attachment":[{"href":"https:\/\/motocs.indzine.net\/pl\/wp-json\/wp\/v2\/media?parent=1114"}],"curies":[{"name":"wp","href":"https:\/\/api.w.org\/{rel}","templated":true}]}}