{"id":1135,"date":"2019-11-29T16:03:43","date_gmt":"2019-11-29T16:03:43","guid":{"rendered":"https:\/\/motocs.indzine.net\/pl\/?page_id=1135"},"modified":"2019-12-16T10:34:25","modified_gmt":"2019-12-16T10:34:25","slug":"radiotelefon-mobilny-tetra-mtm5400","status":"publish","type":"page","link":"https:\/\/motocs.indzine.net\/pl\/radiotelefon-mobilny-tetra-mtm5400\/","title":{"rendered":"RADIOTELEFON PRZEWO\u0179NY TETRA MTM5400"},"content":{"rendered":"<p>[et_pb_section bb_built=&#8221;1&#8243; _builder_version=&#8221;3.3.1&#8243; inner_width=&#8221;auto&#8221; inner_max_width=&#8221;1080px&#8221;][et_pb_row _builder_version=&#8221;3.3.1&#8243; width=&#8221;80%&#8221; max_width=&#8221;1080px&#8221;][et_pb_column type=&#8221;4_4&#8243; custom_padding__hover=&#8221;|||&#8221; custom_padding=&#8221;|||&#8221;][et_pb_ds_breadcrumbs _builder_version=&#8221;3.3.1&#8243; \/][et_pb_text _builder_version=&#8221;4.0.9&#8243; custom_margin=&#8221;||0px|&#8221; custom_padding=&#8221;||0px|&#8221; text_text_shadow_horizontal_length=&#8221;text_text_shadow_style,%91object Object%93&#8243; text_text_shadow_horizontal_length_tablet=&#8221;0px&#8221; text_text_shadow_vertical_length=&#8221;text_text_shadow_style,%91object Object%93&#8243; text_text_shadow_vertical_length_tablet=&#8221;0px&#8221; text_text_shadow_blur_strength=&#8221;text_text_shadow_style,%91object Object%93&#8243; text_text_shadow_blur_strength_tablet=&#8221;1px&#8221; link_text_shadow_horizontal_length=&#8221;link_text_shadow_style,%91object Object%93&#8243; link_text_shadow_horizontal_length_tablet=&#8221;0px&#8221; link_text_shadow_vertical_length=&#8221;link_text_shadow_style,%91object Object%93&#8243; link_text_shadow_vertical_length_tablet=&#8221;0px&#8221; link_text_shadow_blur_strength=&#8221;link_text_shadow_style,%91object Object%93&#8243; link_text_shadow_blur_strength_tablet=&#8221;1px&#8221; ul_text_shadow_horizontal_length=&#8221;ul_text_shadow_style,%91object Object%93&#8243; ul_text_shadow_horizontal_length_tablet=&#8221;0px&#8221; ul_text_shadow_vertical_length=&#8221;ul_text_shadow_style,%91object Object%93&#8243; ul_text_shadow_vertical_length_tablet=&#8221;0px&#8221; ul_text_shadow_blur_strength=&#8221;ul_text_shadow_style,%91object Object%93&#8243; ul_text_shadow_blur_strength_tablet=&#8221;1px&#8221; ol_text_shadow_horizontal_length=&#8221;ol_text_shadow_style,%91object Object%93&#8243; ol_text_shadow_horizontal_length_tablet=&#8221;0px&#8221; ol_text_shadow_vertical_length=&#8221;ol_text_shadow_style,%91object Object%93&#8243; ol_text_shadow_vertical_length_tablet=&#8221;0px&#8221; ol_text_shadow_blur_strength=&#8221;ol_text_shadow_style,%91object Object%93&#8243; ol_text_shadow_blur_strength_tablet=&#8221;1px&#8221; quote_text_shadow_horizontal_length=&#8221;quote_text_shadow_style,%91object Object%93&#8243; quote_text_shadow_horizontal_length_tablet=&#8221;0px&#8221; quote_text_shadow_vertical_length=&#8221;quote_text_shadow_style,%91object Object%93&#8243; quote_text_shadow_vertical_length_tablet=&#8221;0px&#8221; quote_text_shadow_blur_strength=&#8221;quote_text_shadow_style,%91object Object%93&#8243; quote_text_shadow_blur_strength_tablet=&#8221;1px&#8221; header_text_shadow_horizontal_length=&#8221;header_text_shadow_style,%91object Object%93&#8243; header_text_shadow_horizontal_length_tablet=&#8221;0px&#8221; header_text_shadow_vertical_length=&#8221;header_text_shadow_style,%91object Object%93&#8243; header_text_shadow_vertical_length_tablet=&#8221;0px&#8221; header_text_shadow_blur_strength=&#8221;header_text_shadow_style,%91object Object%93&#8243; header_text_shadow_blur_strength_tablet=&#8221;1px&#8221; header_2_text_shadow_horizontal_length=&#8221;header_2_text_shadow_style,%91object Object%93&#8243; header_2_text_shadow_horizontal_length_tablet=&#8221;0px&#8221; header_2_text_shadow_vertical_length=&#8221;header_2_text_shadow_style,%91object Object%93&#8243; header_2_text_shadow_vertical_length_tablet=&#8221;0px&#8221; header_2_text_shadow_blur_strength=&#8221;header_2_text_shadow_style,%91object Object%93&#8243; header_2_text_shadow_blur_strength_tablet=&#8221;1px&#8221; header_3_text_shadow_horizontal_length=&#8221;header_3_text_shadow_style,%91object Object%93&#8243; header_3_text_shadow_horizontal_length_tablet=&#8221;0px&#8221; header_3_text_shadow_vertical_length=&#8221;header_3_text_shadow_style,%91object Object%93&#8243; header_3_text_shadow_vertical_length_tablet=&#8221;0px&#8221; header_3_text_shadow_blur_strength=&#8221;header_3_text_shadow_style,%91object Object%93&#8243; header_3_text_shadow_blur_strength_tablet=&#8221;1px&#8221; header_4_text_shadow_horizontal_length=&#8221;header_4_text_shadow_style,%91object Object%93&#8243; header_4_text_shadow_horizontal_length_tablet=&#8221;0px&#8221; header_4_text_shadow_vertical_length=&#8221;header_4_text_shadow_style,%91object Object%93&#8243; header_4_text_shadow_vertical_length_tablet=&#8221;0px&#8221; header_4_text_shadow_blur_strength=&#8221;header_4_text_shadow_style,%91object Object%93&#8243; header_4_text_shadow_blur_strength_tablet=&#8221;1px&#8221; header_5_text_shadow_horizontal_length=&#8221;header_5_text_shadow_style,%91object Object%93&#8243; header_5_text_shadow_horizontal_length_tablet=&#8221;0px&#8221; header_5_text_shadow_vertical_length=&#8221;header_5_text_shadow_style,%91object Object%93&#8243; header_5_text_shadow_vertical_length_tablet=&#8221;0px&#8221; header_5_text_shadow_blur_strength=&#8221;header_5_text_shadow_style,%91object Object%93&#8243; header_5_text_shadow_blur_strength_tablet=&#8221;1px&#8221; header_6_text_shadow_horizontal_length=&#8221;header_6_text_shadow_style,%91object Object%93&#8243; header_6_text_shadow_horizontal_length_tablet=&#8221;0px&#8221; header_6_text_shadow_vertical_length=&#8221;header_6_text_shadow_style,%91object Object%93&#8243; header_6_text_shadow_vertical_length_tablet=&#8221;0px&#8221; header_6_text_shadow_blur_strength=&#8221;header_6_text_shadow_style,%91object Object%93&#8243; header_6_text_shadow_blur_strength_tablet=&#8221;1px&#8221; box_shadow_horizontal_tablet=&#8221;0px&#8221; box_shadow_vertical_tablet=&#8221;0px&#8221; box_shadow_blur_tablet=&#8221;40px&#8221; box_shadow_spread_tablet=&#8221;0px&#8221; z_index_tablet=&#8221;500&#8243;]<\/p>\n<h1>RADIOTELEFON PRZEWO\u0179NY TETRA MTM5400<\/h1>\n<p>[\/et_pb_text][et_pb_divider _builder_version=&#8221;3.3.1&#8243; color=&#8221;#cccccc&#8221; height=&#8221;5px&#8221; custom_margin=&#8221;0px||0px|&#8221; custom_padding=&#8221;0px||0px|&#8221; \/][\/et_pb_column][\/et_pb_row][et_pb_row _builder_version=&#8221;3.3.1&#8243; custom_margin=&#8221;0px|||&#8221; custom_padding=&#8221;0px|||&#8221; width=&#8221;80%&#8221; max_width=&#8221;1080px&#8221;][et_pb_column type=&#8221;1_3&#8243; custom_padding__hover=&#8221;|||&#8221; custom_padding=&#8221;|||&#8221;][et_pb_image _builder_version=&#8221;3.3.1&#8243; src=&#8221;https:\/\/motocs.indzine.net\/wp-content\/uploads\/sites\/14\/2018\/06\/Motorola-MTM5400-DMO.jpg&#8221; align_last_edited=&#8221;on|desktop&#8221; align_tablet=&#8221;center&#8221; \/][\/et_pb_column][et_pb_column type=&#8221;2_3&#8243; custom_padding__hover=&#8221;|||&#8221; custom_padding=&#8221;|||&#8221;][et_pb_text _builder_version=&#8221;3.29.1&#8243; width=&#8221;80%&#8221; max_width=&#8221;1080px&#8221; text_text_shadow_horizontal_length=&#8221;text_text_shadow_style,%91object Object%93&#8243; text_text_shadow_horizontal_length_tablet=&#8221;0px&#8221; text_text_shadow_vertical_length=&#8221;text_text_shadow_style,%91object Object%93&#8243; text_text_shadow_vertical_length_tablet=&#8221;0px&#8221; text_text_shadow_blur_strength=&#8221;text_text_shadow_style,%91object Object%93&#8243; text_text_shadow_blur_strength_tablet=&#8221;1px&#8221; link_text_shadow_horizontal_length=&#8221;link_text_shadow_style,%91object Object%93&#8243; link_text_shadow_horizontal_length_tablet=&#8221;0px&#8221; link_text_shadow_vertical_length=&#8221;link_text_shadow_style,%91object Object%93&#8243; link_text_shadow_vertical_length_tablet=&#8221;0px&#8221; link_text_shadow_blur_strength=&#8221;link_text_shadow_style,%91object Object%93&#8243; link_text_shadow_blur_strength_tablet=&#8221;1px&#8221; ul_text_shadow_horizontal_length=&#8221;ul_text_shadow_style,%91object Object%93&#8243; ul_text_shadow_horizontal_length_tablet=&#8221;0px&#8221; ul_text_shadow_vertical_length=&#8221;ul_text_shadow_style,%91object Object%93&#8243; ul_text_shadow_vertical_length_tablet=&#8221;0px&#8221; ul_text_shadow_blur_strength=&#8221;ul_text_shadow_style,%91object Object%93&#8243; ul_text_shadow_blur_strength_tablet=&#8221;1px&#8221; ol_text_shadow_horizontal_length=&#8221;ol_text_shadow_style,%91object Object%93&#8243; ol_text_shadow_horizontal_length_tablet=&#8221;0px&#8221; ol_text_shadow_vertical_length=&#8221;ol_text_shadow_style,%91object Object%93&#8243; ol_text_shadow_vertical_length_tablet=&#8221;0px&#8221; ol_text_shadow_blur_strength=&#8221;ol_text_shadow_style,%91object Object%93&#8243; ol_text_shadow_blur_strength_tablet=&#8221;1px&#8221; quote_text_shadow_horizontal_length=&#8221;quote_text_shadow_style,%91object Object%93&#8243; quote_text_shadow_horizontal_length_tablet=&#8221;0px&#8221; quote_text_shadow_vertical_length=&#8221;quote_text_shadow_style,%91object Object%93&#8243; quote_text_shadow_vertical_length_tablet=&#8221;0px&#8221; quote_text_shadow_blur_strength=&#8221;quote_text_shadow_style,%91object Object%93&#8243; quote_text_shadow_blur_strength_tablet=&#8221;1px&#8221; header_text_shadow_horizontal_length=&#8221;header_text_shadow_style,%91object Object%93&#8243; header_text_shadow_horizontal_length_tablet=&#8221;0px&#8221; header_text_shadow_vertical_length=&#8221;header_text_shadow_style,%91object Object%93&#8243; header_text_shadow_vertical_length_tablet=&#8221;0px&#8221; header_text_shadow_blur_strength=&#8221;header_text_shadow_style,%91object Object%93&#8243; header_text_shadow_blur_strength_tablet=&#8221;1px&#8221; header_2_text_shadow_horizontal_length=&#8221;header_2_text_shadow_style,%91object Object%93&#8243; header_2_text_shadow_horizontal_length_tablet=&#8221;0px&#8221; header_2_text_shadow_vertical_length=&#8221;header_2_text_shadow_style,%91object Object%93&#8243; header_2_text_shadow_vertical_length_tablet=&#8221;0px&#8221; header_2_text_shadow_blur_strength=&#8221;header_2_text_shadow_style,%91object Object%93&#8243; header_2_text_shadow_blur_strength_tablet=&#8221;1px&#8221; header_3_text_shadow_horizontal_length=&#8221;header_3_text_shadow_style,%91object Object%93&#8243; header_3_text_shadow_horizontal_length_tablet=&#8221;0px&#8221; header_3_text_shadow_vertical_length=&#8221;header_3_text_shadow_style,%91object Object%93&#8243; header_3_text_shadow_vertical_length_tablet=&#8221;0px&#8221; header_3_text_shadow_blur_strength=&#8221;header_3_text_shadow_style,%91object Object%93&#8243; header_3_text_shadow_blur_strength_tablet=&#8221;1px&#8221; header_4_text_shadow_horizontal_length=&#8221;header_4_text_shadow_style,%91object Object%93&#8243; header_4_text_shadow_horizontal_length_tablet=&#8221;0px&#8221; header_4_text_shadow_vertical_length=&#8221;header_4_text_shadow_style,%91object Object%93&#8243; header_4_text_shadow_vertical_length_tablet=&#8221;0px&#8221; header_4_text_shadow_blur_strength=&#8221;header_4_text_shadow_style,%91object Object%93&#8243; header_4_text_shadow_blur_strength_tablet=&#8221;1px&#8221; header_5_text_shadow_horizontal_length=&#8221;header_5_text_shadow_style,%91object Object%93&#8243; header_5_text_shadow_horizontal_length_tablet=&#8221;0px&#8221; header_5_text_shadow_vertical_length=&#8221;header_5_text_shadow_style,%91object Object%93&#8243; header_5_text_shadow_vertical_length_tablet=&#8221;0px&#8221; header_5_text_shadow_blur_strength=&#8221;header_5_text_shadow_style,%91object Object%93&#8243; header_5_text_shadow_blur_strength_tablet=&#8221;1px&#8221; header_6_text_shadow_horizontal_length=&#8221;header_6_text_shadow_style,%91object Object%93&#8243; header_6_text_shadow_horizontal_length_tablet=&#8221;0px&#8221; header_6_text_shadow_vertical_length=&#8221;header_6_text_shadow_style,%91object Object%93&#8243; header_6_text_shadow_vertical_length_tablet=&#8221;0px&#8221; header_6_text_shadow_blur_strength=&#8221;header_6_text_shadow_style,%91object Object%93&#8243; header_6_text_shadow_blur_strength_tablet=&#8221;1px&#8221; box_shadow_horizontal_tablet=&#8221;0px&#8221; box_shadow_vertical_tablet=&#8221;0px&#8221; box_shadow_blur_tablet=&#8221;40px&#8221; box_shadow_spread_tablet=&#8221;0px&#8221; z_index_tablet=&#8221;500&#8243;]<\/p>\n<p>Radio przeno\u015bne MTM5400 przystosowane do obs\u0142ugi TEDS, z trybem bramki i przeka\u017anika TETRA DMO zapewnia wi\u0119kszy zasi\u0119g, doskona\u0142y d\u017awi\u0119k i zaawansowane rozwi\u0105zania w zakresie \u0142\u0105czno\u015bci z danymi, dzi\u0119ki czemu spe\u0142nia bie\u017c\u0105ce i przysz\u0142e wymagania profesjonalist\u00f3w w obszarze komunikacji o krytycznym znaczeniu.<\/p>\n<p>\u0141\u0105cz\u0105c najlepsz\u0105 w tej klasie czu\u0142o\u015b\u0107 odbiornika z moc\u0105 nadawania 10 W, radio MTM5400 oferuje najlepszy w sektorze zakres dzia\u0142ania. Elastyczno\u015b\u0107 opcji zastosowa\u0144 oraz zaawansowane funkcje g\u0142osowe i funkcje obs\u0142ugi danych sprawiaj\u0105, \u017ce MTM5400 doskonale sprawdza si\u0119 w szerokiej gamie zastosowa\u0144, np. w dyspozytorniach, samochodach, motocyklach oraz instalacjach dostosowanych do potrzeb u\u017cytkownika.<\/p>\n<p>[\/et_pb_text][et_pb_button _builder_version=&#8221;3.29.1&#8243; button_text=&#8221;Karta Techniczna Seria MTM5000&#8243; button_alignment=&#8221;left&#8221; background_layout=&#8221;dark&#8221; custom_button=&#8221;on&#8221; button_text_color=&#8221;#ffffff&#8221; button_bg_color=&#8221;#006acd&#8221; button_url=&#8221;https:\/\/motocs.indzine.net\/wp-content\/uploads\/sites\/14\/2019\/11\/mtm5000_specification_sheet_polish.pdf&#8221; url_new_window=&#8221;on&#8221; disabled=&#8221;off&#8221; disabled_on=&#8221;off|off|off&#8221; button_text_size__hover_enabled=&#8221;off&#8221; button_text_size__hover=&#8221;null&#8221; button_one_text_size__hover_enabled=&#8221;off&#8221; button_one_text_size__hover=&#8221;null&#8221; button_two_text_size__hover_enabled=&#8221;off&#8221; button_two_text_size__hover=&#8221;null&#8221; button_text_color__hover_enabled=&#8221;off&#8221; button_text_color__hover=&#8221;null&#8221; button_one_text_color__hover_enabled=&#8221;off&#8221; button_one_text_color__hover=&#8221;null&#8221; button_two_text_color__hover_enabled=&#8221;off&#8221; button_two_text_color__hover=&#8221;null&#8221; button_border_width__hover_enabled=&#8221;off&#8221; button_border_width__hover=&#8221;null&#8221; button_one_border_width__hover_enabled=&#8221;off&#8221; button_one_border_width__hover=&#8221;null&#8221; button_two_border_width__hover_enabled=&#8221;off&#8221; button_two_border_width__hover=&#8221;null&#8221; button_border_color__hover_enabled=&#8221;off&#8221; button_border_color__hover=&#8221;null&#8221; button_one_border_color__hover_enabled=&#8221;off&#8221; button_one_border_color__hover=&#8221;null&#8221; button_two_border_color__hover_enabled=&#8221;off&#8221; button_two_border_color__hover=&#8221;null&#8221; button_border_radius__hover_enabled=&#8221;off&#8221; button_border_radius__hover=&#8221;null&#8221; button_one_border_radius__hover_enabled=&#8221;off&#8221; button_one_border_radius__hover=&#8221;null&#8221; button_two_border_radius__hover_enabled=&#8221;off&#8221; button_two_border_radius__hover=&#8221;null&#8221; button_letter_spacing__hover_enabled=&#8221;off&#8221; button_letter_spacing__hover=&#8221;null&#8221; button_one_letter_spacing__hover_enabled=&#8221;off&#8221; button_one_letter_spacing__hover=&#8221;null&#8221; button_two_letter_spacing__hover_enabled=&#8221;off&#8221; button_two_letter_spacing__hover=&#8221;null&#8221; button_bg_color__hover_enabled=&#8221;off&#8221; button_bg_color__hover=&#8221;null&#8221; button_one_bg_color__hover_enabled=&#8221;off&#8221; button_one_bg_color__hover=&#8221;null&#8221; button_two_bg_color__hover_enabled=&#8221;off&#8221; button_two_bg_color__hover=&#8221;null&#8221; button_text_shadow_horizontal_length=&#8221;button_text_shadow_style,%91object Object%93&#8243; button_text_shadow_horizontal_length_tablet=&#8221;0px&#8221; button_text_shadow_vertical_length=&#8221;button_text_shadow_style,%91object Object%93&#8243; button_text_shadow_vertical_length_tablet=&#8221;0px&#8221; button_text_shadow_blur_strength=&#8221;button_text_shadow_style,%91object Object%93&#8243; button_text_shadow_blur_strength_tablet=&#8221;1px&#8221; box_shadow_horizontal_tablet=&#8221;0px&#8221; box_shadow_vertical_tablet=&#8221;0px&#8221; box_shadow_blur_tablet=&#8221;40px&#8221; box_shadow_spread_tablet=&#8221;0px&#8221; z_index_tablet=&#8221;500&#8243; \/][\/et_pb_column][\/et_pb_row][\/et_pb_section]<\/p>\n","protected":false},"excerpt":{"rendered":"<p>RADIOTELEFON PRZEWO\u0179NY TETRA MTM5400 Radio przeno\u015bne MTM5400 przystosowane do obs\u0142ugi TEDS, z trybem bramki i przeka\u017anika TETRA DMO zapewnia wi\u0119kszy zasi\u0119g, doskona\u0142y d\u017awi\u0119k i zaawansowane rozwi\u0105zania w zakresie \u0142\u0105czno\u015bci z danymi, dzi\u0119ki czemu spe\u0142nia bie\u017c\u0105ce i przysz\u0142e wymagania profesjonalist\u00f3w w obszarze komunikacji o krytycznym znaczeniu.\u0141\u0105cz\u0105c najlepsz\u0105 w tej klasie czu\u0142o\u015b\u0107 odbiornika z moc\u0105 nadawania 10 [&hellip;]<\/p>\n","protected":false},"author":2,"featured_media":0,"parent":0,"menu_order":280,"comment_status":"closed","ping_status":"closed","template":"page-template-blank.php","meta":{"_acf_changed":false,"_et_pb_use_builder":"on","_et_pb_old_content":"","_et_gb_content_width":"","footnotes":""},"class_list":["post-1135","page","type-page","status-publish","hentry"],"acf":[],"yoast_head":"<!-- This site is optimized with the Yoast SEO plugin v27.3 - https:\/\/yoast.com\/product\/yoast-seo-wordpress\/ -->\n<title>RADIOTELEFON PRZEWO\u0179NY TETRA MTM5400 - Motorola Content Syndication<\/title>\n<meta name=\"robots\" content=\"index, follow, max-snippet:-1, max-image-preview:large, max-video-preview:-1\" \/>\n<link rel=\"canonical\" href=\"https:\/\/motocs.indzine.net\/pl\/radiotelefon-mobilny-tetra-mtm5400\/\" \/>\n<meta property=\"og:locale\" content=\"pl_PL\" \/>\n<meta property=\"og:type\" content=\"article\" \/>\n<meta property=\"og:title\" content=\"RADIOTELEFON PRZEWO\u0179NY TETRA MTM5400 - Motorola Content Syndication\" \/>\n<meta property=\"og:description\" content=\"RADIOTELEFON PRZEWO\u0179NY TETRA MTM5400 Radio przeno\u015bne MTM5400 przystosowane do obs\u0142ugi TEDS, z trybem bramki i przeka\u017anika TETRA DMO zapewnia wi\u0119kszy zasi\u0119g, doskona\u0142y d\u017awi\u0119k i zaawansowane rozwi\u0105zania w zakresie \u0142\u0105czno\u015bci z danymi, dzi\u0119ki czemu spe\u0142nia bie\u017c\u0105ce i przysz\u0142e wymagania profesjonalist\u00f3w w obszarze komunikacji o krytycznym znaczeniu.\u0141\u0105cz\u0105c najlepsz\u0105 w tej klasie czu\u0142o\u015b\u0107 odbiornika z moc\u0105 nadawania 10 [&hellip;]\" \/>\n<meta property=\"og:url\" content=\"https:\/\/motocs.indzine.net\/pl\/radiotelefon-mobilny-tetra-mtm5400\/\" \/>\n<meta property=\"og:site_name\" content=\"Motorola Content Syndication\" \/>\n<meta property=\"article:modified_time\" content=\"2019-12-16T10:34:25+00:00\" \/>\n<meta name=\"twitter:card\" content=\"summary_large_image\" \/>\n<meta name=\"twitter:label1\" content=\"Szacowany czas czytania\" \/>\n\t<meta name=\"twitter:data1\" content=\"9 minut\" \/>\n<script type=\"application\/ld+json\" class=\"yoast-schema-graph\">{\"@context\":\"https:\\\/\\\/schema.org\",\"@graph\":[{\"@type\":\"WebPage\",\"@id\":\"https:\\\/\\\/motocs.indzine.net\\\/pl\\\/radiotelefon-mobilny-tetra-mtm5400\\\/\",\"url\":\"https:\\\/\\\/motocs.indzine.net\\\/pl\\\/radiotelefon-mobilny-tetra-mtm5400\\\/\",\"name\":\"RADIOTELEFON PRZEWO\u0179NY TETRA MTM5400 - Motorola Content Syndication\",\"isPartOf\":{\"@id\":\"https:\\\/\\\/motocs.indzine.net\\\/pl\\\/#website\"},\"datePublished\":\"2019-11-29T16:03:43+00:00\",\"dateModified\":\"2019-12-16T10:34:25+00:00\",\"breadcrumb\":{\"@id\":\"https:\\\/\\\/motocs.indzine.net\\\/pl\\\/radiotelefon-mobilny-tetra-mtm5400\\\/#breadcrumb\"},\"inLanguage\":\"pl-PL\",\"potentialAction\":[{\"@type\":\"ReadAction\",\"target\":[\"https:\\\/\\\/motocs.indzine.net\\\/pl\\\/radiotelefon-mobilny-tetra-mtm5400\\\/\"]}]},{\"@type\":\"BreadcrumbList\",\"@id\":\"https:\\\/\\\/motocs.indzine.net\\\/pl\\\/radiotelefon-mobilny-tetra-mtm5400\\\/#breadcrumb\",\"itemListElement\":[{\"@type\":\"ListItem\",\"position\":1,\"name\":\"Home\",\"item\":\"https:\\\/\\\/motocs.indzine.net\\\/pl\\\/\"},{\"@type\":\"ListItem\",\"position\":2,\"name\":\"RADIOTELEFON PRZEWO\u0179NY TETRA MTM5400\"}]},{\"@type\":\"WebSite\",\"@id\":\"https:\\\/\\\/motocs.indzine.net\\\/pl\\\/#website\",\"url\":\"https:\\\/\\\/motocs.indzine.net\\\/pl\\\/\",\"name\":\"Motorola Content Syndication\",\"description\":\"Motorola Website Starters site\",\"potentialAction\":[{\"@type\":\"SearchAction\",\"target\":{\"@type\":\"EntryPoint\",\"urlTemplate\":\"https:\\\/\\\/motocs.indzine.net\\\/pl\\\/?s={search_term_string}\"},\"query-input\":{\"@type\":\"PropertyValueSpecification\",\"valueRequired\":true,\"valueName\":\"search_term_string\"}}],\"inLanguage\":\"pl-PL\"}]}<\/script>\n<!-- \/ Yoast SEO plugin. -->","yoast_head_json":{"title":"RADIOTELEFON PRZEWO\u0179NY TETRA MTM5400 - Motorola Content Syndication","robots":{"index":"index","follow":"follow","max-snippet":"max-snippet:-1","max-image-preview":"max-image-preview:large","max-video-preview":"max-video-preview:-1"},"canonical":"https:\/\/motocs.indzine.net\/pl\/radiotelefon-mobilny-tetra-mtm5400\/","og_locale":"pl_PL","og_type":"article","og_title":"RADIOTELEFON PRZEWO\u0179NY TETRA MTM5400 - Motorola Content Syndication","og_description":"RADIOTELEFON PRZEWO\u0179NY TETRA MTM5400 Radio przeno\u015bne MTM5400 przystosowane do obs\u0142ugi TEDS, z trybem bramki i przeka\u017anika TETRA DMO zapewnia wi\u0119kszy zasi\u0119g, doskona\u0142y d\u017awi\u0119k i zaawansowane rozwi\u0105zania w zakresie \u0142\u0105czno\u015bci z danymi, dzi\u0119ki czemu spe\u0142nia bie\u017c\u0105ce i przysz\u0142e wymagania profesjonalist\u00f3w w obszarze komunikacji o krytycznym znaczeniu.\u0141\u0105cz\u0105c najlepsz\u0105 w tej klasie czu\u0142o\u015b\u0107 odbiornika z moc\u0105 nadawania 10 [&hellip;]","og_url":"https:\/\/motocs.indzine.net\/pl\/radiotelefon-mobilny-tetra-mtm5400\/","og_site_name":"Motorola Content Syndication","article_modified_time":"2019-12-16T10:34:25+00:00","twitter_card":"summary_large_image","twitter_misc":{"Szacowany czas czytania":"9 minut"},"schema":{"@context":"https:\/\/schema.org","@graph":[{"@type":"WebPage","@id":"https:\/\/motocs.indzine.net\/pl\/radiotelefon-mobilny-tetra-mtm5400\/","url":"https:\/\/motocs.indzine.net\/pl\/radiotelefon-mobilny-tetra-mtm5400\/","name":"RADIOTELEFON PRZEWO\u0179NY TETRA MTM5400 - Motorola Content Syndication","isPartOf":{"@id":"https:\/\/motocs.indzine.net\/pl\/#website"},"datePublished":"2019-11-29T16:03:43+00:00","dateModified":"2019-12-16T10:34:25+00:00","breadcrumb":{"@id":"https:\/\/motocs.indzine.net\/pl\/radiotelefon-mobilny-tetra-mtm5400\/#breadcrumb"},"inLanguage":"pl-PL","potentialAction":[{"@type":"ReadAction","target":["https:\/\/motocs.indzine.net\/pl\/radiotelefon-mobilny-tetra-mtm5400\/"]}]},{"@type":"BreadcrumbList","@id":"https:\/\/motocs.indzine.net\/pl\/radiotelefon-mobilny-tetra-mtm5400\/#breadcrumb","itemListElement":[{"@type":"ListItem","position":1,"name":"Home","item":"https:\/\/motocs.indzine.net\/pl\/"},{"@type":"ListItem","position":2,"name":"RADIOTELEFON PRZEWO\u0179NY TETRA MTM5400"}]},{"@type":"WebSite","@id":"https:\/\/motocs.indzine.net\/pl\/#website","url":"https:\/\/motocs.indzine.net\/pl\/","name":"Motorola Content Syndication","description":"Motorola Website Starters site","potentialAction":[{"@type":"SearchAction","target":{"@type":"EntryPoint","urlTemplate":"https:\/\/motocs.indzine.net\/pl\/?s={search_term_string}"},"query-input":{"@type":"PropertyValueSpecification","valueRequired":true,"valueName":"search_term_string"}}],"inLanguage":"pl-PL"}]}},"_links":{"self":[{"href":"https:\/\/motocs.indzine.net\/pl\/wp-json\/wp\/v2\/pages\/1135","targetHints":{"allow":["GET"]}}],"collection":[{"href":"https:\/\/motocs.indzine.net\/pl\/wp-json\/wp\/v2\/pages"}],"about":[{"href":"https:\/\/motocs.indzine.net\/pl\/wp-json\/wp\/v2\/types\/page"}],"author":[{"embeddable":true,"href":"https:\/\/motocs.indzine.net\/pl\/wp-json\/wp\/v2\/users\/2"}],"replies":[{"embeddable":true,"href":"https:\/\/motocs.indzine.net\/pl\/wp-json\/wp\/v2\/comments?post=1135"}],"version-history":[{"count":0,"href":"https:\/\/motocs.indzine.net\/pl\/wp-json\/wp\/v2\/pages\/1135\/revisions"}],"wp:attachment":[{"href":"https:\/\/motocs.indzine.net\/pl\/wp-json\/wp\/v2\/media?parent=1135"}],"curies":[{"name":"wp","href":"https:\/\/api.w.org\/{rel}","templated":true}]}}