{"id":1171,"date":"2019-12-03T12:48:29","date_gmt":"2019-12-03T12:48:29","guid":{"rendered":"https:\/\/motocs.indzine.net\/pl\/?page_id=1171"},"modified":"2019-12-16T10:32:36","modified_gmt":"2019-12-16T10:32:36","slug":"dwukierunkowy-pager-advisor-tpg2200-tetra","status":"publish","type":"page","link":"https:\/\/motocs.indzine.net\/pl\/dwukierunkowy-pager-advisor-tpg2200-tetra\/","title":{"rendered":"PAGER DWUKIERUNKOWY TETRA ADVISOR TPG2200"},"content":{"rendered":"<p>[et_pb_section bb_built=&#8221;1&#8243; _builder_version=&#8221;3.3.1&#8243; inner_width=&#8221;auto&#8221; inner_max_width=&#8221;1080px&#8221;][et_pb_row _builder_version=&#8221;3.3.1&#8243; width=&#8221;80%&#8221; max_width=&#8221;1080px&#8221;][et_pb_column type=&#8221;4_4&#8243; custom_padding__hover=&#8221;|||&#8221; custom_padding=&#8221;|||&#8221;][et_pb_ds_breadcrumbs _builder_version=&#8221;3.3.1&#8243; \/][et_pb_text _builder_version=&#8221;4.0.9&#8243; custom_margin=&#8221;||0px|&#8221; custom_padding=&#8221;||0px|&#8221; text_text_shadow_horizontal_length=&#8221;text_text_shadow_style,%91object Object%93&#8243; text_text_shadow_horizontal_length_tablet=&#8221;0px&#8221; text_text_shadow_vertical_length=&#8221;text_text_shadow_style,%91object Object%93&#8243; text_text_shadow_vertical_length_tablet=&#8221;0px&#8221; text_text_shadow_blur_strength=&#8221;text_text_shadow_style,%91object Object%93&#8243; text_text_shadow_blur_strength_tablet=&#8221;1px&#8221; link_text_shadow_horizontal_length=&#8221;link_text_shadow_style,%91object Object%93&#8243; link_text_shadow_horizontal_length_tablet=&#8221;0px&#8221; link_text_shadow_vertical_length=&#8221;link_text_shadow_style,%91object Object%93&#8243; link_text_shadow_vertical_length_tablet=&#8221;0px&#8221; link_text_shadow_blur_strength=&#8221;link_text_shadow_style,%91object Object%93&#8243; link_text_shadow_blur_strength_tablet=&#8221;1px&#8221; ul_text_shadow_horizontal_length=&#8221;ul_text_shadow_style,%91object Object%93&#8243; ul_text_shadow_horizontal_length_tablet=&#8221;0px&#8221; ul_text_shadow_vertical_length=&#8221;ul_text_shadow_style,%91object Object%93&#8243; ul_text_shadow_vertical_length_tablet=&#8221;0px&#8221; ul_text_shadow_blur_strength=&#8221;ul_text_shadow_style,%91object Object%93&#8243; ul_text_shadow_blur_strength_tablet=&#8221;1px&#8221; ol_text_shadow_horizontal_length=&#8221;ol_text_shadow_style,%91object Object%93&#8243; ol_text_shadow_horizontal_length_tablet=&#8221;0px&#8221; ol_text_shadow_vertical_length=&#8221;ol_text_shadow_style,%91object Object%93&#8243; ol_text_shadow_vertical_length_tablet=&#8221;0px&#8221; ol_text_shadow_blur_strength=&#8221;ol_text_shadow_style,%91object Object%93&#8243; ol_text_shadow_blur_strength_tablet=&#8221;1px&#8221; quote_text_shadow_horizontal_length=&#8221;quote_text_shadow_style,%91object Object%93&#8243; quote_text_shadow_horizontal_length_tablet=&#8221;0px&#8221; quote_text_shadow_vertical_length=&#8221;quote_text_shadow_style,%91object Object%93&#8243; quote_text_shadow_vertical_length_tablet=&#8221;0px&#8221; quote_text_shadow_blur_strength=&#8221;quote_text_shadow_style,%91object Object%93&#8243; quote_text_shadow_blur_strength_tablet=&#8221;1px&#8221; header_text_shadow_horizontal_length=&#8221;header_text_shadow_style,%91object Object%93&#8243; header_text_shadow_horizontal_length_tablet=&#8221;0px&#8221; header_text_shadow_vertical_length=&#8221;header_text_shadow_style,%91object Object%93&#8243; header_text_shadow_vertical_length_tablet=&#8221;0px&#8221; header_text_shadow_blur_strength=&#8221;header_text_shadow_style,%91object Object%93&#8243; header_text_shadow_blur_strength_tablet=&#8221;1px&#8221; header_2_text_shadow_horizontal_length=&#8221;header_2_text_shadow_style,%91object Object%93&#8243; header_2_text_shadow_horizontal_length_tablet=&#8221;0px&#8221; header_2_text_shadow_vertical_length=&#8221;header_2_text_shadow_style,%91object Object%93&#8243; header_2_text_shadow_vertical_length_tablet=&#8221;0px&#8221; header_2_text_shadow_blur_strength=&#8221;header_2_text_shadow_style,%91object Object%93&#8243; header_2_text_shadow_blur_strength_tablet=&#8221;1px&#8221; header_3_text_shadow_horizontal_length=&#8221;header_3_text_shadow_style,%91object Object%93&#8243; header_3_text_shadow_horizontal_length_tablet=&#8221;0px&#8221; header_3_text_shadow_vertical_length=&#8221;header_3_text_shadow_style,%91object Object%93&#8243; header_3_text_shadow_vertical_length_tablet=&#8221;0px&#8221; header_3_text_shadow_blur_strength=&#8221;header_3_text_shadow_style,%91object Object%93&#8243; header_3_text_shadow_blur_strength_tablet=&#8221;1px&#8221; header_4_text_shadow_horizontal_length=&#8221;header_4_text_shadow_style,%91object Object%93&#8243; header_4_text_shadow_horizontal_length_tablet=&#8221;0px&#8221; header_4_text_shadow_vertical_length=&#8221;header_4_text_shadow_style,%91object Object%93&#8243; header_4_text_shadow_vertical_length_tablet=&#8221;0px&#8221; header_4_text_shadow_blur_strength=&#8221;header_4_text_shadow_style,%91object Object%93&#8243; header_4_text_shadow_blur_strength_tablet=&#8221;1px&#8221; header_5_text_shadow_horizontal_length=&#8221;header_5_text_shadow_style,%91object Object%93&#8243; header_5_text_shadow_horizontal_length_tablet=&#8221;0px&#8221; header_5_text_shadow_vertical_length=&#8221;header_5_text_shadow_style,%91object Object%93&#8243; header_5_text_shadow_vertical_length_tablet=&#8221;0px&#8221; header_5_text_shadow_blur_strength=&#8221;header_5_text_shadow_style,%91object Object%93&#8243; header_5_text_shadow_blur_strength_tablet=&#8221;1px&#8221; header_6_text_shadow_horizontal_length=&#8221;header_6_text_shadow_style,%91object Object%93&#8243; header_6_text_shadow_horizontal_length_tablet=&#8221;0px&#8221; header_6_text_shadow_vertical_length=&#8221;header_6_text_shadow_style,%91object Object%93&#8243; header_6_text_shadow_vertical_length_tablet=&#8221;0px&#8221; header_6_text_shadow_blur_strength=&#8221;header_6_text_shadow_style,%91object Object%93&#8243; header_6_text_shadow_blur_strength_tablet=&#8221;1px&#8221; box_shadow_horizontal_tablet=&#8221;0px&#8221; box_shadow_vertical_tablet=&#8221;0px&#8221; box_shadow_blur_tablet=&#8221;40px&#8221; box_shadow_spread_tablet=&#8221;0px&#8221; z_index_tablet=&#8221;500&#8243;]<\/p>\n<h1>PAGER DWUKIERUNKOWY TETRA ADVISOR TPG2200 <\/h1>\n<p>[\/et_pb_text][et_pb_divider _builder_version=&#8221;3.3.1&#8243; color=&#8221;#cccccc&#8221; height=&#8221;5px&#8221; custom_margin=&#8221;0px||0px|&#8221; custom_padding=&#8221;0px||0px|&#8221; \/][\/et_pb_column][\/et_pb_row][et_pb_row _builder_version=&#8221;3.3.1&#8243; custom_margin=&#8221;0px|||&#8221; custom_padding=&#8221;0px|||&#8221; width=&#8221;80%&#8221; max_width=&#8221;1080px&#8221;][et_pb_column type=&#8221;1_3&#8243; custom_padding__hover=&#8221;|||&#8221; custom_padding=&#8221;|||&#8221;][et_pb_image _builder_version=&#8221;3.3.1&#8243; src=&#8221;https:\/\/motocs.indzine.net\/wp-content\/uploads\/sites\/14\/2018\/06\/ADVISOR-TPG2200-TETRA.jpg&#8221; align_last_edited=&#8221;on|desktop&#8221; align_tablet=&#8221;center&#8221; \/][\/et_pb_column][et_pb_column type=&#8221;2_3&#8243; custom_padding__hover=&#8221;|||&#8221; custom_padding=&#8221;|||&#8221;][et_pb_text _builder_version=&#8221;3.29.1&#8243; text_text_shadow_horizontal_length=&#8221;text_text_shadow_style,%91object Object%93&#8243; text_text_shadow_horizontal_length_tablet=&#8221;0px&#8221; text_text_shadow_vertical_length=&#8221;text_text_shadow_style,%91object Object%93&#8243; text_text_shadow_vertical_length_tablet=&#8221;0px&#8221; text_text_shadow_blur_strength=&#8221;text_text_shadow_style,%91object Object%93&#8243; text_text_shadow_blur_strength_tablet=&#8221;1px&#8221; link_text_shadow_horizontal_length=&#8221;link_text_shadow_style,%91object Object%93&#8243; link_text_shadow_horizontal_length_tablet=&#8221;0px&#8221; link_text_shadow_vertical_length=&#8221;link_text_shadow_style,%91object Object%93&#8243; link_text_shadow_vertical_length_tablet=&#8221;0px&#8221; link_text_shadow_blur_strength=&#8221;link_text_shadow_style,%91object Object%93&#8243; link_text_shadow_blur_strength_tablet=&#8221;1px&#8221; ul_text_shadow_horizontal_length=&#8221;ul_text_shadow_style,%91object Object%93&#8243; ul_text_shadow_horizontal_length_tablet=&#8221;0px&#8221; ul_text_shadow_vertical_length=&#8221;ul_text_shadow_style,%91object Object%93&#8243; ul_text_shadow_vertical_length_tablet=&#8221;0px&#8221; ul_text_shadow_blur_strength=&#8221;ul_text_shadow_style,%91object Object%93&#8243; ul_text_shadow_blur_strength_tablet=&#8221;1px&#8221; ol_text_shadow_horizontal_length=&#8221;ol_text_shadow_style,%91object Object%93&#8243; ol_text_shadow_horizontal_length_tablet=&#8221;0px&#8221; ol_text_shadow_vertical_length=&#8221;ol_text_shadow_style,%91object Object%93&#8243; ol_text_shadow_vertical_length_tablet=&#8221;0px&#8221; ol_text_shadow_blur_strength=&#8221;ol_text_shadow_style,%91object Object%93&#8243; ol_text_shadow_blur_strength_tablet=&#8221;1px&#8221; quote_text_shadow_horizontal_length=&#8221;quote_text_shadow_style,%91object Object%93&#8243; quote_text_shadow_horizontal_length_tablet=&#8221;0px&#8221; quote_text_shadow_vertical_length=&#8221;quote_text_shadow_style,%91object Object%93&#8243; quote_text_shadow_vertical_length_tablet=&#8221;0px&#8221; quote_text_shadow_blur_strength=&#8221;quote_text_shadow_style,%91object Object%93&#8243; quote_text_shadow_blur_strength_tablet=&#8221;1px&#8221; header_text_shadow_horizontal_length=&#8221;header_text_shadow_style,%91object Object%93&#8243; header_text_shadow_horizontal_length_tablet=&#8221;0px&#8221; header_text_shadow_vertical_length=&#8221;header_text_shadow_style,%91object Object%93&#8243; header_text_shadow_vertical_length_tablet=&#8221;0px&#8221; header_text_shadow_blur_strength=&#8221;header_text_shadow_style,%91object Object%93&#8243; header_text_shadow_blur_strength_tablet=&#8221;1px&#8221; header_2_text_shadow_horizontal_length=&#8221;header_2_text_shadow_style,%91object Object%93&#8243; header_2_text_shadow_horizontal_length_tablet=&#8221;0px&#8221; header_2_text_shadow_vertical_length=&#8221;header_2_text_shadow_style,%91object Object%93&#8243; header_2_text_shadow_vertical_length_tablet=&#8221;0px&#8221; header_2_text_shadow_blur_strength=&#8221;header_2_text_shadow_style,%91object Object%93&#8243; header_2_text_shadow_blur_strength_tablet=&#8221;1px&#8221; header_3_text_shadow_horizontal_length=&#8221;header_3_text_shadow_style,%91object Object%93&#8243; header_3_text_shadow_horizontal_length_tablet=&#8221;0px&#8221; header_3_text_shadow_vertical_length=&#8221;header_3_text_shadow_style,%91object Object%93&#8243; header_3_text_shadow_vertical_length_tablet=&#8221;0px&#8221; header_3_text_shadow_blur_strength=&#8221;header_3_text_shadow_style,%91object Object%93&#8243; header_3_text_shadow_blur_strength_tablet=&#8221;1px&#8221; header_4_text_shadow_horizontal_length=&#8221;header_4_text_shadow_style,%91object Object%93&#8243; header_4_text_shadow_horizontal_length_tablet=&#8221;0px&#8221; header_4_text_shadow_vertical_length=&#8221;header_4_text_shadow_style,%91object Object%93&#8243; header_4_text_shadow_vertical_length_tablet=&#8221;0px&#8221; header_4_text_shadow_blur_strength=&#8221;header_4_text_shadow_style,%91object Object%93&#8243; header_4_text_shadow_blur_strength_tablet=&#8221;1px&#8221; header_5_text_shadow_horizontal_length=&#8221;header_5_text_shadow_style,%91object Object%93&#8243; header_5_text_shadow_horizontal_length_tablet=&#8221;0px&#8221; header_5_text_shadow_vertical_length=&#8221;header_5_text_shadow_style,%91object Object%93&#8243; header_5_text_shadow_vertical_length_tablet=&#8221;0px&#8221; header_5_text_shadow_blur_strength=&#8221;header_5_text_shadow_style,%91object Object%93&#8243; header_5_text_shadow_blur_strength_tablet=&#8221;1px&#8221; header_6_text_shadow_horizontal_length=&#8221;header_6_text_shadow_style,%91object Object%93&#8243; header_6_text_shadow_horizontal_length_tablet=&#8221;0px&#8221; header_6_text_shadow_vertical_length=&#8221;header_6_text_shadow_style,%91object Object%93&#8243; header_6_text_shadow_vertical_length_tablet=&#8221;0px&#8221; header_6_text_shadow_blur_strength=&#8221;header_6_text_shadow_style,%91object Object%93&#8243; header_6_text_shadow_blur_strength_tablet=&#8221;1px&#8221; box_shadow_horizontal_tablet=&#8221;0px&#8221; box_shadow_vertical_tablet=&#8221;0px&#8221; box_shadow_blur_tablet=&#8221;40px&#8221; box_shadow_spread_tablet=&#8221;0px&#8221; z_index_tablet=&#8221;500&#8243;]<\/p>\n<h4>Si\u0119gaj dalej. Odpowiadaj szybciej.<\/h4>\n<p>Dzi\u0119ki wzmocnionemu zasi\u0119gowi i wyd\u0142u\u017conemu czasowi pracy baterii pager dwukierunkowy ADVISOR TPG2200 TETRA umo\u017cliwia wezwanie stra\u017cy po\u017carnej, pogotowia ratunkowego, pracownik\u00f3w medycznych, terenwoych s\u0142u\u017cb technicznych wtedy, kiedy s\u0105 oni najbardziej potrzebni. Co to oznacza w praktyce? Po\u017cary zostaj\u0105 szybciej ugaszone. Spo\u0142ecze\u0144stwo jest bezpieczne. Ludzie otrzymuj\u0105 piln\u0105 pomoc, kt\u00f3rej potrzebuj\u0105. Dostawy energii s\u0105 niezagro\u017cone a w przypadku awarii przywracane w jak najkr\u00f3tszym czasie.<\/p>\n<p>W tych krytycznych momentach liczy si\u0119 ka\u017cda sekunda. To w\u0142a\u015bnie dlatego urz\u0105dzenia TPG2200 s\u0105 tak proste w obs\u0142udze, nawet gdy ma si\u0119 do dyspozycji tylko jedn\u0105 r\u0119k\u0119. Szybko odczytuj i odpowiadaj na wiadomo\u015bci, dzi\u0119ki jasnemu, 2-calowemu wy\u015bwietlaczowi kolorowemu i znanemu interfejsowi u\u017cytkownika. No\u015b go ze sob\u0105 wsz\u0119dzie. Dzi\u0119ki lekkiej i kompaktowej konstrukcji pager nie b\u0119dzie Ci w niczym przeszkadza\u0107. Poniewa\u017c urz\u0105dzeniom TPG2200 przyznano klas\u0119 ochrony przed py\u0142em i wod\u0105 IP54, mo\u017cesz mie\u0107 pewno\u015b\u0107, \u017ce b\u0119dzie dzia\u0142a\u0107, nawet je\u015bli zostanie nara\u017cony na dzia\u0142anie tych czynnik\u00f3w.<\/p>\n<p>Jako wiod\u0105cy na rynku dostawca radiotelefon\u00f3w TETRA, firma Motorola Solutions to partner, na kt\u00f3rym mo\u017cesz polega\u0107.<\/p>\n<p>[\/et_pb_text][et_pb_button _builder_version=&#8221;3.29.1&#8243; button_text=&#8221;Dane Techniczne&#8221; button_alignment=&#8221;left&#8221; background_layout=&#8221;dark&#8221; custom_button=&#8221;on&#8221; button_text_color=&#8221;#ffffff&#8221; button_bg_color=&#8221;#006acd&#8221; button_url=&#8221;\/wp-content\/uploads\/sites\/14\/2019\/12\/tpg2200_tetra_pager_data_sheet_pl.pdf&#8221; url_new_window=&#8221;on&#8221; disabled=&#8221;off&#8221; disabled_on=&#8221;off|off|off&#8221; button_text_shadow_horizontal_length=&#8221;button_text_shadow_style,%91object Object%93&#8243; button_text_shadow_horizontal_length_tablet=&#8221;0px&#8221; button_text_shadow_vertical_length=&#8221;button_text_shadow_style,%91object Object%93&#8243; button_text_shadow_vertical_length_tablet=&#8221;0px&#8221; button_text_shadow_blur_strength=&#8221;button_text_shadow_style,%91object Object%93&#8243; button_text_shadow_blur_strength_tablet=&#8221;1px&#8221; box_shadow_horizontal_tablet=&#8221;0px&#8221; box_shadow_vertical_tablet=&#8221;0px&#8221; box_shadow_blur_tablet=&#8221;40px&#8221; box_shadow_spread_tablet=&#8221;0px&#8221; z_index_tablet=&#8221;500&#8243; \/][\/et_pb_column][\/et_pb_row][\/et_pb_section]<\/p>\n","protected":false},"excerpt":{"rendered":"<p>PAGER DWUKIERUNKOWY TETRA ADVISOR TPG2200 Si\u0119gaj dalej. Odpowiadaj szybciej. Dzi\u0119ki wzmocnionemu zasi\u0119gowi i wyd\u0142u\u017conemu czasowi pracy baterii pager dwukierunkowy ADVISOR TPG2200 TETRA umo\u017cliwia wezwanie stra\u017cy po\u017carnej, pogotowia ratunkowego, pracownik\u00f3w medycznych, terenwoych s\u0142u\u017cb technicznych wtedy, kiedy s\u0105 oni najbardziej potrzebni. Co to oznacza w praktyce? Po\u017cary zostaj\u0105 szybciej ugaszone. Spo\u0142ecze\u0144stwo jest bezpieczne. Ludzie otrzymuj\u0105 piln\u0105 pomoc, [&hellip;]<\/p>\n","protected":false},"author":2,"featured_media":0,"parent":0,"menu_order":250,"comment_status":"closed","ping_status":"closed","template":"page-template-blank.php","meta":{"_acf_changed":false,"_et_pb_use_builder":"on","_et_pb_old_content":"","_et_gb_content_width":"","footnotes":""},"class_list":["post-1171","page","type-page","status-publish","hentry"],"acf":[],"yoast_head":"<!-- This site is optimized with the Yoast SEO plugin v26.9 - https:\/\/yoast.com\/product\/yoast-seo-wordpress\/ -->\n<title>PAGER DWUKIERUNKOWY TETRA ADVISOR TPG2200 - Motorola Content Syndication<\/title>\n<meta name=\"robots\" content=\"index, follow, max-snippet:-1, max-image-preview:large, max-video-preview:-1\" \/>\n<link rel=\"canonical\" href=\"https:\/\/motocs.indzine.net\/pl\/dwukierunkowy-pager-advisor-tpg2200-tetra\/\" \/>\n<meta property=\"og:locale\" content=\"pl_PL\" \/>\n<meta property=\"og:type\" content=\"article\" \/>\n<meta property=\"og:title\" content=\"PAGER DWUKIERUNKOWY TETRA ADVISOR TPG2200 - Motorola Content Syndication\" \/>\n<meta property=\"og:description\" content=\"PAGER DWUKIERUNKOWY TETRA ADVISOR TPG2200 Si\u0119gaj dalej. Odpowiadaj szybciej. Dzi\u0119ki wzmocnionemu zasi\u0119gowi i wyd\u0142u\u017conemu czasowi pracy baterii pager dwukierunkowy ADVISOR TPG2200 TETRA umo\u017cliwia wezwanie stra\u017cy po\u017carnej, pogotowia ratunkowego, pracownik\u00f3w medycznych, terenwoych s\u0142u\u017cb technicznych wtedy, kiedy s\u0105 oni najbardziej potrzebni. Co to oznacza w praktyce? Po\u017cary zostaj\u0105 szybciej ugaszone. Spo\u0142ecze\u0144stwo jest bezpieczne. Ludzie otrzymuj\u0105 piln\u0105 pomoc, [&hellip;]\" \/>\n<meta property=\"og:url\" content=\"https:\/\/motocs.indzine.net\/pl\/dwukierunkowy-pager-advisor-tpg2200-tetra\/\" \/>\n<meta property=\"og:site_name\" content=\"Motorola Content Syndication\" \/>\n<meta property=\"article:modified_time\" content=\"2019-12-16T10:32:36+00:00\" \/>\n<meta name=\"twitter:card\" content=\"summary_large_image\" \/>\n<meta name=\"twitter:label1\" content=\"Szacowany czas czytania\" \/>\n\t<meta name=\"twitter:data1\" content=\"9 minut\" \/>\n<script type=\"application\/ld+json\" class=\"yoast-schema-graph\">{\"@context\":\"https:\/\/schema.org\",\"@graph\":[{\"@type\":\"WebPage\",\"@id\":\"https:\/\/motocs.indzine.net\/pl\/dwukierunkowy-pager-advisor-tpg2200-tetra\/\",\"url\":\"https:\/\/motocs.indzine.net\/pl\/dwukierunkowy-pager-advisor-tpg2200-tetra\/\",\"name\":\"PAGER DWUKIERUNKOWY TETRA ADVISOR TPG2200 - Motorola Content Syndication\",\"isPartOf\":{\"@id\":\"https:\/\/motocs.indzine.net\/pl\/#website\"},\"datePublished\":\"2019-12-03T12:48:29+00:00\",\"dateModified\":\"2019-12-16T10:32:36+00:00\",\"breadcrumb\":{\"@id\":\"https:\/\/motocs.indzine.net\/pl\/dwukierunkowy-pager-advisor-tpg2200-tetra\/#breadcrumb\"},\"inLanguage\":\"pl-PL\",\"potentialAction\":[{\"@type\":\"ReadAction\",\"target\":[\"https:\/\/motocs.indzine.net\/pl\/dwukierunkowy-pager-advisor-tpg2200-tetra\/\"]}]},{\"@type\":\"BreadcrumbList\",\"@id\":\"https:\/\/motocs.indzine.net\/pl\/dwukierunkowy-pager-advisor-tpg2200-tetra\/#breadcrumb\",\"itemListElement\":[{\"@type\":\"ListItem\",\"position\":1,\"name\":\"Home\",\"item\":\"https:\/\/motocs.indzine.net\/pl\/\"},{\"@type\":\"ListItem\",\"position\":2,\"name\":\"PAGER DWUKIERUNKOWY TETRA ADVISOR TPG2200\"}]},{\"@type\":\"WebSite\",\"@id\":\"https:\/\/motocs.indzine.net\/pl\/#website\",\"url\":\"https:\/\/motocs.indzine.net\/pl\/\",\"name\":\"Motorola Content Syndication\",\"description\":\"Motorola Website Starters site\",\"potentialAction\":[{\"@type\":\"SearchAction\",\"target\":{\"@type\":\"EntryPoint\",\"urlTemplate\":\"https:\/\/motocs.indzine.net\/pl\/?s={search_term_string}\"},\"query-input\":{\"@type\":\"PropertyValueSpecification\",\"valueRequired\":true,\"valueName\":\"search_term_string\"}}],\"inLanguage\":\"pl-PL\"}]}<\/script>\n<!-- \/ Yoast SEO plugin. -->","yoast_head_json":{"title":"PAGER DWUKIERUNKOWY TETRA ADVISOR TPG2200 - Motorola Content Syndication","robots":{"index":"index","follow":"follow","max-snippet":"max-snippet:-1","max-image-preview":"max-image-preview:large","max-video-preview":"max-video-preview:-1"},"canonical":"https:\/\/motocs.indzine.net\/pl\/dwukierunkowy-pager-advisor-tpg2200-tetra\/","og_locale":"pl_PL","og_type":"article","og_title":"PAGER DWUKIERUNKOWY TETRA ADVISOR TPG2200 - Motorola Content Syndication","og_description":"PAGER DWUKIERUNKOWY TETRA ADVISOR TPG2200 Si\u0119gaj dalej. Odpowiadaj szybciej. Dzi\u0119ki wzmocnionemu zasi\u0119gowi i wyd\u0142u\u017conemu czasowi pracy baterii pager dwukierunkowy ADVISOR TPG2200 TETRA umo\u017cliwia wezwanie stra\u017cy po\u017carnej, pogotowia ratunkowego, pracownik\u00f3w medycznych, terenwoych s\u0142u\u017cb technicznych wtedy, kiedy s\u0105 oni najbardziej potrzebni. Co to oznacza w praktyce? Po\u017cary zostaj\u0105 szybciej ugaszone. Spo\u0142ecze\u0144stwo jest bezpieczne. Ludzie otrzymuj\u0105 piln\u0105 pomoc, [&hellip;]","og_url":"https:\/\/motocs.indzine.net\/pl\/dwukierunkowy-pager-advisor-tpg2200-tetra\/","og_site_name":"Motorola Content Syndication","article_modified_time":"2019-12-16T10:32:36+00:00","twitter_card":"summary_large_image","twitter_misc":{"Szacowany czas czytania":"9 minut"},"schema":{"@context":"https:\/\/schema.org","@graph":[{"@type":"WebPage","@id":"https:\/\/motocs.indzine.net\/pl\/dwukierunkowy-pager-advisor-tpg2200-tetra\/","url":"https:\/\/motocs.indzine.net\/pl\/dwukierunkowy-pager-advisor-tpg2200-tetra\/","name":"PAGER DWUKIERUNKOWY TETRA ADVISOR TPG2200 - Motorola Content Syndication","isPartOf":{"@id":"https:\/\/motocs.indzine.net\/pl\/#website"},"datePublished":"2019-12-03T12:48:29+00:00","dateModified":"2019-12-16T10:32:36+00:00","breadcrumb":{"@id":"https:\/\/motocs.indzine.net\/pl\/dwukierunkowy-pager-advisor-tpg2200-tetra\/#breadcrumb"},"inLanguage":"pl-PL","potentialAction":[{"@type":"ReadAction","target":["https:\/\/motocs.indzine.net\/pl\/dwukierunkowy-pager-advisor-tpg2200-tetra\/"]}]},{"@type":"BreadcrumbList","@id":"https:\/\/motocs.indzine.net\/pl\/dwukierunkowy-pager-advisor-tpg2200-tetra\/#breadcrumb","itemListElement":[{"@type":"ListItem","position":1,"name":"Home","item":"https:\/\/motocs.indzine.net\/pl\/"},{"@type":"ListItem","position":2,"name":"PAGER DWUKIERUNKOWY TETRA ADVISOR TPG2200"}]},{"@type":"WebSite","@id":"https:\/\/motocs.indzine.net\/pl\/#website","url":"https:\/\/motocs.indzine.net\/pl\/","name":"Motorola Content Syndication","description":"Motorola Website Starters site","potentialAction":[{"@type":"SearchAction","target":{"@type":"EntryPoint","urlTemplate":"https:\/\/motocs.indzine.net\/pl\/?s={search_term_string}"},"query-input":{"@type":"PropertyValueSpecification","valueRequired":true,"valueName":"search_term_string"}}],"inLanguage":"pl-PL"}]}},"_links":{"self":[{"href":"https:\/\/motocs.indzine.net\/pl\/wp-json\/wp\/v2\/pages\/1171","targetHints":{"allow":["GET"]}}],"collection":[{"href":"https:\/\/motocs.indzine.net\/pl\/wp-json\/wp\/v2\/pages"}],"about":[{"href":"https:\/\/motocs.indzine.net\/pl\/wp-json\/wp\/v2\/types\/page"}],"author":[{"embeddable":true,"href":"https:\/\/motocs.indzine.net\/pl\/wp-json\/wp\/v2\/users\/2"}],"replies":[{"embeddable":true,"href":"https:\/\/motocs.indzine.net\/pl\/wp-json\/wp\/v2\/comments?post=1171"}],"version-history":[{"count":0,"href":"https:\/\/motocs.indzine.net\/pl\/wp-json\/wp\/v2\/pages\/1171\/revisions"}],"wp:attachment":[{"href":"https:\/\/motocs.indzine.net\/pl\/wp-json\/wp\/v2\/media?parent=1171"}],"curies":[{"name":"wp","href":"https:\/\/api.w.org\/{rel}","templated":true}]}}