{"id":2422,"date":"2020-11-27T13:22:27","date_gmt":"2020-11-27T13:22:27","guid":{"rendered":"https:\/\/motocs.indzine.net\/new-feed-test\/"},"modified":"2020-12-01T15:10:42","modified_gmt":"2020-12-01T15:10:42","slug":"new-feed-test","status":"publish","type":"page","link":"https:\/\/motocs.indzine.net\/pl\/new-feed-test\/","title":{"rendered":"New Feed Test"},"content":{"rendered":"<p>[et_pb_section fb_built=&#8221;1&#8243; _builder_version=&#8221;4.7.4&#8243; _module_preset=&#8221;default&#8221;][et_pb_row _builder_version=&#8221;4.7.4&#8243; _module_preset=&#8221;default&#8221;][et_pb_column _builder_version=&#8221;4.7.4&#8243; _module_preset=&#8221;default&#8221; type=&#8221;4_4&#8243;][et_pb_text _builder_version=&#8221;4.7.4&#8243; _module_preset=&#8221;default&#8221; hover_enabled=&#8221;0&#8243; sticky_enabled=&#8221;0&#8243;]<div class=\"product-feed\"><div class=\"category\"><h2>Radiotelefony DMR (wymagaj\u0105ce pozwolenia)<\/h2><div class=\"subcategory\"><h3>Systemy MOTOTRBO<\/h3><p><a href=\"https:\/\/motocs.indzine.net\/pl\/product\/mototrbo-capacity-plus\/\">Capacity Plus<\/a><\/p><p><a href=\"https:\/\/motocs.indzine.net\/pl\/product\/mototrbo-ip-site-connect\/\">IP Site Connect<\/a><\/p><p><a href=\"https:\/\/motocs.indzine.net\/pl\/product\/mototrbo-capacity-max\/\">Capacity Max<\/a><\/p><\/div><div class=\"subcategory\"><h3>Radiotelefony przeno\u015bne MOTOTRBO<\/h3><p><a href=\"https:\/\/motocs.indzine.net\/pl\/product\/mototrbo-r7-digital-portable-two-way-radio\/\">Cyfrowy radiotelefon przeno\u015bny MOTOTRBO\u2122 R7<\/a><\/p><p><a href=\"https:\/\/motocs.indzine.net\/pl\/product\/mototrbo-ion-smart-radio-ion\/\">Inteligentny Radiotelefon MOTOTRBO\u2122 Ion<\/a><\/p><p><a href=\"https:\/\/motocs.indzine.net\/pl\/product\/mototrbo-r5-digital-portable-two-way-radio\/\">Przeno\u015bny radiotelefon MOTOTRBO R5<\/a><\/p><p><a href=\"https:\/\/motocs.indzine.net\/pl\/product\/mototrbo-r2\/\">Przeno\u015bny radiotelefon MOTOTRBO R2<\/a><\/p><p><a href=\"https:\/\/motocs.indzine.net\/pl\/product\/mototrbo-dp3000e-series-compact-portable-two-way-radio\/\">Seria DP3000e<\/a><\/p><p><a href=\"https:\/\/motocs.indzine.net\/pl\/product\/mototrbo-dp4000-ex-digital-radios-series\/\">Seria DP4000 EX<\/a><\/p><p><a href=\"https:\/\/motocs.indzine.net\/pl\/product\/mototrbo-sl2600-two-way-portable-radio\/\">Radiotelefon przeno\u015bny SL2600<\/a><\/p><p><a href=\"https:\/\/motocs.indzine.net\/pl\/product\/mototrbo-dp2000e-digital-two-way-radios-series\/\">Seria DP2000e<\/a><\/p><p><a href=\"https:\/\/motocs.indzine.net\/pl\/product\/le-portatif-sl1600-mototrbo\/\">Radiotelefon przeno\u015bny SL1600<\/a><\/p><\/div><div class=\"subcategory\"><h3>Radiotelefony przewo\u017ane MOTOTRBO<\/h3><p><a href=\"https:\/\/motocs.indzine.net\/pl\/product\/mototrbo-dm4000e-digital-mobile-two-way-radio\/\">Seria DM4000e<\/a><\/p><p><a href=\"https:\/\/motocs.indzine.net\/pl\/product\/mototrbo-dm2000-digital-mobile-radios-series\/\">Seria DM2000<\/a><\/p><p><a href=\"https:\/\/motocs.indzine.net\/pl\/product\/mototrbo-dm1000-digital-mobile-radios-series\/\">Seria DM1000<\/a><\/p><\/div><div class=\"subcategory\"><h3>Przemienniki MOTOTRBO<\/h3><p><a href=\"https:\/\/motocs.indzine.net\/pl\/product\/mototrbo-slr-8000-repeater\/\">Przemiennik SLR 8000<\/a><\/p><p><a href=\"https:\/\/motocs.indzine.net\/pl\/product\/mototrbo-slr-5500-repeater\/\">Przemiennik SLR 5500<\/a><\/p><p><a href=\"https:\/\/motocs.indzine.net\/pl\/product\/mototrbo-slr-1000-repeater\/\">Przemiennik SLR 1000<\/a><\/p><\/div><\/div><div class=\"category\"><h2>Radiotelefony TETRA (wymagaj\u0105ce pozwolenia)<\/h2><div class=\"subcategory\"><h3>Infrastruktura TETRA DIMETRA<\/h3><p><a href=\"https:\/\/motocs.indzine.net\/pl\/product\/dimetra-express-tetra-system\/\">DIMETRA Express<\/a><\/p><\/div><div class=\"subcategory\"><h3>Radiotelefony przeno\u015bne i pagery TETRA<\/h3><p><a href=\"https:\/\/motocs.indzine.net\/pl\/product\/mxp660-multi-bearer-portable-tetra-radio\/\">Przeno\u015bny radiotelefon TETRA MXP660<\/a><\/p><p><a href=\"https:\/\/motocs.indzine.net\/pl\/product\/mxp600-mission-critical-tetra-radio\/\">Radiotelefon przeno\u015bny TETRA MXP600 do \u0142\u0105czno\u015bci krytycznej<\/a><\/p><p><a href=\"https:\/\/motocs.indzine.net\/pl\/product\/mtp8500ex-tetra-portable-radio\/\">Radiotelefon TETRA ATEX MTP8500Ex<\/a><\/p><p><a href=\"https:\/\/motocs.indzine.net\/pl\/product\/mtp8550ex-tetra-portable-radio\/\">Radiotelefon TETRA ATEX MTP8550Ex<\/a><\/p><p><a href=\"https:\/\/motocs.indzine.net\/pl\/product\/mtp3500-tetra-portable-radio\/\">Radiotelefon przeno\u015bny TETRA MTP3500<\/a><\/p><p><a href=\"https:\/\/motocs.indzine.net\/pl\/product\/mtp3550-tetra-portable-radio\/\">Radiotelefon przeno\u015bny TETRA MTP3550<\/a><\/p><p><a href=\"https:\/\/motocs.indzine.net\/pl\/product\/advisor-tpg2200-tetra-two-way-pager\/\">Pager dwukierunkowy TETRA Advisor TPG2200<\/a><\/p><\/div><\/div><div class=\"category\"><h2>Radiotelefony biznesowe (bez pozwolenia)<\/h2><div class=\"subcategory\"><p><a href=\"https:\/\/motocs.indzine.net\/product\/clr446-unlicensed-two-way-radio\/\">CLR446 Unlicensed Two-Way Radio<\/a><\/p><p><a href=\"https:\/\/motocs.indzine.net\/pl\/product\/niewymagajace-zezwolen-radiotelefony-xt185-dla-uzytkownikow-biznesowych\/\">Niewymagaj\u0105ce zezwole\u0144 radiotelefony XT185 dla u\u017cytkownik\u00f3w biznesowych<\/a><\/p><p><a href=\"https:\/\/motocs.indzine.net\/pl\/product\/clp446-unlicensed-business-two-way-radio\/\">CLP446e - Radiotelefon Biznesowy Bez Pozwole\u0144<\/a><\/p><p><a href=\"https:\/\/motocs.indzine.net\/pl\/product\/xt400-series-business-two-way-radio\/\">Biznesowe Radiotelefony Przeno\u015bne Serii XT400<\/a><\/p><\/div><\/div><div class=\"category\"><h2>Radiotelefony konsumenckie (kr\u00f3tkofal\u00f3wki)<\/h2><div class=\"subcategory\"><h3>TALKABOUT<\/h3><p><a href=\"https:\/\/motocs.indzine.net\/pl\/product\/talkabout-t92-h2o-extreme-walkie-talkies\/\">Radiotelefony TALKABOUT T92 H2O<\/a><\/p><p><a href=\"https:\/\/motocs.indzine.net\/pl\/product\/radiotelefon-talkabout-t72\/\">Radiotelefon TALKABOUT T72<\/a><\/p><p><a href=\"https:\/\/motocs.indzine.net\/pl\/product\/talkabout-t82-walkie-talkies\/\">Radiotelefony TALKABOUT T82<\/a><\/p><p><a href=\"https:\/\/motocs.indzine.net\/pl\/product\/talkabout-t82-extreme-walkie-talkies\/\">Radiotelefony TALKABOUT T82 Extreme<\/a><\/p><p><a href=\"https:\/\/motocs.indzine.net\/pl\/product\/talkabout-t62-walkie-talkies\/\">Radiotelefony TALKABOUT T62<\/a><\/p><p><a href=\"https:\/\/motocs.indzine.net\/pl\/product\/talkabout-t42-walkie-talkies\/\">Radiotelefony TALKABOUT T42<\/a><\/p><\/div><\/div><div class=\"category\"><h2>Urz\u0105dzenia LTE<\/h2><div class=\"subcategory\"><p><a href=\"https:\/\/motocs.indzine.net\/pl\/product\/lex-l11-mission-critical-lte-device\/\">LEX L11 \u2013 Urz\u0105dzenie LTE Do \u0141\u0105czno\u015bci Krytycznej<\/a><\/p><\/div><\/div><div class=\"category\"><h2>Rozwi\u0105zanie Broadband Push-To-Talk<\/h2><div class=\"subcategory\"><p><a href=\"https:\/\/motocs.indzine.net\/pl\/product\/wave-ptx-radio-and-wireless-service\/\">Radiotelefon i bezprzewodowa us\u0142uga WAVE PTX<\/a><\/p><\/div><\/div><\/div>[\/et_pb_text][\/et_pb_column][\/et_pb_row][\/et_pb_section]<\/p>\n","protected":false},"excerpt":{"rendered":"<div class=\"product-feed\"><div class=\"category\"><h2>Radiotelefony DMR (wymagaj\u0105ce pozwolenia)<\/h2><div class=\"subcategory\"><h3>Systemy MOTOTRBO<\/h3><p><a href=\"https:\/\/motocs.indzine.net\/pl\/product\/mototrbo-capacity-plus\/\">Capacity Plus<\/a><\/p><p><a href=\"https:\/\/motocs.indzine.net\/pl\/product\/mototrbo-ip-site-connect\/\">IP Site Connect<\/a><\/p><p><a href=\"https:\/\/motocs.indzine.net\/pl\/product\/mototrbo-capacity-max\/\">Capacity Max<\/a><\/p><\/div><div class=\"subcategory\"><h3>Radiotelefony przeno\u015bne MOTOTRBO<\/h3><p><a href=\"https:\/\/motocs.indzine.net\/pl\/product\/mototrbo-r7-digital-portable-two-way-radio\/\">Cyfrowy radiotelefon przeno\u015bny MOTOTRBO\u2122 R7<\/a><\/p><p><a href=\"https:\/\/motocs.indzine.net\/pl\/product\/mototrbo-ion-smart-radio-ion\/\">Inteligentny Radiotelefon MOTOTRBO\u2122 Ion<\/a><\/p><p><a href=\"https:\/\/motocs.indzine.net\/pl\/product\/mototrbo-r5-digital-portable-two-way-radio\/\">Przeno\u015bny radiotelefon MOTOTRBO R5<\/a><\/p><p><a href=\"https:\/\/motocs.indzine.net\/pl\/product\/mototrbo-r2\/\">Przeno\u015bny radiotelefon MOTOTRBO R2<\/a><\/p><p><a href=\"https:\/\/motocs.indzine.net\/pl\/product\/mototrbo-dp3000e-series-compact-portable-two-way-radio\/\">Seria DP3000e<\/a><\/p><p><a href=\"https:\/\/motocs.indzine.net\/pl\/product\/mototrbo-dp4000-ex-digital-radios-series\/\">Seria DP4000 EX<\/a><\/p><p><a href=\"https:\/\/motocs.indzine.net\/pl\/product\/mototrbo-sl2600-two-way-portable-radio\/\">Radiotelefon przeno\u015bny SL2600<\/a><\/p><p><a href=\"https:\/\/motocs.indzine.net\/pl\/product\/mototrbo-dp2000e-digital-two-way-radios-series\/\">Seria DP2000e<\/a><\/p><p><a href=\"https:\/\/motocs.indzine.net\/pl\/product\/le-portatif-sl1600-mototrbo\/\">Radiotelefon przeno\u015bny SL1600<\/a><\/p><\/div><div class=\"subcategory\"><h3>Radiotelefony przewo\u017ane MOTOTRBO<\/h3><p><a href=\"https:\/\/motocs.indzine.net\/pl\/product\/mototrbo-dm4000e-digital-mobile-two-way-radio\/\">Seria DM4000e<\/a><\/p><p><a href=\"https:\/\/motocs.indzine.net\/pl\/product\/mototrbo-dm2000-digital-mobile-radios-series\/\">Seria DM2000<\/a><\/p><p><a href=\"https:\/\/motocs.indzine.net\/pl\/product\/mototrbo-dm1000-digital-mobile-radios-series\/\">Seria DM1000<\/a><\/p><\/div><div class=\"subcategory\"><h3>Przemienniki MOTOTRBO<\/h3><p><a href=\"https:\/\/motocs.indzine.net\/pl\/product\/mototrbo-slr-8000-repeater\/\">Przemiennik SLR 8000<\/a><\/p><p><a href=\"https:\/\/motocs.indzine.net\/pl\/product\/mototrbo-slr-5500-repeater\/\">Przemiennik SLR 5500<\/a><\/p><p><a href=\"https:\/\/motocs.indzine.net\/pl\/product\/mototrbo-slr-1000-repeater\/\">Przemiennik SLR 1000<\/a><\/p><\/div><\/div><div class=\"category\"><h2>Radiotelefony TETRA (wymagaj\u0105ce pozwolenia)<\/h2><div class=\"subcategory\"><h3>Infrastruktura TETRA DIMETRA<\/h3><p><a href=\"https:\/\/motocs.indzine.net\/pl\/product\/dimetra-express-tetra-system\/\">DIMETRA Express<\/a><\/p><\/div><div class=\"subcategory\"><h3>Radiotelefony przeno\u015bne i pagery TETRA<\/h3><p><a href=\"https:\/\/motocs.indzine.net\/pl\/product\/mxp660-multi-bearer-portable-tetra-radio\/\">Przeno\u015bny radiotelefon TETRA MXP660<\/a><\/p><p><a href=\"https:\/\/motocs.indzine.net\/pl\/product\/mxp600-mission-critical-tetra-radio\/\">Radiotelefon przeno\u015bny TETRA MXP600 do \u0142\u0105czno\u015bci krytycznej<\/a><\/p><p><a href=\"https:\/\/motocs.indzine.net\/pl\/product\/mtp8500ex-tetra-portable-radio\/\">Radiotelefon TETRA ATEX MTP8500Ex<\/a><\/p><p><a href=\"https:\/\/motocs.indzine.net\/pl\/product\/mtp8550ex-tetra-portable-radio\/\">Radiotelefon TETRA ATEX MTP8550Ex<\/a><\/p><p><a href=\"https:\/\/motocs.indzine.net\/pl\/product\/mtp3500-tetra-portable-radio\/\">Radiotelefon przeno\u015bny TETRA MTP3500<\/a><\/p><p><a href=\"https:\/\/motocs.indzine.net\/pl\/product\/mtp3550-tetra-portable-radio\/\">Radiotelefon przeno\u015bny TETRA MTP3550<\/a><\/p><p><a href=\"https:\/\/motocs.indzine.net\/pl\/product\/advisor-tpg2200-tetra-two-way-pager\/\">Pager dwukierunkowy TETRA Advisor TPG2200<\/a><\/p><\/div><\/div><div class=\"category\"><h2>Radiotelefony biznesowe (bez pozwolenia)<\/h2><div class=\"subcategory\"><p><a href=\"https:\/\/motocs.indzine.net\/product\/clr446-unlicensed-two-way-radio\/\">CLR446 Unlicensed Two-Way Radio<\/a><\/p><p><a href=\"https:\/\/motocs.indzine.net\/pl\/product\/niewymagajace-zezwolen-radiotelefony-xt185-dla-uzytkownikow-biznesowych\/\">Niewymagaj\u0105ce zezwole\u0144 radiotelefony XT185 dla u\u017cytkownik\u00f3w biznesowych<\/a><\/p><p><a href=\"https:\/\/motocs.indzine.net\/pl\/product\/clp446-unlicensed-business-two-way-radio\/\">CLP446e - Radiotelefon Biznesowy Bez Pozwole\u0144<\/a><\/p><p><a href=\"https:\/\/motocs.indzine.net\/pl\/product\/xt400-series-business-two-way-radio\/\">Biznesowe Radiotelefony Przeno\u015bne Serii XT400<\/a><\/p><\/div><\/div><div class=\"category\"><h2>Radiotelefony konsumenckie (kr\u00f3tkofal\u00f3wki)<\/h2><div class=\"subcategory\"><h3>TALKABOUT<\/h3><p><a href=\"https:\/\/motocs.indzine.net\/pl\/product\/talkabout-t92-h2o-extreme-walkie-talkies\/\">Radiotelefony TALKABOUT T92 H2O<\/a><\/p><p><a href=\"https:\/\/motocs.indzine.net\/pl\/product\/radiotelefon-talkabout-t72\/\">Radiotelefon TALKABOUT T72<\/a><\/p><p><a href=\"https:\/\/motocs.indzine.net\/pl\/product\/talkabout-t82-walkie-talkies\/\">Radiotelefony TALKABOUT T82<\/a><\/p><p><a href=\"https:\/\/motocs.indzine.net\/pl\/product\/talkabout-t82-extreme-walkie-talkies\/\">Radiotelefony TALKABOUT T82 Extreme<\/a><\/p><p><a href=\"https:\/\/motocs.indzine.net\/pl\/product\/talkabout-t62-walkie-talkies\/\">Radiotelefony TALKABOUT T62<\/a><\/p><p><a href=\"https:\/\/motocs.indzine.net\/pl\/product\/talkabout-t42-walkie-talkies\/\">Radiotelefony TALKABOUT T42<\/a><\/p><\/div><\/div><div class=\"category\"><h2>Urz\u0105dzenia LTE<\/h2><div class=\"subcategory\"><p><a href=\"https:\/\/motocs.indzine.net\/pl\/product\/lex-l11-mission-critical-lte-device\/\">LEX L11 \u2013 Urz\u0105dzenie LTE Do \u0141\u0105czno\u015bci Krytycznej<\/a><\/p><\/div><\/div><div class=\"category\"><h2>Rozwi\u0105zanie Broadband Push-To-Talk<\/h2><div class=\"subcategory\"><p><a href=\"https:\/\/motocs.indzine.net\/pl\/product\/wave-ptx-radio-and-wireless-service\/\">Radiotelefon i bezprzewodowa us\u0142uga WAVE PTX<\/a><\/p><\/div><\/div><\/div>\n","protected":false},"author":2,"featured_media":0,"parent":0,"menu_order":0,"comment_status":"closed","ping_status":"closed","template":"","meta":{"_acf_changed":false,"_et_pb_use_builder":"on","_et_pb_old_content":"","_et_gb_content_width":"","footnotes":""},"class_list":["post-2422","page","type-page","status-publish","hentry"],"acf":[],"yoast_head":"<!-- This site is optimized with the Yoast SEO plugin v26.9 - https:\/\/yoast.com\/product\/yoast-seo-wordpress\/ -->\n<title>New Feed Test - Motorola Content Syndication<\/title>\n<meta name=\"robots\" content=\"index, follow, max-snippet:-1, max-image-preview:large, max-video-preview:-1\" \/>\n<link rel=\"canonical\" href=\"https:\/\/motocs.indzine.net\/pl\/new-feed-test\/\" \/>\n<meta property=\"og:locale\" content=\"pl_PL\" \/>\n<meta property=\"og:type\" content=\"article\" \/>\n<meta property=\"og:title\" content=\"New Feed Test - Motorola Content Syndication\" \/>\n<meta property=\"og:url\" content=\"https:\/\/motocs.indzine.net\/pl\/new-feed-test\/\" \/>\n<meta property=\"og:site_name\" content=\"Motorola Content Syndication\" \/>\n<meta property=\"article:modified_time\" content=\"2020-12-01T15:10:42+00:00\" \/>\n<meta name=\"twitter:card\" content=\"summary_large_image\" \/>\n<meta name=\"twitter:description\" content=\"[productfeed]\" \/>\n<script type=\"application\/ld+json\" class=\"yoast-schema-graph\">{\"@context\":\"https:\/\/schema.org\",\"@graph\":[{\"@type\":\"WebPage\",\"@id\":\"https:\/\/motocs.indzine.net\/pl\/new-feed-test\/\",\"url\":\"https:\/\/motocs.indzine.net\/pl\/new-feed-test\/\",\"name\":\"New Feed Test - Motorola Content Syndication\",\"isPartOf\":{\"@id\":\"https:\/\/motocs.indzine.net\/pl\/#website\"},\"datePublished\":\"2020-11-27T13:22:27+00:00\",\"dateModified\":\"2020-12-01T15:10:42+00:00\",\"breadcrumb\":{\"@id\":\"https:\/\/motocs.indzine.net\/pl\/new-feed-test\/#breadcrumb\"},\"inLanguage\":\"pl-PL\",\"potentialAction\":[{\"@type\":\"ReadAction\",\"target\":[\"https:\/\/motocs.indzine.net\/pl\/new-feed-test\/\"]}]},{\"@type\":\"BreadcrumbList\",\"@id\":\"https:\/\/motocs.indzine.net\/pl\/new-feed-test\/#breadcrumb\",\"itemListElement\":[{\"@type\":\"ListItem\",\"position\":1,\"name\":\"Home\",\"item\":\"https:\/\/motocs.indzine.net\/pl\/\"},{\"@type\":\"ListItem\",\"position\":2,\"name\":\"New Feed Test\"}]},{\"@type\":\"WebSite\",\"@id\":\"https:\/\/motocs.indzine.net\/pl\/#website\",\"url\":\"https:\/\/motocs.indzine.net\/pl\/\",\"name\":\"Motorola Content Syndication\",\"description\":\"Motorola Website Starters site\",\"potentialAction\":[{\"@type\":\"SearchAction\",\"target\":{\"@type\":\"EntryPoint\",\"urlTemplate\":\"https:\/\/motocs.indzine.net\/pl\/?s={search_term_string}\"},\"query-input\":{\"@type\":\"PropertyValueSpecification\",\"valueRequired\":true,\"valueName\":\"search_term_string\"}}],\"inLanguage\":\"pl-PL\"}]}<\/script>\n<!-- \/ Yoast SEO plugin. -->","yoast_head_json":{"title":"New Feed Test - Motorola Content Syndication","robots":{"index":"index","follow":"follow","max-snippet":"max-snippet:-1","max-image-preview":"max-image-preview:large","max-video-preview":"max-video-preview:-1"},"canonical":"https:\/\/motocs.indzine.net\/pl\/new-feed-test\/","og_locale":"pl_PL","og_type":"article","og_title":"New Feed Test - Motorola Content Syndication","og_url":"https:\/\/motocs.indzine.net\/pl\/new-feed-test\/","og_site_name":"Motorola Content Syndication","article_modified_time":"2020-12-01T15:10:42+00:00","twitter_card":"summary_large_image","twitter_description":"[productfeed]","schema":{"@context":"https:\/\/schema.org","@graph":[{"@type":"WebPage","@id":"https:\/\/motocs.indzine.net\/pl\/new-feed-test\/","url":"https:\/\/motocs.indzine.net\/pl\/new-feed-test\/","name":"New Feed Test - Motorola Content Syndication","isPartOf":{"@id":"https:\/\/motocs.indzine.net\/pl\/#website"},"datePublished":"2020-11-27T13:22:27+00:00","dateModified":"2020-12-01T15:10:42+00:00","breadcrumb":{"@id":"https:\/\/motocs.indzine.net\/pl\/new-feed-test\/#breadcrumb"},"inLanguage":"pl-PL","potentialAction":[{"@type":"ReadAction","target":["https:\/\/motocs.indzine.net\/pl\/new-feed-test\/"]}]},{"@type":"BreadcrumbList","@id":"https:\/\/motocs.indzine.net\/pl\/new-feed-test\/#breadcrumb","itemListElement":[{"@type":"ListItem","position":1,"name":"Home","item":"https:\/\/motocs.indzine.net\/pl\/"},{"@type":"ListItem","position":2,"name":"New Feed Test"}]},{"@type":"WebSite","@id":"https:\/\/motocs.indzine.net\/pl\/#website","url":"https:\/\/motocs.indzine.net\/pl\/","name":"Motorola Content Syndication","description":"Motorola Website Starters site","potentialAction":[{"@type":"SearchAction","target":{"@type":"EntryPoint","urlTemplate":"https:\/\/motocs.indzine.net\/pl\/?s={search_term_string}"},"query-input":{"@type":"PropertyValueSpecification","valueRequired":true,"valueName":"search_term_string"}}],"inLanguage":"pl-PL"}]}},"_links":{"self":[{"href":"https:\/\/motocs.indzine.net\/pl\/wp-json\/wp\/v2\/pages\/2422","targetHints":{"allow":["GET"]}}],"collection":[{"href":"https:\/\/motocs.indzine.net\/pl\/wp-json\/wp\/v2\/pages"}],"about":[{"href":"https:\/\/motocs.indzine.net\/pl\/wp-json\/wp\/v2\/types\/page"}],"author":[{"embeddable":true,"href":"https:\/\/motocs.indzine.net\/pl\/wp-json\/wp\/v2\/users\/2"}],"replies":[{"embeddable":true,"href":"https:\/\/motocs.indzine.net\/pl\/wp-json\/wp\/v2\/comments?post=2422"}],"version-history":[{"count":0,"href":"https:\/\/motocs.indzine.net\/pl\/wp-json\/wp\/v2\/pages\/2422\/revisions"}],"wp:attachment":[{"href":"https:\/\/motocs.indzine.net\/pl\/wp-json\/wp\/v2\/media?parent=2422"}],"curies":[{"name":"wp","href":"https:\/\/api.w.org\/{rel}","templated":true}]}}